{"id":221359,"date":"2025-11-13T12:45:07","date_gmt":"2025-11-13T12:45:07","guid":{"rendered":"https:\/\/www.hqts.com\/settori-che-serviamo\/ispezioni-di-prodotti-industriali\/servizi-di-controllo-qualita-per-coloranti-e-detergenti\/"},"modified":"2025-11-13T12:45:37","modified_gmt":"2025-11-13T12:45:37","slug":"controllo-qualita-coloranti-detergenti","status":"publish","type":"page","link":"https:\/\/www.hqts.com\/it\/settori-che-serviamo\/ispezioni-di-prodotti-industriali\/controllo-qualita-coloranti-detergenti\/","title":{"rendered":"Servizi di Controllo Qualit\u00e0 per Coloranti e Detergenti"},"content":{"rendered":"<h2><strong>Servizi di Controllo Qualit\u00e0 per Coloranti e Detergenti<\/strong><\/h2>\n<p><strong><span data-preserver-spaces=\"true\">Scegli i servizi di controllo qualit\u00e0 HQTS per garantire che i tuoi coloranti e detergenti rispettino le restrizioni chimiche.<\/span><\/strong><\/p>\n<p><span data-preserver-spaces=\"true\">Dai cosmetici ai giocattoli, fino ai dispositivi medici, i coloranti e i detergenti sono componenti fondamentali di numerosi prodotti di consumo e industriali. \u00c8 essenziale assicurarsi che siano privi di sostanze pericolose: non si tratta solo di un obbligo di legge, ma anche di una responsabilit\u00e0 fondamentale per i produttori.<\/span><\/p>\n<h2><strong>Servizi di Controllo Qualit\u00e0 per Coloranti e Detergenti<\/strong><\/h2>\n<p><span data-preserver-spaces=\"true\">HQTS \u00e8 una delle principali aziende di controllo qualit\u00e0 in Asia e offre servizi specializzati su misura per prodotti industriali come coloranti e detergenti.<\/span><span data-preserver-spaces=\"true\"> Nel corso degli anni, abbiamo fornito con successo servizi di controllo qualit\u00e0 per progetti industriali internazionali di piccola e grande scala.<\/span><\/p>\n<p><strong>Le principali categorie di prodotti industriali che serviamo includono:<\/strong><\/p>\n<ul>\n<li><strong><a href=\"https:\/\/www.hqts.com\/your-industries\/industrial\/oil-gas-quality-control\/\">Attrezzature e materiali per l\u2019industria Oil &amp; Gas<\/a><\/strong><\/li>\n<li><span data-preserver-spaces=\"true\">Tubi, raccordi e flange per uso industriale<\/span><\/li>\n<li><span data-preserver-spaces=\"true\">Prodotti in acciaio per i settori edilizio e manifatturiero<\/span><\/li>\n<li><strong><a href=\"https:\/\/www.hqts.com\/it\/settori-che-serviamo\/ispezioni-di-prodotti-industriali\/controllo-prodotti-chimici\/\">Prodotti chimici<\/a><\/strong><\/li>\n<li><span data-preserver-spaces=\"true\">Altre tipologie di materie prime per la produzione industriale<\/span><\/li>\n<\/ul>\n<h5><strong>Ispezioni di Qualit\u00e0 per Coloranti e Detergenti<\/strong><\/h5>\n<p><span data-preserver-spaces=\"true\">Disponiamo di diverse tipologie di ispezioni per verificare che coloranti e detergenti rispettino le restrizioni chimiche applicabili e i requisiti del cliente. Le nostre ispezioni coprono vari aspetti, tra cui verifica delle quantit\u00e0, finitura, imballaggio, etichettatura e altro, per garantire che il prodotto finale sia conforme.<\/span><\/p>\n<ul>\n<li><strong><a href=\"https:\/\/www.hqts.com\/it\/i-nostri-servizi\/quality-control-inspections\/ispezione-pre-produzione\/\">Ispezione Prima della Produzione<\/a><\/strong><\/li>\n<li><strong><a href=\"https:\/\/www.hqts.com\/it\/i-nostri-servizi\/quality-control-inspections\/ispezione-durante-la-produzione\/\">Ispezione Durante la Produzione<\/a><\/strong><\/li>\n<li><strong><a href=\"https:\/\/www.hqts.com\/it\/i-nostri-servizi\/quality-control-inspections\/ispezione-pre-spedizione\/\">Ispezione Pre-Spedizione<\/a><\/strong><\/li>\n<li><strong><a href=\"https:\/\/www.hqts.com\/it\/i-nostri-servizi\/quality-control-inspections\/supervisione-del-carico-e-scarico\/\">Supervisione del Carico\/Scarico Container<\/a><\/strong><\/li>\n<\/ul>\n<h5><strong>Audit del Fornitore e della Fabbrica per Coloranti e Detergenti<\/strong><\/h5>\n<p><span data-preserver-spaces=\"true\">I nostri <strong><a href=\"https:\/\/www.hqts.com\/it\/i-nostri-servizi\/audit-di-fabbrica\/\">servizi di audit<\/a><\/strong> consentono di verificare la legittimit\u00e0 del fornitore o della fabbrica e di valutare attrezzature e processi produttivi per garantire che siano in grado di fornire sostanze chimiche prive di impurit\u00e0 e conformi alle tue specifiche.<\/span><\/p>\n<h5><strong>Test di Controllo Qualit\u00e0 per Detergenti e Coloranti<\/strong><\/h5>\n<p><span data-preserver-spaces=\"true\">I nostri <strong><a href=\"https:\/\/www.hqts.com\/it\/i-nostri-servizi\/test-prodotti-materiali\/\">servizi di testing<\/a><\/strong> includono prove di controllo qualit\u00e0 per detergenti per identificare eventuali problemi relativi a impurit\u00e0, pH, analisi chimiche, prestazioni del prodotto e conformit\u00e0 a regolamenti e standard come REACH, CPSIA, RoHS, EN, California Proposition 65, GC e altri.<\/span><\/p>\n<p><span data-preserver-spaces=\"true\">Utilizziamo apparecchiature e tecniche all\u2019avanguardia per fornire risultati accurati e affidabili. I nostri laboratori sono accreditati e disponiamo di un\u2019ampia rete di laboratori partner per offrire servizi di testing completi.<\/span><\/p>\n<h5><strong>Altri Servizi di Controllo Qualit\u00e0 per Coloranti e Detergenti<\/strong><\/h5>\n<p><span data-preserver-spaces=\"true\">Oltre ai servizi principali, offriamo ulteriori servizi di controllo qualit\u00e0 per coloranti e detergenti, tra cui:<\/span><\/p>\n<ul>\n<li><strong><a href=\"https:\/\/www.hqts.com\/it\/i-nostri-servizi\/test-prodotti-materiali\/consulenza-formazione-conformita\/\">Consulenza Normativa<\/a><\/strong><\/li>\n<li><strong><a href=\"https:\/\/www.hqts.com\/it\/i-nostri-servizi\/certificato-di-conformita\/\">Certificazioni Governative<\/a><\/strong><\/li>\n<li><strong><a href=\"https:\/\/www.hqts.com\/it\/i-nostri-servizi\/consulenza-controllo-qualita\/servizio-di-formazione\/\">Formazione<\/a><\/strong><\/li>\n<li><strong><a href=\"https:\/\/www.hqts.com\/it\/i-nostri-servizi\/audit-di-fabbrica\/audit-di-conformita-sociale\/\">Audit di Conformit\u00e0 Sociale<\/a><\/strong><\/li>\n<\/ul>\n","protected":false},"excerpt":{"rendered":"<p>HQTS collabora con diverse piattaforme e-commerce in Asia per fornire numerosi servizi di controllo qualit\u00e0 e assicurazione qualit\u00e0.<\/p>\n","protected":false},"author":17,"featured_media":221361,"parent":221332,"menu_order":5,"comment_status":"closed","ping_status":"closed","template":"","meta":{"_acf_changed":false,"footnotes":""},"class_list":["post-221359","page","type-page","status-publish","has-post-thumbnail","hentry"],"acf":[],"_links":{"self":[{"href":"https:\/\/www.hqts.com\/it\/wp-json\/wp\/v2\/pages\/221359","targetHints":{"allow":["GET"]}}],"collection":[{"href":"https:\/\/www.hqts.com\/it\/wp-json\/wp\/v2\/pages"}],"about":[{"href":"https:\/\/www.hqts.com\/it\/wp-json\/wp\/v2\/types\/page"}],"author":[{"embeddable":true,"href":"https:\/\/www.hqts.com\/it\/wp-json\/wp\/v2\/users\/17"}],"replies":[{"embeddable":true,"href":"https:\/\/www.hqts.com\/it\/wp-json\/wp\/v2\/comments?post=221359"}],"version-history":[{"count":1,"href":"https:\/\/www.hqts.com\/it\/wp-json\/wp\/v2\/pages\/221359\/revisions"}],"predecessor-version":[{"id":221372,"href":"https:\/\/www.hqts.com\/it\/wp-json\/wp\/v2\/pages\/221359\/revisions\/221372"}],"up":[{"embeddable":true,"href":"https:\/\/www.hqts.com\/it\/wp-json\/wp\/v2\/pages\/221332"}],"wp:featuredmedia":[{"embeddable":true,"href":"https:\/\/www.hqts.com\/it\/wp-json\/wp\/v2\/media\/221361"}],"wp:attachment":[{"href":"https:\/\/www.hqts.com\/it\/wp-json\/wp\/v2\/media?parent=221359"}],"curies":[{"name":"wp","href":"https:\/\/api.w.org\/{rel}","templated":true}]}}