{"id":221373,"date":"2025-11-13T12:59:53","date_gmt":"2025-11-13T12:59:53","guid":{"rendered":"https:\/\/www.hqts.com\/settori-che-serviamo\/ispezioni-di-prodotti-industriali\/controllo-qualita-e-ispezioni-per-gas-petrolio-e-prodotti-chimici\/"},"modified":"2025-11-13T13:02:56","modified_gmt":"2025-11-13T13:02:56","slug":"controllo-gas-petrolio-chimici","status":"publish","type":"page","link":"https:\/\/www.hqts.com\/it\/settori-che-serviamo\/ispezioni-di-prodotti-industriali\/controllo-gas-petrolio-chimici\/","title":{"rendered":"Controllo Qualit\u00e0 e Ispezioni per Gas, Petrolio e Prodotti Chimici"},"content":{"rendered":"<h2><strong>Controllo Qualit\u00e0 e Ispezioni per Gas, Petrolio e Prodotti Chimici<\/strong><\/h2>\n<p><strong><span data-preserver-spaces=\"true\">HQTS fornisce servizi di assicurazione qualit\u00e0 per i settori petrolifero, del gas e chimico, migliorando le pratiche di controllo qualit\u00e0 e riducendo i difetti.<\/span><\/strong><\/p>\n<p><span data-preserver-spaces=\"true\">I materiali e le attrezzature utilizzati nei settori petrolifero, del gas e chimico sono impiegati in applicazioni altamente critiche per la sicurezza. Anche piccole deviazioni qualitative possono influire in modo significativo sul prodotto finale, sull\u2019esecuzione del progetto e sulla sicurezza.<\/span><\/p>\n<h2><strong><span data-preserver-spaces=\"true\">Servizi di Controllo Qualit\u00e0 per Chimico, Petrolio e Gas<\/span><\/strong><\/h2>\n<p><span data-preserver-spaces=\"true\">Con anni di esperienza nel fornire servizi di assicurazione qualit\u00e0 ai settori industriali, HQTS offre una gamma completa di servizi, tra cui soluzioni dedicate a:<\/span><\/p>\n<ul>\n<li><strong><a href=\"https:\/\/www.hqts.com\/it\/settori-che-serviamo\/ispezioni-di-prodotti-industriali\/controllo-prodotti-chimici\/\">Petrochimici<\/a><\/strong><\/li>\n<li><strong><a href=\"https:\/\/www.hqts.com\/your-industries\/industrial\/oil-gas-quality-control\/\">Settore Petrolifero e del Gas<\/a><\/strong><\/li>\n<li><span data-preserver-spaces=\"true\">Gas Naturale<\/span><\/li>\n<\/ul>\n<p><span data-preserver-spaces=\"true\">I nostri servizi di assicurazione qualit\u00e0 coprono l\u2019intero ciclo del progetto, dagli acquisti alla gestione ed esecuzione del progetto stesso.<\/span><\/p>\n<ul>\n<li><strong><span data-preserver-spaces=\"true\">Fase di Progettazione:<\/span><\/strong><span data-preserver-spaces=\"true\"> gestione dei rischi di progetto e consulenza.<\/span><\/li>\n<li><strong><span data-preserver-spaces=\"true\">Fase di Approvvigionamento:<\/span><\/strong><span data-preserver-spaces=\"true\"> valutazione del fornitore, ispezione in fabbrica e ispezione al porto.<\/span><\/li>\n<li><strong><span data-preserver-spaces=\"true\">Fase di Costruzione:<\/span><\/strong><span data-preserver-spaces=\"true\"> supporto tecnico in loco, gestione della qualit\u00e0 e delle tempistiche, gestione HSE, test non distruttivi e ispezioni operative di impianti e attrezzature.<\/span><\/li>\n<\/ul>\n<h5><strong>Servizi di Ispezione di Terza Parte per Petrolio, Gas e Prodotti Chimici<\/strong><\/h5>\n<p><span data-preserver-spaces=\"true\">Offriamo <strong><a href=\"https:\/\/www.hqts.com\/it\/i-nostri-servizi\/quality-control-inspections\/\">servizi di ispezione<\/a><\/strong> per materiali e attrezzature utilizzati nei settori chimico, petrolifero e del gas, tra cui tubazioni e raccordi, valvole, pompe, prodotti chimici e altro ancora.<\/span><\/p>\n<div class=\"flex flex-grow flex-col gap-3\">\n<div class=\"min-h-[20px] flex flex-col items-start gap-4 whitespace-pre-wrap\">\n<div class=\"markdown prose w-full break-words dark:prose-invert light\">\n<p>Forniamo ispezioni in varie fasi della catena di fornitura: dalle valutazioni pre-produzione e ispezioni pre-spedizione, alla supervisione del carico e dello scarico dei container.<\/p>\n<\/div>\n<\/div>\n<\/div>\n<h5><strong>Audit di Fornitori e Fabbriche per Petrolio, Gas e Prodotti Chimici<\/strong><\/h5>\n<p><span data-preserver-spaces=\"true\">I nostri ispettori possono condurre <strong><a href=\"https:\/\/www.hqts.com\/it\/i-nostri-servizi\/audit-di-fabbrica\/\">audit di fabbrica<\/a><\/strong> presso i tuoi fornitori, ovunque si trovino nel mondo. Questi audit offrono informazioni preziose sulla legittimit\u00e0 del fornitore, sulla sua storia produttiva, sulle capacit\u00e0 interne e su altri fattori che possono influenzare la qualit\u00e0 dei tuoi prodotti.<\/span><\/p>\n<h5><strong><span data-preserver-spaces=\"true\">Altri Servizi di Controllo Qualit\u00e0<\/span><\/strong><\/h5>\n<p><span data-preserver-spaces=\"true\">I nostri ispettori e tecnici sono esperti nelle pi\u00f9 recenti pratiche di gestione della qualit\u00e0. Offriamo ulteriori servizi di controllo qualit\u00e0, tra cui:<\/span><\/p>\n<ul>\n<li><a href=\"https:\/\/www.hqts.com\/it\/i-nostri-servizi\/ingegneria-della-qualita\/monitoraggio-della-produzione\/\"><strong><span data-preserver-spaces=\"true\">Monitoraggio della Produzione<\/span><\/strong><\/a><\/li>\n<li><a href=\"https:\/\/www.hqts.com\/it\/i-nostri-servizi\/ispezioni-approvate-dal-governo\/\"><strong><span data-preserver-spaces=\"true\">Certificazioni Governative<\/span><\/strong><\/a><\/li>\n<li><strong><a href=\"https:\/\/www.hqts.com\/it\/i-nostri-servizi\/consulenza-controllo-qualita\/\">Consulenza<\/a><\/strong><\/li>\n<li><strong><a href=\"https:\/\/www.hqts.com\/it\/i-nostri-servizi\/consulenza-controllo-qualita\/servizio-di-formazione\/\">Formazione<\/a><\/strong><\/li>\n<\/ul>\n<p><span data-preserver-spaces=\"true\">Se desideri saperne di pi\u00f9 sulla nostra competenza tecnica e su come possiamo supportare la tua attivit\u00e0, non esitare a contattarci oggi stesso.<\/span><\/p>\n","protected":false},"excerpt":{"rendered":"<p>Controllo Qualit\u00e0 e Ispezioni per Gas, Petrolio e Prodotti Chimici HQTS fornisce servizi di assicurazione qualit\u00e0 per i settori petrolifero, del gas e chimico, migliorando le pratiche di controllo qualit\u00e0 e riducendo i difetti. I materiali e le attrezzature utilizzati nei settori petrolifero, del gas e chimico sono impiegati in applicazioni altamente critiche per la [&hellip;]<\/p>\n","protected":false},"author":12,"featured_media":219825,"parent":221332,"menu_order":15,"comment_status":"closed","ping_status":"closed","template":"","meta":{"_acf_changed":false,"footnotes":""},"class_list":["post-221373","page","type-page","status-publish","has-post-thumbnail","hentry"],"acf":[],"_links":{"self":[{"href":"https:\/\/www.hqts.com\/it\/wp-json\/wp\/v2\/pages\/221373","targetHints":{"allow":["GET"]}}],"collection":[{"href":"https:\/\/www.hqts.com\/it\/wp-json\/wp\/v2\/pages"}],"about":[{"href":"https:\/\/www.hqts.com\/it\/wp-json\/wp\/v2\/types\/page"}],"author":[{"embeddable":true,"href":"https:\/\/www.hqts.com\/it\/wp-json\/wp\/v2\/users\/12"}],"replies":[{"embeddable":true,"href":"https:\/\/www.hqts.com\/it\/wp-json\/wp\/v2\/comments?post=221373"}],"version-history":[{"count":1,"href":"https:\/\/www.hqts.com\/it\/wp-json\/wp\/v2\/pages\/221373\/revisions"}],"predecessor-version":[{"id":221385,"href":"https:\/\/www.hqts.com\/it\/wp-json\/wp\/v2\/pages\/221373\/revisions\/221385"}],"up":[{"embeddable":true,"href":"https:\/\/www.hqts.com\/it\/wp-json\/wp\/v2\/pages\/221332"}],"wp:featuredmedia":[{"embeddable":true,"href":"https:\/\/www.hqts.com\/it\/wp-json\/wp\/v2\/media\/219825"}],"wp:attachment":[{"href":"https:\/\/www.hqts.com\/it\/wp-json\/wp\/v2\/media?parent=221373"}],"curies":[{"name":"wp","href":"https:\/\/api.w.org\/{rel}","templated":true}]}}