{"id":221386,"date":"2025-11-13T13:05:56","date_gmt":"2025-11-13T13:05:56","guid":{"rendered":"https:\/\/www.hqts.com\/settori-che-serviamo\/ispezioni-di-prodotti-industriali\/controllo-qualita-per-attrezzature-e-materiali-per-il-settore-petrolifero-e-del-gas-ispezione-e-testing\/"},"modified":"2025-11-13T13:06:54","modified_gmt":"2025-11-13T13:06:54","slug":"controllo-attrezzature-materiali-petrolifero","status":"publish","type":"page","link":"https:\/\/www.hqts.com\/it\/settori-che-serviamo\/ispezioni-di-prodotti-industriali\/controllo-attrezzature-materiali-petrolifero\/","title":{"rendered":"Controllo Qualit\u00e0 per Attrezzature e Materiali per il Settore Petrolifero e del Gas &#8211; Ispezione e Testing"},"content":{"rendered":"<h2><strong>Servizi di Controllo Qualit\u00e0 per l\u2019Industria del Petrolio e del Gas<\/strong><\/h2>\n<p><strong>Riduci il rischio di approvvigionarti di materiali e attrezzature petrolifere e del gas non conformi o non sicuri grazie ai nostri servizi di controllo qualit\u00e0 su misura.<\/strong><\/p>\n<p><span data-preserver-spaces=\"true\">In HQTS offriamo servizi di assicurazione qualit\u00e0 per i settori upstream e downstream dell\u2019industria del petrolio e del gas. I nostri esperti tecnici e ispettori sono certificati e formati secondo gli standard e le qualifiche internazionali pertinenti, tra cui NACE, ASNT, NDT-UT\/RT\/PT\/MT, CWI e IWI, e vengono aggiornati costantemente sulle migliori pratiche di gestione della qualit\u00e0.<\/span><\/p>\n<h2><strong><span data-preserver-spaces=\"true\">Servizi di Controllo Qualit\u00e0 per il Settore Petrolio e Gas<\/span><\/strong><\/h2>\n<p><span data-preserver-spaces=\"true\">Il controllo qualit\u00e0 nel settore petrolifero e del gas \u00e8 fondamentale per garantire che i beni approvvigionati siano di alto livello e idonei a svolgere efficacemente la loro funzione. In questo settore, ricorrere a un\u2019azienda di ispezione terza parte \u00e8 spesso un requisito essenziale.<\/span><\/p>\n<p><span data-preserver-spaces=\"true\">HQTS fornisce servizi di controllo qualit\u00e0 per l\u2019industria del petrolio e del gas da molti anni, partecipando a progetti internazionali sia su piccola che su larga scala.<\/span><\/p>\n<p><strong><span data-preserver-spaces=\"true\">Le principali categorie di prodotti industriali che serviamo includono:<\/span><\/strong><\/p>\n<ul>\n<li><span data-preserver-spaces=\"true\">Attrezzature e materiali per l\u2019industria petrolifera e del gas<\/span><\/li>\n<li><span data-preserver-spaces=\"true\">Coloranti e detergenti<\/span><\/li>\n<li><span data-preserver-spaces=\"true\">Raccordi per tubi, flange e tubazioni<\/span><\/li>\n<li><span data-preserver-spaces=\"true\">Prodotti in acciaio<\/span><\/li>\n<li><span data-preserver-spaces=\"true\">Altre materie prime<\/span><\/li>\n<\/ul>\n<h5><strong><span data-preserver-spaces=\"true\">Ispezioni di Qualit\u00e0 per il Settore Petrolio e Gas<\/span><\/strong><\/h5>\n<p><span data-preserver-spaces=\"true\">HQTS fornisce servizi di ispezione per beni utilizzati nei progetti petroliferi e del gas, tra cui ispezioni di attrezzature da perforazione, ispezioni di serbatoi, ispezioni di tubazioni ed elementi elettrici. Le ispezioni includono criteri come verifica delle quantit\u00e0, durabilit\u00e0, qualit\u00e0 della lavorazione, prestazioni, funzionalit\u00e0, etichettatura, imballaggio e conformit\u00e0 ai requisiti del cliente, e possono essere condotte in qualsiasi fase della supply chain.<\/span><\/p>\n<ul>\n<li><a class=\"editor-rtfLink\" href=\"https:\/\/www.hqts.com\/it\/i-nostri-servizi\/quality-control-inspections\/ispezione-pre-produzione\/\" target=\"_blank\" rel=\"noopener\"><strong><span data-preserver-spaces=\"true\">Ispezioni Pre-Produzione<\/span><\/strong><\/a><\/li>\n<li><a class=\"editor-rtfLink\" href=\"https:\/\/www.hqts.com\/it\/i-nostri-servizi\/quality-control-inspections\/ispezione-durante-la-produzione\/\" target=\"_blank\" rel=\"noopener\"><strong><span data-preserver-spaces=\"true\">Ispezioni Durante la Produzione<\/span><\/strong><\/a><\/li>\n<li><a class=\"editor-rtfLink\" href=\"https:\/\/www.hqts.com\/it\/i-nostri-servizi\/quality-control-inspections\/ispezione-pre-spedizione\/\" target=\"_blank\" rel=\"noopener\"><strong><span data-preserver-spaces=\"true\">Ispezioni Pre-Spedizione<\/span><\/strong><\/a><\/li>\n<li><a class=\"editor-rtfLink\" href=\"https:\/\/www.hqts.com\/it\/i-nostri-servizi\/quality-control-inspections\/supervisione-del-carico-e-scarico\/\" target=\"_blank\" rel=\"noopener\"><strong><span data-preserver-spaces=\"true\">Supervisione del Carico\/Scarico dei Container<\/span><\/strong><\/a><\/li>\n<\/ul>\n<p><em><span data-preserver-spaces=\"true\">Le qualifiche del personale HQTS includono ASNT III\/II, CWI, IWI, NACE livello III\/II, certificazioni Saudi Aramco, NDT-UT\/RT\/PT\/MT\/III, e altre.<\/span><\/em><\/p>\n<h5><strong><span data-preserver-spaces=\"true\">Audit di Fornitori e Fabbriche nel Settore Petrolio, Gas e Chimico<\/span><\/strong><\/h5>\n<p><span data-preserver-spaces=\"true\">I nostri servizi di audit aiutano a ridurre il rischio di ricevere prodotti non conformi o di trattare con aziende illegali. Gli auditor HQTS esaminano criteri quali licenze commerciali, strutture produttive, attrezzature, sistemi di gestione della qualit\u00e0 e altre specifiche per verificare che il fornitore soddisfi gli standard richiesti.<\/span><\/p>\n<ul>\n<li><a class=\"editor-rtfLink\" href=\"https:\/\/www.hqts.com\/it\/i-nostri-servizi\/audit-di-fabbrica\/\" target=\"_blank\" rel=\"noopener\"><strong><span data-preserver-spaces=\"true\">Audit del Fornitore<\/span><\/strong><\/a><\/li>\n<li><span data-preserver-spaces=\"true\">Audit di Fabbrica<\/span><\/li>\n<\/ul>\n<h5><strong><span data-preserver-spaces=\"true\">Testing per Progetti nel Settore Petrolifero e del Gas<\/span><\/strong><\/h5>\n<p><span data-preserver-spaces=\"true\">HQTS offre servizi di testing per valutare la sicurezza, l\u2019affidabilit\u00e0 e la conformit\u00e0 delle materie prime e delle attrezzature utilizzate nei progetti petroliferi e del gas. Alcuni dei nostri metodi di testing includono:<\/span><\/p>\n<ul>\n<li><span data-preserver-spaces=\"true\">Metodi di Prova Non Distruttiva e Test con Presenza Ispettiva<\/span><\/li>\n<li><span data-preserver-spaces=\"true\">Analisi Chimiche<\/span><\/li>\n<li><span data-preserver-spaces=\"true\">Prove Meccaniche<\/span><\/li>\n<\/ul>\n<h5><strong><span data-preserver-spaces=\"true\">Altri Servizi di Controllo Qualit\u00e0<\/span><\/strong><\/h5>\n<p><span data-preserver-spaces=\"true\">HQTS offre servizi lungo l\u2019intera supply chain. Siamo il tuo partner unico per la gestione della qualit\u00e0 della catena di fornitura.<\/span><\/p>\n<ul>\n<li><a class=\"editor-rtfLink\" href=\"https:\/\/www.hqts.com\/it\/i-nostri-servizi\/consulenza-controllo-qualita\/\" target=\"_blank\" rel=\"noopener\"><strong><span data-preserver-spaces=\"true\">Servizi di Consulenza<\/span><\/strong><\/a><\/li>\n<li><a class=\"editor-rtfLink\" href=\"https:\/\/www.hqts.com\/it\/i-nostri-servizi\/certificato-di-conformita\/\" target=\"_blank\" rel=\"noopener\"><strong><span data-preserver-spaces=\"true\">Ispezioni e Certificazioni Governative<\/span><\/strong><\/a><\/li>\n<li><span data-preserver-spaces=\"true\">Supplier Quality Engineering<\/span><\/li>\n<li><span data-preserver-spaces=\"true\">Soluzioni Sostenibili<\/span><\/li>\n<\/ul>\n<p><span data-preserver-spaces=\"true\">Per eventuali domande o richieste di informazioni aggiuntive sui nostri servizi di controllo qualit\u00e0, non esitare a <\/span><strong><a class=\"editor-rtfLink\" href=\"https:\/\/www.hqts.com\/it\/contatti\/\" target=\"_blank\" rel=\"noopener\">contattarci<\/a><\/strong><span data-preserver-spaces=\"true\"> oggi!<\/span><\/p>\n","protected":false},"excerpt":{"rendered":"<p>HQTS collabora con diverse piattaforme eCommerce in Asia per offrire una vasta gamma di servizi di controllo e assicurazione qualit\u00e0.<\/p>\n","protected":false},"author":17,"featured_media":221361,"parent":221332,"menu_order":5,"comment_status":"closed","ping_status":"closed","template":"","meta":{"_acf_changed":false,"footnotes":""},"class_list":["post-221386","page","type-page","status-publish","has-post-thumbnail","hentry"],"acf":[],"_links":{"self":[{"href":"https:\/\/www.hqts.com\/it\/wp-json\/wp\/v2\/pages\/221386","targetHints":{"allow":["GET"]}}],"collection":[{"href":"https:\/\/www.hqts.com\/it\/wp-json\/wp\/v2\/pages"}],"about":[{"href":"https:\/\/www.hqts.com\/it\/wp-json\/wp\/v2\/types\/page"}],"author":[{"embeddable":true,"href":"https:\/\/www.hqts.com\/it\/wp-json\/wp\/v2\/users\/17"}],"replies":[{"embeddable":true,"href":"https:\/\/www.hqts.com\/it\/wp-json\/wp\/v2\/comments?post=221386"}],"version-history":[{"count":1,"href":"https:\/\/www.hqts.com\/it\/wp-json\/wp\/v2\/pages\/221386\/revisions"}],"predecessor-version":[{"id":221398,"href":"https:\/\/www.hqts.com\/it\/wp-json\/wp\/v2\/pages\/221386\/revisions\/221398"}],"up":[{"embeddable":true,"href":"https:\/\/www.hqts.com\/it\/wp-json\/wp\/v2\/pages\/221332"}],"wp:featuredmedia":[{"embeddable":true,"href":"https:\/\/www.hqts.com\/it\/wp-json\/wp\/v2\/media\/221361"}],"wp:attachment":[{"href":"https:\/\/www.hqts.com\/it\/wp-json\/wp\/v2\/media?parent=221386"}],"curies":[{"name":"wp","href":"https:\/\/api.w.org\/{rel}","templated":true}]}}