{"id":221413,"date":"2025-11-13T13:10:34","date_gmt":"2025-11-13T13:10:34","guid":{"rendered":"https:\/\/www.hqts.com\/settori-che-serviamo\/ispezioni-di-prodotti-industriali\/renewable-energy-quality-control-and-inspections\/"},"modified":"2025-11-13T13:18:20","modified_gmt":"2025-11-13T13:18:20","slug":"controllo-energia-rinovabile","status":"publish","type":"page","link":"https:\/\/www.hqts.com\/it\/settori-che-serviamo\/ispezioni-di-prodotti-industriali\/controllo-energia-rinovabile\/","title":{"rendered":"Controllo Qualit\u00e0 e Ispezioni per l\u2019Energia Rinnovabile"},"content":{"rendered":"\t\t<div data-elementor-type=\"wp-page\" data-elementor-id=\"221413\" class=\"elementor elementor-221413 elementor-138541\" data-elementor-post-type=\"page\">\n\t\t\t\t\t\t<section class=\"elementor-section elementor-top-section elementor-element elementor-element-21c31817 elementor-section-boxed elementor-section-height-default elementor-section-height-default\" data-id=\"21c31817\" data-element_type=\"section\">\n\t\t\t\t\t\t<div class=\"elementor-container elementor-column-gap-default\">\n\t\t\t\t\t<div class=\"elementor-column elementor-col-100 elementor-top-column elementor-element elementor-element-7eabf8ba\" data-id=\"7eabf8ba\" data-element_type=\"column\">\n\t\t\t<div class=\"elementor-widget-wrap elementor-element-populated\">\n\t\t\t\t\t\t<div class=\"elementor-element elementor-element-651c3909 elementor-widget elementor-widget-text-editor\" data-id=\"651c3909\" data-element_type=\"widget\" data-widget_type=\"text-editor.default\">\n\t\t\t\t<div class=\"elementor-widget-container\">\n\t\t\t\t\t\t\t\t\t<h2><strong>Controllo Qualit\u00e0 e Ispezioni per l\u2019Energia Rinnovabile<\/strong><\/h2><p><strong>I servizi di controllo qualit\u00e0 personalizzati di HQTS possono aiutarti a evitare il rischio di approvvigionarti di moduli e attrezzature non conformi per i tuoi progetti nel settore delle energie rinnovabili.<\/strong><\/p><p>Nel settore delle energie rinnovabili, anche una minima deviazione nelle dimensioni o nella qualit\u00e0 oltre i limiti accettabili pu\u00f2 generare un effetto domino sul progetto. Forniamo servizi di controllo qualit\u00e0 per ridurre al minimo la possibilit\u00e0 di ricevere prodotti che non rispettano le tue specifiche.<\/p><h2><strong>Servizi di Controllo Qualit\u00e0 per il Settore delle Energie Rinnovabili<\/strong><\/h2><p>HQTS si impegna a migliorare gli standard di controllo qualit\u00e0 del settore attraverso un\u2019ampia gamma di servizi. La nostra esperienza copre diverse categorie di prodotti, tra cui:<br \/><br \/><\/p><ul><li><strong><a href=\"https:\/\/www.hqts.com\/your-industries\/industrial\/wind-turbine-quality-control\/\">Attrezzature per Impianti Eolici<\/a><\/strong><\/li><li><a href=\"https:\/\/www.hqts.com\/your-industries\/industrial\/photovoltaic-quality-control\/\"><strong>Moduli Fotovoltaici, Apparecchiature e Altri Componenti<\/strong><\/a><\/li><li>Apparecchiature per la Trasmissione\/Trasformazione di Energia<\/li><li>Apparecchiature per Centrali Termoelettriche<\/li><li>Impianti Idroelettrici e Strutture Metalliche<\/li><\/ul><p>Forniamo servizi completi lungo tutto il ciclo di vita del progetto, dall\u2019approvvigionamento fino alla gestione ed esecuzione, per garantire che i tuoi componenti rispettino gli standard e vengano completati nei tempi previsti.<br \/><br \/><\/p><ul><li><strong>Fase di Progettazione:<\/strong> Consulenza sugli acquisti, valutazione dei rischi del progetto e servizi di gestione della supply chain.<\/li><li><strong>Fase di Approvvigionamento:<\/strong> Valutazione dei fornitori, ispezione in fabbrica e ispezione in porto.<\/li><li><strong>Fase di Costruzione:<\/strong> Supporto tecnico in loco, gestione della qualit\u00e0 e delle tempistiche, gestione HSE, prove non distruttive e ispezioni in servizio di impianti e attrezzature.<\/li><\/ul><h5><strong>Ispezioni di Qualit\u00e0 per il Settore delle Energie Rinnovabili<\/strong><\/h5><p>Offriamo servizi di ispezione per materiali e apparecchiature di energia pulita, tra cui impianti idroelettrici, pannelli solari e moduli PV, turbine eoliche e sistemi idroelettrici.<\/p><p>I nostri ispettori valuteranno le attrezzature in base a criteri quali verifica delle quantit\u00e0, dimensioni, qualit\u00e0 costruttiva, certificazioni, imballaggio, etichettatura e altro ancora. Le ispezioni possono essere eseguite in diverse fasi della supply chain, tra cui:<br \/><br \/><\/p><ul><li><strong><a href=\"https:\/\/www.hqts.com\/our-services\/inspections\/pre-production-inspection\/\">Ispezioni Pre-Produzione<\/a><\/strong><\/li><li><strong><a href=\"https:\/\/www.hqts.com\/our-services\/inspections\/pre-shipment-inspection\/\">Ispezioni Pre-Spedizione<\/a><\/strong><\/li><li><strong><a href=\"https:\/\/www.hqts.com\/our-services\/inspections\/piece-by-piece\/\">Ispezioni Pezzo per Pezzo<\/a><\/strong><\/li><li><strong><a href=\"https:\/\/www.hqts.com\/our-services\/inspections\/loading-and-unloading-supervision\/\">Supervisione del Carico\/Scarico Container<\/a><\/strong><\/li><\/ul><h5><strong>Audit di Fornitori e Fabbriche del Settore Energie Rinnovabili<\/strong><\/h5><p>Possiamo <strong><a href=\"https:\/\/www.hqts.com\/our-services\/audits\/\">auditare lo stabilimento del tuo fornitore<\/a><\/strong> praticamente in qualsiasi parte del mondo. I nostri ispettori possono fornirti informazioni sulla loro legalit\u00e0, storico produttivo, capacit\u00e0 interne e altri fattori che possono influenzare la qualit\u00e0 dei prodotti.<\/p><h5><strong>Altri Servizi di Controllo Qualit\u00e0<\/strong><\/h5><p>I nostri ispettori e tecnici dispongono di competenze nel settore delle energie rinnovabili, comprese le migliori pratiche di gestione della qualit\u00e0. Possiamo assisterti con una gamma di altri servizi, tra cui:<br \/><br \/><\/p><ul><li><strong><a href=\"https:\/\/www.hqts.com\/our-services\/government-approved-inspections\/\">Certificazioni Governative e di Prodotto<\/a><\/strong><\/li><li><strong><a href=\"https:\/\/www.hqts.com\/our-services\/quality-control-services\/\">Consulenza<\/a><\/strong><\/li><li><strong><a href=\"https:\/\/www.hqts.com\/our-services\/quality-control-services\/training-service\/\">Formazione<\/a><\/strong><\/li><\/ul><p>\u00a0<\/p><p>Contattaci oggi stesso per discutere le tue esigenze tecniche e scoprire come possiamo supportare la tua azienda.<\/p>\t\t\t\t\t\t\t\t<\/div>\n\t\t\t\t<\/div>\n\t\t\t\t\t<\/div>\n\t\t<\/div>\n\t\t\t\t\t<\/div>\n\t\t<\/section>\n\t\t\t\t<\/div>\n\t\t","protected":false},"excerpt":{"rendered":"<p>HQTS provides a broad range of quality control and assurance services to the energy and commodities Industries.<\/p>\n","protected":false},"author":17,"featured_media":221414,"parent":221332,"menu_order":4,"comment_status":"closed","ping_status":"closed","template":"","meta":{"_acf_changed":false,"footnotes":""},"class_list":["post-221413","page","type-page","status-publish","has-post-thumbnail","hentry"],"acf":[],"_links":{"self":[{"href":"https:\/\/www.hqts.com\/it\/wp-json\/wp\/v2\/pages\/221413","targetHints":{"allow":["GET"]}}],"collection":[{"href":"https:\/\/www.hqts.com\/it\/wp-json\/wp\/v2\/pages"}],"about":[{"href":"https:\/\/www.hqts.com\/it\/wp-json\/wp\/v2\/types\/page"}],"author":[{"embeddable":true,"href":"https:\/\/www.hqts.com\/it\/wp-json\/wp\/v2\/users\/17"}],"replies":[{"embeddable":true,"href":"https:\/\/www.hqts.com\/it\/wp-json\/wp\/v2\/comments?post=221413"}],"version-history":[{"count":5,"href":"https:\/\/www.hqts.com\/it\/wp-json\/wp\/v2\/pages\/221413\/revisions"}],"predecessor-version":[{"id":221445,"href":"https:\/\/www.hqts.com\/it\/wp-json\/wp\/v2\/pages\/221413\/revisions\/221445"}],"up":[{"embeddable":true,"href":"https:\/\/www.hqts.com\/it\/wp-json\/wp\/v2\/pages\/221332"}],"wp:featuredmedia":[{"embeddable":true,"href":"https:\/\/www.hqts.com\/it\/wp-json\/wp\/v2\/media\/221414"}],"wp:attachment":[{"href":"https:\/\/www.hqts.com\/it\/wp-json\/wp\/v2\/media?parent=221413"}],"curies":[{"name":"wp","href":"https:\/\/api.w.org\/{rel}","templated":true}]}}