{"id":221460,"date":"2025-11-13T13:29:11","date_gmt":"2025-11-13T13:29:11","guid":{"rendered":"https:\/\/www.hqts.com\/settori-che-serviamo\/ispezioni-di-macchinari-e-attrezzature\/"},"modified":"2025-11-13T13:29:50","modified_gmt":"2025-11-13T13:29:50","slug":"ispezioni-macchinari-attrezzature","status":"publish","type":"page","link":"https:\/\/www.hqts.com\/it\/settori-che-serviamo\/ispezioni-macchinari-attrezzature\/","title":{"rendered":"Ispezioni di Macchinari e Attrezzature"},"content":{"rendered":"<h4><strong>Ispezioni di Macchinari e Attrezzature<\/strong><\/h4>\n<p><strong>Il controllo qualit\u00e0 per macchinari e attrezzature \u00e8 fondamentale per ottimizzare l\u2019efficienza e migliorare i risultati aziendali. Le ispezioni possono variare da semplici checklist a verifiche personalizzate, test e controlli di conformit\u00e0 basati su requisiti tecnici di ingegneria.<\/strong><\/p>\n<p style=\"text-align: justify;\">Gli ingegneri e il personale tecnico HQTS hanno una lunga esperienza nel controllo qualit\u00e0 dei macchinari, incluse ispezioni e test per macchinari, attrezzature pesanti, impianti, miniere, trasporti e grandi opere. Il nostro personale qualificato \u00e8 esperto in tutti gli aspetti del controllo qualit\u00e0 nella produzione, sicurezza, operativit\u00e0, manutenzione e spedizione dei macchinari.<\/p>\n<h4><strong>Categorie Principali di Prodotti<\/strong><\/h4>\n<ul>\n<li><strong><a href=\"https:\/\/www.hqts.com\/your-industries\/machinery-quality-control\/heavy-machinery\/\">Macchinari Pesanti<\/a><\/strong><\/li>\n<li><strong><a href=\"https:\/\/www.hqts.com\/your-industries\/machinery-quality-control\/excavator-inspection\/\">Escavatori<\/a><\/strong><\/li>\n<li><strong><a href=\"https:\/\/www.hqts.com\/your-industries\/machinery-quality-control\/spare-parts-inspection\/\">Ricambi e Utensili<\/a><\/strong><\/li>\n<li>Bulldozer<\/li>\n<li>Loaders<\/li>\n<li>Gru<\/li>\n<li>Carrelli elevatori<\/li>\n<li>Trattori<\/li>\n<\/ul>\n<h4><strong>I Nostri Servizi di Ispezione<\/strong><\/h4>\n<h5><strong>Accessori per Macchinari<\/strong><\/h5>\n<ul>\n<li>Audit di Fabbrica<\/li>\n<li>Ispezione in Loco<\/li>\n<li>Testing<\/li>\n<li>Ispezione durante il Caricamento<\/li>\n<\/ul>\n<h5><strong>Ispezioni di Macchinari e Attrezzature<\/strong><\/h5>\n<ul>\n<li>Audit di Fabbrica<\/li>\n<li>Ispezione in Loco &amp; Supervisione della Produzione<\/li>\n<li>Witness Testing<\/li>\n<li>Supervisione Carico\/Scarico<\/li>\n<\/ul>\n<h5><strong>Ispezioni di Parti e Accessori dei Macchinari<\/strong><\/h5>\n<div class=\"group w-full text-gray-800 dark:text-gray-100 border-b border-black\/10 dark:border-gray-900\/50 bg-gray-50 dark:bg-[#444654]\">\n<div class=\"text-base gap-4 md:gap-6 md:max-w-2xl lg:max-w-xl xl:max-w-3xl p-4 md:py-6 flex lg:px-0 m-auto\">\n<div class=\"relative flex w-[calc(100%-50px)] flex-col gap-1 md:gap-3 lg:w-[calc(100%-115px)]\">\n<div class=\"flex flex-grow flex-col gap-3\">\n<div class=\"min-h-[20px] flex flex-col items-start gap-4 whitespace-pre-wrap\">\n<div class=\"markdown prose w-full break-words dark:prose-invert light\">\n<p>Le prestazioni e la sicurezza dei macchinari dipendono dalla tecnologia di lavorazione e dalla qualit\u00e0 dei loro componenti e accessori.<\/p>\n<p>Con una vasta esperienza nel settore, HQTS esegue ispezioni tecniche di materiali, aspetto, utilizzo, condizioni operative e funzionalit\u00e0 secondo i requisiti produttivi. I nostri servizi di controllo qualit\u00e0 per componenti includono tubazioni, valvole, raccordi, fusioni e forgiati.<\/p>\n<\/div>\n<\/div>\n<\/div>\n<\/div>\n<\/div>\n<\/div>\n<h5><strong>I servizi di ispezione degli accessori per macchinari includono<\/strong><\/h5>\n<div class=\"group w-full text-gray-800 dark:text-gray-100 border-b border-black\/10 dark:border-gray-900\/50 bg-gray-50 dark:bg-[#444654]\">\n<div class=\"text-base gap-4 md:gap-6 md:max-w-2xl lg:max-w-xl xl:max-w-3xl p-4 md:py-6 flex lg:px-0 m-auto\">\n<div class=\"relative flex w-[calc(100%-50px)] flex-col gap-1 md:gap-3 lg:w-[calc(100%-115px)]\">\n<div class=\"flex flex-grow flex-col gap-3\">\n<div class=\"min-h-[20px] flex flex-col items-start gap-4 whitespace-pre-wrap\">\n<div class=\"markdown prose w-full break-words dark:prose-invert light\">\n<ul>\n<li><strong>Audit di Fabbrica:<\/strong> Verifica dell\u2019attivit\u00e0 del fornitore, capacit\u00e0 tecniche e produttive, sistemi qualit\u00e0, processi e supply chain.<\/li>\n<li><strong>Ispezione in Loco:<\/strong> Supervisione dei materiali, tracciabilit\u00e0, ispezione saldature, controlli non distruttivi, misurazione dimensionale, ispezione rivestimenti, imballaggio e caricamento.<\/li>\n<li><strong>Testing:<\/strong> Prove su materiali metallici, analisi chimiche, test di resistenza alla trazione, prove distruttive e analisi della corrosione.<\/li>\n<li><strong>Supervisione del Caricamento:<\/strong> Supervisione del caricamento in container in fabbrica o al porto per garantire conformit\u00e0 ai requisiti di movimentazione e spedizione.<\/li>\n<\/ul>\n<\/div>\n<\/div>\n<\/div>\n<\/div>\n<\/div>\n<\/div>\n<h5><strong>Servizi di Ispezione dei Macchinari<\/strong><\/h5>\n<p style=\"text-align: justify;\">Le configurazioni e i principi operativi dei macchinari possono variare notevolmente. I nostri tecnici esperti possono valutare il macchinario secondo i fattori riconosciuti dal settore e in base alle tue esigenze, per garantire funzionalit\u00e0 corretta, affidabilit\u00e0 dei componenti, qualit\u00e0 dell\u2019assemblaggio e risultati produttivi.<\/p>\n<ul>\n<li><strong><a href=\"https:\/\/www.hqts.com\/manufacturing\/\">Ispezioni di Attrezzature per la Produzione<\/a><\/strong><\/li>\n<li><strong><a href=\"https:\/\/www.hqts.com\/your-industries\/machinery-quality-control\/industrial-plants-machinery\/\">Ispezioni di Attrezzature Industriali<\/a><\/strong><\/li>\n<li><strong><a href=\"https:\/\/www.hqts.com\/construction-equipment\/\">Ispezioni di Attrezzature Edili<\/a><\/strong><\/li>\n<\/ul>\n<h5><strong>Servizi di Ispezione Macchinari e Attrezzature<\/strong><\/h5>\n<ul>\n<li style=\"text-align: justify;\">Recipienti in pressione per l\u2019industria chimica e alimentare<\/li>\n<li style=\"text-align: left;\">Attrezzature ingegneristiche come gru, ascensori, <strong><a href=\"https:\/\/www.hqts.com\/your-industries\/machinery-quality-control\/excavator-inspection\/\">escavatori<\/a><\/strong>, nastri trasportatori, pale, dumper<\/li>\n<li style=\"text-align: left;\">Macchinari minerari e cementieri, come macchine di caricamento\/scaricamento, forni, mulini, stacker-reclaimer<\/li>\n<\/ul>\n<h5><strong>Alcuni dei servizi che forniamo includono<\/strong><\/h5>\n<ul>\n<li style=\"text-align: justify;\">Audit di fabbrica e valutazione: verifica capacit\u00e0 produttive, tecniche e sistemi di controllo qualit\u00e0.<\/li>\n<li style=\"text-align: justify;\">Ispezione in loco e supervisione della produzione.<\/li>\n<li style=\"text-align: justify;\">Ispezione fisica: condizioni, specifiche dimensionali, etichette, istruzioni, documentazione.<\/li>\n<li style=\"text-align: justify;\">Ispezione funzionale: sicurezza e integrit\u00e0 dei componenti e del macchinario.<\/li>\n<li style=\"text-align: justify;\">Valutazione delle prestazioni.<\/li>\n<li style=\"text-align: justify;\">Valutazione della sicurezza.<\/li>\n<li style=\"text-align: justify;\">Verifica delle certificazioni.<\/li>\n<li style=\"text-align: justify;\">Ispezioni di caricamento\/scaricamento.<\/li>\n<\/ul>\n<h5><strong>Ispezioni di Macchinari Pesanti<\/strong><\/h5>\n<p style=\"text-align: justify;\">I nostri ingegneri e tecnici esperti valutano e <strong><a href=\"https:\/\/www.hqts.com\/your-industries\/machinery-quality-control\/heavy-machinery\/\">verificano i macchinari pesanti<\/a><\/strong> secondo standard industriali, normative, verifiche di certificazione, requisiti di sicurezza e necessit\u00e0 operative.<\/p>\n<h5><strong>Macchinari e Attrezzature per cui forniamo servizi di controllo qualit\u00e0<\/strong><\/h5>\n<ul>\n<li>Macchinari per costruzione stradale e grandi opere<\/li>\n<li>Macchinari agricoli, acquacoltura e silvicoltura<\/li>\n<li>Attrezzature per trasporti e logistica<\/li>\n<li>Macchinari per industria pesante: miniere, impianti chimici, cementifici e acciaierie<\/li>\n<\/ul>\n<h5><strong>Alcuni dei servizi che forniamo includono<\/strong><\/h5>\n<ul>\n<li style=\"text-align: justify;\">Audit di fabbrica e valutazione<\/li>\n<li style=\"text-align: justify;\">Ispezione in loco e supervisione<\/li>\n<li style=\"text-align: justify;\">Ispezione fisica<\/li>\n<li style=\"text-align: justify;\">Ispezione funzionale<\/li>\n<li style=\"text-align: justify;\">Valutazione delle prestazioni<\/li>\n<li style=\"text-align: justify;\">Valutazione della sicurezza<\/li>\n<li style=\"text-align: justify;\">Verifica certificazioni<\/li>\n<li style=\"text-align: justify;\">Ispezione di caricamento\/scaricamento<\/li>\n<\/ul>\n<h5><strong>Macchinari e Attrezzature in Cina<\/strong><\/h5>\n<p style=\"text-align: justify;\">HQTS fornisce servizi locali di controllo qualit\u00e0 in Cina dedicati alla sicurezza, alla conformit\u00e0 e all\u2019ottimizzazione della qualit\u00e0 nei sistemi e processi produttivi.<\/p>\n<h5><strong>Con quale frequenza devono essere controllati macchinari e attrezzature?<\/strong><\/h5>\n<p style=\"text-align: justify;\">La frequenza varia molto in base al tipo di attrezzatura e al suo utilizzo. Come minimo, devono essere rispettate le raccomandazioni del produttore.<\/p>\n<h5><strong>Quali sono i vantaggi delle ispezioni?<\/strong><\/h5>\n<p style=\"text-align: justify;\">Ispezioni regolari garantiscono produttivit\u00e0, sicurezza ed efficienza, riducendo perdite e guasti.<\/p>\n<h5><strong>L\u2019Azienda di Controllo Qualit\u00e0 di cui ti puoi Fidare<\/strong><\/h5>\n<p style=\"text-align: justify;\">HQTS opera nel controllo qualit\u00e0 da oltre 20 anni, fornendo informazioni essenziali per l\u2019acquisto e l\u2019installazione di macchinari in Asia o per la spedizione in altri Paesi.<\/p>\n","protected":false},"excerpt":{"rendered":"<p>Il controllo qualit\u00e0 per macchinari e attrezzature \u00e8 fondamentale per ottimizzare efficienza e risultati aziendali.<\/p>\n","protected":false},"author":12,"featured_media":221464,"parent":220156,"menu_order":1,"comment_status":"closed","ping_status":"closed","template":"","meta":{"_acf_changed":false,"footnotes":""},"class_list":["post-221460","page","type-page","status-publish","has-post-thumbnail","hentry"],"acf":[],"_links":{"self":[{"href":"https:\/\/www.hqts.com\/it\/wp-json\/wp\/v2\/pages\/221460","targetHints":{"allow":["GET"]}}],"collection":[{"href":"https:\/\/www.hqts.com\/it\/wp-json\/wp\/v2\/pages"}],"about":[{"href":"https:\/\/www.hqts.com\/it\/wp-json\/wp\/v2\/types\/page"}],"author":[{"embeddable":true,"href":"https:\/\/www.hqts.com\/it\/wp-json\/wp\/v2\/users\/12"}],"replies":[{"embeddable":true,"href":"https:\/\/www.hqts.com\/it\/wp-json\/wp\/v2\/comments?post=221460"}],"version-history":[{"count":1,"href":"https:\/\/www.hqts.com\/it\/wp-json\/wp\/v2\/pages\/221460\/revisions"}],"predecessor-version":[{"id":221475,"href":"https:\/\/www.hqts.com\/it\/wp-json\/wp\/v2\/pages\/221460\/revisions\/221475"}],"up":[{"embeddable":true,"href":"https:\/\/www.hqts.com\/it\/wp-json\/wp\/v2\/pages\/220156"}],"wp:featuredmedia":[{"embeddable":true,"href":"https:\/\/www.hqts.com\/it\/wp-json\/wp\/v2\/media\/221464"}],"wp:attachment":[{"href":"https:\/\/www.hqts.com\/it\/wp-json\/wp\/v2\/media?parent=221460"}],"curies":[{"name":"wp","href":"https:\/\/api.w.org\/{rel}","templated":true}]}}