{"id":221504,"date":"2025-11-13T13:43:45","date_gmt":"2025-11-13T13:43:45","guid":{"rendered":"https:\/\/www.hqts.com\/settori-che-serviamo\/ispezioni-macchinari-attrezzature\/metodi-di-ispezione-e-controllo-qualita-per-escavatori\/"},"modified":"2025-11-13T13:44:22","modified_gmt":"2025-11-13T13:44:22","slug":"controllo-qualita-escavatori","status":"publish","type":"page","link":"https:\/\/www.hqts.com\/it\/settori-che-serviamo\/ispezioni-macchinari-attrezzature\/controllo-qualita-escavatori\/","title":{"rendered":"Metodi di Ispezione e Controllo Qualit\u00e0 per Escavatori"},"content":{"rendered":"<p><strong>Garantisci che i tuoi escavatori rispettino i pi\u00f9 elevati standard di prestazioni e sicurezza grazie ai servizi di controllo qualit\u00e0 per escavatori di HQTS.<\/strong><\/p>\n<p><span data-preserver-spaces=\"true\">HQTS offre una serie di servizi di assicurazione qualit\u00e0 per ridurre i rischi legati all\u2019approvvigionamento di prodotti non conformi dal tuo fornitore e migliorare le tue pratiche complessive di controllo qualit\u00e0.<\/span><\/p>\n<h2><strong><span data-preserver-spaces=\"true\">Servizi di Assicurazione Qualit\u00e0 per Escavatori<\/span><\/strong><\/h2>\n<p><span data-preserver-spaces=\"true\">In HQTS offriamo vari servizi di assicurazione qualit\u00e0 per escavatori per ridurre i rischi durante l\u2019acquisto di macchinari pesanti e garantirne le prestazioni. I nostri servizi principali includono l\u2019ispezione, il collaudo degli escavatori e gli audit.<\/span><\/p>\n<p><span data-preserver-spaces=\"true\"><strong>Le principali categorie di prodotti che serviamo includono:<\/strong><\/span><\/p>\n<div class=\"group w-full text-gray-800 dark:text-gray-100 border-b border-black\/10 dark:border-gray-900\/50 bg-gray-50 dark:bg-[#444654]\">\n<div class=\"text-base gap-4 md:gap-6 md:max-w-2xl lg:max-w-xl xl:max-w-3xl p-4 md:py-6 flex lg:px-0 m-auto\">\n<div class=\"relative flex w-[calc(100%-50px)] flex-col gap-1 md:gap-3 lg:w-[calc(100%-115px)]\">\n<div class=\"flex flex-grow flex-col gap-3\">\n<div class=\"min-h-[20px] flex flex-col items-start gap-4 whitespace-pre-wrap\">\n<div class=\"markdown prose w-full break-words dark:prose-invert light\">\n<ul>\n<li>Bulldozer<\/li>\n<li>Pale caricatrici<\/li>\n<li>Gru<\/li>\n<li>Carrelli elevatori<\/li>\n<li>Trattori<\/li>\n<li>Varie <strong><a href=\"https:\/\/www.hqts.com\/your-industries\/machinery-quality-control\/spare-parts-inspection\/\">parti di ricambio e utensili<\/a><\/strong><\/li>\n<li>Altri servizi di <strong><a href=\"https:\/\/www.hqts.com\/it\/settori-che-serviamo\/ispezioni-macchinari-attrezzature\/\">controllo qualit\u00e0 dei macchinari<\/a><\/strong> e <strong><a href=\"https:\/\/www.hqts.com\/your-industries\/machinery-quality-control\/heavy-machinery\/\">macchinari pesanti<\/a><\/strong><\/li>\n<\/ul>\n<\/div>\n<\/div>\n<\/div>\n<div class=\"flex justify-between lg:block\">\n<div class=\"text-gray-400 flex self-end lg:self-center justify-center mt-2 gap-2 md:gap-3 lg:gap-1 lg:absolute lg:top-0 lg:translate-x-full lg:right-0 lg:mt-0 lg:pl-2 visible\"><\/div>\n<\/div>\n<\/div>\n<\/div>\n<\/div>\n<h2><strong><span data-preserver-spaces=\"true\">Ispezione e Collaudo degli Escavatori<\/span><\/strong><\/h2>\n<p><span data-preserver-spaces=\"true\">Offriamo vari <strong><a href=\"https:\/\/www.hqts.com\/it\/i-nostri-servizi\/quality-control-inspections\/\">servizi di ispezione qualit\u00e0<\/a><\/strong> per escavatori, dalle ispezioni degli escavatori usati alla nuova macchinaria. I nostri ispettori esperti conducono ispezioni in diverse fasi, dalla produzione al carico e allo scarico.<\/span><\/p>\n<p><span data-preserver-spaces=\"true\">Seguono una rigorosa checklist di ispezione per valutare l\u2019aspetto visivo, le prestazioni e la funzionalit\u00e0, le specifiche tecniche e la documentazione correlata.<\/span><\/p>\n<h2><strong><span data-preserver-spaces=\"true\">Metodi di Collaudo degli Escavatori<\/span><\/strong><\/h2>\n<p><span data-preserver-spaces=\"true\">Integriamo metodi di collaudo degli escavatori nelle nostre ispezioni di qualit\u00e0, eseguendo test sul campo per valutare le prestazioni e la funzionalit\u00e0 della macchina. Ci\u00f2 include la verifica dell\u2019assemblaggio, dell\u2019efficacia dei freni, della mobilit\u00e0, dei comandi e indicatori, del sistema idraulico, dei test funzionali e altro.<\/span><\/p>\n<h2><strong><span data-preserver-spaces=\"true\">Audit del Fornitore di Escavatori<\/span><\/strong><\/h2>\n<p><span data-preserver-spaces=\"true\">I nostri <strong><a href=\"https:\/\/www.hqts.com\/it\/i-nostri-servizi\/audit-di-fabbrica\/\">audit<\/a><\/strong> sono ideali per valutare il fornitore prima di versare qualsiasi acconto. I nostri audit variano da una semplice verifica del fornitore a un audit completo della fabbrica, coprendo un\u2019ampia gamma di procedure e sistemi di gestione della qualit\u00e0.<\/span><\/p>\n<h2><strong><span data-preserver-spaces=\"true\">Altri Servizi<\/span><\/strong><\/h2>\n<p><span data-preserver-spaces=\"true\">In HQTS disponiamo di conoscenze leader del settore nel campo dell\u2019assicurazione qualit\u00e0. Possiamo essere il tuo partner unico per la qualit\u00e0, offrendo servizi quali:<\/span><\/p>\n<ul>\n<li><strong><a href=\"https:\/\/www.hqts.com\/it\/sezione-conformita\/\">Consulenza<\/a><\/strong><\/li>\n<li><strong><a href=\"https:\/\/www.hqts.com\/it\/i-nostri-servizi\/consulenza-controllo-qualita\/servizio-di-formazione\/\">Formazione sui sistemi di gestione della qualit\u00e0<\/a><\/strong><\/li>\n<li><strong><a href=\"https:\/\/www.hqts.com\/it\/i-nostri-servizi\/audit-di-fabbrica\/audit-ambientali\/\">Audit ambientali<\/a><\/strong><\/li>\n<li><strong><a href=\"https:\/\/www.hqts.com\/it\/i-nostri-servizi\/soluzioni-sostenibili\/servizi-esg\/\">Audit ESG<\/a><\/strong><\/li>\n<\/ul>\n<p><span data-preserver-spaces=\"true\"><strong><a href=\"https:\/\/www.hqts.com\/it\/contatti\/\">Contattaci<\/a><\/strong> oggi per saperne di pi\u00f9 sui nostri servizi di assicurazione qualit\u00e0 o per visualizzare un rapporto gratuito di ispezione escavatore.<\/span><\/p>\n","protected":false},"excerpt":{"rendered":"<p>Il controllo qualit\u00e0 per macchinari e attrezzature \u00e8 fondamentale per ottimizzare l\u2019efficienza e migliorare i risultati della tua azienda.<\/p>\n","protected":false},"author":17,"featured_media":221506,"parent":221460,"menu_order":1,"comment_status":"closed","ping_status":"closed","template":"","meta":{"_acf_changed":false,"footnotes":""},"class_list":["post-221504","page","type-page","status-publish","has-post-thumbnail","hentry"],"acf":[],"_links":{"self":[{"href":"https:\/\/www.hqts.com\/it\/wp-json\/wp\/v2\/pages\/221504","targetHints":{"allow":["GET"]}}],"collection":[{"href":"https:\/\/www.hqts.com\/it\/wp-json\/wp\/v2\/pages"}],"about":[{"href":"https:\/\/www.hqts.com\/it\/wp-json\/wp\/v2\/types\/page"}],"author":[{"embeddable":true,"href":"https:\/\/www.hqts.com\/it\/wp-json\/wp\/v2\/users\/17"}],"replies":[{"embeddable":true,"href":"https:\/\/www.hqts.com\/it\/wp-json\/wp\/v2\/comments?post=221504"}],"version-history":[{"count":1,"href":"https:\/\/www.hqts.com\/it\/wp-json\/wp\/v2\/pages\/221504\/revisions"}],"predecessor-version":[{"id":221517,"href":"https:\/\/www.hqts.com\/it\/wp-json\/wp\/v2\/pages\/221504\/revisions\/221517"}],"up":[{"embeddable":true,"href":"https:\/\/www.hqts.com\/it\/wp-json\/wp\/v2\/pages\/221460"}],"wp:featuredmedia":[{"embeddable":true,"href":"https:\/\/www.hqts.com\/it\/wp-json\/wp\/v2\/media\/221506"}],"wp:attachment":[{"href":"https:\/\/www.hqts.com\/it\/wp-json\/wp\/v2\/media?parent=221504"}],"curies":[{"name":"wp","href":"https:\/\/api.w.org\/{rel}","templated":true}]}}