{"id":221518,"date":"2025-11-13T13:47:31","date_gmt":"2025-11-13T13:47:31","guid":{"rendered":"https:\/\/www.hqts.com\/settori-che-serviamo\/ispezioni-macchinari-attrezzature\/servizi-e-ispezioni-di-controllo-qualita-per-macchinari-pesanti\/"},"modified":"2025-11-13T13:48:22","modified_gmt":"2025-11-13T13:48:22","slug":"controllo-qualita-macchinari-pesanti","status":"publish","type":"page","link":"https:\/\/www.hqts.com\/it\/settori-che-serviamo\/ispezioni-macchinari-attrezzature\/controllo-qualita-macchinari-pesanti\/","title":{"rendered":"Servizi e Ispezioni di Controllo Qualit\u00e0 per Macchinari Pesanti"},"content":{"rendered":"<p><strong>Verifica che i tuoi macchinari pesanti rispettino i pi\u00f9 elevati standard di prestazioni e sicurezza grazie ai servizi di assicurazione qualit\u00e0 personalizzati di HQTS per macchinari pesanti.<\/strong><\/p>\n<p><span data-preserver-spaces=\"true\">HQTS offre servizi di controllo qualit\u00e0 di terza parte per macchinari pesanti, dall\u2019ispezione e collaudo alla verifica del fornitore prima dell\u2019acquisto. Siamo il tuo partner unico per il controllo qualit\u00e0.<\/span><\/p>\n<h2><strong>Controllo Qualit\u00e0 per Macchinari Pesanti<\/strong><\/h2>\n<p><span data-preserver-spaces=\"true\">Settori come l\u2019edilizia e l\u2019estrazione mineraria dipendono fortemente dai macchinari pesanti, ma acquistare queste attrezzature da fornitori o fabbriche distanti pu\u00f2 rappresentare una sfida significativa per garantirne qualit\u00e0 e sicurezza.<\/span><\/p>\n<p><span data-preserver-spaces=\"true\">HQTS offre un\u2019ampia gamma di servizi di assicurazione qualit\u00e0 per diversi tipi di macchinari pesanti, tra cui:<\/span><\/p>\n<ul>\n<li><span data-preserver-spaces=\"true\">Bulldozer<\/span><\/li>\n<li><span data-preserver-spaces=\"true\">Pale caricatrici<\/span><\/li>\n<li><span data-preserver-spaces=\"true\">Gru<\/span><\/li>\n<li><span data-preserver-spaces=\"true\">Carrelli elevatori<\/span><\/li>\n<li><strong><a href=\"https:\/\/www.hqts.com\/it\/settori-che-serviamo\/ispezioni-macchinari-attrezzature\/controllo-qualita-escavatori\/\">Escavatori<\/a><\/strong><\/li>\n<li><span data-preserver-spaces=\"true\">Trattori<\/span><\/li>\n<li><span data-preserver-spaces=\"true\">Attrezzature di perforazione<\/span><\/li>\n<li>Varie <strong><a href=\"https:\/\/www.hqts.com\/your-industries\/machinery-quality-control\/spare-parts-inspection\/\">parti di ricambio e utensili<\/a><\/strong><\/li>\n<li>Altri <strong><a href=\"https:\/\/www.hqts.com\/it\/settori-che-serviamo\/ispezioni-macchinari-attrezzature\/\">macchinari<\/a><\/strong><\/li>\n<\/ul>\n<p><span data-preserver-spaces=\"true\">Che tu abbia bisogno di un\u2019ispezione di un escavatore in Cina o di un audit del fornitore in India, siamo qui per te.<\/span><\/p>\n<h2><strong>Ispezione dei Macchinari Pesanti<\/strong><\/h2>\n<p><span data-preserver-spaces=\"true\">Le nostre <strong><a href=\"https:\/\/www.hqts.com\/it\/i-nostri-servizi\/quality-control-inspections\/\">ispezioni tecniche<\/a><\/strong> valutano l\u2019aspetto, l\u2019utilizzo, le condizioni operative e le prove sul campo dei macchinari pesanti in base ai requisiti di produzione. Il nostro rapporto di ispezione evidenzier\u00e0 eventuali difetti o non conformit\u00e0 riscontrate durante il controllo.<\/span><\/p>\n<p><span data-preserver-spaces=\"true\">Il nostro obiettivo principale \u00e8 fornirti tutte le informazioni necessarie per decidere consapevolmente se accettare o rifiutare il macchinario prima della spedizione.<\/span><\/p>\n<h2><strong><span data-preserver-spaces=\"true\">Audit del Fornitore di Macchinari Pesanti<\/span><\/strong><\/h2>\n<p><span data-preserver-spaces=\"true\">I nostri audit sono ideali per valutare il tuo fornitore prima di versare qualsiasi deposito.<\/span><\/p>\n<p><span data-preserver-spaces=\"true\">L\u2019audit pu\u00f2 variare dalla verifica della legittimit\u00e0 del fornitore tramite un <strong><a href=\"https:\/\/www.hqts.com\/it\/i-nostri-servizi\/audit-di-fabbrica\/\">audit del fornitore<\/a><\/strong> a una valutazione approfondita della fabbrica, dei processi produttivi, delle procedure di controllo qualit\u00e0 e altro ancora tramite un factory audit.<\/span><\/p>\n<h2><strong><span data-preserver-spaces=\"true\">Collaudo dei Macchinari Pesanti<\/span><\/strong><\/h2>\n<p><span data-preserver-spaces=\"true\">Eseguiamo vari test prima della spedizione per garantire che i tuoi macchinari pesanti soddisfino gli standard e le specifiche del settore. I nostri test includono la verifica dell\u2019aspetto visivo, delle prestazioni, della funzionalit\u00e0, delle specifiche tecniche, della documentazione correlata e delle caratteristiche di sicurezza.<\/span><\/p>\n<h2><strong><span data-preserver-spaces=\"true\">Altri Servizi di Controllo Qualit\u00e0 per Macchinari Pesanti<\/span><\/strong><\/h2>\n<p><span data-preserver-spaces=\"true\">Oltre all\u2019ispezione, al collaudo e agli audit dei fornitori, offriamo servizi mirati di assicurazione qualit\u00e0 per macchinari pesanti, tra cui:<\/span><\/p>\n<ul>\n<li><strong><a href=\"https:\/\/www.hqts.com\/it\/sezione-conformita\/\">Consulenza<\/a><\/strong><\/li>\n<li><span data-preserver-spaces=\"true\">Project Management<\/span><\/li>\n<li><strong><a href=\"https:\/\/www.hqts.com\/it\/i-nostri-servizi\/consulenza-controllo-qualita\/\">Formazione sui sistemi di gestione della qualit\u00e0<\/a><\/strong><\/li>\n<\/ul>\n<p><span data-preserver-spaces=\"true\"><strong><a href=\"https:\/\/www.hqts.com\/it\/contatti\/\">Contattaci<\/a><\/strong> oggi per saperne di pi\u00f9 sui nostri servizi di controllo qualit\u00e0 di terza parte.<\/span><\/p>\n","protected":false},"excerpt":{"rendered":"<p>Il controllo qualit\u00e0 per macchinari e attrezzature \u00e8 fondamentale per ottimizzare l\u2019efficienza e migliorare i risultati della tua azienda.<\/p>\n","protected":false},"author":17,"featured_media":221520,"parent":221460,"menu_order":1,"comment_status":"closed","ping_status":"closed","template":"","meta":{"_acf_changed":false,"footnotes":""},"class_list":["post-221518","page","type-page","status-publish","has-post-thumbnail","hentry"],"acf":[],"_links":{"self":[{"href":"https:\/\/www.hqts.com\/it\/wp-json\/wp\/v2\/pages\/221518","targetHints":{"allow":["GET"]}}],"collection":[{"href":"https:\/\/www.hqts.com\/it\/wp-json\/wp\/v2\/pages"}],"about":[{"href":"https:\/\/www.hqts.com\/it\/wp-json\/wp\/v2\/types\/page"}],"author":[{"embeddable":true,"href":"https:\/\/www.hqts.com\/it\/wp-json\/wp\/v2\/users\/17"}],"replies":[{"embeddable":true,"href":"https:\/\/www.hqts.com\/it\/wp-json\/wp\/v2\/comments?post=221518"}],"version-history":[{"count":1,"href":"https:\/\/www.hqts.com\/it\/wp-json\/wp\/v2\/pages\/221518\/revisions"}],"predecessor-version":[{"id":221531,"href":"https:\/\/www.hqts.com\/it\/wp-json\/wp\/v2\/pages\/221518\/revisions\/221531"}],"up":[{"embeddable":true,"href":"https:\/\/www.hqts.com\/it\/wp-json\/wp\/v2\/pages\/221460"}],"wp:featuredmedia":[{"embeddable":true,"href":"https:\/\/www.hqts.com\/it\/wp-json\/wp\/v2\/media\/221520"}],"wp:attachment":[{"href":"https:\/\/www.hqts.com\/it\/wp-json\/wp\/v2\/media?parent=221518"}],"curies":[{"name":"wp","href":"https:\/\/api.w.org\/{rel}","templated":true}]}}