{"id":221532,"date":"2025-11-13T13:50:37","date_gmt":"2025-11-13T13:50:37","guid":{"rendered":"https:\/\/www.hqts.com\/settori-che-serviamo\/ispezioni-macchinari-attrezzature\/servizi-di-ispezione-e-controllo-qualita-per-utensili-e-parti-di-ricambio\/"},"modified":"2025-11-13T13:51:09","modified_gmt":"2025-11-13T13:51:09","slug":"controllo-qualita-utensili","status":"publish","type":"page","link":"https:\/\/www.hqts.com\/it\/settori-che-serviamo\/ispezioni-macchinari-attrezzature\/controllo-qualita-utensili\/","title":{"rendered":"Servizi di Ispezione e Controllo Qualit\u00e0 per Utensili e Parti di Ricambio"},"content":{"rendered":"<div class=\"group w-full text-gray-800 dark:text-gray-100 border-b border-black\/10 dark:border-gray-900\/50 bg-gray-50 dark:bg-[#444654]\">\n<div class=\"text-base gap-4 md:gap-6 md:max-w-2xl lg:max-w-xl xl:max-w-3xl p-4 md:py-6 flex lg:px-0 m-auto\">\n<div class=\"relative flex w-[calc(100%-50px)] flex-col gap-1 md:gap-3 lg:w-[calc(100%-115px)]\">\n<div class=\"flex flex-grow flex-col gap-3\">\n<div class=\"min-h-[20px] flex flex-col items-start gap-4 whitespace-pre-wrap\">\n<div class=\"markdown prose w-full break-words dark:prose-invert light\">\n<p><strong>I nostri servizi di controllo qualit\u00e0 e ispezione delle parti di ricambio possono aiutare a ridurre il rischio di approvvigionamento di prodotti non conformi.<\/strong><\/p>\n<\/div>\n<\/div>\n<\/div>\n<\/div>\n<\/div>\n<\/div>\n<p><span data-preserver-spaces=\"true\">Le parti di ricambio e gli utensili sono componenti fondamentali in vari settori, dall\u2019automotive e costruzioni alla manifattura e all\u2019energia. <\/span><span data-preserver-spaces=\"true\">L\u2019utilizzo di pratiche adeguate di controllo qualit\u00e0 pu\u00f2 aiutare a ridurre il rischio di acquistare utensili o parti di ricambio non conformi o con dimensioni, forme o design errati.<\/span><\/p>\n<h2><strong>Servizi di Controllo Qualit\u00e0 per Parti di Ricambio e Utensili<\/strong><\/h2>\n<p><span data-preserver-spaces=\"true\">In HQTS offriamo una gamma di servizi di controllo qualit\u00e0 pensati per soddisfare le esigenze specifiche dei produttori di parti di ricambio e utensili. <strong>Copriamo parti di ricambio, utensili e attrezzature per diverse categorie pi\u00f9 ampie, tra cui:<\/strong><\/span><\/p>\n<ul>\n<li><strong><a href=\"https:\/\/www.hqts.com\/it\/settori-che-serviamo\/ispezioni-macchinari-attrezzature\/controllo-qualita-escavatori\/\">Escavatori<\/a><\/strong><\/li>\n<li><strong><a href=\"https:\/\/www.hqts.com\/it\/settori-che-serviamo\/ispezioni-macchinari-attrezzature\/controllo-qualita-macchinari-pesanti\/\">Macchinari pesanti<\/a><\/strong><\/li>\n<li><strong><a href=\"https:\/\/www.hqts.com\/it\/settori-che-serviamo\/ispezioni-macchinari-attrezzature\/\">Macchinari<\/a><\/strong><\/li>\n<li><strong><a href=\"https:\/\/www.hqts.com\/it\/settori-che-serviamo\/ispezioni-componenti-auto\/\">Parti automobilistiche<\/a><\/strong><\/li>\n<\/ul>\n<h2><strong>Ispezioni di Attrezzature, Utensili e Parti di Ricambio<\/strong><\/h2>\n<p><span data-preserver-spaces=\"true\">Riduci il rischio di approvvigionarti di attrezzature e utensili che non soddisfano gli standard richiesti di sicurezza, affidabilit\u00e0, compatibilit\u00e0 e funzionalit\u00e0 grazie alla nostra ispezione delle parti di ricambio. I nostri ispettori seguono una rigorosa checklist, eseguendo un\u2019ispezione visiva e valutando criteri quali quantit\u00e0, ispezione dimensionale, documentazione e altro.<\/span><\/p>\n<p><strong>Offriamo una gamma di servizi di ispezione che coprono ogni fase del ciclo produttivo:<\/strong><\/p>\n<ul>\n<li><span data-preserver-spaces=\"true\"><strong><a href=\"https:\/\/www.hqts.com\/it\/pre-production-inspection\/\">Ispezione in ingresso<\/a><\/strong>: Ispezioniamo e testiamo le materie prime e i componenti in arrivo prima che vengano utilizzati in produzione.<\/span><\/li>\n<li><span data-preserver-spaces=\"true\"><a href=\"https:\/\/www.hqts.com\/it\/i-nostri-servizi\/quality-control-inspections\/ispezione-durante-la-produzione\/\"><strong>Ispezione durante la produzione<\/strong><\/a>: Monitoriamo il processo produttivo per identificare e correggere problemi di qualit\u00e0 in tempo reale.<\/span><\/li>\n<li><span data-preserver-spaces=\"true\"><a href=\"https:\/\/www.hqts.com\/it\/i-nostri-servizi\/quality-control-inspections\/ispezione-pre-spedizione\/\"><strong>Ispezione pre-spedizione<\/strong><\/a>: Eseguiamo ispezioni e test finali per garantire che i prodotti finiti soddisfino i tuoi requisiti.<\/span><\/li>\n<li><span data-preserver-spaces=\"true\"><strong><a href=\"https:\/\/www.hqts.com\/it\/i-nostri-servizi\/quality-control-inspections\/supervisione-del-carico-e-scarico\/\">Carico\/Scarico container<\/a><\/strong>: Supervisioniamo le operazioni di carico e scarico.<\/span><\/li>\n<\/ul>\n<h2><strong>Audit dei Fornitori di Parti di Ricambio e Utensili<\/strong><\/h2>\n<p><span data-preserver-spaces=\"true\">Che tu voglia verificare che il tuo fornitore sia un\u2019azienda legittima o accertarti che sia in grado di produrre utensili e parti di ricambio in linea con i tuoi standard e specifiche, HQTS pu\u00f2 aiutarti. I nostri <strong><a href=\"https:\/\/www.hqts.com\/it\/i-nostri-servizi\/audit-di-fabbrica\/\">servizi di audit principali<\/a><\/strong> includono:<\/span><\/p>\n<ul>\n<li><span data-preserver-spaces=\"true\">Audit del fornitore<\/span><\/li>\n<li><span data-preserver-spaces=\"true\">Audit di fabbrica<\/span><\/li>\n<\/ul>\n<h2><strong>Collaudi per Parti di Ricambio e Utensili<\/strong><\/h2>\n<p><span data-preserver-spaces=\"true\">Possiamo eseguire diversi test per garantire che i tuoi utensili siano conformi agli standard del settore e alle aspettative di qualit\u00e0, tra cui:<\/span><\/p>\n<ul>\n<li><span data-preserver-spaces=\"true\">Analisi chimica<\/span><\/li>\n<li><span data-preserver-spaces=\"true\">Test di durezza<\/span><\/li>\n<li><span data-preserver-spaces=\"true\">Test di durabilit\u00e0<\/span><\/li>\n<li><span data-preserver-spaces=\"true\">Test funzionali<\/span><\/li>\n<\/ul>\n<h2><strong>Altri Servizi di Controllo Qualit\u00e0<\/strong><\/h2>\n<p><span data-preserver-spaces=\"true\">HQTS offre anche altri servizi di controllo qualit\u00e0 per aziende che importano o esportano utensili e parti di ricambio, tra cui:<\/span><\/p>\n<ul>\n<li><strong><a href=\"https:\/\/www.hqts.com\/it\/i-nostri-servizi\/certificato-di-conformita-arabia\/\">Certificato di Conformit\u00e0 per l\u2019Arabia Saudita<\/a><\/strong><\/li>\n<li><strong><a href=\"https:\/\/www.hqts.com\/our-services\/uganda-pvoc\/\">Certificato di Conformit\u00e0 per l\u2019Uganda<\/a><\/strong><\/li>\n<li><strong><a href=\"https:\/\/www.hqts.com\/it\/sezione-conformita\/\">Consulenza<\/a><\/strong><\/li>\n<li><strong><a href=\"https:\/\/www.hqts.com\/it\/i-nostri-servizi\/consulenza-controllo-qualita\/servizio-di-formazione\/\">Formazione sui sistemi di gestione della qualit\u00e0<\/a><\/strong><\/li>\n<\/ul>\n<p><span data-preserver-spaces=\"true\"><strong><a href=\"https:\/\/www.hqts.com\/it\/contatti\/\">Contattaci<\/a><\/strong> oggi per scoprire come i nostri servizi di controllo qualit\u00e0 possono aiutarti a garantire l\u2019affidabilit\u00e0 e le prestazioni delle tue parti di ricambio e utensili.<\/span><\/p>\n","protected":false},"excerpt":{"rendered":"<p>Il controllo qualit\u00e0 per macchinari e attrezzature \u00e8 fondamentale per ottimizzare l\u2019efficienza e migliorare i risultati della tua azienda.<\/p>\n","protected":false},"author":17,"featured_media":221534,"parent":221460,"menu_order":1,"comment_status":"closed","ping_status":"closed","template":"","meta":{"_acf_changed":false,"footnotes":""},"class_list":["post-221532","page","type-page","status-publish","has-post-thumbnail","hentry"],"acf":[],"_links":{"self":[{"href":"https:\/\/www.hqts.com\/it\/wp-json\/wp\/v2\/pages\/221532","targetHints":{"allow":["GET"]}}],"collection":[{"href":"https:\/\/www.hqts.com\/it\/wp-json\/wp\/v2\/pages"}],"about":[{"href":"https:\/\/www.hqts.com\/it\/wp-json\/wp\/v2\/types\/page"}],"author":[{"embeddable":true,"href":"https:\/\/www.hqts.com\/it\/wp-json\/wp\/v2\/users\/17"}],"replies":[{"embeddable":true,"href":"https:\/\/www.hqts.com\/it\/wp-json\/wp\/v2\/comments?post=221532"}],"version-history":[{"count":1,"href":"https:\/\/www.hqts.com\/it\/wp-json\/wp\/v2\/pages\/221532\/revisions"}],"predecessor-version":[{"id":221546,"href":"https:\/\/www.hqts.com\/it\/wp-json\/wp\/v2\/pages\/221532\/revisions\/221546"}],"up":[{"embeddable":true,"href":"https:\/\/www.hqts.com\/it\/wp-json\/wp\/v2\/pages\/221460"}],"wp:featuredmedia":[{"embeddable":true,"href":"https:\/\/www.hqts.com\/it\/wp-json\/wp\/v2\/media\/221534"}],"wp:attachment":[{"href":"https:\/\/www.hqts.com\/it\/wp-json\/wp\/v2\/media?parent=221532"}],"curies":[{"name":"wp","href":"https:\/\/api.w.org\/{rel}","templated":true}]}}