{"id":221547,"date":"2025-11-13T13:53:24","date_gmt":"2025-11-13T13:53:24","guid":{"rendered":"https:\/\/www.hqts.com\/settori-che-serviamo\/trasporti\/"},"modified":"2025-11-13T13:53:53","modified_gmt":"2025-11-13T13:53:53","slug":"trasporti","status":"publish","type":"page","link":"https:\/\/www.hqts.com\/it\/settori-che-serviamo\/trasporti\/","title":{"rendered":"Trasporti"},"content":{"rendered":"<h4><strong>Filiera dei Trasporti<\/strong><\/h4>\n<p><strong>Che tu operi nei settori ferroviario, automobilistico, dei trasporti su strada o aerospaziale, HQTS offre la soluzione ideale per le tue esigenze di qualit\u00e0. Mettiamo a disposizione una lunga esperienza e una vasta gamma di servizi per garantire la qualit\u00e0 delle attrezzature, dei materiali e dei prodotti presenti nella tua supply chain dei trasporti.<\/strong><\/p>\n<h4><strong>Parti automobilistiche<\/strong><\/h4>\n<p style=\"text-align: justify;\">La qualit\u00e0 delle parti automobilistiche \u00e8 direttamente proporzionale alla sicurezza e alle prestazioni di un veicolo. \u00c8 fondamentale dedicare particolare attenzione alla qualit\u00e0 dei componenti auto per migliorare sicurezza e usabilit\u00e0, aumentando cos\u00ec il valore del tuo brand.<\/p>\n<p style=\"text-align: justify;\">Il processo di acquisto delle parti automobilistiche pu\u00f2 essere complesso a causa delle specifiche variabili, delle diverse capacit\u00e0 dei fornitori e delle differenti localizzazioni. HQTS fornisce servizi di assicurazione qualit\u00e0 per l\u2019industria automobilistica da molti anni grazie alle nostre sedi operative globali.<\/p>\n<p style=\"text-align: justify;\">Siamo pronti e in grado di soddisfare le tue esigenze in termini di qualit\u00e0, affidabilit\u00e0 e sicurezza dei prodotti automobilistici, migliorando cos\u00ec la tua competitivit\u00e0 sul mercato. I nostri ispettori esperti seguono procedure PPAP consolidate e possono aiutarti a controllare la qualit\u00e0 dei prodotti in ogni fase del processo produttivo.<\/p>\n<h4><strong>Alcune delle parti automobilistiche che possiamo controllare includono:<\/strong><\/h4>\n<p style=\"text-align: justify;\">Parti del motore, interni auto, esterni auto, accessori della catena cinematica, componenti dei freni, accessori dello sterzo, sistemi ruota, sistemi del sottocarro, accessori della carrozzeria, sistemi di guida, accessori da viaggio, strumenti elettrici e di misurazione, modifiche auto, sistemi di sicurezza, accessori completi, dispositivi audio e video, prodotti chimici per la cura dell\u2019auto, attrezzature di manutenzione, utensili elettrici e altro ancora.<\/p>\n<h4><strong>I nostri servizi<\/strong><\/h4>\n<ul>\n<li>Audit di fabbrica<\/li>\n<li>Servizi di ispezione<\/li>\n<li>Ispezione pre-produzione<\/li>\n<li>Procedura PPAP<\/li>\n<li>Ispezione pre-spedizione<\/li>\n<li>Selezione e riparazione<\/li>\n<li>Collaudi<\/li>\n<li>Ispezione di carico\/scarico<\/li>\n<\/ul>\n<h4><strong>Servizi di ispezione<\/strong><\/h4>\n<p>Il nostro team esperto valuta sulla base delle procedure PPAP quanto segue:<\/p>\n<ul>\n<li>Ispezione pre-produzione<\/li>\n<li>Ispezione generale di aspetto, prestazioni e funzionalit\u00e0 per individuare parti non conformi prima della produzione su larga scala PPAP, consentendo ai fornitori di analizzare i problemi e apportare le modifiche necessarie per evitare ritardi produttivi o costi aggiuntivi dovuti a componenti di scarsa qualit\u00e0.<\/li>\n<li>Procedura PPAP<\/li>\n<li>Per ridurre le parti non conformi, supervisioniamo gli indicatori del dispositivo durante la produzione, tra cui:\n<ul>\n<li>Prima della produzione, supervisioniamo qualit\u00e0 e quantit\u00e0 dei materiali per verificare che soddisfino i requisiti del piano di acquisto;<\/li>\n<li>Durante la produzione, eseguiamo un\u2019ispezione delle dimensioni, dell\u2019aspetto e della funzionalit\u00e0 secondo i requisiti;<\/li>\n<li>Registriamo i parametri dei processi chiave della fabbrica per verificare che tutto funzioni secondo i piani;<\/li>\n<li>Controlliamo la funzionalit\u00e0 dei dispositivi per garantire il corretto funzionamento;<\/li>\n<li>Riduciamo i prodotti non conformi verificando eventuali scorrettezze nell\u2019uso di materiali e manodopera, la qualit\u00e0 del lavoro manuale e l\u2019idoneit\u00e0 dell\u2019ambiente produttivo.<\/li>\n<\/ul>\n<\/li>\n<li>Ispezione pre-spedizione<\/li>\n<li>Eseguiamo un\u2019ispezione campionaria su quantit\u00e0, dimensioni, aspetto, funzionalit\u00e0 e imballaggio prima della spedizione, in base ai disegni tecnici e all\u2019ordine di acquisto.<\/li>\n<li>Campionatura e rilavorazione o riparazione<\/li>\n<li>Quando vengono rilevati prodotti non conformi durante la produzione, possiamo fornire una selezione urgente dei prodotti non qualificati per lo scarto o la rilavorazione.<\/li>\n<\/ul>\n<h4><strong>Collaudi<\/strong><\/h4>\n<p style=\"text-align: justify;\">HQTS fornisce servizi di collaudo per parti automobilistiche, aiutandoti a soddisfare i requisiti di ogni fase produttiva, ridurre i rischi e rafforzare la tua posizione sul mercato.<\/p>\n<h4><strong>Alcuni dei servizi di collaudo che offriamo:<\/strong><\/h4>\n<p style=\"text-align: justify;\">Analisi della composizione chimica, analisi metallografica, prove di durezza, resistenza alla trazione, limite di snervamento, estensibilit\u00e0, rugosit\u00e0 della superficie, spessore del rivestimento, ispezione con polveri magnetiche, rilevamento a ultrasuoni dei difetti, ispezione a raggi X per resistenza alla pressione, test di tenuta all\u2019aria, test sui materiali ignifughi per veicoli, test sulle sostanze pericolose degli interni auto, test di invecchiamento dei materiali, test di condizionamento, test di temperatura e umidit\u00e0, prove di impermeabilit\u00e0 e invecchiamento, test d\u2019urto, test di flessione, test di sovrapressione, test di impulso di accensione, test di resistenza all\u2019isolamento, test di cortocircuito, prove di caduta, test di rigidit\u00e0, crash test, prove di shock meccanico, test di resistenza alla corrosione da gas, test di resistenza ai reagenti chimici, test ad alta accelerazione, test di tensione operativa, test di corrente elettrica.<\/p>\n<h4><strong>Osserviamo e confermiamo in modo indipendente i risultati dei test effettuati in fabbrica, come:<\/strong><\/h4>\n<p style=\"text-align: justify;\">Pioggia, infiltrazioni e perdite d\u2019acqua, intermodulazione, vibrazioni, nebbia salina, risposta alle condizioni ambientali, sistemi e processi di collaudo interni alla fabbrica, stato delle attrezzature di prova e calibrazione.<\/p>\n<h4><strong>Settore ferroviario<\/strong><\/h4>\n<p style=\"text-align: justify;\">Che tu sia un produttore di componenti o un fornitore del settore ferroviario, devi rispettare un\u2019ampia gamma di requisiti normativi e di sicurezza. Offriamo un\u2019ampia gamma di servizi ferroviari per supportare le esigenze della tua supply chain.<\/p>\n<h4><strong>Servizi che offriamo<\/strong><\/h4>\n<ul>\n<li>Preparazione alla certificazione per la fornitura di materiale rotabile all\u2019industria<\/li>\n<li>Verifica e collaudo indipendenti di materiale rotabile o componenti<\/li>\n<li>Conferma della qualit\u00e0 e delle prestazioni di materiali e componenti<\/li>\n<li>Assicurazione della conformit\u00e0 alle normative applicabili<\/li>\n<li>Esternalizzazione delle competenze necessarie per progetti specifici<\/li>\n<\/ul>\n<h4><strong>Aviazione e Aerospaziale<\/strong><\/h4>\n<p style=\"text-align: justify;\">I prodotti fabbricati e venduti per i settori aerospaziale e dell\u2019aviazione devono rispettare normative e standard rigorosi. Dai produttori ai fornitori fino alle aziende post-vendita, HQTS offre una vasta gamma di servizi specializzati per garantire che i tuoi prodotti rispettino gli standard normativi e tecnici, oltre ai tuoi requisiti pi\u00f9 esigenti.<\/p>\n<h4><strong>Servizi che offriamo<\/strong><\/h4>\n<ul>\n<li>Ispezione pre-produzione<\/li>\n<li>Ispezione durante la produzione<\/li>\n<li>Ispezione pre-spedizione<\/li>\n<li>Gestione del prodotto<\/li>\n<\/ul>\n","protected":false},"excerpt":{"rendered":"<p>Che tu operi nei settori ferroviario, automobilistico, dei trasporti su strada o aerospaziale, HQTS ha la soluzione per le tue esigenze di qualit\u00e0.<\/p>\n","protected":false},"author":12,"featured_media":221548,"parent":220156,"menu_order":3,"comment_status":"closed","ping_status":"closed","template":"","meta":{"_acf_changed":false,"footnotes":""},"class_list":["post-221547","page","type-page","status-publish","has-post-thumbnail","hentry"],"acf":[],"_links":{"self":[{"href":"https:\/\/www.hqts.com\/it\/wp-json\/wp\/v2\/pages\/221547","targetHints":{"allow":["GET"]}}],"collection":[{"href":"https:\/\/www.hqts.com\/it\/wp-json\/wp\/v2\/pages"}],"about":[{"href":"https:\/\/www.hqts.com\/it\/wp-json\/wp\/v2\/types\/page"}],"author":[{"embeddable":true,"href":"https:\/\/www.hqts.com\/it\/wp-json\/wp\/v2\/users\/12"}],"replies":[{"embeddable":true,"href":"https:\/\/www.hqts.com\/it\/wp-json\/wp\/v2\/comments?post=221547"}],"version-history":[{"count":1,"href":"https:\/\/www.hqts.com\/it\/wp-json\/wp\/v2\/pages\/221547\/revisions"}],"predecessor-version":[{"id":221560,"href":"https:\/\/www.hqts.com\/it\/wp-json\/wp\/v2\/pages\/221547\/revisions\/221560"}],"up":[{"embeddable":true,"href":"https:\/\/www.hqts.com\/it\/wp-json\/wp\/v2\/pages\/220156"}],"wp:featuredmedia":[{"embeddable":true,"href":"https:\/\/www.hqts.com\/it\/wp-json\/wp\/v2\/media\/221548"}],"wp:attachment":[{"href":"https:\/\/www.hqts.com\/it\/wp-json\/wp\/v2\/media?parent=221547"}],"curies":[{"name":"wp","href":"https:\/\/api.w.org\/{rel}","templated":true}]}}