{"id":221577,"date":"2025-11-13T14:13:12","date_gmt":"2025-11-13T14:13:12","guid":{"rendered":"https:\/\/www.hqts.com\/i-nostri-servizi\/uganda-pre-export-verification-of-conformity-pau-pvoc-for-oil-and-gas\/"},"modified":"2025-11-13T14:16:53","modified_gmt":"2025-11-13T14:16:53","slug":"uganda-pvoc","status":"publish","type":"page","link":"https:\/\/www.hqts.com\/it\/i-nostri-servizi\/uganda-pvoc\/","title":{"rendered":"Verifica di Conformit\u00e0 Pre-Esportazione dell\u2019Uganda (PAU PVoC) per il Settore Oil &#038; Gas"},"content":{"rendered":"\t\t<div data-elementor-type=\"wp-page\" data-elementor-id=\"221577\" class=\"elementor elementor-221577 elementor-139668\" data-elementor-post-type=\"page\">\n\t\t\t\t\t\t<section class=\"elementor-section elementor-top-section elementor-element elementor-element-671b2c63 elementor-section-boxed elementor-section-height-default elementor-section-height-default\" data-id=\"671b2c63\" data-element_type=\"section\">\n\t\t\t\t\t\t<div class=\"elementor-container elementor-column-gap-default\">\n\t\t\t\t\t<div class=\"elementor-column elementor-col-100 elementor-top-column elementor-element elementor-element-7bb8c0\" data-id=\"7bb8c0\" data-element_type=\"column\">\n\t\t\t<div class=\"elementor-widget-wrap elementor-element-populated\">\n\t\t\t\t\t\t<div class=\"elementor-element elementor-element-26a8b5af elementor-widget elementor-widget-text-editor\" data-id=\"26a8b5af\" data-element_type=\"widget\" data-widget_type=\"text-editor.default\">\n\t\t\t\t<div class=\"elementor-widget-container\">\n\t\t\t\t\t\t\t\t\t<h2><strong>Programma di Verifica di Conformit\u00e0 Pre-Esportazione (PVoC) dell\u2019Uganda per il Settore Oil &#038; Gas<\/strong><\/h2> \n<span data-preserver-spaces=\"true\">L\u2019<strong><a href=\"https:\/\/pau.go.ug\/\">Uganda Petroleum Authority<\/a><\/strong> (PAU) e l\u2019<a href=\"https:\/\/www.unbs.go.ug\/\"><strong>Uganda National Bureau of Standards<\/strong><\/a> hanno implementato un Programma di Verifica di Conformit\u00e0 Pre-Esportazione (PVoC) per le attrezzature e i materiali specializzati utilizzati nei progetti petroliferi e del gas. <\/span>\n\n<span style=\"letter-spacing: -0.4px;\"><strong>HQTS \u00e8 stata ufficialmente nominata dall\u2019Uganda Petroleum Authority come uno dei pochi fornitori di servizi PAU PVoC per i progetti Tilenga, Kingfisher ed EACOP<\/strong>.<\/span>\n\n<img fetchpriority=\"high\" decoding=\"async\" src=\"https:\/\/www.hqts.com\/wp-content\/uploads\/2023\/12\/HQTS-Uganda.png\" alt=\"Uganda PVoC Oil and Gas\" width=\"553\" height=\"395\" \/>\n<div>\n<div>\n<div>\n<div>\n<div>\n<div>\n\nI prodotti rientranti nell\u2019ambito del Programma PVoC dell\u2019Uganda devono essere sottoposti a una valutazione di verifica di conformit\u00e0 pre-esportazione nel paese di origine da parte di un fornitore di servizi approvato.\n\n<\/div>\n<\/div>\n<\/div>\n<\/div>\n<\/div>\n<\/div>\n<h2><strong>Il Programma PAU PVoC per il Petrolio e il Gas in Uganda<\/strong><\/h2>\nIl programma Uganda Oil and Gas PVoC \u00e8 un programma di valutazione di conformit\u00e0 per materiali e attrezzature del settore petrolifero e del gas. I prodotti soggetti agli Standard Obbligatori Ugandesi devono essere sottoposti ad attivit\u00e0 di valutazione di conformit\u00e0, incluse ispezioni e test nel paese di origine, tramite un fornitore autorizzato Uganda PAU PVoC.\n<div>\n<div>\n<div>\n<div>\n<div>\n<div>\n<div>\n<div>\n<div>\n<div>\n<div>\n<div>\n\nUn Certificato di Conformit\u00e0 (CoC) sar\u00e0 emesso dal fornitore di servizi dopo aver dimostrato la conformit\u00e0 agli standard applicabili dell\u2019Uganda.\n\n<\/div>\n<\/div>\n<\/div>\n<\/div>\n<\/div>\n<\/div>\n<\/div>\n<\/div>\n<\/div>\n<\/div>\n<\/div>\n<\/div>\t\t\t\t\t\t\t\t<\/div>\n\t\t\t\t<\/div>\n\t\t\t\t<div class=\"elementor-element elementor-element-98c9b10 elementor-widget elementor-widget-image\" data-id=\"98c9b10\" data-element_type=\"widget\" data-widget_type=\"image.default\">\n\t\t\t\t<div class=\"elementor-widget-container\">\n\t\t\t\t\t\t\t\t\t\t\t\t\t\t\t<img decoding=\"async\" width=\"379\" height=\"699\" src=\"https:\/\/www.hqts.com\/wp-content\/uploads\/2024\/10\/pau-pvoc-proccesses.png\" class=\"attachment-medium_large size-medium_large wp-image-221580\" alt=\"\" srcset=\"https:\/\/www.hqts.com\/wp-content\/uploads\/2024\/10\/pau-pvoc-proccesses.png 379w, https:\/\/www.hqts.com\/wp-content\/uploads\/2024\/10\/pau-pvoc-proccesses-163x300.png 163w\" sizes=\"(max-width: 379px) 100vw, 379px\" \/>\t\t\t\t\t\t\t\t\t\t\t\t\t\t\t<\/div>\n\t\t\t\t<\/div>\n\t\t\t\t<div class=\"elementor-element elementor-element-ad3b01b elementor-widget elementor-widget-text-editor\" data-id=\"ad3b01b\" data-element_type=\"widget\" data-widget_type=\"text-editor.default\">\n\t\t\t\t<div class=\"elementor-widget-container\">\n\t\t\t\t\t\t\t\t\t<h2><strong>Perch\u00e9 Scegliere HQTS per il PVoC dell\u2019Uganda?<\/strong><\/h2> \nHQTS ha firmato un accordo con l\u2019Uganda PAU e l\u2019UNBS per svolgere servizi PVoC per attrezzature e materiali petroliferi e del gas importati e destinati all\u2019Uganda. HQTS pu\u00f2 aiutarti a conformarti agli standard ugandesi e garantire un\u2019esportazione senza intoppi verso l\u2019Uganda.\n<ul>\n \t<li style=\"font-size: 16px;\"><span style=\"font-weight: bolder;\">HQTS \u00e8 un fornitore contrattuale di servizi <a href=\"https:\/\/www.hqts.com\/our-services\/uganda-pvoc\/\">Uganda PVoC<\/a> e Uganda PAU PVoC.<\/span><\/li>\n \t<li>Servizi rapidi, flessibili e affidabili per tutte le tue esigenze di conformit\u00e0 dei prodotti in Uganda.<\/li>\n \t<li>Oltre 25 uffici nel mondo, inclusa una sede a Kampala, Uganda.<\/li>\n \t<li>Pi\u00f9 di 25 anni di esperienza nell\u2019assicurazione qualit\u00e0.<\/li>\n \t<li>Un team dedicato pronto ad assisterti in ogni fase della procedura di richiesta.<\/li>\n \t<li>Conoscenza approfondita degli standard nazionali e internazionali.<\/li>\n<\/ul>\n<strong>\nStai esportando attrezzature e materiali per il settore petrolifero e del gas in Uganda? <a href=\"https:\/\/www.hqts.com\/contact\/\">Contattaci<\/a> oggi per saperne di pi\u00f9 sui nostri servizi Uganda PVoC per i progetti Oil &#038; Gas in Uganda.<\/strong>\t\t\t\t\t\t\t\t<\/div>\n\t\t\t\t<\/div>\n\t\t\t\t<section class=\"elementor-section elementor-inner-section elementor-element elementor-element-bea0ad0 elementor-section-boxed elementor-section-height-default elementor-section-height-default\" data-id=\"bea0ad0\" data-element_type=\"section\">\n\t\t\t\t\t\t<div class=\"elementor-container elementor-column-gap-default\">\n\t\t\t\t\t<div class=\"elementor-column elementor-col-100 elementor-inner-column elementor-element elementor-element-2b91bfd\" data-id=\"2b91bfd\" data-element_type=\"column\">\n\t\t\t<div class=\"elementor-widget-wrap\">\n\t\t\t\t\t\t\t<\/div>\n\t\t<\/div>\n\t\t\t\t\t<\/div>\n\t\t<\/section>\n\t\t\t\t\t<\/div>\n\t\t<\/div>\n\t\t\t\t\t<\/div>\n\t\t<\/section>\n\t\t\t\t<\/div>\n\t\t","protected":false},"excerpt":{"rendered":"<p>An Iraq Certificate of Conformity (COC) is now required for over 1,000 products across twelve categories before they can enter the lucrative Iraqi import market.<\/p>\n","protected":false},"author":17,"featured_media":221579,"parent":219439,"menu_order":4,"comment_status":"closed","ping_status":"closed","template":"","meta":{"_acf_changed":false,"footnotes":""},"class_list":["post-221577","page","type-page","status-publish","has-post-thumbnail","hentry"],"acf":[],"_links":{"self":[{"href":"https:\/\/www.hqts.com\/it\/wp-json\/wp\/v2\/pages\/221577","targetHints":{"allow":["GET"]}}],"collection":[{"href":"https:\/\/www.hqts.com\/it\/wp-json\/wp\/v2\/pages"}],"about":[{"href":"https:\/\/www.hqts.com\/it\/wp-json\/wp\/v2\/types\/page"}],"author":[{"embeddable":true,"href":"https:\/\/www.hqts.com\/it\/wp-json\/wp\/v2\/users\/17"}],"replies":[{"embeddable":true,"href":"https:\/\/www.hqts.com\/it\/wp-json\/wp\/v2\/comments?post=221577"}],"version-history":[{"count":5,"href":"https:\/\/www.hqts.com\/it\/wp-json\/wp\/v2\/pages\/221577\/revisions"}],"predecessor-version":[{"id":221597,"href":"https:\/\/www.hqts.com\/it\/wp-json\/wp\/v2\/pages\/221577\/revisions\/221597"}],"up":[{"embeddable":true,"href":"https:\/\/www.hqts.com\/it\/wp-json\/wp\/v2\/pages\/219439"}],"wp:featuredmedia":[{"embeddable":true,"href":"https:\/\/www.hqts.com\/it\/wp-json\/wp\/v2\/media\/221579"}],"wp:attachment":[{"href":"https:\/\/www.hqts.com\/it\/wp-json\/wp\/v2\/media?parent=221577"}],"curies":[{"name":"wp","href":"https:\/\/api.w.org\/{rel}","templated":true}]}}