{"id":221598,"date":"2025-11-13T14:17:41","date_gmt":"2025-11-13T14:17:41","guid":{"rendered":"https:\/\/www.hqts.com\/i-nostri-servizi\/uganda-pre-export-verification-of-conformity-pvoc\/"},"modified":"2025-11-13T14:20:16","modified_gmt":"2025-11-13T14:20:16","slug":"verifica-conformita-uganda","status":"publish","type":"page","link":"https:\/\/www.hqts.com\/it\/i-nostri-servizi\/verifica-conformita-uganda\/","title":{"rendered":"Verifica di Conformit\u00e0 Pre-Esportazione dell\u2019Uganda (PVoC)"},"content":{"rendered":"\t\t<div data-elementor-type=\"wp-page\" data-elementor-id=\"221598\" class=\"elementor elementor-221598 elementor-125531\" data-elementor-post-type=\"page\">\n\t\t\t\t\t\t<section class=\"elementor-section elementor-top-section elementor-element elementor-element-671b2c63 elementor-section-boxed elementor-section-height-default elementor-section-height-default\" data-id=\"671b2c63\" data-element_type=\"section\">\n\t\t\t\t\t\t<div class=\"elementor-container elementor-column-gap-default\">\n\t\t\t\t\t<div class=\"elementor-column elementor-col-100 elementor-top-column elementor-element elementor-element-7bb8c0\" data-id=\"7bb8c0\" data-element_type=\"column\">\n\t\t\t<div class=\"elementor-widget-wrap elementor-element-populated\">\n\t\t\t\t\t\t<div class=\"elementor-element elementor-element-26a8b5af elementor-widget elementor-widget-text-editor\" data-id=\"26a8b5af\" data-element_type=\"widget\" data-widget_type=\"text-editor.default\">\n\t\t\t\t<div class=\"elementor-widget-container\">\n\t\t\t\t\t\t\t\t\t<h2><strong>Verifica di Conformit\u00e0 Pre-Esportazione dell\u2019Uganda<\/strong><\/h2> \n<strong>Esportazione\/Importazione di merci verso l\u2019Uganda<\/strong>\n\n<span data-preserver-spaces=\"true\">La Verifica di Conformit\u00e0 Pre-Esportazione dell\u2019Uganda (PVoC) \u00e8 gestita dall\u2019Uganda National Bureau of Standards (UNBS). L\u2019Uganda PVoC \u00e8 un programma di valutazione della conformit\u00e0 dei prodotti che controlla merci appartenenti a 11 categorie. \u00c8 obbligatorio per tutte le aziende che esportano prodotti regolamentati verso l\u2019Uganda dimostrare la conformit\u00e0 agli standard ugandesi.<\/span>\n\n<strong>HQTS \u00e8 stata nominata dall\u2019UNBS per fornire servizi PVoC per merci generiche.<\/strong>\n\n<span data-preserver-spaces=\"true\">L\u2019Uganda \u00e8 un paese che negli ultimi anni ha registrato uno sviluppo economico e una modernizzazione significativi. Il paese ha mostrato un\u2019economia solida, con una <\/span><a class=\"editor-rtfLink\" href=\"https:\/\/www.worldbank.org\/en\/country\/uganda\/overview\" target=\"_blank\" rel=\"noopener\"><span data-preserver-spaces=\"true\">crescita media annua del 4,5%<\/span><\/a><span data-preserver-spaces=\"true\"> nel periodo 2016-2021. Durante questo periodo, le importazioni dell\u2019Uganda sono aumentate costantemente e ora sono stimate a <a href=\"https:\/\/oec.world\/en\/profile\/country\/uga\">$7,94 miliardi<\/a>, <\/span><span data-preserver-spaces=\"true\">un numero destinato a crescere ulteriormente. <\/span><span data-preserver-spaces=\"true\">HQTS \u00e8 il tuo sportello unico per tutte le esigenze PVoC dell\u2019Uganda!<\/span>\n\n<h5><strong><span data-preserver-spaces=\"true\">Panoramica della Verifica di Conformit\u00e0 Pre-Esportazione dell\u2019Uganda (PVoC)<\/span><\/strong><\/h5>\n<ul>\n \t<li><span data-preserver-spaces=\"true\">Tutti i prodotti regolamentati nelle 11 categorie devono verificare la propria conformit\u00e0 agli standard ugandesi tramite un certificato CoC rilasciato da un\u2019agenzia ispettiva terza autorizzata, come HQTS.<\/span><\/li>\n \t<li><span data-preserver-spaces=\"true\">Il programma protegge gli ugandesi e i produttori locali da prodotti e materiali scadenti, non sicuri o contraffatti.<\/span><\/li>\n \t<li><span data-preserver-spaces=\"true\">Il certificato PVoC dimostra che il prodotto importato \u00e8 conforme ai regolamenti tecnici e\/o agli standard approvati dell\u2019Uganda.<\/span><\/li>\n \t<li><span data-preserver-spaces=\"true\">Il principio guida del PVoC si basa sull\u2019Articolo 5 dei <\/span><a class=\"editor-rtfLink\" href=\"https:\/\/www.wto.org\/english\/tratop_e\/tbt_e\/tbt_e.htm\" target=\"_blank\" rel=\"noopener\"><span data-preserver-spaces=\"true\">Technical Barriers to Trade<\/span><\/a><span data-preserver-spaces=\"true\">.<\/span><\/li>\n \t<li><span data-preserver-spaces=\"true\">HQTS \u00e8 autorizzata a fornire il servizio di certificazione PVoC dell\u2019Uganda.<\/span><\/li>\n<\/ul>\n<h5><strong><span data-preserver-spaces=\"true\">Categorie di prodotti coperte dal PVoC<\/span><\/strong><\/h5>\n<ul>\n \t<li><span data-preserver-spaces=\"true\">Giocattoli<\/span><\/li>\n \t<li><span data-preserver-spaces=\"true\">Prodotti elettrici ed elettronici, inclusi pannelli e sistemi solari<\/span><\/li>\n \t<li><span data-preserver-spaces=\"true\">Prodotti e componenti automobilistici<\/span><\/li>\n \t<li><span data-preserver-spaces=\"true\">Prodotti chimici<\/span><\/li>\n \t<li><span data-preserver-spaces=\"true\">Materiali meccanici e apparecchi a gas, inclusi materiali e articoli da costruzione<\/span><\/li>\n \t<li><span data-preserver-spaces=\"true\">Tessile, pelle, plastica e gomma<\/span><\/li>\n \t<li><span data-preserver-spaces=\"true\">Mobili, inclusi articoli in legno e metallo<\/span><\/li>\n \t<li><span data-preserver-spaces=\"true\">Carta e cancelleria<\/span><\/li>\n \t<li><span data-preserver-spaces=\"true\">Attrezzature di sicurezza e protezione<\/span><\/li>\n \t<li><span data-preserver-spaces=\"true\">Alimenti e prodotti alimentari<\/span><\/li>\n \t<li><span data-preserver-spaces=\"true\">Merci usate, inclusi veicoli a motore usati<\/span><\/li>\n<\/ul>\n<h2><strong><span data-preserver-spaces=\"true\">Perch\u00e9 Scegliere HQTS per l\u2019Uganda PVoC?<\/span><\/strong><\/h2>\n<span data-preserver-spaces=\"true\">HQTS \u00e8 una delle poche aziende al mondo autorizzate a fornire servizi Uganda PVoC per merci generiche. Possiamo aiutare la tua azienda a rispettare gli standard ugandesi e a ottenere un\u2019esportazione senza complicazioni verso l\u2019Uganda. Disponiamo di un team dedicato in grado di assisterti in ogni fase della procedura di richiesta.<\/span>\n<ul>\n \t<li><span data-preserver-spaces=\"true\">Oltre 20 uffici nel mondo, inclusa una <a href=\"https:\/\/www.hqts.com\/who-we-are\/uganda-quality-control\/\">sede a Kampala, Uganda<\/a>.<\/span><\/li>\n \t<li><span data-preserver-spaces=\"true\">Pi\u00f9 di 25 anni di esperienza nell\u2019assicurazione qualit\u00e0.<\/span><\/li>\n \t<li><span data-preserver-spaces=\"true\">Approfondita conoscenza del settore e degli standard nazionali e internazionali.<\/span><\/li>\n \t<li><span data-preserver-spaces=\"true\">Fornitore di servizi di qualit\u00e0 in ogni fase del processo.<\/span><\/li>\n \t<li><span data-preserver-spaces=\"true\">HQTS offre servizi rapidi, flessibili e affidabili per tutte le tue esigenze ispettive.<\/span><\/li>\n<\/ul>\n<strong>Stai esportando merci in Uganda? <a href=\"https:\/\/www.hqts.com\/contact\/\">Contattaci<\/a> oggi per saperne di pi\u00f9 sui nostri servizi Uganda PVoC!<\/strong>\n\n<img fetchpriority=\"high\" decoding=\"async\" class=\"alignnone size-full wp-image-136945\" src=\"https:\/\/www.hqts.com\/wp-content\/uploads\/2023\/03\/Uganda-PVOC-Public-Notice-HQTS.jpeg\" alt=\"Uganda PVoC Notice\" width=\"523\" height=\"479\" srcset=\"https:\/\/www.hqts.com\/wp-content\/uploads\/2023\/03\/Uganda-PVOC-Public-Notice-HQTS.jpeg 523w, https:\/\/www.hqts.com\/wp-content\/uploads\/2023\/03\/Uganda-PVOC-Public-Notice-HQTS-300x275.jpeg 300w\" sizes=\"(max-width: 523px) 100vw, 523px\" \/>\t\t\t\t\t\t\t\t<\/div>\n\t\t\t\t<\/div>\n\t\t\t\t\t<\/div>\n\t\t<\/div>\n\t\t\t\t\t<\/div>\n\t\t<\/section>\n\t\t\t\t<\/div>\n\t\t","protected":false},"excerpt":{"rendered":"<p>An Iraq Certificate of Conformity (COC) is now required for over 1,000 products across twelve categories before they can enter the lucrative Iraqi import market.<\/p>\n","protected":false},"author":17,"featured_media":221601,"parent":219439,"menu_order":4,"comment_status":"closed","ping_status":"closed","template":"","meta":{"_acf_changed":false,"footnotes":""},"class_list":["post-221598","page","type-page","status-publish","has-post-thumbnail","hentry"],"acf":[],"_links":{"self":[{"href":"https:\/\/www.hqts.com\/it\/wp-json\/wp\/v2\/pages\/221598","targetHints":{"allow":["GET"]}}],"collection":[{"href":"https:\/\/www.hqts.com\/it\/wp-json\/wp\/v2\/pages"}],"about":[{"href":"https:\/\/www.hqts.com\/it\/wp-json\/wp\/v2\/types\/page"}],"author":[{"embeddable":true,"href":"https:\/\/www.hqts.com\/it\/wp-json\/wp\/v2\/users\/17"}],"replies":[{"embeddable":true,"href":"https:\/\/www.hqts.com\/it\/wp-json\/wp\/v2\/comments?post=221598"}],"version-history":[{"count":5,"href":"https:\/\/www.hqts.com\/it\/wp-json\/wp\/v2\/pages\/221598\/revisions"}],"predecessor-version":[{"id":221617,"href":"https:\/\/www.hqts.com\/it\/wp-json\/wp\/v2\/pages\/221598\/revisions\/221617"}],"up":[{"embeddable":true,"href":"https:\/\/www.hqts.com\/it\/wp-json\/wp\/v2\/pages\/219439"}],"wp:featuredmedia":[{"embeddable":true,"href":"https:\/\/www.hqts.com\/it\/wp-json\/wp\/v2\/media\/221601"}],"wp:attachment":[{"href":"https:\/\/www.hqts.com\/it\/wp-json\/wp\/v2\/media?parent=221598"}],"curies":[{"name":"wp","href":"https:\/\/api.w.org\/{rel}","templated":true}]}}