{"id":221673,"date":"2025-11-13T15:13:42","date_gmt":"2025-11-13T15:13:42","guid":{"rendered":"https:\/\/www.hqts.com\/?page_id=221673"},"modified":"2025-11-13T15:17:16","modified_gmt":"2025-11-13T15:17:16","slug":"la-nostra-azienda","status":"publish","type":"page","link":"https:\/\/www.hqts.com\/it\/chi-siamo\/la-nostra-azienda\/","title":{"rendered":"La Nostra Azienda"},"content":{"rendered":"\t\t<div data-elementor-type=\"wp-page\" data-elementor-id=\"221673\" class=\"elementor elementor-221673 elementor-377\" data-elementor-post-type=\"page\">\n\t\t\t\t\t\t<section class=\"elementor-section elementor-top-section elementor-element elementor-element-6f6cd97c elementor-section-boxed elementor-section-height-default elementor-section-height-default\" data-id=\"6f6cd97c\" data-element_type=\"section\">\n\t\t\t\t\t\t<div class=\"elementor-container elementor-column-gap-no\">\n\t\t\t\t\t<div class=\"elementor-column elementor-col-100 elementor-top-column elementor-element elementor-element-34e26fb1\" data-id=\"34e26fb1\" data-element_type=\"column\">\n\t\t\t<div class=\"elementor-widget-wrap elementor-element-populated\">\n\t\t\t\t\t\t<div class=\"elementor-element elementor-element-8fbfd5d elementor-widget elementor-widget-text-editor\" data-id=\"8fbfd5d\" data-element_type=\"widget\" data-widget_type=\"text-editor.default\">\n\t\t\t\t<div class=\"elementor-widget-container\">\n\t\t\t\t\t\t\t\t\t<h2><strong>HQTS &#8211; Il tuo fornitore di servizi per la gestione della qualit\u00e0 della supply chain<\/strong><\/h2> \n<strong>HQTS \u00e8 un fornitore globale leader di servizi di controllo qualit\u00e0 di terza parte, dedicato a risolvere i problemi di qualit\u00e0 e a creare una supply chain pi\u00f9 solida.<\/strong>\n\nDa oltre 30 anni, HQTS \u00e8 il partner preferito per il controllo qualit\u00e0 di pi\u00f9 di 50.000 marchi internazionali nei settori dei Beni di Consumo, Commerciale, Industriale e Governativo.\n\n(https:\/\/www.hqts.com\/wp-content\/uploads\/2025\/03\/1145_raw.mp4%22][\/video)]\n\nAbbiamo una presenza globale, che include una rete di esperti tecnici in oltre 40 paesi, laboratori accreditati per i test sui prodotti nelle principali regioni manifatturiere e accreditamenti da diversi enti normativi internazionali, tra cui <strong>CNAS ISO17020, ISO17025<\/strong> e<strong> CMA. <\/strong>\n\n<img fetchpriority=\"high\" decoding=\"async\" class=\"aligncenter size-full wp-image-190312\" src=\"https:\/\/www.hqts.com\/wp-content\/uploads\/2025\/05\/\u56fe\u50cf.jpeg\" alt=\"\" width=\"800\" height=\"114\" srcset=\"https:\/\/www.hqts.com\/wp-content\/uploads\/2025\/05\/\u56fe\u50cf.jpeg 800w, https:\/\/www.hqts.com\/wp-content\/uploads\/2025\/05\/\u56fe\u50cf-300x43.jpeg 300w, https:\/\/www.hqts.com\/wp-content\/uploads\/2025\/05\/\u56fe\u50cf-768x109.jpeg 768w\" sizes=\"(max-width: 800px) 100vw, 800px\" \/>\t\t\t\t\t\t\t\t<\/div>\n\t\t\t\t<\/div>\n\t\t\t\t<div class=\"elementor-element elementor-element-23f7fad elementor-widget elementor-widget-image\" data-id=\"23f7fad\" data-element_type=\"widget\" data-widget_type=\"image.default\">\n\t\t\t\t<div class=\"elementor-widget-container\">\n\t\t\t\t\t\t\t\t\t\t\t\t\t\t\t<img decoding=\"async\" width=\"7132\" height=\"3501\" src=\"https:\/\/www.hqts.com\/wp-content\/uploads\/2023\/07\/Worldmap.png\" class=\"attachment-full size-full wp-image-221689\" alt=\"\" srcset=\"https:\/\/www.hqts.com\/wp-content\/uploads\/2023\/07\/Worldmap.png 7132w, https:\/\/www.hqts.com\/wp-content\/uploads\/2023\/07\/Worldmap-300x147.png 300w, https:\/\/www.hqts.com\/wp-content\/uploads\/2023\/07\/Worldmap-1024x503.png 1024w, https:\/\/www.hqts.com\/wp-content\/uploads\/2023\/07\/Worldmap-768x377.png 768w, https:\/\/www.hqts.com\/wp-content\/uploads\/2023\/07\/Worldmap-1536x754.png 1536w, https:\/\/www.hqts.com\/wp-content\/uploads\/2023\/07\/Worldmap-2048x1005.png 2048w\" sizes=\"(max-width: 7132px) 100vw, 7132px\" \/>\t\t\t\t\t\t\t\t\t\t\t\t\t\t\t<\/div>\n\t\t\t\t<\/div>\n\t\t\t\t<div class=\"elementor-element elementor-element-6018cf30 elementor-widget elementor-widget-text-editor\" data-id=\"6018cf30\" data-element_type=\"widget\" data-widget_type=\"text-editor.default\">\n\t\t\t\t<div class=\"elementor-widget-container\">\n\t\t\t\t\t\t\t\t\t<p>* Per vedere l\u2019elenco completo dei nostri uffici commerciali, visita la nostra <a href=\"https:\/\/www.hqts.com\/contact\/\">pagina dei contatti<\/a><\/p><h4><strong>I Nostri Servizi<\/strong><\/h4><p>Forniamo servizi a monte e a valle, che includono <strong><a href=\"https:\/\/www.hqts.com\/our-services\/inspections\/\">ispezioni di qualit\u00e0<\/a><\/strong>, <strong><a href=\"https:\/\/www.hqts.com\/our-services\/testing\/\">test sui prodotti<\/a><\/strong>, <strong><a href=\"https:\/\/www.hqts.com\/our-services\/government-approved-inspections\/\">servizi governativi e commerciali, audit<\/a><\/strong>, <strong><a href=\"https:\/\/www.hqts.com\/our-services\/quality-control-services\/training-service\/\">formazione<\/a><\/strong> e <strong><a href=\"https:\/\/www.hqts.com\/our-services\/quality-control-services\/\">consulenza<\/a><\/strong>, <strong><a href=\"https:\/\/www.hqts.com\/our-services\/quality-engineering\/supplier-quality-engineering\/\">quality engineering<\/a><\/strong>, oltre ad altri servizi di consulenza personalizzati e <strong><a href=\"https:\/\/www.hqts.com\/our-services\/sustainable-solutions\/\">servizi di sostenibilit\u00e0<\/a><\/strong>.<\/p><h4><strong>Le Nostre Strutture<\/strong><\/h4><h5><strong>Laboratori di Testing dei Prodotti<\/strong><\/h5><ul><li><strong>Laboratorio per Test su Prodotti di Consumo<\/strong><ul><li><span style=\"text-align: justify;\"><strong>Hangzhou, Cina<\/strong> <strong>&#8211;<\/strong> Laboratorio di 80.000 piedi quadrati per test chimici, funzionali, di sicurezza, tessili e di packaging.<\/span><\/li><li><strong>Ningbo, Cina &#8211; <\/strong>Laboratorio per test chimici, tessili, giocattoli, elettronici ed elettrici e materiali a contatto con alimenti.<\/li><li><strong>Dongguan, Cina &#8211; <\/strong>Laboratorio di testing per abbigliamento e beni di consumo.<\/li><li><strong>Ho Chi Minh City, Vietnam &#8211;<\/strong> Laboratorio di testing per abbigliamento e beni di consumo.<\/li><li style=\"font-size: 16px;\">Questi sono i nostri principali laboratori, supportati da una rete pi\u00f9 ampia di strutture partner in India, Bangladesh, Emirati Arabi Uniti, Turchia e altri paesi.<\/li><\/ul><\/li><\/ul><p><em><strong>Qualifiche Internazionali:<\/strong> ISO\/IEC 17025, CMA, CPSC, ISTA.<\/em><\/p><h5><strong>Laboratori di Testing Industriali<\/strong><\/h5><p><span style=\"letter-spacing: -0.4px;\">Operiamo un\u2019ampia rete di laboratori partner specializzati nei test delle materie prime, con una presenza particolarmente forte nelle province di Zhejiang e Guangdong in Cina, dove si concentra gran parte dell\u2019attivit\u00e0 tessile e manifatturiera mondiale. Oltre la Cina, la nostra rete si estende ad altre regioni strategiche nel mondo, consentendoci di supportare i clienti con servizi di testing completi, affidabili e tempestivi, indipendentemente dall\u2019area di approvvigionamento.<\/span><\/p><h5><strong>Strutture per Ispezioni di Smistamento<\/strong><\/h5><p dir=\"auto\">Le strutture di ispezione di smistamento HQTS sono centri specializzati dedicati a rigorosi processi di assicurazione qualit\u00e0, in cui i prodotti vengono esaminati, classificati e rilavorati in modo sistematico per identificare e isolare difetti quali imperfezioni dei materiali, incongruenze dimensionali o errori di assemblaggio, garantendo che solo gli articoli conformi proseguano nella supply chain.<\/p><ul><li><strong>Shanghai, Cina<\/strong><\/li><li><strong>Quanzhou, Cina<\/strong><\/li><li><strong>Cambogia<\/strong><\/li><\/ul><h4 style=\"text-align: justify;\"><strong>La Nostra Storia<\/strong><\/h4><p><strong>HQTS, originariamente un\u2019azienda di ispezioni di terza parte focalizzata esclusivamente sulle ispezioni di qualit\u00e0, \u00e8 diventata una delle principali aziende globali nell\u2019offerta di servizi TIC personalizzabili e tecnici.<\/strong><\/p><p dir=\"auto\" data-pm-slice=\"1 1 []\">HQTS \u00e8 stata fondata nel 1987 come divisione del Fujian Inspection and Research Institute (FCII) per la qualit\u00e0 dei prodotti, gestendo il lavoro di ispezione del controllo qualit\u00e0 per aziende nazionali e internazionali per conto della FCII. L\u2019azienda \u00e8 stata poi separata come societ\u00e0 interamente controllata nel 1995, passando dall\u2019essere un fornitore esclusivo di servizi in subappalto a un fornitore diretto.<\/p><p dir=\"auto\" data-pm-slice=\"1 1 []\">Da allora, la crescita dell\u2019azienda \u00e8 stata esponenziale. Oggi HQTS conta oltre 25 uffici in tutto il mondo e ha ampliato in modo significativo il proprio portafoglio di servizi. Siamo orgogliosi di completare ogni mese migliaia di servizi di gestione della supply chain per i nostri clienti.<\/p><h6 dir=\"auto\" data-pm-slice=\"1 1 []\"><strong>Traguardi Chiave<\/strong><\/h6><ul><li><strong>1995 &#8211; <\/strong>Fondata Helmsman Quality &amp; Technology Services Co., Ltd (HQTS).<\/li><li><strong>1997<\/strong> <strong>&#8211;<\/strong> Accreditamento CNAS per ISO 17020 e ISO 17025.<\/li><li><strong>2003<\/strong> <strong>&#8211;<\/strong> Aperto il primo laboratorio di testing in joint venture sino-americana ed espansione nel mercato del Sud-Est asiatico.<\/li><li><strong>2009<\/strong> <strong>&#8211;<\/strong> Fondata la societ\u00e0 madre, HQTS Group Ltd, a Hong Kong.<\/li><li><strong>2011 &#8211; 2013 &#8211; <\/strong>Fondata Yoshida Sorting Inspection Company in Giappone e aperte tre fabbriche di ispezione a <em>Quanzhou<\/em>, <em>Shanghai<\/em> e <em>Phnom Penh<\/em>.<\/li><li><strong>2016 &#8211;<\/strong> Costituita una societ\u00e0 a Delhi, India.<\/li><li><strong>2018 &#8211;<\/strong> Fondata una societ\u00e0 a Ho Chi Minh City, Vietnam.<\/li><li><strong>2021 &#8211; 2022<\/strong> &#8211; Rapida espansione continua, con apertura di uffici negli Emirati Arabi Uniti, Uganda, Regno Unito, Malesia e altri.<\/li><li><strong>2022 &#8211; 2024 <\/strong>Creato un dipartimento ESG dedicato e aperto un nuovo ufficio a Madrid, Spagna.<\/li><\/ul><h4 style=\"text-align: justify;\"><strong>La Nostra Missione, Visione e Valori<\/strong><\/h4><p><strong>Missione<\/strong><\/p><p>Offrire servizi di qualit\u00e0 totale lungo l\u2019intera supply chain globale per risolvere le sfide dei nostri clienti ovunque e in qualsiasi momento.<\/p><p><strong>Visione<\/strong><\/p><p>Fornire costantemente soluzioni rapide, flessibili, dettagliate e sostenibili in tutta la supply chain, per un mondo pi\u00f9 efficiente e pi\u00f9 verde.<\/p><p><strong>Valori<\/strong><\/p><p>HQTS si identifica con <em><strong>onest\u00e0<\/strong><\/em>, <em><strong>integrit\u00e0<\/strong><\/em> e <em><strong>fiducia<\/strong><\/em>. Sosteniamo questi valori in ogni azione e decisione che prendiamo a ogni livello della nostra organizzazione e nella nostra attivit\u00e0 quotidiana.<\/p>\t\t\t\t\t\t\t\t<\/div>\n\t\t\t\t<\/div>\n\t\t\t\t\t<\/div>\n\t\t<\/div>\n\t\t\t\t\t<\/div>\n\t\t<\/section>\n\t\t\t\t<\/div>\n\t\t","protected":false},"excerpt":{"rendered":"<p>HQTS &#8211; Il tuo fornitore di servizi per la gestione della qualit\u00e0 della supply chain HQTS \u00e8 un fornitore globale leader di servizi di controllo qualit\u00e0 di terza parte, dedicato a risolvere i problemi di qualit\u00e0 e a creare una supply chain pi\u00f9 solida. Da oltre 30 anni, HQTS \u00e8 il partner preferito per il [&hellip;]<\/p>\n","protected":false},"author":12,"featured_media":221642,"parent":219931,"menu_order":79,"comment_status":"closed","ping_status":"closed","template":"","meta":{"_acf_changed":false,"footnotes":""},"class_list":["post-221673","page","type-page","status-publish","has-post-thumbnail","hentry"],"acf":[],"_links":{"self":[{"href":"https:\/\/www.hqts.com\/it\/wp-json\/wp\/v2\/pages\/221673","targetHints":{"allow":["GET"]}}],"collection":[{"href":"https:\/\/www.hqts.com\/it\/wp-json\/wp\/v2\/pages"}],"about":[{"href":"https:\/\/www.hqts.com\/it\/wp-json\/wp\/v2\/types\/page"}],"author":[{"embeddable":true,"href":"https:\/\/www.hqts.com\/it\/wp-json\/wp\/v2\/users\/12"}],"replies":[{"embeddable":true,"href":"https:\/\/www.hqts.com\/it\/wp-json\/wp\/v2\/comments?post=221673"}],"version-history":[{"count":5,"href":"https:\/\/www.hqts.com\/it\/wp-json\/wp\/v2\/pages\/221673\/revisions"}],"predecessor-version":[{"id":221708,"href":"https:\/\/www.hqts.com\/it\/wp-json\/wp\/v2\/pages\/221673\/revisions\/221708"}],"up":[{"embeddable":true,"href":"https:\/\/www.hqts.com\/it\/wp-json\/wp\/v2\/pages\/219931"}],"wp:featuredmedia":[{"embeddable":true,"href":"https:\/\/www.hqts.com\/it\/wp-json\/wp\/v2\/media\/221642"}],"wp:attachment":[{"href":"https:\/\/www.hqts.com\/it\/wp-json\/wp\/v2\/media?parent=221673"}],"curies":[{"name":"wp","href":"https:\/\/api.w.org\/{rel}","templated":true}]}}