{"id":221730,"date":"2025-11-13T15:21:28","date_gmt":"2025-11-13T15:21:28","guid":{"rendered":"https:\/\/www.hqts.com\/?page_id=221730"},"modified":"2025-11-13T15:23:56","modified_gmt":"2025-11-13T15:23:56","slug":"ispezioni-calzature","status":"publish","type":"page","link":"https:\/\/www.hqts.com\/it\/settori-che-serviamo\/controllo-qualita-prodotti-retail\/ispezioni-calzature\/","title":{"rendered":"Controllo Qualit\u00e0, Testing e Ispezioni per Calzature"},"content":{"rendered":"\t\t<div data-elementor-type=\"wp-page\" data-elementor-id=\"221730\" class=\"elementor elementor-221730 elementor-3567\" data-elementor-post-type=\"page\">\n\t\t\t\t\t\t<section class=\"elementor-section elementor-top-section elementor-element elementor-element-6a6173ef elementor-section-boxed elementor-section-height-default elementor-section-height-default\" data-id=\"6a6173ef\" data-element_type=\"section\">\n\t\t\t\t\t\t<div class=\"elementor-container elementor-column-gap-default\">\n\t\t\t\t\t<div class=\"elementor-column elementor-col-100 elementor-top-column elementor-element elementor-element-59cc28b7\" data-id=\"59cc28b7\" data-element_type=\"column\">\n\t\t\t<div class=\"elementor-widget-wrap elementor-element-populated\">\n\t\t\t\t\t\t<div class=\"elementor-element elementor-element-39869790 elementor-widget elementor-widget-text-editor\" data-id=\"39869790\" data-element_type=\"widget\" data-widget_type=\"text-editor.default\">\n\t\t\t\t<div class=\"elementor-widget-container\">\n\t\t\t\t\t\t\t\t\t<h2><strong>Controllo Qualit\u00e0, Testing e Ispezioni per Calzature<\/strong><\/h2> \n<strong>Produci calzature di alta qualit\u00e0 che rispettano le tue specifiche e soddisfano le aspettative dei clienti ogni volta.<\/strong>\n\n<span data-preserver-spaces=\"true\">In HQTS comprendiamo l\u2019importanza di realizzare calzature di alta qualit\u00e0 che rispondano alle aspettative dei consumatori. I nostri servizi di controllo qualit\u00e0 per le calzature aiutano produttori e rivenditori a garantire che i loro prodotti siano non solo sicuri e durevoli, ma anche conformi ai requisiti normativi.<\/span>\n\n<h2><strong><span data-preserver-spaces=\"true\">Azienda di Controllo Qualit\u00e0 nel Settore Calzaturiero<\/span><\/strong><\/h2>\n<span data-preserver-spaces=\"true\">Nel settore calzaturiero, il controllo qualit\u00e0 \u00e8 fondamentale per garantire la conformit\u00e0 a regolamenti, standard, restrizioni sulle sostanze, requisiti di etichettatura e obblighi di testing.<\/span>\n\n<span data-preserver-spaces=\"true\">In HQTS riconosciamo l\u2019importanza di questi aspetti e da decenni forniamo servizi di controllo qualit\u00e0 alle aziende di tutto il mondo. Offriamo un\u2019ampia gamma di servizi per soddisfare tutte le tue esigenze.<\/span>\n\n<h5><strong>Ispezioni di Qualit\u00e0 per Calzature<\/strong><\/h5>\n<span data-preserver-spaces=\"true\">Il team di ispettori HQTS \u00e8 certificato e formato per rispettare gli standard internazionali pertinenti e le migliori pratiche di gestione della qualit\u00e0, garantendo che i tuoi prodotti soddisfino i pi\u00f9 elevati requisiti di sicurezza e qualit\u00e0. Le nostre ispezioni coprono ogni fase del ciclo produttivo, tra cui:<\/span>\n<ul>\n \t<li><strong><a href=\"https:\/\/www.hqts.com\/our-services\/pre-production-inspection\/\">Ispezione Pre-Produzione<\/a><\/strong><\/li>\n \t<li><strong><a href=\"https:\/\/www.hqts.com\/our-services\/during-production-inspection\/\">Ispezione Durante la Produzione<\/a><\/strong><\/li>\n \t<li><strong><a href=\"https:\/\/www.hqts.com\/our-services\/inspections\/pre-shipment-inspection\/\">Ispezione Pre-Spedizione<\/a><\/strong><\/li>\n \t<li><strong><a href=\"https:\/\/www.hqts.com\/our-services\/inspections\/piece-by-piece\/\">Ispezione Pezzo per Pezzo<\/a><\/strong><\/li>\n \t<li><strong><a href=\"https:\/\/www.hqts.com\/container-loading-inspection\/\">Supervisione Carico\/Scarico Container<\/a><\/strong><\/li>\n<\/ul>\n<h5><strong><span data-preserver-spaces=\"true\"> <\/span><\/strong><\/h5>\n<h5><strong><span data-preserver-spaces=\"true\">Laboratorio Interno per Test su Calzature<\/span><\/strong><\/h5>\n<span data-preserver-spaces=\"true\">Disponiamo di <strong><a href=\"https:\/\/www.hqts.com\/our-services\/testing\/\">laboratori interni per il testing delle calzature<\/a><\/strong> che coprono tutti i tipi di calzature, dalle scarpe per bambini alle calzature in pelle e sportive. I nostri test garantiscono la conformit\u00e0 alle direttive internazionali, agli standard di sicurezza e ai requisiti di testing come SATRA TM, ASTM, REACH e altri.<\/span>\n<h5>Test delle Prestazioni Fisiche delle Calzature<\/h5>\n<ul>\n \t<li><strong><span data-preserver-spaces=\"true\">Ispezione Completa della Scarpa<\/span><\/strong><span data-preserver-spaces=\"true\">: Resistenza all\u2019abrasione della suola, resistenza alla flessione, resistenza alla torsione<\/span><\/li>\n \t<li><strong><span data-preserver-spaces=\"true\">Test Interni: <\/span><\/strong><span data-preserver-spaces=\"true\">Solidit\u00e0 del colore, resistenza all\u2019usura Martindale, resistenza all\u2019acqua<\/span><\/li>\n \t<li><strong><span data-preserver-spaces=\"true\">Test sulla Tomaia: <\/span><\/strong><span data-preserver-spaces=\"true\">Adesione del rivestimento, torsione e lacerazioni<\/span><\/li>\n \t<li><strong><span data-preserver-spaces=\"true\">Test sulla Suola: <\/span><\/strong><span data-preserver-spaces=\"true\">Antiscivolo, resistenza all\u2019usura della suola, durezza<\/span><\/li>\n \t<li><strong><span data-preserver-spaces=\"true\">Test Accessori: <\/span><\/strong><span data-preserver-spaces=\"true\">Resistenza all\u2019usura, prova antiruggine e test di resistenza<\/span><\/li>\n<\/ul>\n<h5>Test delle Propriet\u00e0 Chimiche delle Calzature<\/h5>\n<ul>\n \t<li><span data-preserver-spaces=\"true\">Piombo totale, Cadmio totale<\/span><\/li>\n \t<li><span data-preserver-spaces=\"true\">Formaldeide<\/span><\/li>\n \t<li><span data-preserver-spaces=\"true\">Cromo esavalente<\/span><\/li>\n \t<li><span data-preserver-spaces=\"true\">Fenoli Clorurati<\/span><\/li>\n \t<li><span data-preserver-spaces=\"true\">Coloranti sensibilizzanti e cancerogeni<\/span><\/li>\n \t<li><span data-preserver-spaces=\"true\">Dimetilfumarato (DMFu)<\/span><\/li>\n \t<li><span data-preserver-spaces=\"true\">Ftalati<\/span><\/li>\n \t<li><span data-preserver-spaces=\"true\">Rilascio di Nichel<\/span><\/li>\n \t<li><span data-preserver-spaces=\"true\">Coloranti Azoici vietati (AZO)<\/span><\/li>\n \t<li><span data-preserver-spaces=\"true\">Altro<\/span><\/li>\n<\/ul>\n\n<h5 style=\"font-family: 'Open Sans', sans-serif; letter-spacing: -0.4px;\"><span style=\"font-weight: bolder;\">Soluzioni di Conformit\u00e0 Sociale per il Settore Calzaturiero<\/span><\/h5>\n<p style=\"color: #383431; font-size: 16px; letter-spacing: -0.4px;\">HQTS, organismo ufficialmente approvato come ente verificatore sia per il <span style=\"font-weight: bolder;\">Social &amp; Labor Convergence Program (SLCP)<\/span> che per il <span style=\"font-weight: bolder;\">Higg Index Facility Environmental Module (FEM)<\/span>, offre solidi servizi di audit di conformit\u00e0 sociale per il settore calzaturiero. La nostra esperienza aiuta le aziende a semplificare la conformit\u00e0, aumentare la trasparenza e promuovere pratiche sostenibili lungo le loro supply chain.<\/p>\n\n<ul style=\"margin-bottom: 0px; font-size: 16px; background-color: #ffffff; color: #383431; letter-spacing: -0.4px;\">\n \t<li style=\"font-size: 16px;\"><a href=\"https:\/\/www.hqts.com\/our-services\/audits\/social-compliance-audits\/higg-fem-verification-services\/\"><span style=\"font-weight: bolder;\">Verifica SLCP<\/span><\/a><\/li>\n \t<li style=\"font-size: 16px;\"><a href=\"https:\/\/www.hqts.com\/our-services\/audits\/social-compliance-audits\/higg-fem-verification-services\/\"><span style=\"font-weight: bolder;\">Verifica Higg FEM<\/span><\/a><\/li>\n<\/ul>\n\n<h2><strong> <\/strong><\/h2>\n<h2><strong>Altri Servizi di Controllo Qualit\u00e0 per Calzature<\/strong><\/h2>\n<span data-preserver-spaces=\"true\">Oltre ai nostri servizi di testing e ispezione, HQTS offre diverse soluzioni di controllo qualit\u00e0, tra cui <strong><a href=\"https:\/\/www.hqts.com\/our-services\/audits\/\">audit di fabbriche di calzature<\/a><\/strong>, <strong><a href=\"https:\/\/www.hqts.com\/our-services\/quality-engineering\/production-monitoring\/\">monitoraggio della produzione<\/a><\/strong> e assistenza per attivit\u00e0 di conformit\u00e0 relative a <strong><a href=\"https:\/\/www.hqts.com\/our-services\/certificate-conformity\/\">certificazioni governative<\/a><\/strong>. <strong><a href=\"https:\/\/www.hqts.com\/contact\/\">Contattaci<\/a><\/strong> oggi stesso per maggiori informazioni su come possiamo aiutarti.<\/span>\t\t\t\t\t\t\t\t<\/div>\n\t\t\t\t<\/div>\n\t\t\t\t\t<\/div>\n\t\t<\/div>\n\t\t\t\t\t<\/div>\n\t\t<\/section>\n\t\t\t\t<\/div>\n\t\t","protected":false},"excerpt":{"rendered":"<p>Controllo Qualit\u00e0, Testing e Ispezioni per Calzature Produci calzature di alta qualit\u00e0 che rispettano le tue specifiche e soddisfano le aspettative dei clienti ogni volta. In HQTS comprendiamo l\u2019importanza di realizzare calzature di alta qualit\u00e0 che rispondano alle aspettative dei consumatori. I nostri servizi di controllo qualit\u00e0 per le calzature aiutano produttori e rivenditori a [&hellip;]<\/p>\n","protected":false},"author":12,"featured_media":221734,"parent":220677,"menu_order":23,"comment_status":"closed","ping_status":"closed","template":"","meta":{"_acf_changed":false,"footnotes":""},"class_list":["post-221730","page","type-page","status-publish","has-post-thumbnail","hentry"],"acf":[],"_links":{"self":[{"href":"https:\/\/www.hqts.com\/it\/wp-json\/wp\/v2\/pages\/221730","targetHints":{"allow":["GET"]}}],"collection":[{"href":"https:\/\/www.hqts.com\/it\/wp-json\/wp\/v2\/pages"}],"about":[{"href":"https:\/\/www.hqts.com\/it\/wp-json\/wp\/v2\/types\/page"}],"author":[{"embeddable":true,"href":"https:\/\/www.hqts.com\/it\/wp-json\/wp\/v2\/users\/12"}],"replies":[{"embeddable":true,"href":"https:\/\/www.hqts.com\/it\/wp-json\/wp\/v2\/comments?post=221730"}],"version-history":[{"count":5,"href":"https:\/\/www.hqts.com\/it\/wp-json\/wp\/v2\/pages\/221730\/revisions"}],"predecessor-version":[{"id":221750,"href":"https:\/\/www.hqts.com\/it\/wp-json\/wp\/v2\/pages\/221730\/revisions\/221750"}],"up":[{"embeddable":true,"href":"https:\/\/www.hqts.com\/it\/wp-json\/wp\/v2\/pages\/220677"}],"wp:featuredmedia":[{"embeddable":true,"href":"https:\/\/www.hqts.com\/it\/wp-json\/wp\/v2\/media\/221734"}],"wp:attachment":[{"href":"https:\/\/www.hqts.com\/it\/wp-json\/wp\/v2\/media?parent=221730"}],"curies":[{"name":"wp","href":"https:\/\/api.w.org\/{rel}","templated":true}]}}