{"id":227150,"date":"2026-03-17T09:28:13","date_gmt":"2026-03-17T09:28:13","guid":{"rendered":"https:\/\/www.hqts.com\/?page_id=227150"},"modified":"2026-03-17T09:28:13","modified_gmt":"2026-03-17T09:28:13","slug":"dich-vu-amazon-direct-validation-dv-kiem-dinh-san-pham-tai-hqts","status":"publish","type":"page","link":"https:\/\/www.hqts.com\/vi\/linh-vuc\/thuong-mai-dien-tu\/dich-vu-amazon-direct-validation-dv-kiem-dinh-san-pham-tai-hqts\/","title":{"rendered":"D\u1ecbch v\u1ee5 Amazon Direct Validation (DV) &#8211; Ki\u1ec3m \u0111\u1ecbnh S\u1ea3n ph\u1ea9m t\u1ea1i HQTS"},"content":{"rendered":"<h2 data-path-to-node=\"2\">B\u1ea3o V\u1ec7 Gian H\u00e0ng Amazon V\u1edbi Quy Tr\u00ecnh X\u00e1c Th\u1ef1c Tr\u1ef1c Ti\u1ebfp (Direct Validation)<\/h2>\n<p data-path-to-node=\"3\"><b data-path-to-node=\"3\" data-index-in-node=\"0\">HQTS<\/b> l\u00e0 \u0111\u01a1n v\u1ecb cung c\u1ea5p d\u1ecbch v\u1ee5 Th\u1eed nghi\u1ec7m, Ki\u1ec3m tra v\u00e0 Ch\u1ee9ng nh\u1eadn (TIC) \u0111\u01b0\u1ee3c Amazon ph\u00ea duy\u1ec7t. Ch\u00fang t\u00f4i gi\u00fap ng\u01b0\u1eddi b\u00e1n h\u00e0ng (Sellers) th\u00edch nghi v\u1edbi ch\u00ednh s\u00e1ch <b data-path-to-node=\"3\" data-index-in-node=\"162\">Direct Validation (DV)<\/b> m\u1edbi m\u1ed9t c\u00e1ch nhanh ch\u00f3ng v\u00e0 d\u1ec5 d\u00e0ng.<\/p>\n<p data-path-to-node=\"4\">T\u00ednh \u0111\u1ebfn cu\u1ed1i n\u0103m 2025, ch\u00ednh s\u00e1ch <b data-path-to-node=\"4\" data-index-in-node=\"35\">Direct Validation<\/b> c\u1ee7a Amazon \u0111\u00e3 ch\u00ednh th\u1ee9c \u00e1p d\u1ee5ng cho c\u00e1c danh m\u1ee5c h\u00e0ng h\u00f3a thi\u1ebft y\u1ebfu nh\u01b0 \u0110\u1ed3 ch\u01a1i tr\u1ebb em. Ng\u01b0\u1eddi b\u00e1n kh\u00f4ng c\u00f2n \u0111\u01b0\u1ee3c ph\u00e9p t\u1ea3i l\u00ean c\u00e1c t\u00e0i li\u1ec7u tu\u00e2n th\u1ee7 (Compliance documents) m\u1ed9t c\u00e1ch th\u1ee7 c\u00f4ng. Thay v\u00e0o \u0111\u00f3, b\u1ea1n ph\u1ea3i h\u1ee3p t\u00e1c v\u1edbi m\u1ed9t t\u1ed5 ch\u1ee9c TIC \u0111\u01b0\u1ee3c c\u00f4ng nh\u1eadn nh\u01b0 HQTS \u0111\u1ec3 \u0111\u1ed3ng b\u1ed9 h\u00f3a k\u1ebft qu\u1ea3 tr\u1ef1c ti\u1ebfp l\u00ean h\u1ec7 th\u1ed1ng c\u1ee7a Amazon.<\/p>\n<h3 data-path-to-node=\"5\">T\u1ea1i sao Amazon Direct Validation (DV) l\u00e0 b\u1eaft bu\u1ed9c?<\/h3>\n<p data-path-to-node=\"6\">\u0110\u1ec3 \u0111\u1ea3m b\u1ea3o an to\u00e0n s\u1ea3n ph\u1ea9m v\u00e0 lo\u1ea1i b\u1ecf t\u00ecnh tr\u1ea1ng l\u00e0m gi\u1ea3 b\u00e1o c\u00e1o, Amazon hi\u1ec7n y\u00eau c\u1ea7u k\u1ebft qu\u1ea3 x\u00e1c th\u1ef1c ph\u1ea3i \u0111\u01b0\u1ee3c g\u1eedi tr\u1ef1c ti\u1ebfp t\u1eeb c\u00e1c ph\u00f2ng th\u00ed nghi\u1ec7m \u0111\u01b0\u1ee3c c\u00f4ng nh\u1eadn.<\/p>\n<ul data-path-to-node=\"7\">\n<li>\n<p data-path-to-node=\"7,0,0\"><b data-path-to-node=\"7,0,0\" data-index-in-node=\"0\">\u0110\u1ed3ng b\u1ed9 tr\u1ef1c ti\u1ebfp:<\/b> HQTS t\u1ef1 \u0111\u1ed9ng truy\u1ec1n k\u1ebft qu\u1ea3 ki\u1ec3m \u0111\u1ecbnh \u0111\u1ebfn h\u1ec7 th\u1ed1ng qu\u1ea3n l\u00fd c\u1ee7a Amazon.<\/p>\n<\/li>\n<li>\n<p data-path-to-node=\"7,1,0\"><b data-path-to-node=\"7,1,0\" data-index-in-node=\"0\">Lo\u1ea1i b\u1ecf thao t\u00e1c th\u1ee7 c\u00f4ng:<\/b> Tr\u00e1nh r\u1ee7i ro sai s\u00f3t ho\u1eb7c b\u1ecb t\u1eeb ch\u1ed1i khi t\u1ef1 t\u1ea3i t\u00e0i li\u1ec7u.<\/p>\n<\/li>\n<li>\n<p data-path-to-node=\"7,2,0\"><b data-path-to-node=\"7,2,0\" data-index-in-node=\"0\">B\u1ea3o v\u1ec7 th\u1ecb tr\u01b0\u1eddng:<\/b> \u0110\u1ea3m b\u1ea3o m\u00e3 ASIN c\u1ee7a b\u1ea1n lu\u00f4n ho\u1ea1t \u0111\u1ed9ng t\u1ea1i M\u1ef9, Canada, Anh v\u00e0 EU.<\/p>\n<\/li>\n<\/ul>\n<h3 data-path-to-node=\"9\">M\u1ea1ng L\u01b0\u1edbi To\u00e0n C\u1ea7u: Ph\u00f2ng Th\u00ed Nghi\u1ec7m T\u1ea1i Trung Qu\u1ed1c v\u00e0 Vi\u1ec7t Nam<\/h3>\n<p data-path-to-node=\"10\">T\u1ed1c \u0111\u1ed9 \u0111\u01b0a h\u00e0ng ra th\u1ecb tr\u01b0\u1eddng l\u00e0 y\u1ebfu t\u1ed1 then ch\u1ed1t. HQTS t\u1eadn d\u1ee5ng m\u1ea1ng l\u01b0\u1edbi ph\u00f2ng th\u00ed nghi\u1ec7m r\u1ed9ng kh\u1eafp \u0111\u1ec3 cung c\u1ea5p d\u1ecbch v\u1ee5 th\u1eed nghi\u1ec7m t\u1ea1i \u0111\u1ecba ph\u01b0\u01a1ng theo ti\u00eau chu\u1ea9n to\u00e0n c\u1ea7u:<\/p>\n<ul data-path-to-node=\"11\">\n<li>\n<p data-path-to-node=\"11,0,0\"><b data-path-to-node=\"11,0,0\" data-index-in-node=\"0\">Ph\u00f2ng th\u00ed nghi\u1ec7m t\u1ea1i Vi\u1ec7t Nam:<\/b> H\u1ed7 tr\u1ee3 ng\u00e0nh s\u1ea3n xu\u1ea5t \u0111ang ph\u00e1t tri\u1ec3n m\u1ea1nh m\u1ebd t\u1ea1i \u0110\u00f4ng Nam \u00c1 v\u1edbi chuy\u00ean m\u00f4n b\u1ea3n \u0111\u1ecba h\u00f3a v\u00e0 c\u01a1 s\u1edf v\u1eadt ch\u1ea5t \u0111\u1ea1t chu\u1ea9n <b data-path-to-node=\"11,0,0\" data-index-in-node=\"147\">ISO 17025<\/b>.<\/p>\n<\/li>\n<li>\n<p data-path-to-node=\"11,1,0\"><b data-path-to-node=\"11,1,0\" data-index-in-node=\"0\">Ph\u00f2ng th\u00ed nghi\u1ec7m t\u1ea1i Trung Qu\u1ed1c:<\/b> Cung c\u1ea5p n\u0103ng l\u1ef1c th\u1eed nghi\u1ec7m l\u1edbn v\u00e0 th\u1eddi gian x\u1eed l\u00fd nhanh ch\u00f3ng t\u1ea1i c\u00e1c trung t\u00e2m s\u1ea3n xu\u1ea5t ch\u00ednh.<\/p>\n<\/li>\n<li>\n<p data-path-to-node=\"11,2,0\"><b data-path-to-node=\"11,2,0\" data-index-in-node=\"0\">C\u00f4ng nh\u1eadn qu\u1ed1c t\u1ebf:<\/b> B\u00e1o c\u00e1o c\u1ee7a ch\u00fang t\u00f4i \u0111\u01b0\u1ee3c ch\u1ea5p nh\u1eadn b\u1edfi Amazon DV v\u00e0 c\u00e1c n\u1ec1n t\u1ea3ng th\u01b0\u01a1ng m\u1ea1i \u0111i\u1ec7n t\u1eed l\u1edbn kh\u00e1c nh\u01b0 <b data-path-to-node=\"11,2,0\" data-index-in-node=\"118\">Shein, Temu, v\u00e0 AliExpress<\/b>.<\/p>\n<\/li>\n<\/ul>\n<h3 data-path-to-node=\"13\">Danh m\u1ee5c S\u1ea3n ph\u1ea9m &amp; Ti\u00eau chu\u1ea9n Tu\u00e2n th\u1ee7<\/h3>\n<p data-path-to-node=\"14\">Ch\u00fang t\u00f4i cung c\u1ea5p d\u1ecbch v\u1ee5 th\u1eed nghi\u1ec7m v\u00e0 x\u00e1c th\u1ef1c to\u00e0n di\u1ec7n cho:<\/p>\n<ul data-path-to-node=\"15\">\n<li>\n<p data-path-to-node=\"15,0,0\"><b data-path-to-node=\"15,0,0\" data-index-in-node=\"0\">\u0110\u1ed3 ch\u01a1i tr\u1ebb em:<\/b> CPC\/ASTM F963 (M\u1ef9), EN 71 (Ch\u00e2u \u00c2u), SOR\/2011-17 (Canada).<\/p>\n<\/li>\n<li>\n<p data-path-to-node=\"15,1,0\"><b data-path-to-node=\"15,1,0\" data-index-in-node=\"0\">Thi\u1ebft b\u1ecb di \u0111\u1ed9ng \u0111i\u1ec7n (E-Mobility):<\/b> Th\u1eed nghi\u1ec7m xe scooter, xe \u0111\u1ea1p \u0111i\u1ec7n v\u00e0 ph\u1ee5 ki\u1ec7n.<\/p>\n<\/li>\n<li>\n<p data-path-to-node=\"15,2,0\"><b data-path-to-node=\"15,2,0\" data-index-in-node=\"0\">H\u00e0ng h\u00f3a c\u00f3 ki\u1ec3m so\u00e1t kh\u00e1c:<\/b> S\u1ea3n ph\u1ea9m l\u00e0m s\u00e1ng da, th\u1ef1c ph\u1ea9m ch\u1ee9c n\u0103ng v\u00e0 thu\u1ed1c nh\u00e3n khoa.<\/p>\n<\/li>\n<\/ul>\n<h3 data-path-to-node=\"17\">Quy Tr\u00ecnh Tu\u00e2n Th\u1ee7 4 B\u01b0\u1edbc T\u1ea1i HQTS<\/h3>\n<p data-path-to-node=\"18\">Ch\u00fang t\u00f4i gi\u00fap qu\u00e1 tr\u00ecnh chuy\u1ec3n \u0111\u1ed5i sang lu\u1ed3ng c\u00f4ng vi\u1ec7c m\u1edbi c\u1ee7a Amazon tr\u1edf n\u00ean li\u1ec1n m\u1ea1ch:<\/p>\n<ol start=\"1\" data-path-to-node=\"19\">\n<li>\n<p data-path-to-node=\"19,0,0\"><b data-path-to-node=\"19,0,0\" data-index-in-node=\"0\">\u0110\u0103ng k\u00fd tr\u00ean n\u1ec1n t\u1ea3ng:<\/b> \u0110\u0103ng nh\u1eadp v\u00e0o Amazon Seller Central. \u0110i \u0111\u1ebfn m\u1ee5c <i data-path-to-node=\"19,0,0\" data-index-in-node=\"71\">Performance &gt; Account Health &gt; Policy Compliance<\/i> v\u00e0 ch\u1ecdn m\u00e3 ASIN c\u1ea7n x\u00e1c th\u1ef1c.<\/p>\n<\/li>\n<li>\n<p data-path-to-node=\"19,1,0\"><b data-path-to-node=\"19,1,0\" data-index-in-node=\"0\">Ch\u1ecdn HQTS:<\/b> Ch\u1ecdn <b data-path-to-node=\"19,1,0\" data-index-in-node=\"16\">HQTS (ho\u1eb7c HQTS-QAI)<\/b> t\u1eeb danh s\u00e1ch c\u00e1c \u0111\u01a1n v\u1ecb TIC \u0111\u01b0\u1ee3c Amazon \u1ee7y quy\u1ec1n.<\/p>\n<\/li>\n<li>\n<p data-path-to-node=\"19,2,0\"><b data-path-to-node=\"19,2,0\" data-index-in-node=\"0\">G\u1eedi m\u1eabu th\u1eed:<\/b> G\u1eedi 3\u20135 m\u1eabu s\u1ea3n ph\u1ea9m \u0111\u1ebfn ph\u00f2ng th\u00ed nghi\u1ec7m c\u1ee7a ch\u00fang t\u00f4i t\u1ea1i Vi\u1ec7t Nam ho\u1eb7c Trung Qu\u1ed1c, ho\u1eb7c g\u1eedi b\u00e1o c\u00e1o hi\u1ec7n c\u00f3 \u0111\u1ec3 \u0111\u1ed9i ng\u0169 chuy\u00ean gia c\u1ee7a ch\u00fang t\u00f4i x\u00e1c minh.<\/p>\n<\/li>\n<li>\n<p data-path-to-node=\"19,3,0\"><b data-path-to-node=\"19,3,0\" data-index-in-node=\"0\">\u0110\u1ed3ng b\u1ed9 h\u00f3a t\u1ef1 \u0111\u1ed9ng:<\/b> Sau khi ho\u00e0n t\u1ea5t ki\u1ec3m \u0111\u1ecbnh, ch\u00fang t\u00f4i s\u1ebd t\u1ea3i k\u1ebft qu\u1ea3 tr\u1ef1c ti\u1ebfp l\u00ean Amazon. Tr\u1ea1ng th\u00e1i s\u1ea3n ph\u1ea9m c\u1ee7a b\u1ea1n s\u1ebd c\u1eadp nh\u1eadt th\u00e0nh <b data-path-to-node=\"19,3,0\" data-index-in-node=\"142\">&#8220;Passed&#8221;<\/b> trong v\u00f2ng 1\u20132 ng\u00e0y l\u00e0m vi\u1ec7c.<\/p>\n<\/li>\n<\/ol>\n<h3 data-path-to-node=\"21\">L\u1ee3i Th\u1ebf Khi Ch\u1ecdn HQTS<\/h3>\n<ul data-path-to-node=\"22\">\n<li>\n<p data-path-to-node=\"22,0,0\"><b data-path-to-node=\"22,0,0\" data-index-in-node=\"0\">H\u01a1n 30 n\u0103m kinh nghi\u1ec7m:<\/b> \u0110\u01a1n v\u1ecb d\u1eabn \u0111\u1ea7u to\u00e0n c\u1ea7u v\u1ec1 qu\u1ea3n l\u00fd ch\u1ea5t l\u01b0\u1ee3ng chu\u1ed7i cung \u1ee9ng.<\/p>\n<\/li>\n<li>\n<p data-path-to-node=\"22,1,0\"><b data-path-to-node=\"22,1,0\" data-index-in-node=\"0\">Gi\u1ea3i ph\u00e1p t\u1ed1i \u01b0u chi ph\u00ed:<\/b> \u01afu \u0111\u00e3i chi\u1ebft kh\u1ea5u khi x\u00e1c th\u1ef1c s\u1ed1 l\u01b0\u1ee3ng l\u1edbn m\u00e3 ASIN.<\/p>\n<\/li>\n<li>\n<p data-path-to-node=\"22,2,0\"><b data-path-to-node=\"22,2,0\" data-index-in-node=\"0\">H\u1ed7 tr\u1ee3 kh\u1eafc ph\u1ee5c chuy\u00ean s\u00e2u:<\/b> N\u1ebfu s\u1ea3n ph\u1ea9m kh\u00f4ng \u0111\u1ea1t, \u0111\u1ed9i ng\u0169 k\u1ef9 thu\u1eadt c\u1ee7a ch\u00fang t\u00f4i s\u1ebd h\u01b0\u1edbng d\u1eabn chuy\u00ean nghi\u1ec7p \u0111\u1ec3 kh\u1eafc ph\u1ee5c c\u00e1c l\u1ed7i kh\u00f4ng tu\u00e2n th\u1ee7.<\/p>\n<\/li>\n<li>\n<p data-path-to-node=\"22,3,0\"><b data-path-to-node=\"22,3,0\" data-index-in-node=\"0\">Qu\u1ea3n l\u00fd tr\u1ecdn g\u00f3i:<\/b> Ch\u00fang t\u00f4i x\u1eed l\u00fd m\u1ecdi kh\u00e2u t\u1eeb th\u1eed nghi\u1ec7m lab, xem x\u00e9t nh\u00e3n m\u00e1c \u0111\u1ebfn truy\u1ec1n d\u1eef li\u1ec7u cu\u1ed1i c\u00f9ng.<\/p>\n<\/li>\n<\/ul>\n<p data-path-to-node=\"24\"><b data-path-to-node=\"24\" data-index-in-node=\"0\">B\u1ea1n \u0111\u00e3 s\u1eb5n s\u00e0ng x\u00e1c th\u1ef1c s\u1ea3n ph\u1ea9m?<\/b> \u0110\u1eebng \u0111\u1ec3 gian h\u00e0ng Amazon c\u1ee7a b\u1ea1n g\u1eb7p r\u1ee7i ro. H\u00e3y \u0111\u1ea3m b\u1ea3o c\u00e1c ni\u00eam y\u1ebft (listings) tu\u00e2n th\u1ee7 c\u00e1c y\u00eau c\u1ea7u Direct Validation m\u1edbi nh\u1ea5t ngay h\u00f4m nay.<\/p>\n","protected":false},"excerpt":{"rendered":"<p>HQTS l\u00e0 nh\u00e0 cung c\u1ea5p d\u1ecbch v\u1ee5 TIC \u0111\u01b0\u1ee3c Amazon ph\u00ea duy\u1ec7t cho Ki\u1ec3m \u0111\u1ecbnh Tr\u1ef1c ti\u1ebfp (Direct Validation &#8211; DV). Ch\u00fang t\u00f4i cung c\u1ea5p d\u1ecbch v\u1ee5 ki\u1ec3m \u0111\u1ecbnh nhanh ch\u00f3ng t\u1ea1i c\u00e1c ph\u00f2ng th\u00ed nghi\u1ec7m \u1edf Trung Qu\u1ed1c v\u00e0 Vi\u1ec7t Nam cho c\u00e1c s\u1ea3n ph\u1ea9m \u0111\u1ed3 ch\u01a1i, xe \u0111i\u1ec7n v\u00e0 nhi\u1ec1u l\u0129nh v\u1ef1c kh\u00e1c.<\/p>\n","protected":false},"author":12,"featured_media":227028,"parent":79870,"menu_order":5,"comment_status":"closed","ping_status":"closed","template":"","meta":{"_acf_changed":false,"footnotes":""},"class_list":["post-227150","page","type-page","status-publish","has-post-thumbnail","hentry"],"acf":[],"_links":{"self":[{"href":"https:\/\/www.hqts.com\/vi\/wp-json\/wp\/v2\/pages\/227150","targetHints":{"allow":["GET"]}}],"collection":[{"href":"https:\/\/www.hqts.com\/vi\/wp-json\/wp\/v2\/pages"}],"about":[{"href":"https:\/\/www.hqts.com\/vi\/wp-json\/wp\/v2\/types\/page"}],"author":[{"embeddable":true,"href":"https:\/\/www.hqts.com\/vi\/wp-json\/wp\/v2\/users\/12"}],"replies":[{"embeddable":true,"href":"https:\/\/www.hqts.com\/vi\/wp-json\/wp\/v2\/comments?post=227150"}],"version-history":[{"count":1,"href":"https:\/\/www.hqts.com\/vi\/wp-json\/wp\/v2\/pages\/227150\/revisions"}],"predecessor-version":[{"id":227196,"href":"https:\/\/www.hqts.com\/vi\/wp-json\/wp\/v2\/pages\/227150\/revisions\/227196"}],"up":[{"embeddable":true,"href":"https:\/\/www.hqts.com\/vi\/wp-json\/wp\/v2\/pages\/79870"}],"wp:featuredmedia":[{"embeddable":true,"href":"https:\/\/www.hqts.com\/vi\/wp-json\/wp\/v2\/media\/227028"}],"wp:attachment":[{"href":"https:\/\/www.hqts.com\/vi\/wp-json\/wp\/v2\/media?parent=227150"}],"curies":[{"name":"wp","href":"https:\/\/api.w.org\/{rel}","templated":true}]}}