{"id":76646,"date":"2021-07-23T07:15:07","date_gmt":"2021-07-23T07:15:07","guid":{"rendered":"https:\/\/www.hqts.com\/?page_id=76646"},"modified":"2022-01-12T04:35:32","modified_gmt":"2022-01-12T04:35:32","slug":"det-may-va-may-mac","status":"publish","type":"page","link":"https:\/\/www.hqts.com\/vi\/linh-vuc\/nganh-ban-le\/det-may-va-may-mac\/","title":{"rendered":"Gi\u00e1m \u0111\u1ecbnh ch\u1ea5t l\u01b0\u1ee3ng Ng\u00e0nh D\u1ec7t may v\u00e0 May m\u1eb7c"},"content":{"rendered":"<h4>Gi\u00e1m \u0111\u1ecbnh v\u00e0\u00a0 Ki\u1ec3m so\u00e1t Ch\u1ea5t l\u01b0\u1ee3ng D\u1ec7t may<\/h4>\n<p><strong>HQTS \u0111\u00e3 thi\u1ebft l\u1eadp c\u00e1c ti\u00eau chu\u1ea9n trong c\u00e1c d\u1ecbch v\u1ee5 gi\u00e1m \u0111\u1ecbnh c\u0169ng nh\u01b0 ki\u1ec3m so\u00e1t ch\u1ea5t l\u01b0\u1ee3ng h\u00e0ng d\u1ec7t may tr\u00ean to\u00e0n ch\u00e2u \u00c1 k\u1ec3 t\u1eeb n\u0103m 1987. Ch\u00fang t\u00f4i cung c\u1ea5p d\u1ecbch v\u1ee5 \u0111\u1ea3m b\u1ea3o ch\u1ea5t l\u01b0\u1ee3ng to\u00e0n di\u1ec7n nh\u01b0 gi\u00e1m \u0111\u1ecbnh, th\u1eed nghi\u1ec7m ng\u00e0nh h\u00e0ng d\u1ec7t may \u0111\u1ec3 gi\u00fap doanh nghi\u1ec7p cung c\u1ea5p c\u00e1c s\u1ea3n ph\u1ea9m \u0111\u1ea1t ch\u1ea5t l\u01b0\u1ee3ng cao, v\u00e0 \u0111\u00e1p \u1ee9ng quy \u0111\u1ecbnh trong ng\u00e0nh.<\/strong><\/p>\n<p>V\u1edbi g\u1ea7n 700 chuy\u00ean vi\u00ean kh\u1eafp ch\u00e2u \u00c1, vi\u1ec7c gi\u00e1m \u0111\u1ecbnh h\u00e0ng d\u1ec7t may c\u1ee7a ch\u00fang t\u00f4i \u0111\u01b0\u1ee3c th\u1ef1c hi\u1ec7n b\u1edfi c\u00e1c chuy\u00ean gia c\u00f3 kinh nghi\u1ec7m v\u00e0 \u0111\u01b0\u1ee3c \u0111\u00e0o t\u1ea1o trong ng\u00e0nh \u0111\u1ec3 c\u00f3 th\u1ec3 \u0111\u00e1nh gi\u00e1 s\u1ea3n ph\u1ea9m m\u1ed9t c\u00e1ch chuy\u00ean nghi\u1ec7p v\u00e0 gi\u00fap x\u00e1c \u0111\u1ecbnh c\u00e1c m\u1ee9c \u0111\u1ed9 l\u1ed7i kh\u00e1c nhau.<\/p>\n<p>\u0110\u1ed9i ng\u0169 nh\u00e2n vi\u00ean ki\u1ec3m tra v\u00e0 k\u1ef9 thu\u1eadt k\u1ef3 c\u1ef1u c\u1ee7a ch\u00fang t\u00f4i cung c\u1ea5p h\u01b0\u1edbng d\u1eabn t\u1ed1t nh\u1ea5t cho quy tr\u00ecnh gi\u00e1m \u0111\u1ecbnh s\u1ea3n ph\u1ea9m, k\u1ec3 c\u1ea3 nh\u1eefng s\u1ea3n ph\u1ea9m ph\u1ee9c t\u1ea1p. Ki\u1ebfn th\u1ee9c, kinh nghi\u1ec7m v\u00e0 t\u00ednh ch\u00ednh tr\u1ef1c c\u1ee7a ch\u00fang t\u00f4i gi\u00fap doanh nghi\u1ec7p d\u1ec7t may tu\u00e2n th\u1ee7 c\u00e1c quy \u0111\u1ecbnh qu\u1ed1c t\u1ebf v\u1ec1 t\u00ednh d\u1ec5 ch\u00e1y, th\u00e0nh ph\u1ea7n s\u1ee3i, nh\u00e3n hi\u1ec7u, v&#8230;v<\/p>\n<p>Ph\u00f2ng th\u00ed nghi\u1ec7m h\u00e0ng d\u1ec7t may c\u1ee7a HQTS \u0111\u01b0\u1ee3c trang b\u1ecb c\u00e1c thi\u1ebft b\u1ecb hi\u1ec7n \u0111\u1ea1i v\u00e0 c\u00f3 quy tr\u00ecnh th\u1eed nghi\u1ec7m ti\u00ean ti\u1ebfn. Ch\u00fang t\u00f4i cung c\u1ea5p d\u1ecbch v\u1ee5 gi\u00e1m \u0111\u1ecbnh, th\u1eed nghi\u1ec7m ch\u1ea5t l\u01b0\u1ee3ng cao d\u1ef1a tr\u00ean c\u00e1c ti\u00eau chu\u1ea9n qu\u1ed1c t\u1ebf, bao g\u1ed3m:<\/p>\n<p><strong>\u0110\u00e1nh gi\u00e1 ngo\u1ea1i quan<\/strong> &#8211; \u0110\u1ea3m b\u1ea3o s\u1ea3n ph\u1ea9m \u0111\u00e1p \u1ee9ng ho\u1eb7c v\u01b0\u1ee3t qu\u00e1 mong \u0111\u1ee3i c\u1ee7a doanh nghi\u1ec7p. \u0110\u00e1nh gi\u00e1 ch\u1ee7 y\u1ebfu d\u1ef1a tr\u00ean c\u00e1c \u0111\u1eb7c \u0111i\u1ec3m ngo\u1ea1i quan nh\u01b0 m\u00e0u s\u1eafc, ki\u1ec3u d\u00e1ng, ch\u1ea5t li\u1ec7u theo y\u00eau c\u1ea7u c\u1ee7a th\u1ecb tr\u01b0\u1eddng.<\/p>\n<p><strong>Ki\u1ec3m tra AQL<\/strong> &#8211; Nh\u00e2n vi\u00ean c\u1ee7a ch\u00fang t\u00f4i s\u1ebd x\u00e1c \u0111\u1ecbnh c\u00e1c ti\u00eau chu\u1ea9n AQL ph\u00f9 h\u1ee3p \u0111\u1ec3 duy tr\u00ec s\u1ef1 c\u00e2n b\u1eb1ng gi\u1eefa chi ph\u00ed d\u1ecbch v\u1ee5 v\u00e0 gi\u1edbi h\u1ea1n l\u1ed7i ch\u1ea5p nh\u1eadn c\u1ee7a th\u1ecb tr\u01b0\u1eddng.<\/p>\n<p><strong>\u0110o l\u01b0\u1eddng<\/strong> &#8211; \u0110\u1ed9i ng\u0169 nh\u00e2n vi\u00ean \u0111\u01b0\u1ee3c \u0111\u00e0o t\u1ea1o b\u00e0i b\u1ea3n c\u1ee7a HQTS s\u1ebd gi\u00e1m \u0111\u1ecbnh to\u00e0n b\u1ed9 l\u00f4 h\u00e0ng tr\u01b0\u1edbc khi ch\u00fang \u0111\u01b0\u1ee3c v\u1eadn chuy\u1ec3n nh\u1eb1m m\u1ee5c \u0111\u00edch \u0111\u1ea3m b\u1ea3o ch\u00fang tu\u00e2n th\u1ee7 c\u00e1c th\u00f4ng s\u1ed1 k\u1ef9 thu\u1eadt \u0111o l\u01b0\u1eddng c\u1ee7a doanh nghi\u1ec7p, tr\u00e1nh m\u1ea5t th\u1eddi gian, ti\u1ec1n b\u1ea1c v\u00e0 t\u1ed5n th\u1ea5t th\u01b0\u01a1ng hi\u1ec7u do b\u1ecb tr\u1ea3 l\u1ea1i h\u00e0ng.<\/p>\n<p><strong>Th\u1eed nghi\u1ec7m<\/strong>&#8211; HQTS-QAI \u0111\u00e3 thi\u1ebft l\u1eadp ti\u00eau chu\u1ea9n trong c\u00e1c d\u1ecbch v\u1ee5 th\u1eed nghi\u1ec7m h\u00e0ng d\u1ec7t may t\u1eeb n\u0103m 2003.\u0110\u1ed9i ng\u0169 nh\u00e2n vi\u00ean ki\u1ec3m tra v\u00e0 k\u1ef9 thu\u1eadt k\u1ef3 c\u1ef1u c\u1ee7a ch\u00fang t\u00f4i cung c\u1ea5p h\u01b0\u1edbng d\u1eabn t\u1ed1t nh\u1ea5t cho quy tr\u00ecnh gi\u00e1m \u0111\u1ecbnh s\u1ea3n ph\u1ea9m, k\u1ec3 c\u1ea3 nh\u1eefng s\u1ea3n ph\u1ea9m ph\u1ee9c t\u1ea1p. Ki\u1ebfn th\u1ee9c, kinh nghi\u1ec7m v\u00e0 t\u00ednh ch\u00ednh tr\u1ef1c c\u1ee7a ch\u00fang t\u00f4i gi\u00fap doanh nghi\u1ec7p d\u1ec7t may tu\u00e2n th\u1ee7 c\u00e1c quy \u0111\u1ecbnh qu\u1ed1c t\u1ebf v\u1ec1 t\u00ednh d\u1ec5 ch\u00e1y, th\u00e0nh ph\u1ea7n s\u1ee3i, nh\u00e3n hi\u1ec7u, v&#8230;v<\/p>\n<h4>Th\u1eed nghi\u1ec7m h\u00e0ng d\u1ec7t may &amp; may m\u1eb7c<\/h4>\n<p>V\u1edbi m\u1ed1i quan t\u00e2m ng\u00e0y c\u00e0ng t\u0103ng v\u1ec1 m\u00f4i tr\u01b0\u1eddng, s\u1ee9c kh\u1ecfe v\u00e0 an to\u00e0n c\u1ee7a h\u00e0ng d\u1ec7t may, v\u00e0 vi\u1ec7c li\u00ean ti\u1ebfp \u00e1p d\u1ee5ng c\u00e1c quy \u0111\u1ecbnh li\u00ean quan c\u1ee7a ch\u00ednh ph\u1ee7, c\u00e1c nh\u00e0 s\u1ea3n xu\u1ea5t d\u1ec7t may \u0111ang ph\u1ea3i \u0111\u1ed1i m\u1eb7t v\u1edbi nh\u1eefng th\u00e1ch th\u1ee9c ch\u01b0a t\u1eebng c\u00f3 trong vi\u1ec7c \u0111\u1ea3m b\u1ea3o ch\u1ea5t l\u01b0\u1ee3ng. HQTS-QAI c\u00f3 m\u1ed9t \u0111\u1ed9i ng\u0169 k\u1ef9 s\u01b0 th\u1eed nghi\u1ec7m chuy\u00ean nghi\u1ec7p cung c\u1ea5p c\u00e1c d\u1ecbch v\u1ee5 th\u1eed nghi\u1ec7m h\u00e0ng d\u1ec7t may d\u1ef1a theo c\u00e1c ti\u00eau chu\u1ea9n nh\u01b0 ASTM, AATCC, ISO, EN, JIS, GB. B\u00ean c\u1ea1nh \u0111\u00f3, c\u00e1c d\u1ecbch v\u1ee5 th\u1eed nghi\u1ec7m \u0111\u01b0\u1ee3c qu\u1ed1c t\u1ebf c\u00f4ng nh\u1eadn c\u1ee7a HQTS c\u0169ng s\u1ebd h\u1ed7 tr\u1ee3 doanh nghi\u1ec7p trong vi\u1ec7c c\u1ea3i thi\u1ec7n ch\u1ea5t l\u01b0\u1ee3ng s\u1ea3n ph\u1ea9m nh\u1eb1m \u0111\u00e1p \u1ee9ng c\u00e1c quy \u0111\u1ecbnh c\u1ee5 th\u1ec3.<\/p>\n<article id=\"post-3442\"><strong>C\u00e1c danh m\u1ee5c s\u1ea3n ph\u1ea9m ch\u00ednh<\/strong><\/p>\n<ul>\n<li>Th\u00e0nh ph\u1ea7n s\u1ee3i<\/li>\n<li>C\u00e1c lo\u1ea1i v\u1ea3i c\u00f3 c\u1ea5u tr\u00fac kh\u00e1 c nhau<\/li>\n<li>H\u00e0ng may m\u1eb7c<\/li>\n<li>S\u1ea3n ph\u1ea9m d\u1ec7t d\u00e2n d\u1ee5ng<\/li>\n<li>V\u1eadt d\u1ee5ng trang tr\u00ed<\/li>\n<li>V\u1ea3i sinh th\u00e1i<\/li>\n<li>Kh\u00e1c<\/li>\n<\/ul>\n<p><strong>C\u00e1c h\u1ea1ng m\u1ee5c th\u1eed nghi\u1ec7m v\u1eadt l\u00fd<\/strong><\/p>\n<ul>\n<li>Ph\u00e2n t\u00edch th\u00e0nh ph\u1ea7n s\u1ee3i<\/li>\n<li>C\u1ea5u t\u1ea1o v\u1ea3i<\/li>\n<li>\u0110\u1ed9 \u1ed5n \u0111\u1ecbnh c\u1ee7a ph\u00e9p \u0111o (\u0111\u1ed9 co ng\u00f3t)<\/li>\n<li>\u0110\u1ed9 b\u1ec1n m\u00e0u<\/li>\n<li>Hi\u1ec7u su\u1ea5t<\/li>\n<li>An to\u00e0n d\u1ec5 ch\u00e1y<\/li>\n<li>D\u1ec7t may sinh th\u00e1i<\/li>\n<li>Ph\u1ee5 ki\u1ec7n may m\u1eb7c (d\u00e2y k\u00e9o, n\u00fat, v.v.)<\/li>\n<\/ul>\n<p><strong>C\u00e1c h\u1ea1ng m\u1ee5c th\u1eed nghi\u1ec7m h\u00f3a ch\u1ea5t<\/strong><\/p>\n<ul>\n<li>AZO<\/li>\n<li>Thu\u1ed1c nhu\u1ed9m ph\u00e2n t\u00e1n g\u00e2y d\u1ecb \u1ee9ng<\/li>\n<li>Thu\u1ed1c nhu\u1ed9m g\u00e2y ung th\u01b0<\/li>\n<li>Kim lo\u1ea1i n\u1eb7ng<\/li>\n<li>Formaldehyt<\/li>\n<li>Phenol<\/li>\n<li>NS<\/li>\n<li>Thu\u1ed1c tr\u1eeb s\u00e2u<\/li>\n<li>Phthalate<\/li>\n<li>Ch\u1ea5t ch\u1ed1ng ch\u00e1y<\/li>\n<li>PEoA \/ PFoS<\/li>\n<li>OPEO: NPEO, CP, NP<\/li>\n<\/ul>\n<p><strong>C\u00e1c d\u1ecbch v\u1ee5 ki\u1ec3m so\u00e1t ch\u1ea5t l\u01b0\u1ee3ng kh\u00e1c<\/strong><\/p>\n<p>Ch\u00fang t\u00f4i cung c\u1ea5p c\u00e1c d\u1ecbch v\u1ee5 gi\u00e1m \u0111\u1ecbnh kh\u00e1c cho ng\u00e0nh h\u00e0ng ti\u00eau d\u00f9ng bao g\u1ed3m<\/p>\n<ul>\n<li><a href=\"https:\/\/www.hqts.com\/vi\/linh-vuc\/nganh-ban-le\/dien-tu\/\">Thi\u1ebft b\u1ecb \u0111i\u1ec7n t\u1eed. <\/a><\/li>\n<li><a href=\"https:\/\/www.hqts.com\/vi\/linh-vuc\/nganh-ban-le\/cham-soc-ca-nhan-my-pham\/\">Ch\u0103m s\u00f3c c\u00e1 nh\u00e2n &amp;. <\/a><\/li>\n<li><a href=\"https:\/\/www.hqts.com\/vi\/linh-vuc\/nganh-ban-le\/tui-xach-phu-kien\/\">M\u1ef9 ph\u1ea9m. <\/a><\/li>\n<li><a href=\"https:\/\/www.hqts.com\/vi\/linh-vuc\/nganh-ban-le\/do-choi-va-san-pham-tre-em\/\">\u0110\u1ed3 ch\u01a1i &amp; S\u1ea3n ph\u1ea9m d\u00e0nh cho Tr\u1ebb em.<\/a><\/li>\n<li><a href=\"https:\/\/www.hqts.com\/vi\/linh-vuc\/nganh-ban-le\/da-giay\/\">Da gi\u1ea7y. <\/a><\/li>\n<li><a href=\"https:\/\/www.hqts.com\/vi\/linh-vuc\/nganh-ban-le\/tui-xach-phu-kien\/\">T\u00fai x\u00e1ch &amp; Ph\u1ee5 ki\u1ec7n<\/a><\/li>\n<li><a href=\"https:\/\/www.hqts.com\/vi\/linh-vuc\/nganh-ban-le\/thu-nghiem-nganh-hang-cung\/\">Ng\u00e0nh h\u00e0ng c\u1ee9ng<\/a><\/li>\n<li><a href=\"https:\/\/www.hqts.com\/vi\/linh-vuc\/giam-dinh-va-quan-ly-chat-luong-phu-tung-o-to\/\">Ph\u1ee5 t\u00f9ng &amp; Thi\u1ebft b\u1ecb \u00f4 t\u00f4<\/a><\/li>\n<\/ul>\n<\/article>\n","protected":false},"excerpt":{"rendered":"<p>Gi\u00e1m \u0111\u1ecbnh v\u00e0\u00a0 Ki\u1ec3m so\u00e1t Ch\u1ea5t l\u01b0\u1ee3ng D\u1ec7t may HQTS \u0111\u00e3 thi\u1ebft l\u1eadp c\u00e1c ti\u00eau chu\u1ea9n trong c\u00e1c d\u1ecbch v\u1ee5 gi\u00e1m \u0111\u1ecbnh c\u0169ng nh\u01b0 ki\u1ec3m so\u00e1t ch\u1ea5t l\u01b0\u1ee3ng h\u00e0ng d\u1ec7t may tr\u00ean to\u00e0n ch\u00e2u \u00c1 k\u1ec3 t\u1eeb n\u0103m 1987. Ch\u00fang t\u00f4i cung c\u1ea5p d\u1ecbch v\u1ee5 \u0111\u1ea3m b\u1ea3o ch\u1ea5t l\u01b0\u1ee3ng to\u00e0n di\u1ec7n nh\u01b0 gi\u00e1m \u0111\u1ecbnh, th\u1eed [&hellip;]<\/p>\n","protected":false},"author":12,"featured_media":76647,"parent":78764,"menu_order":28,"comment_status":"closed","ping_status":"closed","template":"","meta":{"_acf_changed":false,"footnotes":""},"class_list":["post-76646","page","type-page","status-publish","has-post-thumbnail","hentry"],"acf":[],"_links":{"self":[{"href":"https:\/\/www.hqts.com\/vi\/wp-json\/wp\/v2\/pages\/76646","targetHints":{"allow":["GET"]}}],"collection":[{"href":"https:\/\/www.hqts.com\/vi\/wp-json\/wp\/v2\/pages"}],"about":[{"href":"https:\/\/www.hqts.com\/vi\/wp-json\/wp\/v2\/types\/page"}],"author":[{"embeddable":true,"href":"https:\/\/www.hqts.com\/vi\/wp-json\/wp\/v2\/users\/12"}],"replies":[{"embeddable":true,"href":"https:\/\/www.hqts.com\/vi\/wp-json\/wp\/v2\/comments?post=76646"}],"version-history":[{"count":5,"href":"https:\/\/www.hqts.com\/vi\/wp-json\/wp\/v2\/pages\/76646\/revisions"}],"predecessor-version":[{"id":115066,"href":"https:\/\/www.hqts.com\/vi\/wp-json\/wp\/v2\/pages\/76646\/revisions\/115066"}],"up":[{"embeddable":true,"href":"https:\/\/www.hqts.com\/vi\/wp-json\/wp\/v2\/pages\/78764"}],"wp:featuredmedia":[{"embeddable":true,"href":"https:\/\/www.hqts.com\/vi\/wp-json\/wp\/v2\/media\/76647"}],"wp:attachment":[{"href":"https:\/\/www.hqts.com\/vi\/wp-json\/wp\/v2\/media?parent=76646"}],"curies":[{"name":"wp","href":"https:\/\/api.w.org\/{rel}","templated":true}]}}