{"id":77039,"date":"2021-07-14T09:47:00","date_gmt":"2021-07-14T09:47:00","guid":{"rendered":"https:\/\/www.hqts.com\/?page_id=77039"},"modified":"2022-04-29T07:54:59","modified_gmt":"2022-04-29T07:54:59","slug":"dupro","status":"publish","type":"page","link":"https:\/\/www.hqts.com\/vi\/dich-vu\/giam-dinh\/dupro\/","title":{"rendered":"Gi\u00e1m \u0111\u1ecbnh trong qu\u00e1 tr\u00ecnh s\u1ea3n xu\u1ea5t"},"content":{"rendered":"<h2>Gi\u00e1m \u0111\u1ecbnh trong qu\u00e1 tr\u00ecnh s\u1ea3n xu\u1ea5t<\/h2>\n<p>Gi\u00e1m \u0111\u1ecbnh trong qu\u00e1 tr\u00ecnh s\u1ea3n xu\u1ea5t (DPI) hay c\u00f2n \u0111\u01b0\u1ee3c g\u1ecdi l\u00e0 DUPRO, l\u00e0 vi\u1ec7c ti\u1ebfn h\u00e0nh ki\u1ec3m tra nh\u1eb1m ki\u1ec3m so\u00e1t ch\u1ea5t l\u01b0\u1ee3ng ngay trong khi h\u00e0ng h\u00f3a c\u00f2n \u0111ang \u0111\u01b0\u1ee3c s\u1ea3n xu\u1ea5t, v\u00e0 \u0111\u1eb7c bi\u1ec7t n\u00ean \u00e1p d\u1ee5ng cho c\u00e1c s\u1ea3n ph\u1ea9m \u0111\u01b0\u1ee3c s\u1ea3n xu\u1ea5t li\u00ean t\u1ee5c, c\u00f3 y\u00eau c\u1ea7u nghi\u00eam ng\u1eb7t \u0111\u1ed1i v\u1edbi vi\u1ec7c v\u1eadn chuy\u1ec3n \u0111\u00fang h\u1ea1n. \u0110\u00e2y c\u0169ng l\u00e0 m\u1ed9t c\u00e1ch theo d\u00f5i sau khi \u0111\u00e3 ph\u00e1t hi\u1ec7n v\u1ea5n \u0111\u1ec1 v\u1ec1 s\u1ea3n ph\u1ea9m khi th\u1ef1c hi\u1ec7n <a href=\"https:\/\/www.hqts.com\/vi\/dich-vu\/giam-dinh\/truoc-san-xuat\/\">gi\u00e1m \u0111\u1ecbnh ch\u1ea5t l\u01b0\u1ee3ng tr\u01b0\u1edbc khi s\u1ea3n xu\u1ea5t (PPI)<\/a>.<\/p>\n<p>C\u00e1c h\u00ecnh th\u1ee9c gi\u00e1m \u0111\u1ecbnh ch\u1ea5t l\u01b0\u1ee3ng n\u00e0y \u0111\u01b0\u1ee3c ti\u1ebfn h\u00e0nh sau khi 10 \u2013 15% s\u1ed1 h\u00e0ng h\u00f3a \u0111\u00e3 \u0111\u01b0\u1ee3c ho\u00e0n th\u00e0nh. Trong qu\u00e1 tr\u00ecnh gi\u00e1m \u0111\u1ecbnh, ch\u00fang t\u00f4i s\u1ebd x\u00e1c \u0111\u1ecbnh c\u00e1c sai l\u1ec7ch v\u00e0 \u0111\u01b0a ra ph\u1ea3n h\u1ed3i v\u1ec1 c\u00e1c bi\u1ec7n ph\u00e1p kh\u1eafc ph\u1ee5c. Ngo\u00e0i ra, ch\u00fang t\u00f4i s\u1ebd ki\u1ec3m tra l\u1ea1i c\u00e1c l\u1ed7i k\u1ef9 thu\u1eadt \u0111\u00e3 \u0111\u01b0\u1ee3c ph\u00e1t hi\u1ec7n qua <a href=\"https:\/\/www.hqts.com\/vi\/dich-vu\/giam-dinh\/truoc-xuat-hang\/\">gi\u00e1m \u0111\u1ecbnh ch\u1ea5t l\u01b0\u1ee3ng tr\u01b0\u1edbc khi xu\u1ea5t h\u00e0ng (PSI)<\/a> \u0111\u1ec3 ch\u1eafc ch\u1eafn r\u1eb1ng ch\u00fang \u0111\u00e3 \u0111\u01b0\u1ee3c kh\u1eafc ph\u1ee5c.<\/p>\n<p>\u1ede m\u1ed7i giai \u0111o\u1ea1n c\u1ee7a qu\u00e1 tr\u00ecnh s\u1ea3n xu\u1ea5t, c\u00e1c nh\u00e2n vi\u00ean ki\u1ec3m so\u00e1t ch\u1ea5t l\u01b0\u1ee3ng c\u1ee7a ch\u00fang t\u00f4i s\u1ebd l\u1eadp m\u1ed9t b\u1ea3n b\u00e1o c\u00e1o \u0111\u1ea7y \u0111\u1ee7 v\u00e0 chi ti\u1ebft, c\u00f9ng v\u1edbi c\u00e1c h\u00ecnh \u1ea3nh h\u1ed7 tr\u1ee3 \u0111\u1ec3 cung c\u1ea5p c\u00e1i nh\u00ecn t\u1ed5ng th\u1ec3 v\u00e0 t\u1ea5t c\u1ea3 th\u00f4ng tin, d\u1eef li\u1ec7u c\u1ea7n thi\u1ebft.<\/p>\n<h2>L\u1ee3i \u00edch c\u1ee7a Gi\u00e1m \u0111\u1ecbnh trong qu\u00e1 tr\u00ecnh s\u1ea3n xu\u1ea5t<\/h2>\n<p>N\u00f3 cho ph\u00e9p b\u1ea1n x\u00e1c nh\u1eadn s\u1ef1 tu\u00e2n th\u1ee7 v\u1ec1 ch\u1ea5t l\u01b0\u1ee3ng c\u0169ng nh\u01b0 c\u00e1c th\u00f4ng s\u1ed1 k\u1ef9 thu\u1eadt \u0111ang \u0111\u01b0\u1ee3c duy tr\u00ec trong su\u1ed1t qu\u00e1 tr\u00ecnh s\u1ea3n xu\u1ea5t. N\u00f3 c\u0169ng cung c\u1ea5p kh\u1ea3 n\u0103ng ph\u00e1t hi\u1ec7n s\u1edbm b\u1ea5t k\u1ef3 v\u1ea5n \u0111\u1ec1 n\u00e0o c\u1ea7n kh\u1eafc ph\u1ee5c, do \u0111\u00f3 gi\u1ea3m kh\u1ea3 n\u0103ng giao h\u00e0ng ch\u1eadm tr\u1ec5.<\/p>\n<h2>Gi\u00e1m \u0111\u1ecbnh trong qu\u00e1 tr\u00ecnh s\u1ea3n xu\u1ea5t | Danh s\u00e1ch gi\u00e1m \u0111\u1ecbnh DPI \/ DUPRO:<\/h2>\n<ul>\n<li>T\u00ecnh h\u00ecnh s\u1ea3n xu\u1ea5t<\/li>\n<li>\u0110\u00e1nh gi\u00e1 d\u00e2y chuy\u1ec1n s\u1ea3n xu\u1ea5t v\u00e0 x\u00e1c \u0111\u1ecbnh th\u1eddi gian<\/li>\n<li>L\u1ea5y m\u1eabu ng\u1eabu nhi\u00ean b\u00e1n th\u00e0nh ph\u1ea9m v\u00e0 th\u00e0nh ph\u1ea9m<\/li>\n<li>Bao b\u00ec v\u00e0 v\u1eadt li\u1ec7u \u0111\u00f3ng g\u00f3i<\/li>\n<li>\u0110\u00e1nh gi\u00e1 t\u1ed5ng th\u1ec3 v\u00e0 khuy\u1ebfn ngh\u1ecb<\/li>\n<\/ul>\n<h2>L\u1ee3i \u00edch doanh nghi\u1ec7p s\u1ebd nh\u1eadn \u0111\u01b0\u1ee3c khi l\u1ef1a ch\u1ecdn d\u1ecbch v\u1ee5 c\u1ee7a HQTS:<\/h2>\n<ul>\n<li>Gi\u00e1m \u0111\u1ecbnh vi\u00ean \u0111\u01b0\u1ee3c \u0111\u00e0o t\u1ea1o chuy\u00ean s\u00e2u gi\u00e1m s\u00e1t ch\u1ea5t l\u01b0\u1ee3ng h\u00e0ng h\u00f3a<\/li>\n<li>Gi\u00e1m \u0111\u1ecbnh vi\u00ean s\u1ebd c\u00f3 m\u1eb7t t\u1eadn n\u01a1i trong v\u00f2ng ba ng\u00e0y l\u00e0m vi\u1ec7c sau khi \u0111\u1eb7t h\u00e0ng<\/li>\n<li>M\u1ed9t b\u00e1o c\u00e1o chi ti\u1ebft v\u1edbi c\u00e1c h\u00ecnh \u1ea3nh h\u1ed7 tr\u1ee3 trong v\u00f2ng 24 gi\u1edd sau gi\u00e1m \u0111\u1ecbnh<\/li>\n<li>M\u1ed9t chuy\u00ean gia \u0111\u1ebfn t\u1eadn n\u01a1i l\u00e0m vi\u1ec7c \u0111\u1ec3 c\u1ea3i thi\u1ec7n ch\u1ea5t l\u01b0\u1ee3ng nh\u00e0 cung c\u1ea5p c\u1ee7a b\u1ea1n<\/li>\n<\/ul>\n","protected":false},"excerpt":{"rendered":"<p>Gi\u00e1m \u0111\u1ecbnh trong qu\u00e1 tr\u00ecnh s\u1ea3n xu\u1ea5t Gi\u00e1m \u0111\u1ecbnh trong qu\u00e1 tr\u00ecnh s\u1ea3n xu\u1ea5t (DPI) hay c\u00f2n \u0111\u01b0\u1ee3c g\u1ecdi l\u00e0 DUPRO, l\u00e0 vi\u1ec7c ti\u1ebfn h\u00e0nh ki\u1ec3m tra nh\u1eb1m ki\u1ec3m so\u00e1t ch\u1ea5t l\u01b0\u1ee3ng ngay trong khi h\u00e0ng h\u00f3a c\u00f2n \u0111ang \u0111\u01b0\u1ee3c s\u1ea3n xu\u1ea5t, v\u00e0 \u0111\u1eb7c bi\u1ec7t n\u00ean \u00e1p d\u1ee5ng cho c\u00e1c s\u1ea3n ph\u1ea9m \u0111\u01b0\u1ee3c s\u1ea3n xu\u1ea5t [&hellip;]<\/p>\n","protected":false},"author":12,"featured_media":77049,"parent":77006,"menu_order":36,"comment_status":"closed","ping_status":"closed","template":"","meta":{"_acf_changed":false,"footnotes":""},"class_list":["post-77039","page","type-page","status-publish","has-post-thumbnail","hentry"],"acf":[],"_links":{"self":[{"href":"https:\/\/www.hqts.com\/vi\/wp-json\/wp\/v2\/pages\/77039","targetHints":{"allow":["GET"]}}],"collection":[{"href":"https:\/\/www.hqts.com\/vi\/wp-json\/wp\/v2\/pages"}],"about":[{"href":"https:\/\/www.hqts.com\/vi\/wp-json\/wp\/v2\/types\/page"}],"author":[{"embeddable":true,"href":"https:\/\/www.hqts.com\/vi\/wp-json\/wp\/v2\/users\/12"}],"replies":[{"embeddable":true,"href":"https:\/\/www.hqts.com\/vi\/wp-json\/wp\/v2\/comments?post=77039"}],"version-history":[{"count":5,"href":"https:\/\/www.hqts.com\/vi\/wp-json\/wp\/v2\/pages\/77039\/revisions"}],"predecessor-version":[{"id":119824,"href":"https:\/\/www.hqts.com\/vi\/wp-json\/wp\/v2\/pages\/77039\/revisions\/119824"}],"up":[{"embeddable":true,"href":"https:\/\/www.hqts.com\/vi\/wp-json\/wp\/v2\/pages\/77006"}],"wp:featuredmedia":[{"embeddable":true,"href":"https:\/\/www.hqts.com\/vi\/wp-json\/wp\/v2\/media\/77049"}],"wp:attachment":[{"href":"https:\/\/www.hqts.com\/vi\/wp-json\/wp\/v2\/media?parent=77039"}],"curies":[{"name":"wp","href":"https:\/\/api.w.org\/{rel}","templated":true}]}}