{"id":77873,"date":"2021-07-19T08:59:50","date_gmt":"2021-07-19T08:59:50","guid":{"rendered":"https:\/\/www.hqts.com\/?page_id=77873"},"modified":"2022-04-29T08:01:49","modified_gmt":"2022-04-29T08:01:49","slug":"truoc-san-xuat","status":"publish","type":"page","link":"https:\/\/www.hqts.com\/vi\/dich-vu\/giam-dinh\/truoc-san-xuat\/","title":{"rendered":"Gi\u00e1m \u0111\u1ecbnh tr\u01b0\u1edbc khi s\u1ea3n xu\u1ea5t &#8211; PPI"},"content":{"rendered":"<h2>Gi\u00e1m \u0111\u1ecbnh tr\u01b0\u1edbc khi s\u1ea3n xu\u1ea5t<\/h2>\n<p><strong>Gi\u00e1m \u0111\u1ecbnh tr\u01b0\u1edbc khi s\u1ea3n xu\u1ea5t (PPI) l\u00e0 m\u1ed9t lo\u1ea1i h\u00ecnh th\u1ee9c gi\u00e1m \u0111\u1ecbnh ch\u1ea5t l\u01b0\u1ee3ng \u0111\u01b0\u1ee3c th\u1ef1c hi\u1ec7n tr\u01b0\u1edbc khi qu\u00e1 tr\u00ecnh s\u1ea3n xu\u1ea5t b\u1eaft \u0111\u1ea7u \u0111\u1ec3 \u0111\u00e1nh gi\u00e1 s\u1ed1 l\u01b0\u1ee3ng v\u00e0 ch\u1ea5t l\u01b0\u1ee3ng c\u1ee7a nguy\u00ean li\u1ec7u, th\u00e0nh ph\u1ea7n, \u0111\u1ec3 xem x\u00e9t li\u1ec7u ch\u00fang c\u00f3 ph\u00f9 h\u1ee3p v\u1edbi th\u00f4ng s\u1ed1 k\u1ef9 thu\u1eadt c\u1ee7a s\u1ea3n ph\u1ea9m hay kh\u00f4ng.<\/strong><\/p>\n<p>PPI c\u00f3 th\u1ec3 c\u00f3 l\u1ee3i khi l\u00e0m vi\u1ec7c v\u1edbi m\u1ed9t nh\u00e0 cung c\u1ea5p m\u1edbi, \u0111\u1eb7c bi\u1ec7t n\u1ebfu d\u1ef1 \u00e1n l\u00e0 m\u1ed9t h\u1ee3p \u0111\u1ed3ng l\u1edbn c\u1ea7n \u0111\u01b0\u1ee3c giao h\u00e0ng \u0111\u00fang h\u1ea1n. N\u00f3 c\u0169ng r\u1ea5t quan tr\u1ecdng trong nh\u1eefng tr\u01b0\u1eddng h\u1ee3p doanh nghi\u1ec7p nghi ng\u1edd nh\u00e0 cung c\u1ea5p \u0111\u00e3 t\u00ecm c\u00e1ch c\u1eaft gi\u1ea3m chi ph\u00ed c\u1ee7a m\u00ecnh b\u1eb1ng c\u00e1ch thay th\u1ebf c\u00e1c v\u1eadt li\u1ec7u ho\u1eb7c th\u00e0nh ph\u1ea7n r\u1ebb h\u01a1n tr\u01b0\u1edbc khi s\u1ea3n xu\u1ea5t.<\/p>\n<p>Vi\u1ec7c gi\u00e1m \u0111\u1ecbnh n\u00e0y c\u0169ng c\u00f3 th\u1ec3 l\u00e0m gi\u1ea3m ho\u1eb7c lo\u1ea1i b\u1ecf c\u00e1c v\u1ea5n \u0111\u1ec1 li\u00ean quan \u0111\u1ebfn ti\u1ebfn \u0111\u1ed9 s\u1ea3n xu\u1ea5t, ng\u00e0y v\u1eadn chuy\u1ec3n, k\u1ef3 v\u1ecdng v\u1ec1 ch\u1ea5t l\u01b0\u1ee3ng v\u00e0 c\u00e1c v\u1ea5n \u0111\u1ec1 kh\u00e1c gi\u1eefa doanh nghi\u1ec7p v\u00e0 nh\u00e0 cung c\u1ea5p.<\/p>\n<h2>C\u00e1ch ti\u1ebfn h\u00e0nh gi\u00e1m \u0111\u1ecbnh tr\u01b0\u1edbc khi s\u1ea3n xu\u1ea5t<\/h2>\n<p>Gi\u00e1m \u0111\u1ecbnh tr\u01b0\u1edbc khi s\u1ea3n xu\u1ea5t (PPI) ho\u1eb7c Gi\u00e1m \u0111\u1ecbnh s\u1ea3n xu\u1ea5t ban \u0111\u1ea7u \u0111\u01b0\u1ee3c ho\u00e0n th\u00e0nh sau khi x\u00e1c \u0111\u1ecbnh v\u00e0 \u0111\u00e1nh gi\u00e1 nh\u00e0 cung c\u1ea5p \/ nh\u00e0 m\u00e1y v\u00e0 ngay tr\u01b0\u1edbc khi b\u1eaft \u0111\u1ea7u s\u1ea3n xu\u1ea5t h\u00e0ng lo\u1ea1t. M\u1ee5c \u0111\u00edch c\u1ee7a Gi\u00e1m \u0111\u1ecbnh tr\u01b0\u1edbc khi s\u1ea3n xu\u1ea5t l\u00e0 \u0111\u1ec3 \u0111\u1ea3m b\u1ea3o r\u1eb1ng nh\u00e0 cung c\u1ea5p hi\u1ec3u c\u00e1c y\u00eau c\u1ea7u c\u1ee7a doanh nghi\u1ec7p c\u0169ng nh\u01b0 c\u00e1c th\u00f4ng s\u1ed1 k\u1ef9 thu\u1eadt c\u1ee7a \u0111\u01a1n \u0111\u1eb7t h\u00e0ng \u0111\u1ec3 chu\u1ea9n b\u1ecb cho qu\u00e1 tr\u00ecnh s\u1ea3n xu\u1ea5t.<\/p>\n<p>HQTS ti\u1ebfn h\u00e0nh b\u1ea3y b\u01b0\u1edbc sau \u0111\u1ec3 gi\u00e1m \u0111\u1ecbnh tr\u01b0\u1edbc khi s\u1ea3n xu\u1ea5t:<\/p>\n<ul>\n<li>Tr\u01b0\u1edbc khi s\u1ea3n xu\u1ea5t, gi\u00e1m \u0111\u1ecbnh vi\u00ean c\u1ee7a ch\u00fang t\u00f4i s\u1ebd \u0111\u1ebfn nh\u00e0 m\u00e1y.<\/li>\n<li>Gi\u00e1m \u0111\u1ecbnh nguy\u00ean li\u1ec7u v\u00e0 ph\u1ee5 ki\u1ec7n: gi\u00e1m \u0111\u1ecbnh vi\u00ean c\u1ee7a ch\u00fang t\u00f4i gi\u00e1m \u0111\u1ecbnh nguy\u00ean li\u1ec7u v\u00e0 c\u00e1c th\u00e0nh ph\u1ea7n c\u1ea7n thi\u1ebft \u0111\u1ec3 s\u1ea3n xu\u1ea5t.<\/li>\n<li>Ch\u1ecdn m\u1eabu d\u1ef1a ng\u1eabu nhi\u00ean: v\u1eadt li\u1ec7u, th\u00e0nh ph\u1ea7n v\u00e0 b\u00e1n th\u00e0nh ph\u1ea9m \u0111\u01b0\u1ee3c l\u1ef1a ch\u1ecdn ng\u1eabu nhi\u00ean \u0111\u1ec3 \u0111\u1ea3m b\u1ea3o t\u00ednh \u0111\u1ea1i di\u1ec7n t\u1ed1t nh\u1ea5t c\u00f3 th\u1ec3.<\/li>\n<li>Gi\u00e1m \u0111\u1ecbnh ki\u1ec3u d\u00e1ng, m\u00e0u s\u1eafc &amp; tay ngh\u1ec1: gi\u00e1m \u0111\u1ecbnh ki\u1ec3m tra k\u1ef9 l\u01b0\u1ee1ng ki\u1ec3u d\u00e1ng, m\u00e0u s\u1eafc v\u00e0 ch\u1ea5t l\u01b0\u1ee3ng c\u1ee7a nguy\u00ean li\u1ec7u, linh ki\u1ec7n v\u00e0 b\u00e1n th\u00e0nh ph\u1ea9m.<\/li>\n<li>H\u00ecnh \u1ea3nh v\u1ec1 d\u00e2y chuy\u1ec1n s\u1ea3n xu\u1ea5t v\u00e0 m\u00f4i tr\u01b0\u1eddng: gi\u00e1m \u0111\u1ecbnh vi\u00ean c\u1ee7a ch\u00fang t\u00f4i ch\u1ee5p \u1ea3nh d\u00e2y chuy\u1ec1n s\u1ea3n xu\u1ea5t v\u00e0 m\u00f4i tr\u01b0\u1eddng.<\/li>\n<li>\u0110\u00e1nh gi\u00e1 m\u1eabu d\u00e2y chuy\u1ec1n s\u1ea3n xu\u1ea5t: Gi\u00e1m \u0111\u1ecbnh vi\u00ean th\u1ef1c hi\u1ec7n m\u1ed9t cu\u1ed9c \u0111\u00e1nh gi\u00e1 \u0111\u01a1n gi\u1ea3n \u0111\u1ed1i v\u1edbi d\u00e2y chuy\u1ec1n s\u1ea3n xu\u1ea5t, bao g\u1ed3m kh\u1ea3 n\u0103ng s\u1ea3n xu\u1ea5t v\u00e0 kh\u1ea3 n\u0103ng ki\u1ec3m so\u00e1t ch\u1ea5t l\u01b0\u1ee3ng (con ng\u01b0\u1eddi, m\u00e1y m\u00f3c, v\u1eadt li\u1ec7u, ph\u01b0\u01a1ng ph\u00e1p m\u00f4i tr\u01b0\u1eddng, v.v.)<\/li>\n<li>B\u00e1o c\u00e1o gi\u00e1m \u0111\u1ecbnh: gi\u00e1m \u0111\u1ecbnh vi\u00ean \u0111\u01b0a ra m\u1ed9t b\u00e1o c\u00e1o ghi l\u1ea1i nh\u1eefng ph\u00e1t hi\u1ec7n, bao g\u1ed3m h\u00ecnh \u1ea3nh chi ti\u1ebft. V\u1edbi b\u00e1o c\u00e1o n\u00e0y, doanh nghi\u1ec7p c\u00f3 \u0111\u01b0\u1ee3c m\u1ed9t b\u1ee9c tranh r\u00f5 r\u00e0ng li\u1ec7u m\u1ecdi th\u1ee9 \u0111\u00e3 s\u1eb5n s\u00e0ng \u0111\u1ec3 s\u1ea3n ph\u1ea9m c\u00f3 th\u1ec3 \u0111\u01b0\u1ee3c ho\u00e0n th\u00e0nh theo y\u00eau c\u1ea7u hay kh\u00f4ng.<\/li>\n<\/ul>\n<h2>Bi\u00ean b\u1ea3n b\u00e1o c\u00e1o gi\u00e1m \u0111\u1ecbnh ti\u1ec1n s\u1ea3n xu\u1ea5t<\/h2>\n<p>Khi k\u1ebft th\u00fac Gi\u00e1m \u0111\u1ecbnh ti\u1ec1n s\u1ea3n xu\u1ea5t, gi\u00e1m \u0111\u1ecbnh vi\u00ean s\u1ebd \u0111\u01b0a ra m\u1ed9t b\u00e1o c\u00e1o ghi l\u1ea1i nh\u1eefng ph\u00e1t hi\u1ec7n trong qu\u00e1 tr\u00ecnh ki\u1ec3m tra, bao g\u1ed3m h\u00ecnh \u1ea3nh chi ti\u1ebft. V\u1edbi b\u00e1o c\u00e1o n\u00e0y, doanh nghi\u1ec7p c\u00f3 \u0111\u01b0\u1ee3c m\u1ed9t b\u1ee9c tranh to\u00e0n di\u1ec7n xem x\u00e9t li\u1ec7u m\u1ecdi th\u1ee9 \u0111\u00e3 s\u1eb5n s\u00e0ng \u0111\u1ec3 s\u1ea3n ph\u1ea9m c\u00f3 th\u1ec3 \u0111\u01b0\u1ee3c ho\u00e0n th\u00e0nh theo y\u00eau c\u1ea7u hay ch\u01b0a.<\/p>\n<h2>L\u1ee3i \u00edch c\u1ee7a vi\u1ec7c gi\u00e1m \u0111\u1ecbnh tr\u01b0\u1edbc khi s\u1ea3n xu\u1ea5t<\/h2>\n<p>Vi\u1ec7c gi\u00e1m \u0111\u1ecbnh tr\u01b0\u1edbc khi s\u1ea3n xu\u1ea5t gi\u00fap doanh nghi\u1ec7p c\u00f3 c\u00e1i nh\u00ecn r\u00f5 r\u00e0ng v\u1ec1 ti\u1ebfn \u0111\u1ed9 s\u1ea3n xu\u1ea5t v\u00e0 l\u01b0\u1eddng tr\u01b0\u1edbc c\u00e1c v\u1ea5n \u0111\u1ec1 c\u00f3 th\u1ec3 x\u1ea3y ra c\u00f3 th\u1ec3 \u1ea3nh h\u01b0\u1edfng \u0111\u1ebfn ch\u1ea5t l\u01b0\u1ee3ng c\u1ee7a s\u1ea3n ph\u1ea9m. D\u1ecbch v\u1ee5 gi\u00e1m \u0111\u1ecbnh s\u1ea3n xu\u1ea5t ban \u0111\u1ea7u gi\u00fap tr\u00e1nh nh\u1eefng b\u1ea5t tr\u1eafc trong to\u00e0n b\u1ed9 qu\u00e1 tr\u00ecnh s\u1ea3n xu\u1ea5t v\u00e0 ph\u00e2n bi\u1ec7t c\u00e1c khi\u1ebfm khuy\u1ebft tr\u00ean nguy\u00ean li\u1ec7u ho\u1eb7c th\u00e0nh ph\u1ea7n tr\u01b0\u1edbc khi b\u1eaft \u0111\u1ea7u s\u1ea3n xu\u1ea5t. HQTS \u0111\u1ea3m b\u1ea3o doanh nghi\u1ec7p s\u1ebd \u0111\u01b0\u1ee3c h\u01b0\u1edfng l\u1ee3i t\u1eeb vi\u1ec7c Gi\u00e1m \u0111\u1ecbnh tr\u01b0\u1edbc khi s\u1ea3n xu\u1ea5t t\u1eeb \u200b\u200bc\u00e1c kh\u00eda c\u1ea1nh sau:<\/p>\n<ul>\n<li>\u0110\u1ea3m b\u1ea3o \u0111\u00e1p \u1ee9ng c\u00e1c y\u00eau c\u1ea7u t\u1eeb ph\u00eda doanh nghi\u1ec7p<\/li>\n<li>\u0110\u1ea3m b\u1ea3o v\u1ec1 ch\u1ea5t l\u01b0\u1ee3ng c\u1ee7a c\u00e1c nguy\u00ean li\u1ec7u th\u00f4 ho\u1eb7c c\u00e1c th\u00e0nh ph\u1ea7n c\u1ee7a s\u1ea3n ph\u1ea9m<\/li>\n<li>C\u00f3 m\u1ed9t c\u00e1i nh\u00ecn t\u1ed5ng qu\u00e1t v\u1ec1 qu\u00e1 tr\u00ecnh s\u1ea3n xu\u1ea5t<\/li>\n<li>Nh\u1eadn bi\u1ebft s\u1edbm v\u1ea5n \u0111\u1ec1 ho\u1eb7c r\u1ee7i ro c\u00f3 th\u1ec3 x\u1ea3y ra<\/li>\n<li>Kh\u1eafc ph\u1ee5c s\u1edbm c\u00e1c v\u1ea5n \u0111\u1ec1 s\u1ea3n xu\u1ea5t<\/li>\n<li>Tr\u00e1nh chi ph\u00ed ph\u00e1t sinh v\u00e0 th\u1eddi gian s\u1ea3n xu\u1ea5t kh\u00f4ng hi\u1ec7u qu\u1ea3<\/li>\n<\/ul>\n","protected":false},"excerpt":{"rendered":"<p>Gi\u00e1m \u0111\u1ecbnh tr\u01b0\u1edbc khi s\u1ea3n xu\u1ea5t Gi\u00e1m \u0111\u1ecbnh tr\u01b0\u1edbc khi s\u1ea3n xu\u1ea5t (PPI) l\u00e0 m\u1ed9t lo\u1ea1i h\u00ecnh th\u1ee9c gi\u00e1m \u0111\u1ecbnh ch\u1ea5t l\u01b0\u1ee3ng \u0111\u01b0\u1ee3c th\u1ef1c hi\u1ec7n tr\u01b0\u1edbc khi qu\u00e1 tr\u00ecnh s\u1ea3n xu\u1ea5t b\u1eaft \u0111\u1ea7u \u0111\u1ec3 \u0111\u00e1nh gi\u00e1 s\u1ed1 l\u01b0\u1ee3ng v\u00e0 ch\u1ea5t l\u01b0\u1ee3ng c\u1ee7a nguy\u00ean li\u1ec7u, th\u00e0nh ph\u1ea7n, \u0111\u1ec3 xem x\u00e9t li\u1ec7u ch\u00fang c\u00f3 ph\u00f9 h\u1ee3p v\u1edbi [&hellip;]<\/p>\n","protected":false},"author":12,"featured_media":77871,"parent":77006,"menu_order":37,"comment_status":"closed","ping_status":"closed","template":"","meta":{"_acf_changed":false,"footnotes":""},"class_list":["post-77873","page","type-page","status-publish","has-post-thumbnail","hentry"],"acf":[],"_links":{"self":[{"href":"https:\/\/www.hqts.com\/vi\/wp-json\/wp\/v2\/pages\/77873","targetHints":{"allow":["GET"]}}],"collection":[{"href":"https:\/\/www.hqts.com\/vi\/wp-json\/wp\/v2\/pages"}],"about":[{"href":"https:\/\/www.hqts.com\/vi\/wp-json\/wp\/v2\/types\/page"}],"author":[{"embeddable":true,"href":"https:\/\/www.hqts.com\/vi\/wp-json\/wp\/v2\/users\/12"}],"replies":[{"embeddable":true,"href":"https:\/\/www.hqts.com\/vi\/wp-json\/wp\/v2\/comments?post=77873"}],"version-history":[{"count":5,"href":"https:\/\/www.hqts.com\/vi\/wp-json\/wp\/v2\/pages\/77873\/revisions"}],"predecessor-version":[{"id":119833,"href":"https:\/\/www.hqts.com\/vi\/wp-json\/wp\/v2\/pages\/77873\/revisions\/119833"}],"up":[{"embeddable":true,"href":"https:\/\/www.hqts.com\/vi\/wp-json\/wp\/v2\/pages\/77006"}],"wp:featuredmedia":[{"embeddable":true,"href":"https:\/\/www.hqts.com\/vi\/wp-json\/wp\/v2\/media\/77871"}],"wp:attachment":[{"href":"https:\/\/www.hqts.com\/vi\/wp-json\/wp\/v2\/media?parent=77873"}],"curies":[{"name":"wp","href":"https:\/\/api.w.org\/{rel}","templated":true}]}}