{"id":77884,"date":"2021-07-19T09:20:19","date_gmt":"2021-07-19T09:20:19","guid":{"rendered":"https:\/\/www.hqts.com\/?page_id=77884"},"modified":"2022-04-29T07:55:29","modified_gmt":"2022-04-29T07:55:29","slug":"truoc-xuat-hang","status":"publish","type":"page","link":"https:\/\/www.hqts.com\/vi\/dich-vu\/giam-dinh\/truoc-xuat-hang\/","title":{"rendered":"Gi\u00e1m \u0111\u1ecbnh tr\u01b0\u1edbc khi xu\u1ea5t h\u00e0ng &#8211; PSI"},"content":{"rendered":"<h2><strong>Gi\u00e1m \u0111\u1ecbnh tr\u01b0\u1edbc khi xu\u1ea5t h\u00e0ng &#8211; PSI<\/strong><\/h2>\n<p>Gi\u00e1m \u0111\u1ecbnh tr\u01b0\u1edbc khi xu\u1ea5t h\u00e0ng (PSI) l\u00e0 m\u1ed9t trong nhi\u1ec1u nh\u1eefng h\u00ecnh th\u1ee9c gi\u00e1m \u0111\u1ecbnh ch\u1ea5t l\u01b0\u1ee3ng do HQTS th\u1ef1c hi\u1ec7n. \u0110\u00e2y l\u00e0 m\u1ed9t b\u01b0\u1edbc quan tr\u1ecdng trong quy tr\u00ecnh ki\u1ec3m so\u00e1t ch\u1ea5t l\u01b0\u1ee3ng v\u00e0 l\u00e0 ph\u01b0\u01a1ng ph\u00e1p \u0111\u1ec3 gi\u00e1m \u0111\u1ecbnh ch\u1ea5t l\u01b0\u1ee3ng h\u00e0ng h\u00f3a tr\u01b0\u1edbc khi xu\u1ea5t x\u01b0\u1edfng.<\/p>\n<h2><strong>Gi\u00e1m \u0111\u1ecbnh tr\u01b0\u1edbc khi xu\u1ea5t h\u00e0ng<\/strong><\/h2>\n<p>Gi\u00e1m \u0111\u1ecbnh tr\u01b0\u1edbc khi xu\u1ea5t h\u00e0ng \u0111\u1ea3m b\u1ea3o r\u1eb1ng vi\u1ec7c s\u1ea3n xu\u1ea5t tu\u00e2n th\u1ee7 c\u00e1c th\u00f4ng s\u1ed1 k\u1ef9 thu\u1eadt c\u1ee7a ng\u01b0\u1eddi mua v\u00e0 \/ ho\u1eb7c c\u00e1c \u0111i\u1ec1u kho\u1ea3n c\u1ee7a \u0111\u01a1n \u0111\u1eb7t h\u00e0ng. Vi\u1ec7c gi\u00e1m \u0111\u1ecbnh n\u00e0y \u0111\u01b0\u1ee3c ti\u1ebfn h\u00e0nh \u0111\u1ed1i v\u1edbi th\u00e0nh ph\u1ea9m khi \u00edt nh\u1ea5t khi 80% th\u00e0nh ph\u1ea9m \u0111\u00e3 \u0111\u01b0\u1ee3c \u0111\u00f3ng g\u00f3i \u0111\u1ec3 v\u1eadn chuy\u1ec3n. Vi\u1ec7c gi\u00e1m \u0111\u1ecbnh n\u00e0y \u0111\u01b0\u1ee3c th\u1ef1c hi\u1ec7n theo ti\u00eau chu\u1ea9n th\u00f4ng s\u1ed1 k\u1ef9 thu\u1eadt c\u1ee7a B\u1ea3ng gi\u1edbi h\u1ea1n ch\u1ea5t l\u01b0\u1ee3ng ch\u1ea5p nh\u1eadn \u0111\u01b0\u1ee3c (AQL) \u0111\u1ed1i v\u1edbi s\u1ea3n ph\u1ea9m ho\u1eb7c d\u1ef1a tr\u00ean y\u00eau c\u1ea7u c\u1ee7a kh\u00e1ch h\u00e0ng. C\u00e1c m\u1eabu \u0111\u01b0\u1ee3c ch\u1ecdn v\u00e0 gi\u00e1m \u0111\u1ecbnh n\u1ebfu c\u00f3 khi\u1ebfm khuy\u1ebft m\u1ed9t c\u00e1ch ng\u1eabu nhi\u00ean theo c\u00e1c ti\u00eau chu\u1ea9n v\u00e0 quy tr\u00ecnh n\u00e0y.<\/p>\n<p>Gi\u00e1m \u0111\u1ecbnh tr\u01b0\u1edbc khi xu\u1ea5t h\u00e0ng\u00a0 l\u00e0 vi\u1ec7c gi\u00e1m \u0111\u1ecbnh \u0111\u01b0\u1ee3c th\u1ef1c hi\u1ec7n khi h\u00e0ng h\u00f3a \u0111\u00e3 ho\u00e0n th\u00e0nh 100%, \u0111\u01b0\u1ee3c \u0111\u00f3ng g\u00f3i v\u00e0 s\u1eb5n s\u00e0ng \u0111\u1ec3 v\u1eadn chuy\u1ec3n. C\u00e1c gi\u00e1m \u0111\u1ecbnh vi\u00ean c\u1ee7a ch\u00fang t\u00f4i ch\u1ecdn m\u1eabu ng\u1eabu nhi\u00ean t\u1eeb th\u00e0nh ph\u1ea9m theo ti\u00eau chu\u1ea9n th\u1ed1ng k\u00ea qu\u1ed1c t\u1ebf g\u1ecdi l\u00e0 MIL-STD-105E (ISO2859-1). PSI gi\u00fap x\u00e1c nh\u1eadn r\u1eb1ng c\u00e1c th\u00e0nh ph\u1ea9m ho\u00e0n to\u00e0n tu\u00e2n th\u1ee7 c\u00e1c th\u00f4ng s\u1ed1 k\u1ef9 thu\u1eadt.<\/p>\n<h2><strong>M\u1ee5c \u0111\u00edch c\u1ee7a PSI l\u00e0 g\u00ec?<\/strong><\/h2>\n<p>Gi\u00e1m \u0111\u1ecbnh tr\u01b0\u1edbc khi xu\u1ea5t h\u00e0ng \u0111\u1ea3m b\u1ea3o r\u1eb1ng vi\u1ec7c s\u1ea3n xu\u1ea5t tu\u00e2n th\u1ee7 c\u00e1c th\u00f4ng s\u1ed1 k\u1ef9 thu\u1eadt c\u1ee7a ng\u01b0\u1eddi mua v\u00e0 \/ ho\u1eb7c c\u00e1c \u0111i\u1ec1u kho\u1ea3n c\u1ee7a \u0111\u01a1n \u0111\u1eb7t h\u00e0ng. Vi\u1ec7c gi\u00e1m \u0111\u1ecbnh n\u00e0y \u0111\u01b0\u1ee3c ti\u1ebfn h\u00e0nh \u0111\u1ed1i v\u1edbi th\u00e0nh ph\u1ea9m khi \u00edt nh\u1ea5t khi 80% th\u00e0nh ph\u1ea9m \u0111\u00e3 \u0111\u01b0\u1ee3c \u0111\u00f3ng g\u00f3i \u0111\u1ec3 v\u1eadn chuy\u1ec3n. Vi\u1ec7c gi\u00e1m \u0111\u1ecbnh n\u00e0y \u0111\u01b0\u1ee3c th\u1ef1c hi\u1ec7n theo ti\u00eau chu\u1ea9n th\u00f4ng s\u1ed1 k\u1ef9 thu\u1eadt c\u1ee7a B\u1ea3ng gi\u1edbi h\u1ea1n ch\u1ea5t l\u01b0\u1ee3ng ch\u1ea5p nh\u1eadn \u0111\u01b0\u1ee3c (AQL) \u0111\u1ed1i v\u1edbi s\u1ea3n ph\u1ea9m ho\u1eb7c d\u1ef1a tr\u00ean y\u00eau c\u1ea7u c\u1ee7a kh\u00e1ch h\u00e0ng. C\u00e1c m\u1eabu \u0111\u01b0\u1ee3c ch\u1ecdn v\u00e0 gi\u00e1m \u0111\u1ecbnh n\u1ebfu c\u00f3 khi\u1ebfm khuy\u1ebft m\u1ed9t c\u00e1ch ng\u1eabu nhi\u00ean theo c\u00e1c ti\u00eau chu\u1ea9n v\u00e0 quy tr\u00ecnh n\u00e0y.<\/p>\n<h2><strong>L\u1ee3i \u00edch c\u1ee7a vi\u1ec7c gi\u00e1m \u0111\u1ecbnh tr\u01b0\u1edbc khi xu\u1ea5t h\u00e0ng<\/strong><\/h2>\n<p>PSI c\u00f3 th\u1ec3 gi\u1ea3m thi\u1ec3u r\u1ee7i ro v\u1ed1n c\u00f3 \u0111\u1ed1i v\u1edbi th\u01b0\u01a1ng m\u1ea1i Internet nh\u01b0 l\u1eeba \u0111\u1ea3o v\u00e0 gian l\u1eadn. C\u00e1c d\u1ecbch v\u1ee5 c\u1ee7a PSI c\u00f3 th\u1ec3 gi\u00fap ng\u01b0\u1eddi mua hi\u1ec3u ch\u1ea5t l\u01b0\u1ee3ng v\u00e0 s\u1ed1 l\u01b0\u1ee3ng c\u1ee7a s\u1ea3n ph\u1ea9m tr\u01b0\u1edbc khi nh\u1eadn h\u00e0ng. N\u00f3 c\u00f3 th\u1ec3 l\u00e0m gi\u1ea3m \u0111\u00e1ng k\u1ec3 nguy c\u01a1 ch\u1eadm tr\u1ec5 giao h\u00e0ng ho\u1eb7c s\u1eeda ch\u1eefa hay l\u00e0m l\u1ea1i s\u1ea3n ph\u1ea9m.<\/p>\n<p>Li\u00ean h\u1ec7 v\u1edbi ch\u00fang t\u00f4i \u0111\u1ec3 t\u00ecm hi\u1ec3u th\u00eam v\u1ec1 d\u1ecbch v\u1ee5 \u0111\u1ea3m b\u1ea3o ch\u1ea5t l\u01b0\u1ee3ng nh\u01b0 Gi\u00e1m \u0111\u1ecbnh tr\u01b0\u1edbc khi xu\u1ea5t h\u00e0ng \u1edf Indonesia ho\u1eb7c m\u1ed9t \u0111\u1ecba \u0111i\u1ec3m kh\u00e1c.<\/p>\n<h2><strong>Khi n\u00e0o c\u1ea7n th\u1ef1c hi\u1ec7n Gi\u00e1m \u0111\u1ecbnh PSI?<\/strong><\/h2>\n<p>V\u1edbi s\u1ef1 ph\u00e1t tri\u1ec3n to\u00e0n c\u1ea7u, ng\u01b0\u1eddi mua t\u1eeb th\u1ecb tr\u01b0\u1eddng qu\u1ed1c t\u1ebf s\u1ebd ti\u1ebfp t\u1ee5c \u0111\u1ed1i m\u1eb7t v\u1edbi nh\u1eefng tr\u1edf ng\u1ea1i \u0111\u00e1ng k\u1ec3 \u0111\u1ed1i v\u1edbi s\u1ef1 t\u0103ng tr\u01b0\u1edfng \u1edf c\u00e1c th\u1ecb tr\u01b0\u1eddng tr\u00ean to\u00e0n c\u1ea7u. C\u00e1c ti\u00eau chu\u1ea9n v\u00e0 y\u00eau c\u1ea7u kh\u00e1c nhau t\u1ea1i m\u1ed7i qu\u1ed1c gia, s\u1ef1 gia t\u0103ng c\u00e1c h\u00e0nh vi gian l\u1eadn trong th\u01b0\u01a1ng m\u1ea1i l\u00e0 m\u1ed9t s\u1ed1 tr\u1edf ng\u1ea1i \u0111\u00e1ng k\u1ec3. Do \u0111\u00f3, c\u1ea7n ph\u1ea3i t\u00ecm ra m\u1ed9t gi\u1ea3i ph\u00e1p gi\u00fap gi\u1ea3m thi\u1ec3u chi ph\u00ed ph\u00e1t sinh v\u00e0 s\u1ef1 ch\u1eadm tr\u1ec5 khi giao h\u00e0ng. Ph\u01b0\u01a1ng ph\u00e1p hi\u1ec7u qu\u1ea3 nh\u1ea5t l\u00e0 Gi\u00e1m \u0111\u1ecbnh tr\u01b0\u1edbc khi xu\u1ea5t h\u00e0ng.<\/p>\n<h2><strong>Nh\u1eefng qu\u1ed1c gia n\u00e0o y\u00eau c\u1ea7u gi\u00e1m \u0111\u1ecbnh tr\u01b0\u1edbc khi v\u1eadn chuy\u1ec3n?<\/strong><\/h2>\n<p>Ng\u00e0y c\u00e0ng c\u00f3 nhi\u1ec1u qu\u1ed1c gia \u0111ang ph\u00e1t tri\u1ec3n s\u1eb5n s\u00e0ng tham gia m\u1ea1nh m\u1ebd v\u00e0o Chu\u1ed7i cung \u1ee9ng to\u00e0n c\u1ea7u, h\u1ed9i nh\u1eadp v\u00e0o n\u1ec1n kinh t\u1ebf th\u1ebf gi\u1edbi, ph\u00e1t tri\u1ec3n h\u01a1n n\u1eefa v\u00e0 b\u1ed5 sung v\u00e0o qu\u00e1 tr\u00ecnh to\u00e0n c\u1ea7u h\u00f3a. S\u1ef1 gia t\u0103ng nh\u1eadp kh\u1ea9u t\u1eeb c\u00e1c n\u01b0\u1edbc \u0111ang ph\u00e1t tri\u1ec3n v\u1edbi kh\u1ed1i l\u01b0\u1ee3ng c\u00f4ng vi\u1ec7c ng\u00e0y c\u00e0ng n\u1eb7ng n\u1ec1 cho h\u1ea3i quan, d\u1eabn \u0111\u1ebfn n\u1ed7 l\u1ef1c c\u1ee7a m\u1ed9t s\u1ed1 nh\u00e0 cung c\u1ea5p ho\u1eb7c nh\u00e0 m\u00e1y nh\u1eb1m t\u1eadn d\u1ee5ng l\u1ee3i th\u1ebf b\u1ea5t h\u1ee3p ph\u00e1p t\u1eeb nh\u1eefng kh\u00f3 kh\u0103n c\u1ee7a h\u1ea3i quan. V\u00ec v\u1eady, c\u00e1c nh\u00e0 nh\u1eadp kh\u1ea9u v\u00e0 ch\u00ednh ph\u1ee7 \u0111\u1ec1u c\u1ea7n Gi\u00e1m \u0111\u1ecbnh tr\u01b0\u1edbc khi xu\u1ea5t h\u00e0ng \u0111\u1ec3 x\u00e1c minh ch\u1ea5t l\u01b0\u1ee3ng v\u00e0 s\u1ed1 l\u01b0\u1ee3ng s\u1ea3n ph\u1ea9m.<\/p>\n<h2><strong>Quy tr\u00ecnh Gi\u00e1m \u0111\u1ecbnh tr\u01b0\u1edbc khi xu\u1ea5t h\u00e0ng<\/strong><\/h2>\n<ul>\n<li>\u0110\u1ebfn ch\u1ed7 c\u00e1c nh\u00e0 cung c\u1ea5p v\u1edbi c\u00e1c thi\u1ebft b\u1ecb v\u00e0 d\u1ee5ng c\u1ee5 c\u1ea7n thi\u1ebft<\/li>\n<li>K\u00fd c\u00e1c t\u00e0i li\u1ec7u tu\u00e2n th\u1ee7 tr\u01b0\u1edbc khi th\u1ef1c hi\u1ec7n c\u00e1c d\u1ecbch v\u1ee5 gi\u00e1m \u0111\u1ecbnh PSI<\/li>\n<li>Th\u1ef1c hi\u1ec7n x\u00e1c minh s\u1ed1 l\u01b0\u1ee3ng<\/li>\n<li>Ti\u1ebfn h\u00e0nh gi\u00e1m \u0111\u1ecbnh ng\u1eabu nhi\u00ean cu\u1ed1i c\u00f9ng<\/li>\n<li>G\u00f3i, nh\u00e3n, th\u1ebb, gi\u00e1m \u0111\u1ecbnh h\u01b0\u1edbng d\u1eabn<\/li>\n<li>Gi\u00e1m \u0111\u1ecbnh tay ngh\u1ec1 v\u00e0 gi\u00e1m \u0111\u1ecbnh ch\u1ee9c n\u0103ng<\/li>\n<li>K\u00edch th\u01b0\u1edbc, \u0111o tr\u1ecdng l\u01b0\u1ee3ng<\/li>\n<li>Th\u1eed nghi\u1ec7m th\u1ea3 th\u00f9ng carton<\/li>\n<li>Gi\u00e1m \u0111\u1ecbnh m\u00e3 v\u1ea1ch<\/li>\n<li>Ni\u00eam phong th\u00f9ng carton<\/li>\n<\/ul>\n<h2><strong>Gi\u1ea5y ch\u1ee9ng nh\u1eadn Gi\u00e1m \u0111\u1ecbnh tr\u01b0\u1edbc khi xu\u1ea5t h\u00e0ng<\/strong><\/h2>\n<p>Ng\u01b0\u1eddi mua c\u00f3 th\u1ec3 li\u00ean h\u1ec7 v\u1edbi m\u1ed9t c\u00f4ng ty Gi\u00e1m \u0111\u1ecbnh tr\u01b0\u1edbc khi xu\u1ea5t h\u00e0ng \u0111\u1ec3 t\u00ecm ki\u1ebfm s\u1ef1 tr\u1ee3 gi\u00fap. Tr\u01b0\u1edbc khi k\u00fd h\u1ee3p \u0111\u1ed3ng, ng\u01b0\u1eddi mua c\u1ea7n x\u00e1c nh\u1eadn xem c\u00f4ng ty c\u00f3 \u0111\u00e1p \u1ee9ng c\u00e1c y\u00eau c\u1ea7u hay kh\u00f4ng, v\u00ed d\u1ee5: c\u00f3 m\u1eb7t \u0111\u1ee7 c\u00e1n b\u1ed9 gi\u00e1m \u0111\u1ecbnh chuy\u00ean tr\u00e1ch t\u1ea1i \u0111\u1ecba \u0111i\u1ec3m gi\u00e1m \u0111\u1ecbnh. Sau \u0111\u00f3 c\u00f4ng ty gi\u00e1m \u0111\u1ecbnh c\u00f3 th\u1ec3 c\u1ea5p gi\u1ea5y ch\u1ee9ng nh\u1eadn h\u1ee3p ph\u00e1p.<\/p>\n","protected":false},"excerpt":{"rendered":"<p>Gi\u00e1m \u0111\u1ecbnh tr\u01b0\u1edbc khi xu\u1ea5t h\u00e0ng &#8211; PSI Gi\u00e1m \u0111\u1ecbnh tr\u01b0\u1edbc khi xu\u1ea5t h\u00e0ng (PSI) l\u00e0 m\u1ed9t trong nhi\u1ec1u nh\u1eefng h\u00ecnh th\u1ee9c gi\u00e1m \u0111\u1ecbnh ch\u1ea5t l\u01b0\u1ee3ng do HQTS th\u1ef1c hi\u1ec7n. \u0110\u00e2y l\u00e0 m\u1ed9t b\u01b0\u1edbc quan tr\u1ecdng trong quy tr\u00ecnh ki\u1ec3m so\u00e1t ch\u1ea5t l\u01b0\u1ee3ng v\u00e0 l\u00e0 ph\u01b0\u01a1ng ph\u00e1p \u0111\u1ec3 gi\u00e1m \u0111\u1ecbnh ch\u1ea5t l\u01b0\u1ee3ng h\u00e0ng h\u00f3a tr\u01b0\u1edbc [&hellip;]<\/p>\n","protected":false},"author":12,"featured_media":77887,"parent":77006,"menu_order":0,"comment_status":"closed","ping_status":"closed","template":"","meta":{"_acf_changed":false,"footnotes":""},"class_list":["post-77884","page","type-page","status-publish","has-post-thumbnail","hentry"],"acf":[],"_links":{"self":[{"href":"https:\/\/www.hqts.com\/vi\/wp-json\/wp\/v2\/pages\/77884","targetHints":{"allow":["GET"]}}],"collection":[{"href":"https:\/\/www.hqts.com\/vi\/wp-json\/wp\/v2\/pages"}],"about":[{"href":"https:\/\/www.hqts.com\/vi\/wp-json\/wp\/v2\/types\/page"}],"author":[{"embeddable":true,"href":"https:\/\/www.hqts.com\/vi\/wp-json\/wp\/v2\/users\/12"}],"replies":[{"embeddable":true,"href":"https:\/\/www.hqts.com\/vi\/wp-json\/wp\/v2\/comments?post=77884"}],"version-history":[{"count":5,"href":"https:\/\/www.hqts.com\/vi\/wp-json\/wp\/v2\/pages\/77884\/revisions"}],"predecessor-version":[{"id":119826,"href":"https:\/\/www.hqts.com\/vi\/wp-json\/wp\/v2\/pages\/77884\/revisions\/119826"}],"up":[{"embeddable":true,"href":"https:\/\/www.hqts.com\/vi\/wp-json\/wp\/v2\/pages\/77006"}],"wp:featuredmedia":[{"embeddable":true,"href":"https:\/\/www.hqts.com\/vi\/wp-json\/wp\/v2\/media\/77887"}],"wp:attachment":[{"href":"https:\/\/www.hqts.com\/vi\/wp-json\/wp\/v2\/media?parent=77884"}],"curies":[{"name":"wp","href":"https:\/\/api.w.org\/{rel}","templated":true}]}}