{"id":77889,"date":"2021-07-19T09:23:03","date_gmt":"2021-07-19T09:23:03","guid":{"rendered":"https:\/\/www.hqts.com\/?page_id=77889"},"modified":"2022-04-29T07:53:38","modified_gmt":"2022-04-29T07:53:38","slug":"phan-loai","status":"publish","type":"page","link":"https:\/\/www.hqts.com\/vi\/dich-vu\/giam-dinh\/phan-loai\/","title":{"rendered":"Gi\u00e1m \u0111\u1ecbnh ph\u00e2n lo\u1ea1i"},"content":{"rendered":"<h2>Gi\u00e1m \u0111\u1ecbnh ph\u00e2n lo\u1ea1i<\/h2>\n<p><strong>Gi\u00e1m \u0111\u1ecbnh ph\u00e2n lo\u1ea1i l\u00e0 d\u1ecbch v\u1ee5 do HQTS cung c\u1ea5p, bao g\u1ed3m vi\u1ec7c ki\u1ec3m tra t\u1eebng m\u1eb7t h\u00e0ng \u0111\u1ec3 \u0111\u00e1nh gi\u00e1 m\u1ed9t lo\u1ea1t c\u00e1c bi\u1ebfn s\u1ed1. C\u00e1c bi\u1ebfn s\u1ed1 \u0111\u00f3 c\u00f3 th\u1ec3 l\u00e0 ngo\u1ea1i quan, ch\u1ee9c n\u0103ng, \u0111\u1ed9 an to\u00e0n, v.v. ho\u1eb7c c\u00f3 th\u1ec3 do kh\u00e1ch h\u00e0ng ch\u1ec9 \u0111\u1ecbnh, s\u1eed d\u1ee5ng c\u00e1c th\u00f4ng s\u1ed1 k\u1ef9 thu\u1eadt \u0111\u00e1nh gi\u00e1 c\u1ee7a ri\u00eang h\u1ecd. Gi\u00e1m \u0111\u1ecbnh ph\u00e2n lo\u1ea1i, c\u00f3 th\u1ec3 \u0111\u01b0\u1ee3c th\u1ef1c hi\u1ec7n nh\u01b0 gi\u00e1m \u0111\u1ecbnh tr\u01b0\u1edbc ho\u1eb7c sau khi \u0111\u00f3ng g\u00f3i. Trong tr\u01b0\u1eddng h\u1ee3p h\u00e0ng h\u00f3a c\u1ea7n \u0111\u01b0\u1ee3c \u0111\u1eb7c bi\u1ec7t quan t\u00e2m \u0111\u1ebfn t\u1eebng chi ti\u1ebft, th\u00f4ng th\u01b0\u1eddng l\u00e0 \u00e1p \u0111\u1ee5ng \u0111\u1ed1i v\u1edbi h\u00e0ng h\u00f3a c\u00f3 gi\u00e1 tr\u1ecb cao, HQTS s\u1ebd th\u1ef1c hi\u1ec7n d\u1ecbch v\u1ee5 gi\u00e1m \u0111\u1ecbnh 100%. Sau khi ho\u00e0n th\u00e0nh, t\u1ea5t c\u1ea3 c\u00e1c s\u1ea3n ph\u1ea9m v\u01b0\u1ee3t qua qu\u00e1 tr\u00ecnh gi\u00e1m \u0111\u1ecbnh s\u1ebd \u0111\u01b0\u1ee3c ni\u00eam phong v\u00e0 ch\u1ee9ng nh\u1eadn v\u1edbi nh\u00e3n d\u00e1n HQTS \u0111\u1ec3 \u0111\u1ea3m b\u1ea3o r\u1eb1ng m\u1ecdi s\u1ea3n ph\u1ea9m trong l\u00f4 h\u00e0ng \u0111\u1ec1u \u0111\u00e1p \u1ee9ng c\u00e1c y\u00eau c\u1ea7u ch\u1ea5t l\u01b0\u1ee3ng quy \u0111\u1ecbnh.<\/strong><\/p>\n<p>Quy tr\u00ecnh gi\u00e1m \u0111\u1ecbnh ph\u00e2n lo\u1ea1i, c\u00f3 th\u1ec3 \u0111\u01b0\u1ee3c th\u1ef1c hi\u1ec7n t\u1ea1i \u0111\u1ecba \u0111i\u1ec3m c\u1ee7a doanh nghi\u1ec7p, \u0111\u1ecba \u0111i\u1ec3m c\u1ee7a nh\u00e0 cung c\u1ea5p ho\u1eb7c t\u1ea1i c\u01a1 s\u1edf ph\u00e2n lo\u1ea1i c\u1ee7a HQTS. Gi\u00e1m \u0111\u1ecbnh ph\u00e2n lo\u1ea1i \u0111\u01b0\u1ee3c s\u1eed d\u1ee5ng \u0111\u1ec3 c\u1ea3i thi\u1ec7n ch\u1ea5t l\u01b0\u1ee3ng v\u00e0 gi\u1ea3m thi\u1ec3u ho\u1eb7c lo\u1ea1i b\u1ecf c\u00e1c l\u1ed7i. D\u1ecbch v\u1ee5 n\u00e0y \u0111\u1eb7c bi\u1ec7t h\u1eefu \u00edch cho nh\u1eefng ng\u01b0\u1eddi mua c\u1ea7n \u0111\u1ea3m b\u1ea3o r\u1eb1ng h\u00e0ng h\u00f3a c\u1ee7a h\u1ecd ho\u00e0n to\u00e0n tu\u00e2n th\u1ee7 v\u00e0 \u0111\u00e1p \u1ee9ng c\u00e1c y\u00eau c\u1ea7u nghi\u00eam ng\u1eb7t v\u1ec1 ch\u1ea5t l\u01b0\u1ee3ng c\u1ee7a kh\u00e1ch h\u00e0ng v\u00e0 th\u1ecb tr\u01b0\u1eddng. D\u1ecbch v\u1ee5 gi\u00e1m \u0111\u1ecbnh ch\u1ea5t l\u01b0\u1ee3ng to\u00e0n di\u1ec7n c\u1ee7a ch\u00fang t\u00f4i gi\u00fap ng\u0103n ng\u1eeba c\u00e1c l\u1ed7i ph\u00e1t sinh kh\u00f4ng mong mu\u1ed1n, ph\u00e1t hi\u1ec7m m\u1ea3nh kim\/kim lo\u1ea1i c\u0169ng nh\u01b0 c\u00e1c v\u1ea5n \u0111\u1ec1 kh\u00e1c l\u00e0m \u1ea3nh h\u01b0\u1edfng \u0111\u1ebfn th\u01b0\u01a1ng hi\u1ec7u, chi ph\u00ed ho\u1eb7c t\u1ed5n th\u1ea5t kinh doanh.<\/p>\n<p>Gi\u00e1m \u0111\u1ecbnh ph\u00e2n lo\u1ea1i c\u00f3 th\u1ec3 \u0111\u01b0\u1ee3c th\u1ef1c hi\u1ec7n t\u1ea1i b\u1ea5t k\u1ef3 th\u1eddi \u0111i\u1ec3m n\u00e0o trong qu\u00e1 tr\u00ecnh s\u1ea3n xu\u1ea5t \u0111\u1ec3 x\u00e1c nh\u1eadn c\u00e1c l\u00f4 h\u00e0ng kh\u00f4ng c\u00f3 l\u1ed7i s\u1ea3n xu\u1ea5t. Tuy nhi\u00ean, trong h\u1ea7u h\u1ebft c\u00e1c tr\u01b0\u1eddng h\u1ee3p, gi\u00e1m \u0111\u1ecbnh ch\u00e1t l\u01b0\u1ee3ng th\u01b0\u1eddng \u0111\u01b0\u1ee3c th\u1ef1c hi\u1ec7n sau khi s\u1ea3n xu\u1ea5t xong v\u00e0 tr\u01b0\u1edbc khi v\u1eadn chuy\u1ec3n. HQTS cung c\u1ea5p d\u1ecbch v\u1ee5 gi\u00e1m \u0111\u1ecbnh ch\u1ea5t l\u01b0\u1ee3ng to\u00e0n di\u1ec7n, do ch\u00fang t\u00f4i c\u00f3 nhi\u1ec1u n\u0103m kinh nghi\u1ec7m trong ng\u00e0nh v\u00e0 tr\u1ea3i nghi\u1ec7m th\u1ef1c t\u1ebf v\u1edbi \u0111a d\u1ea1ng c\u00e1c kh\u00e1ch h\u00e0ng tr\u00ean to\u00e0n c\u1ea7u.<\/p>\n<h2>L\u1ee3i \u00edch c\u1ee7a d\u1ecbch v\u1ee5<\/h2>\n<p>D\u1ecbch v\u1ee5 c\u1ee7a HQTS mang l\u1ea1i c\u00e1c l\u1ee3i \u00edch sau cho kh\u00e1ch h\u00e0ng:<\/p>\n<ul>\n<li>Gi\u1ea3m x\u00e1c xu\u1ea5t b\u1ecb tr\u1ea3 l\u1ea1i h\u00e0ng<\/li>\n<li>Bi\u00ean b\u1ea3n b\u00e1o c\u00e1o ch\u00ednh x\u00e1c<\/li>\n<li>S\u1ea3n ph\u1ea9m ch\u1ea5t l\u01b0\u1ee3ng cao h\u01a1n<\/li>\n<li>C\u1ea3i thi\u1ec7n ch\u1ea5t l\u01b0\u1ee3ng nh\u00e0 cung c\u1ea5p<\/li>\n<li>C\u1ea3i thi\u1ec7n quan h\u1ec7 kh\u00e1ch h\u00e0ng<\/li>\n<\/ul>\n<h2><strong>D\u1ecbch v\u1ee5 to\u00e0n c\u1ea7u<\/strong><\/h2>\n<p>C\u00e1c gi\u00e1m \u0111\u1ecbnh vi\u00ean tr\u00ean to\u00e0n c\u1ea7u c\u1ee7a HQTS gi\u00fap ch\u00fang t\u00f4i th\u1ef1c hi\u1ec7n d\u1ecbch v\u1ee5 gi\u00e1m \u0111\u1ecbnh to\u00e0n di\u1ec7n t\u1ea1i c\u00e1c qu\u1ed1c gia nh\u01b0 Trung Qu\u1ed1c, H\u00e0n Qu\u1ed1c, Vi\u1ec7t Nam, Myanmar, Campuchia, Th\u00e1i Lan, Indonesia, Malaysia, \u1ea4n \u0110\u1ed9, Sri Lanka, Pakistan, Bangladesh, Th\u1ed5 Nh\u0129 K\u1ef3, v.v.<\/p>\n<p>C\u01a1 s\u1edf gi\u00e1m \u0111\u1ecbnh c\u1ee7a HQTS<\/p>\n<p>Trung Qu\u1ed1c: Th\u01b0\u1ee3ng H\u1ea3i, Kinh Giang, Ph\u00fac Ki\u1ebfn, \u0110\u00f4ng Quan, Qu\u1ea3ng \u0110\u00f4ng<\/p>\n<p>\u0110\u00f4ng Nam \u00c1: Phn\u00f4m P\u00eanh, Campuchia, Vi\u1ec7t Nam<\/p>\n<h2><strong>Th\u1eddi gian v\u00e0 l\u1ecbch tr\u00ecnh<\/strong><\/h2>\n<ul>\n<li>\u0110\u1eb7t d\u1ecbch v\u1ee5 3-5 ng\u00e0y l\u00e0m vi\u1ec7c tr\u01b0\u1edbc khi th\u1ef1c hi\u1ec7n gi\u00e1m \u0111\u1ecbnh<\/li>\n<li>B\u00e1o c\u00e1o trong v\u00f2ng 24H<\/li>\n<li>Gi\u00e1m \u0111\u1ecbnh t\u1ea1i \u0111i\u1ec3m \u0111\u1ebfn t\u1eeb 8:30 s\u00e1ng \u0111\u1ebfn 17:30 chi\u1ec1u<\/li>\n<\/ul>\n<h2>C\u00e1c d\u1ecbch v\u1ee5 gi\u00e1m \u0111\u1ecbnh kh\u00e1c:<\/h2>\n<ul>\n<li><a href=\"https:\/\/www.hqts.com\/vi\/dich-vu\/giam-dinh\/mau\/\">Gi\u00e1m \u0111\u1ecbnh m\u1eabu<\/a><\/li>\n<li><a href=\"https:\/\/www.hqts.com\/vi\/dich-vu\/giam-dinh\/phan-loai\/\">Gi\u00e1m \u0111\u1ecbnh ph\u00e2n lo\u1ea1i<\/a><\/li>\n<li><a href=\"https:\/\/www.hqts.com\/vi\/dich-vu\/giam-dinh\/\">Gi\u00e1m \u0111\u1ecbnh ch\u1ea5t l\u01b0\u1ee3ng h\u00e0ng xu\u1ea5t nh\u1eadp kh\u1ea9u<\/a><\/li>\n<li><a href=\"https:\/\/www.hqts.com\/vi\/dich-vu\/giam-dinh\/xep-do-hang-hoa\/\">Gi\u00e1m s\u00e1t l\u00ean container v\u00e0 b\u1ed1c d\u1ee1 h\u00e0ng h\u00f3a<\/a><\/li>\n<\/ul>\n","protected":false},"excerpt":{"rendered":"<p>Gi\u00e1m \u0111\u1ecbnh ph\u00e2n lo\u1ea1i Gi\u00e1m \u0111\u1ecbnh ph\u00e2n lo\u1ea1i l\u00e0 d\u1ecbch v\u1ee5 do HQTS cung c\u1ea5p, bao g\u1ed3m vi\u1ec7c ki\u1ec3m tra t\u1eebng m\u1eb7t h\u00e0ng \u0111\u1ec3 \u0111\u00e1nh gi\u00e1 m\u1ed9t lo\u1ea1t c\u00e1c bi\u1ebfn s\u1ed1. C\u00e1c bi\u1ebfn s\u1ed1 \u0111\u00f3 c\u00f3 th\u1ec3 l\u00e0 ngo\u1ea1i quan, ch\u1ee9c n\u0103ng, \u0111\u1ed9 an to\u00e0n, v.v. ho\u1eb7c c\u00f3 th\u1ec3 do kh\u00e1ch h\u00e0ng ch\u1ec9 \u0111\u1ecbnh, s\u1eed [&hellip;]<\/p>\n","protected":false},"author":12,"featured_media":77894,"parent":77006,"menu_order":0,"comment_status":"closed","ping_status":"closed","template":"","meta":{"_acf_changed":false,"footnotes":""},"class_list":["post-77889","page","type-page","status-publish","has-post-thumbnail","hentry"],"acf":[],"_links":{"self":[{"href":"https:\/\/www.hqts.com\/vi\/wp-json\/wp\/v2\/pages\/77889","targetHints":{"allow":["GET"]}}],"collection":[{"href":"https:\/\/www.hqts.com\/vi\/wp-json\/wp\/v2\/pages"}],"about":[{"href":"https:\/\/www.hqts.com\/vi\/wp-json\/wp\/v2\/types\/page"}],"author":[{"embeddable":true,"href":"https:\/\/www.hqts.com\/vi\/wp-json\/wp\/v2\/users\/12"}],"replies":[{"embeddable":true,"href":"https:\/\/www.hqts.com\/vi\/wp-json\/wp\/v2\/comments?post=77889"}],"version-history":[{"count":5,"href":"https:\/\/www.hqts.com\/vi\/wp-json\/wp\/v2\/pages\/77889\/revisions"}],"predecessor-version":[{"id":119823,"href":"https:\/\/www.hqts.com\/vi\/wp-json\/wp\/v2\/pages\/77889\/revisions\/119823"}],"up":[{"embeddable":true,"href":"https:\/\/www.hqts.com\/vi\/wp-json\/wp\/v2\/pages\/77006"}],"wp:featuredmedia":[{"embeddable":true,"href":"https:\/\/www.hqts.com\/vi\/wp-json\/wp\/v2\/media\/77894"}],"wp:attachment":[{"href":"https:\/\/www.hqts.com\/vi\/wp-json\/wp\/v2\/media?parent=77889"}],"curies":[{"name":"wp","href":"https:\/\/api.w.org\/{rel}","templated":true}]}}