{"id":77898,"date":"2021-07-19T09:32:01","date_gmt":"2021-07-19T09:32:01","guid":{"rendered":"https:\/\/www.hqts.com\/?page_id=77898"},"modified":"2022-04-29T07:56:21","modified_gmt":"2022-04-29T07:56:21","slug":"do-kim-loai","status":"publish","type":"page","link":"https:\/\/www.hqts.com\/vi\/dich-vu\/giam-dinh\/do-kim-loai\/","title":{"rendered":"Ph\u00e1t hi\u1ec7n kim lo\u1ea1i"},"content":{"rendered":"<h2>Ph\u00e1t hi\u1ec7n kim lo\u1ea1i<\/h2>\n<p><strong>Ph\u00e1t hi\u1ec7n kim l\u00e0 m\u1ed9t y\u00eau c\u1ea7u \u0111\u1ea3m b\u1ea3o ch\u1ea5t l\u01b0\u1ee3ng thi\u1ebft y\u1ebfu \u0111\u1ed1i v\u1edbi ng\u00e0nh c\u00f4ng nghi\u1ec7p may m\u1eb7c, nh\u1eb1m ph\u00e1t hi\u1ec7n li\u1ec7u c\u00f3 c\u00e1c m\u1ea3nh kim ho\u1eb7c c\u00e1c ch\u1ea5t kim lo\u1ea1i kh\u00f4ng mong mu\u1ed1n b\u1ecb d\u00ednh v\u00e0o trong qu\u1ea7n \u00e1o ho\u1eb7c ph\u1ee5 ki\u1ec7n d\u1ec7t trong qu\u00e1 tr\u00ecnh s\u1ea3n xu\u1ea5t v\u00e0 may. C\u00e1c ch\u1ea5t kim lo\u1ea1i n\u00e0y c\u00f3 th\u1ec3 g\u00e2y th\u01b0\u01a1ng t\u00edch ho\u1eb7c g\u00e2y h\u1ea1i cho ng\u01b0\u1eddi ti\u00eau d\u00f9ng, do \u0111\u00f3, ph\u00e1t hi\u1ec7n kim lo\u1ea1i l\u00e0 m\u1ed9t gi\u1ea3i ph\u00e1p an to\u00e0n s\u1ea3n ph\u1ea9m cho t\u1ea5t c\u1ea3 c\u00e1c s\u1ea3n ph\u1ea9m may m\u1eb7c v\u00e0 ph\u1ee5 ki\u1ec7n. Ph\u00e1t hi\u1ec7n kim lo\u1ea1i \u0111\u00f3ng vai tr\u00f2 quan tr\u1ecdng \u0111\u1ed1i v\u1edbi vi\u1ec7c \u0111\u1ea3m b\u1ea3o ch\u1ea5t l\u01b0\u1ee3ng v\u00e0 an to\u00e0n cho ng\u01b0\u1eddi ti\u00eau d\u00f9ng.<\/strong><\/p>\n<p>C\u00e1c d\u1ecbch v\u1ee5 \u0111\u1ea3m b\u1ea3o ch\u1ea5t l\u01b0\u1ee3ng v\u1ec1 kim lo\u1ea1i v\u00e0 \u00f4 nhi\u1ec5m kim lo\u1ea1i c\u1ee7a HQTS cho ng\u00e0nh may m\u1eb7c s\u1ebd r\u1ea5t h\u1eefu \u00edch cho c\u00e1c doanh nghi\u1ec7p quan t\u00e2m \u0111\u1ebfn vi\u1ec7c \u0111\u1ea3m b\u1ea3o an to\u00e0n v\u00e0 tu\u00e2n th\u1ee7 t\u1ed5ng th\u1ec3. Ch\u00fang t\u00f4i \u00e1p d\u1ee5ng h\u1ec7 th\u1ed1ng ph\u00e1t hi\u1ec7n kim lo\u1ea1i v\u00e0 ph\u00e1t hi\u1ec7n tia X trong su\u1ed1t qu\u00e1 tr\u00ecnh s\u1ea3n xu\u1ea5t v\u00e0 may, \u0111\u1ec3 \u0111\u1ea3m b\u1ea3o ph\u00e1t hi\u1ec7n kim lo\u1ea1i \u1edf t\u1ea5t c\u1ea3 c\u00e1c giai \u0111o\u1ea1n s\u1ea3n xu\u1ea5t.<\/p>\n<h2>M\u00e1y d\u00f2 kim lo\u1ea1i<\/h2>\n<p>H\u1ec7 th\u1ed1ng ph\u00e1t hi\u1ec7n kim lo\u1ea1i<\/p>\n<p><img fetchpriority=\"high\" decoding=\"async\" class=\"alignnone size-medium wp-image-77902\" src=\"https:\/\/www.hqts.com\/wp-content\/uploads\/2020\/05\/2-300x216.jpg\" alt=\"\" width=\"300\" height=\"216\" srcset=\"https:\/\/www.hqts.com\/wp-content\/uploads\/2020\/05\/2-300x216.jpg 300w, https:\/\/www.hqts.com\/wp-content\/uploads\/2020\/05\/2.jpg 632w\" sizes=\"(max-width: 300px) 100vw, 300px\" \/><\/p>\n<h2>H\u1ec7 th\u1ed1ng ph\u00e1t hi\u1ec7n tia X<\/h2>\n<p><img decoding=\"async\" class=\"alignnone size-medium wp-image-77901\" src=\"https:\/\/www.hqts.com\/wp-content\/uploads\/2020\/05\/1-300x216.jpg\" alt=\"\" width=\"300\" height=\"216\" srcset=\"https:\/\/www.hqts.com\/wp-content\/uploads\/2020\/05\/1-300x216.jpg 300w, https:\/\/www.hqts.com\/wp-content\/uploads\/2020\/05\/1.jpg 632w\" sizes=\"(max-width: 300px) 100vw, 300px\" \/><\/p>\n<h2>C\u00e1c d\u1ecbch v\u1ee5 gi\u00e1m \u0111\u1ecbnh kh\u00e1c:<\/h2>\n<p><a href=\"https:\/\/www.hqts.com\/vi\/dich-vu\/giam-dinh\/mau\/\">Gi\u00e1m \u0111\u1ecbnh m\u1eabu<\/a><\/p>\n<p><a href=\"https:\/\/www.hqts.com\/vi\/dich-vu\/giam-dinh\/phan-loai\/\">Gi\u00e1m \u0111\u1ecbnh ph\u00e2n lo\u1ea1i<\/a><\/p>\n<p><a href=\"https:\/\/www.hqts.com\/vi\/dich-vu\/giam-dinh\/\">Gi\u00e1m \u0111\u1ecbnh ch\u1ea5t l\u01b0\u1ee3ng h\u00e0ng xu\u1ea5t nh\u1eadp kh\u1ea9u<\/a><\/p>\n<p><a href=\"https:\/\/www.hqts.com\/vi\/dich-vu\/giam-dinh\/xep-do-hang-hoa\/\">Gi\u00e1m s\u00e1t l\u00ean container v\u00e0 b\u1ed1c d\u1ee1 h\u00e0ng h\u00f3a<\/a><\/p>\n","protected":false},"excerpt":{"rendered":"<p>Ph\u00e1t hi\u1ec7n kim lo\u1ea1i Ph\u00e1t hi\u1ec7n kim l\u00e0 m\u1ed9t y\u00eau c\u1ea7u \u0111\u1ea3m b\u1ea3o ch\u1ea5t l\u01b0\u1ee3ng thi\u1ebft y\u1ebfu \u0111\u1ed1i v\u1edbi ng\u00e0nh c\u00f4ng nghi\u1ec7p may m\u1eb7c, nh\u1eb1m ph\u00e1t hi\u1ec7n li\u1ec7u c\u00f3 c\u00e1c m\u1ea3nh kim ho\u1eb7c c\u00e1c ch\u1ea5t kim lo\u1ea1i kh\u00f4ng mong mu\u1ed1n b\u1ecb d\u00ednh v\u00e0o trong qu\u1ea7n \u00e1o ho\u1eb7c ph\u1ee5 ki\u1ec7n d\u1ec7t trong qu\u00e1 tr\u00ecnh s\u1ea3n xu\u1ea5t [&hellip;]<\/p>\n","protected":false},"author":12,"featured_media":77905,"parent":77006,"menu_order":58,"comment_status":"closed","ping_status":"closed","template":"","meta":{"_acf_changed":false,"footnotes":""},"class_list":["post-77898","page","type-page","status-publish","has-post-thumbnail","hentry"],"acf":[],"_links":{"self":[{"href":"https:\/\/www.hqts.com\/vi\/wp-json\/wp\/v2\/pages\/77898","targetHints":{"allow":["GET"]}}],"collection":[{"href":"https:\/\/www.hqts.com\/vi\/wp-json\/wp\/v2\/pages"}],"about":[{"href":"https:\/\/www.hqts.com\/vi\/wp-json\/wp\/v2\/types\/page"}],"author":[{"embeddable":true,"href":"https:\/\/www.hqts.com\/vi\/wp-json\/wp\/v2\/users\/12"}],"replies":[{"embeddable":true,"href":"https:\/\/www.hqts.com\/vi\/wp-json\/wp\/v2\/comments?post=77898"}],"version-history":[{"count":5,"href":"https:\/\/www.hqts.com\/vi\/wp-json\/wp\/v2\/pages\/77898\/revisions"}],"predecessor-version":[{"id":119829,"href":"https:\/\/www.hqts.com\/vi\/wp-json\/wp\/v2\/pages\/77898\/revisions\/119829"}],"up":[{"embeddable":true,"href":"https:\/\/www.hqts.com\/vi\/wp-json\/wp\/v2\/pages\/77006"}],"wp:featuredmedia":[{"embeddable":true,"href":"https:\/\/www.hqts.com\/vi\/wp-json\/wp\/v2\/media\/77905"}],"wp:attachment":[{"href":"https:\/\/www.hqts.com\/vi\/wp-json\/wp\/v2\/media?parent=77898"}],"curies":[{"name":"wp","href":"https:\/\/api.w.org\/{rel}","templated":true}]}}