{"id":77916,"date":"2021-07-19T10:03:24","date_gmt":"2021-07-19T10:03:24","guid":{"rendered":"https:\/\/www.hqts.com\/?page_id=77916"},"modified":"2022-04-29T07:55:51","modified_gmt":"2022-04-29T07:55:51","slug":"xep-do-hang-hoa","status":"publish","type":"page","link":"https:\/\/www.hqts.com\/vi\/dich-vu\/giam-dinh\/xep-do-hang-hoa\/","title":{"rendered":"Gi\u00e1m s\u00e1t l\u00ean container v\u00e0 x\u1ebfp d\u1ee1 h\u00e0ng h\u00f3a"},"content":{"rendered":"<h2><strong>GI\u00c1M S\u00c1T L\u00caN CONTAINER V\u00c0 X\u1ebeP D\u1ee0 H\u00c0NG H\u00d3A<\/strong><\/h2>\n<p><strong>V\u1edbi d\u1ecbch v\u1ee5 n\u00e0y, c\u00e1c gi\u00e1m \u0111\u1ecbnh vi\u00ean c\u1ee7a HQTS s\u1ebd gi\u00e1m s\u00e1t to\u00e0n b\u1ed9 qu\u00e1 tr\u00ecnh t\u1ea3i l\u00ean container v\u00e0 x\u1ebfp d\u1ee1 h\u00e0ng h\u00f3a theo \u0111\u1ecba \u0111i\u1ec3m \u0111\u01b0\u1ee3c ch\u1ec9 \u0111\u1ecbnh c\u1ee7a doanh nghi\u1ec7p. D\u1ecbch v\u1ee5 Gi\u00e1m s\u00e1t l\u00ean container v\u00e0 x\u1ebfp d\u1ee1 h\u00e0ng h\u00f3a c\u1ee7a HQTS \u0111\u1ea3m b\u1ea3o r\u1eb1ng s\u1ea3n ph\u1ea9m \u0111\u01b0\u1ee3c x\u1eed l\u00fd m\u1ed9t c\u00e1ch chuy\u00ean nghi\u1ec7p v\u00e0 h\u00e0ng h\u00f3a \u0111\u01b0\u1ee3c v\u1eadn chuy\u1ec3n an to\u00e0n \u0111\u1ebfn \u0111i\u1ec3m \u0111\u1ebfn ch\u1ec9 \u0111\u1ecbnh.<\/strong><\/p>\n<h2><strong>D\u1ecbch v\u1ee5 gi\u00e1m s\u00e1t l\u00ean container v\u00e0 x\u1ebfp d\u1ee1 h\u00e0ng h\u00f3a<\/strong><\/h2>\n<p>Vi\u1ec7c gi\u00e1m \u0111\u1ecbnh ch\u1ea5t l\u01b0\u1ee3ng n\u00e0y th\u01b0\u1eddng di\u1ec5n ra t\u1ea1i nh\u00e0 m\u00e1y \u0111\u01b0\u1ee3c doanh nghi\u1ec7p ch\u1ecdn tr\u01b0\u1edbc v\u00ec h\u00e0ng h\u00f3a \u0111\u01b0\u1ee3c x\u1ebfp l\u00ean container v\u00e0 v\u1eadn chuy\u1ec3n \u0111\u1ebfn \u0111\u1ecba \u0111i\u1ec3m \u0111\u01b0\u1ee3c ch\u1ec9 \u0111\u1ecbnh, sau \u0111\u00f3 \u0111\u01b0\u1ee3c b\u1ed1c d\u1ee1 xu\u1ed1ng. Qu\u00e1 tr\u00ecnh ki\u1ec3m tra, gi\u00e1m s\u00e1t bao g\u1ed3m \u0111\u00e1nh gi\u00e1 t\u00ecnh tr\u1ea1ng c\u1ee7a container v\u1eadn chuy\u1ec3n, x\u00e1c minh th\u00f4ng tin s\u1ea3n ph\u1ea9m; s\u1ed1 l\u01b0\u1ee3ng \u0111\u01b0\u1ee3c x\u1ebfp v\u00e0 d\u1ee1 h\u00e0ng, tu\u00e2n th\u1ee7 \u0111\u00f3ng g\u00f3i v\u00e0 gi\u00e1m s\u00e1t t\u1ed5ng th\u1ec3 qu\u00e1 tr\u00ecnh x\u1ebfp d\u1ee1.<\/p>\n<h2><strong>Quy tr\u00ecnh gi\u00e1m s\u00e1t l\u00ean container v\u00e0 x\u1ebfp d\u1ee1 h\u00e0ng h\u00f3a<\/strong><\/h2>\n<p>M\u1ecdi ho\u1ea1t \u0111\u1ed9ng gi\u00e1m s\u00e1t l\u00ean container v\u00e0 x\u1ebfp d\u1ee1 h\u00e0ng h\u00f3a \u0111\u1ec1u b\u1eaft \u0111\u1ea7u b\u1eb1ng vi\u1ec7c ki\u1ec3m tra container. N\u1ebfu container c\u00f2n nguy\u00ean v\u1eb9n v\u00e0 h\u00e0ng h\u00f3a \u0111\u00e3 \u0111\u01b0\u1ee3c \u0111\u00f3ng g\u00f3i v\u00e0 x\u00e1c nh\u1eadn 100% th\u00ec qu\u00e1 tr\u00ecnh gi\u00e1m \u0111\u1ecbnh n\u00e0y m\u1edbi \u0111\u01b0\u1ee3c ti\u1ebfp t\u1ee5c. Gi\u00e1m \u0111\u1ecbnh vi\u00ean s\u1ebd x\u00e1c nh\u1eadn r\u1eb1ng h\u00e0ng h\u00f3a \u0111\u00e3 \u0111\u01b0\u1ee3c \u0111\u00f3ng g\u00f3i v\u00e0 \u0111\u00e1p \u1ee9ng t\u1ea5t c\u1ea3 c\u00e1c th\u00f4ng s\u1ed1 k\u1ef9 thu\u1eadt c\u1ee7a kh\u00e1ch h\u00e0ng. Trong khi b\u1eaft \u0111\u1ea7u b\u1ed1c d\u1ee1 container, gi\u00e1m \u0111\u1ecbnh s\u1ebd vi\u00ean x\u00e1c minh s\u1ed1 l\u01b0\u1ee3ng \u0111\u01a1n v\u1ecb ch\u00ednh x\u00e1c \u0111ang \u0111\u01b0\u1ee3c x\u1ebfp v\u00e0 d\u1ee1 h\u00e0ng.<\/p>\n<h2><strong>Quy tr\u00ecnh Gi\u00e1m s\u00e1t l\u00ean container<\/strong><\/h2>\n<ul>\n<li>H\u1ed3 s\u01a1 v\u1ec1 \u0111i\u1ec1u ki\u1ec7n th\u1eddi ti\u1ebft, th\u1eddi gian \u0111\u1ebfn c\u1ee7a container, h\u1ed3 s\u01a1 v\u1ec1 container v\u1eadn chuy\u1ec3n v\u00e0 s\u1ed1 hi\u1ec7u ph\u01b0\u01a1ng ti\u1ec7n v\u1eadn chuy\u1ec3n<\/li>\n<li>Ki\u1ec3m tra v\u00e0 \u0111\u00e1nh gi\u00e1 to\u00e0n b\u1ed9 container \u0111\u1ec3 \u0111\u00e1nh gi\u00e1 m\u1ecdi h\u01b0 h\u1ecfng, \u0111\u1ed9 \u1ea9m b\u00ean trong, l\u1ed7 th\u1ee7ng v\u00e0 ki\u1ec3m tra m\u00f9i \u0111\u1ec3 ph\u00e1t hi\u1ec7n n\u1ea5m m\u1ed1c ho\u1eb7c h\u01b0 th\u1ed1i<\/li>\n<li>X\u00e1c nh\u1eadn s\u1ed1 l\u01b0\u1ee3ng h\u00e0ng h\u00f3a v\u00e0 t\u00ecnh tr\u1ea1ng c\u1ee7a th\u00f9ng gi\u1ea5y v\u1eadn chuy\u1ec3n<\/li>\n<li>L\u1ef1a ch\u1ecdn ng\u1eabu nhi\u00ean c\u00e1c th\u00f9ng carton m\u1eabu \u0111\u1ec3 x\u00e1c minh c\u00e1c s\u1ea3n ph\u1ea9m \u0111\u01b0\u1ee3c \u0111\u00f3ng g\u00f3i b\u00ean trong<\/li>\n<li>Gi\u00e1m s\u00e1t qu\u00e1 tr\u00ecnh x\u1ebfp \/ d\u1ee1 h\u00e0ng \u0111\u1ec3 \u0111\u1ea3m b\u1ea3o ch\u00fang \u0111\u01b0\u1ee3c x\u1ebfp d\u1ee1 \u0111\u00fang c\u00e1ch, gi\u1ea3m thi\u1ec3u \u0111\u1ed5 v\u1ee1 v\u00e0 s\u1eed d\u1ee5ng t\u1ed1i \u0111a kh\u00f4ng gian<\/li>\n<li>Ni\u00eam phong container b\u1eb1ng con d\u1ea5u h\u1ea3i quan v\u00e0 con d\u1ea5u c\u1ee7a HQTS<\/li>\n<li>Ghi s\u1ed1 ni\u00eam phong v\u00e0 th\u1eddi gian xu\u1ea5t b\u1ebfn c\u1ee7a container<\/li>\n<\/ul>\n<h2><strong>Quy tr\u00ecnh gi\u00e1m \u0111\u1ecbnh b\u1ed1c d\u1ee1 h\u00e0ng<\/strong><\/h2>\n<ul>\n<li>Ghi l\u1ea1i th\u1eddi gian \u0111\u1ebfn c\u1ee7a container t\u1ea1i \u0111i\u1ec3m \u0111\u1ebfn<\/li>\n<li>Ch\u1ee9ng ki\u1ebfn \u200b\u200bqu\u00e1 tr\u00ecnh m\u1edf container<\/li>\n<li>Ki\u1ec3m tra t\u00ednh h\u1ee3p l\u1ec7 c\u1ee7a c\u00e1c t\u00e0i li\u1ec7u d\u1ee1 h\u00e0ng<\/li>\n<li>Ki\u1ec3m tra s\u1ed1 l\u01b0\u1ee3ng, \u0111\u00f3ng g\u00f3i v\u00e0 \u0111\u00e1nh d\u1ea5u h\u00e0ng h\u00f3a<\/li>\n<li>Gi\u00e1m s\u00e1t vi\u1ec7c d\u1ee1 h\u00e0ng \u0111\u1ec3 xem h\u00e0ng h\u00f3a c\u00f3 b\u1ecb h\u01b0 h\u1ecfng trong qu\u00e1 tr\u00ecnh n\u00e0y hay kh\u00f4ng<\/li>\n<li>Ki\u1ec3m tra \u0111\u1ed9 s\u1ea1ch c\u1ee7a khu v\u1ef1c d\u1ee1 h\u00e0ng v\u00e0 v\u1eadn chuy\u1ec3n<\/li>\n<li>Danh s\u00e1ch ki\u1ec3m tra gi\u00e1m s\u00e1t l\u00ean c\u00f4ng v\u00e0 x\u1ebfp d\u1ee1 container<\/li>\n<li>T\u00ecnh tr\u1ea1ng container<\/li>\n<li>S\u1ed1 l\u01b0\u1ee3ng l\u00f4 h\u00e0ng v\u00e0 bao b\u00ec s\u1ea3n ph\u1ea9m<\/li>\n<li>Ki\u1ec3m tra 1 ho\u1eb7c 2 th\u00f9ng \u0111\u1ec3 xem s\u1ea3n ph\u1ea9m c\u00f3 \u0111\u00fang nh\u01b0 m\u00f4 t\u1ea3 kh\u00f4ng<\/li>\n<li>Gi\u00e1m s\u00e1t to\u00e0n b\u1ed9 qu\u00e1 tr\u00ecnh x\u1ebfp d\u1ee1<\/li>\n<li>Ni\u00eam phong container b\u1eb1ng ni\u00eam phong h\u1ea3i quan v\u00e0 ni\u00eam phong HQTS v\u00e0 ch\u1ee9ng ki\u1ebfn \u200b\u200bqu\u00e1 tr\u00ecnh m\u1edf container.<\/li>\n<\/ul>\n<h2>Gi\u1ea5y ch\u1ee9ng nh\u1eadn ki\u1ec3m tra x\u1ebfp d\u1ee1 container<\/h2>\n<p>B\u1eb1ng c\u00e1ch ni\u00eam phong th\u00f9ng ch\u1ee9a b\u1eb1ng con d\u1ea5u ch\u1ed1ng gi\u1ea3 m\u1ea1o c\u1ee7a HQTS, kh\u00e1ch h\u00e0ng c\u00f3 th\u1ec3 y\u00ean t\u00e2m r\u1eb1ng kh\u00f4ng c\u00f3 h\u00e0nh vi l\u1eeba d\u1ed1i v\u1edbi s\u1ea3n ph\u1ea9m c\u1ee7a h\u1ecd khi ch\u00fang t\u00f4i th\u1ef1c hi\u1ec7n gi\u00e1m s\u00e1t l\u00ean container v\u00e0 b\u1ed1c d\u1ee1 h\u00e0ng h\u00e0ng. To\u00e0n b\u1ed9 qu\u00e1 tr\u00ecnh m\u1edf container s\u1ebd \u0111\u01b0\u1ee3c gi\u00e1m \u0111\u1ecbnh vi\u00ean ch\u1ee9ng ki\u1ebfn v\u00e0 x\u00e1c minh \u200b\u200b khi h\u00e0ng h\u00f3a \u0111\u01b0\u1ee3c v\u1eadn chuy\u1ec3n \u0111\u1ebfn \u0111i\u1ec3m \u0111\u1ebfn ch\u1ec9 \u0111\u1ecbnh.<\/p>\n<h2><strong>B\u00e1o c\u00e1o gi\u00e1m s\u00e1t l\u00ean container v\u00e0 x\u1ebfp d\u1ee1 h\u00e0ng h\u00f3a<\/strong><\/h2>\n<p>Bi\u00ean b\u1ea3n gi\u00e1m s\u00e1t l\u00ean container v\u00e0 x\u1ebfp d\u1ee1 ghi l\u1ea1i s\u1ed1 l\u01b0\u1ee3ng h\u00e0ng h\u00f3a, t\u00ecnh tr\u1ea1ng c\u1ee7a container, quy tr\u00ecnh v\u00e0 th\u1ee7 t\u1ee5c l\u00ean container. Ngo\u00e0i ra, c\u00e1c b\u1ee9c \u1ea3nh ghi l\u1ea1i t\u1ea5t c\u1ea3 c\u00e1c b\u01b0\u1edbc c\u1ee7a quy tr\u00ecnh gi\u00e1m s\u00e1t x\u1ebfp d\u1ee1 c\u0169ng s\u1ebd \u0111\u01b0\u1ee3c \u0111\u01b0a v\u00e0o b\u00e1o c\u00e1o.<\/p>\n<p>Gi\u00e1m \u0111\u1ecbnh vi\u00ean s\u1ebd ki\u1ec3m tra m\u1ed9t lo\u1ea1t c\u00e1c h\u1ea1ng m\u1ee5c quan tr\u1ecdng \u0111\u1ec3 \u0111\u1ea3m b\u1ea3o s\u1ed1 l\u01b0\u1ee3ng ch\u00ednh x\u00e1c s\u1ea3n ph\u1ea9m \u0111\u01b0\u1ee3c t\u1ea3i\/b\u1ed1c d\u1ee1 xu\u1ed1ng v\u00e0 \u0111\u01b0\u1ee3c x\u1eed l\u00fd m\u1ed9t c\u00e1ch chuy\u1ec3n nghi\u1ec7p \u0111\u1ec3 \u0111\u1ea3m b\u1ea3o l\u01b0\u1ee3ng h\u00e0ng \u0111\u01b0\u1ee3c x\u1ebfp v\u00e0o container lu\u00f4n \u1edf t\u00ecnh tr\u1ea1ng t\u1ed1t. Gi\u00e1m \u0111\u1ecbnh vi\u00ean c\u0169ng x\u00e1c minh r\u1eb1ng th\u00f9ng h\u00e0ng \u0111\u00e3 \u0111\u01b0\u1ee3c ni\u00eam phong \u0111\u00fang c\u00e1ch v\u00e0 c\u00f3 c\u00e1c t\u00e0i li\u1ec7u \u0111\u1ec3 ki\u1ec3m tra h\u1ea3i quan hay kh\u00f4ng. Danh s\u00e1ch gi\u00e1m s\u00e1t l\u00ean c\u00f4ng v\u00e0 x\u1ebfp d\u1ee1 h\u00e0ng \u0111\u00e1p \u1ee9ng c\u00e1c th\u00f4ng s\u1ed1 k\u1ef9 thu\u1eadt c\u1ee7a s\u1ea3n ph\u1ea9m v\u00e0 c\u00e1c ti\u00eau ch\u00ed quan tr\u1ecdng kh\u00e1c.<\/p>\n<p>Tr\u01b0\u1edbc khi b\u1eaft \u0111\u1ea7u quy tr\u00ecnh b\u1ed1c h\u00e0ng l\u00ean container, gi\u00e1m \u0111\u1ecbnh vi\u00ean c\u1ea7n ki\u1ec3m tra \u0111\u1ed9 t\u00ednh \u1ed5n \u0111\u1ecbnh c\u1ee7a k\u1ebft c\u1ea5u container v\u00e0 n\u00f3 kh\u00f4ng c\u00f3 d\u1ea5u hi\u1ec7u h\u01b0 h\u1ecfng, th\u1eed c\u00e1c c\u01a1 c\u1ea5u kh\u00f3a, ki\u1ec3m tra b\u00ean ngo\u00e0i container v\u1eadn chuy\u1ec3n, v.v. Sau khi ho\u00e0n th\u00e0nh vi\u1ec7c ki\u1ec3m tra container, gi\u00e1m \u0111\u1ecbnh vi\u00ean s\u1ebd c\u1ea5p bi\u00ean b\u1ea3n b\u00e1o c\u00e1o gi\u00e1m s\u00e1t l\u00ean container v\u00e0 b\u1ed1c d\u1ee1 h\u00e0ng.<\/p>\n<h2><strong>T\u1ea1i sao vi\u1ec7c gi\u00e1m s\u00e1t l\u00ean container v\u00e0 b\u1ed1c d\u1ee1 h\u00e0ng h\u00f3a l\u1ea1i quan tr\u1ecdng?<\/strong><\/h2>\n<p>Vi\u1ec7c b\u1ed1c d\u1ee1 kh\u00f4ng \u0111\u00fang quy c\u00e1ch c\u00f3 th\u1ec3 g\u00e2y ra c\u00e1c v\u1ea5n \u0111\u1ec1 l\u00e0m \u1ea3nh h\u01b0\u1edfng \u0111\u1ebfn ch\u1ea5t l\u01b0\u1ee3ng h\u00e0ng h\u00f3a trong qu\u00e1 tr\u00ecnh v\u1eadn chuy\u1ec3n. Ch\u00fang t\u00f4i th\u01b0\u1eddng th\u1ea5y c\u00e1c s\u1ef1 c\u1ed1 v\u1ec1 l\u1edbp ch\u1ed1ng ch\u1ecbu th\u1eddi ti\u1ebft xung quanh c\u1eeda, l\u00e0m h\u1ecfng c\u1ea5u tr\u00fac, n\u01b0\u1edbc x\u00e2m nh\u1eadp do b\u1ecb r\u00f2 r\u1ec9 v\u00e0 d\u1eabn \u0111\u1ebfn n\u1ea5m m\u1ed1c ho\u1eb7c g\u1ed7 m\u1ee5c n\u00e1t.<\/p>\n<p>Ngo\u00e0i ra, m\u1ed9t s\u1ed1 nh\u00e0 cung c\u1ea5p th\u1ef1c thi c\u00e1c ph\u01b0\u01a1ng ph\u00e1p v\u1eadn chuy\u1ec3n ri\u00eang d\u1eabn \u0111\u1ebfn h\u00e0ng h\u00f3a \u0111\u01b0\u1ee3c t\u1ea3i l\u00ean container kh\u00f4ng \u0111\u00fang c\u00e1ch, do \u0111\u00f3 l\u00e0m t\u0103ng chi ph\u00ed ho\u1eb7c h\u00e0ng h\u00f3a b\u1ecb h\u01b0 h\u1ecfng do s\u1eafp x\u1ebfp ch\u1ed3ng ch\u00e9o l\u00ean nhau.<\/p>\n<p>Vi\u1ec7c gi\u00e1m s\u00e1t l\u00ean container v\u00e0 b\u1ed1c d\u1ee1 h\u00e0ng h\u00f3a c\u00f3 th\u1ec3 gi\u00fap gi\u1ea3m thi\u1ec3u nh\u1eefng v\u1ea5n \u0111\u1ec1 n\u00e0y, gi\u00fap doanh nghi\u1ec7p ti\u1ebft ki\u1ec7m th\u1eddi gian, gi\u1ea3m b\u1edbt t\u00ecnh tr\u1ea1ng m\u1ea5t ni\u1ec1m tin v\u1edbi kh\u00e1ch h\u00e0ng v\u00e0 ti\u1ebft ki\u1ec7m ti\u1ec1n b\u1ea1c ph\u00e1t sinh gi\u1ea3i quy\u1ebft s\u1ef1 c\u1ed1 ngo\u00e0i mong mu\u1ed1n.<\/p>\n<h2><strong>Gi\u00e1m \u0111\u1ecbnh x\u1ebfp d\u1ee1 h\u00e0ng l\u00ean\/xu\u1ed1ng t\u00e0u<\/strong><\/h2>\n<p>Gi\u00e1m \u0111\u1ecbnh x\u1ebfp d\u1ee1 h\u00e0ng l\u00ean t\u00e0u l\u00e0 m\u1ed9t ph\u1ea7n thi\u1ebft y\u1ebfu c\u1ee7a v\u1eadn t\u1ea3i bi\u1ec3n, \u0111\u01b0\u1ee3c th\u1ef1c hi\u1ec7n \u0111\u1ec3 x\u00e1c minh c\u00e1c \u0111i\u1ec1u ki\u1ec7n kh\u00e1c nhau c\u1ee7a t\u00e0u, ng\u01b0\u1eddi v\u1eadn chuy\u1ec3n v\u00e0 \/ ho\u1eb7c h\u00e0ng h\u00f3a. Vi\u1ec7c n\u00e0y c\u00f3 \u0111\u01b0\u1ee3c th\u1ef1c hi\u1ec7n m\u1ed9t c\u00e1ch ch\u00ednh x\u00e1c hay kh\u00f4ng c\u00f3 \u1ea3nh h\u01b0\u1edfng tr\u1ef1c ti\u1ebfp \u0111\u1ebfn s\u1ef1 an to\u00e0n c\u1ee7a m\u1ed7i chuy\u1ebfn h\u00e0ng.<\/p>\n<p>HQTS cung c\u1ea5p c\u00e1c d\u1ecbch v\u1ee5 Gi\u00e1m \u0111\u1ecbnh x\u1ebfp d\u1ee1 h\u00e0ng l\u00ean t\u00e0u \u0111\u1ec3 kh\u00e1ch h\u00e0ng y\u00ean t\u00e2m tr\u01b0\u1edbc khi l\u00f4 h\u00e0ng c\u1ee7a h\u1ecd \u0111\u01b0\u1ee3c v\u1eadn chuy\u1ec3n \u0111\u1ebfn \u0111\u1ecba \u0111i\u1ec3m ch\u1ec9 \u0111\u1ecbnh. Gi\u00e1m \u0111\u1ecbnh vi\u00ean c\u1ee7a ch\u00fang t\u00f4i tr\u1ef1c ti\u1ebfp \u0111\u1ebfn \u0111\u1ecba \u0111i\u1ec3m \u0111\u1ec3 x\u00e1c minh ch\u1ea5t l\u01b0\u1ee3ng h\u00e0ng h\u00f3a v\u00e0 container ch\u1ee9a h\u00e0ng \u0111\u01b0\u1ee3c ch\u1ec9 \u0111\u1ecbnh. Ngo\u00e0i ra, gi\u00e1m \u0111\u1ecbnh vi\u00ean c\u0169ng s\u1ebd ki\u1ec3m tra \u0111\u1ec3 \u0111\u1ea3m b\u1ea3o r\u1eb1ng s\u1ed1 l\u01b0\u1ee3ng, nh\u00e3n m\u00e1c, bao b\u00ec, v.v ph\u00f9 h\u1ee3p v\u1edbi y\u00eau c\u1ea7u \u0111\u01b0\u1ee3c \u0111\u1eb7t ra. Ch\u00fang t\u00f4i c\u0169ng h\u00ecnh \u1ea3nh v\u00e0 video \u0111\u1ec3 ch\u1ee9ng minh r\u1eb1ng to\u00e0n b\u1ed9 quy tr\u00ecnh \u0111\u00e3 \u0111\u01b0\u1ee3c ho\u00e0n th\u00e0nh theo y\u00eau c\u1ea7u. B\u1eb1ng c\u00e1ch n\u00e0y, ch\u00fang t\u00f4i \u0111\u1ea3m b\u1ea3o h\u00e0ng h\u00f3a \u0111\u01b0\u1ee3c v\u1eadn chuy\u1ec3n \u0111\u1ebfn n\u01a1i thu\u1eadn l\u1ee3i \u0111\u1ed3ng th\u1eddi gi\u1ea3m thi\u1ec3u r\u1ee7i ro c\u00f3 th\u1ec3 x\u1ea3y ra.<\/p>\n<h2><strong>Quy tr\u00ecnh gi\u00e1m \u0111\u1ecbnh x\u1ebfp d\u1ee1 h\u00e0ng l\u00ean t\u00e0u <\/strong><\/h2>\n<p><strong>Ki\u1ec3m tra x\u1ebfp d\u1ee1 h\u00e0ng l\u00ean t\u00e0u:<\/strong><\/p>\n<ul>\n<li>\u0110\u1ea3m b\u1ea3o r\u1eb1ng qu\u00e1 tr\u00ecnh ch\u1ea5t h\u00e0ng \u0111\u01b0\u1ee3c ho\u00e0n th\u00e0nh trong \u0111i\u1ec1u ki\u1ec7n h\u1ee3p l\u00fd, bao g\u1ed3m th\u1eddi ti\u1ebft t\u1ed1t, s\u1eed d\u1ee5ng c\u00e1c ph\u01b0\u01a1ng ti\u1ec7n ch\u1ea5t h\u00e0ng h\u1ee3p l\u00fd v\u00e0 c\u00f3 k\u1ebf ho\u1ea1ch ch\u1ea5t h\u00e0ng, x\u1ebfp h\u1ee3p l\u00fd.<\/li>\n<li>X\u00e1c nh\u1eadn xem m\u00f4i tr\u01b0\u1eddng cabin c\u00f3 ph\u00f9 h\u1ee3p v\u1edbi vi\u1ec7c l\u01b0u tr\u1eef h\u00e0ng h\u00f3a hay kh\u00f4ng v\u00e0 x\u00e1c minh r\u1eb1ng ch\u00fang \u0111\u01b0\u1ee3c s\u1eafp x\u1ebfp \u0111\u00fang c\u00e1ch.<\/li>\n<li>X\u00e1c minh r\u1eb1ng s\u1ed1 l\u01b0\u1ee3ng v\u00e0 m\u1eabu m\u00e3 c\u1ee7a h\u00e0ng h\u00f3a c\u00f3 ph\u00f9 h\u1ee3p v\u1edbi \u0111\u01a1n \u0111\u1eb7t h\u00e0ng hay kh\u00f4ng v\u00e0 \u0111\u1ea3m b\u1ea3o r\u1eb1ng kh\u00f4ng c\u00f3 h\u00e0ng h\u00f3a b\u1ecb thi\u1ebfu.<\/li>\n<li>\u0110\u1ea3m b\u1ea3o r\u1eb1ng vi\u1ec7c x\u1ebfp ch\u1ed3ng l\u00ean nhau c\u1ee7a h\u00e0ng h\u00f3a s\u1ebd kh\u00f4ng d\u1eabn \u0111\u1ebfn h\u01b0 h\u1ecfng.<\/li>\n<li>Gi\u00e1m s\u00e1t to\u00e0n b\u1ed9 qu\u00e1 tr\u00ecnh x\u1ebfp h\u00e0ng, ghi l\u1ea1i s\u1ef1 ph\u00e2n b\u1ed5 h\u00e0ng h\u00f3a trong t\u1eebng cabin v\u00e0 \u0111\u00e1nh gi\u00e1 xem c\u00f3 h\u01b0 h\u1ecfng g\u00ec kh\u00f4ng.<\/li>\n<li>X\u00e1c nh\u1eadn s\u1ed1 l\u01b0\u1ee3ng v\u00e0 tr\u1ecdng l\u01b0\u1ee3ng c\u1ee7a h\u00e0ng h\u00f3a v\u1edbi c\u00f4ng ty v\u1eadn chuy\u1ec3n v\u00e0 l\u1ea5y ch\u1ee9ng t\u1eeb \u0111\u00e3 k\u00fd x\u00e1c nh\u1eadn t\u01b0\u01a1ng \u1ee9ng sau khi ho\u00e0n th\u00e0nh quy tr\u00ecnh.<\/li>\n<\/ul>\n<p><strong>Gi\u00e1m \u0111\u1ecbnh b\u1ed1c d\u1ee1 h\u00e0ng xu\u1ed1ng t\u00e0u:<\/strong><\/p>\n<ul>\n<li>\u0110\u00e1nh gi\u00e1 t\u00ecnh tr\u1ea1ng h\u00e0ng h\u00f3a l\u01b0u kho.<\/li>\n<li>\u0110\u1ea3m b\u1ea3o r\u1eb1ng h\u00e0ng h\u00f3a \u0111\u01b0\u1ee3c v\u1eadn chuy\u1ec3n \u0111\u00fang c\u00e1ch ho\u1eb7c c\u00e1c ph\u01b0\u01a1ng ti\u1ec7n v\u1eadn chuy\u1ec3n ho\u1ea1t \u0111\u1ed9ng t\u1ed1t tr\u01b0\u1edbc khi d\u1ee1 h\u00e0ng.<\/li>\n<li>\u0110\u1ea3m b\u1ea3o \u0111\u1ecba \u0111i\u1ec3m d\u1ee1 h\u00e0ng \u0111\u00e3 \u0111\u01b0\u1ee3c chu\u1ea9n b\u1ecb v\u00e0 l\u00e0m s\u1ea1ch \u0111\u00fang c\u00e1ch.<\/li>\n<li>Ti\u1ebfn h\u00e0nh ki\u1ec3m tra ch\u1ea5t l\u01b0\u1ee3ng h\u00e0ng h\u00f3a b\u1ed1c d\u1ee1. D\u1ecbch v\u1ee5 th\u1eed nghi\u1ec7m m\u1eabu s\u1ebd \u0111\u01b0\u1ee3c cung c\u1ea5p cho m\u1ed9t ph\u1ea7n h\u00e0ng h\u00f3a \u0111\u01b0\u1ee3c l\u1ef1a ch\u1ecdn ng\u1eabu nhi\u00ean.<\/li>\n<li>Ki\u1ec3m tra s\u1ed1 l\u01b0\u1ee3ng, kh\u1ed1i l\u01b0\u1ee3ng v\u00e0 tr\u1ecdng l\u01b0\u1ee3ng c\u1ee7a c\u00e1c s\u1ea3n ph\u1ea9m \u0111\u01b0\u1ee3c b\u1ed1c d\u1ee1.<\/li>\n<li>\u0110\u1ea3m b\u1ea3o r\u1eb1ng h\u00e0ng h\u00f3a trong khu v\u1ef1c l\u01b0u tr\u1eef t\u1ea1m th\u1eddi \u0111\u01b0\u1ee3c che \u0111\u1eady, c\u1ed1 \u0111\u1ecbnh v\u00e0 x\u1ebfp ch\u1ed3ng l\u00ean nhau m\u1ed9t c\u00e1ch h\u1ee3p l\u00fd cho c\u00e1c ho\u1ea1t \u0111\u1ed9ng v\u1eadn chuy\u1ec3n ti\u1ebfp theo.<\/li>\n<\/ul>\n<p>HQTS l\u00e0 s\u1ef1 l\u1ef1a ch\u1ecdn t\u1ed1t nh\u1ea5t \u0111\u1ec3 \u0111\u1ea3m b\u1ea3o ch\u1ea5t l\u01b0\u1ee3ng trong to\u00e0n b\u1ed9 qu\u00e1 tr\u00ecnh c\u1ee7a chu\u1ed7i cung \u1ee9ng. D\u1ecbch v\u1ee5 <strong>Gi\u00e1m \u0111\u1ecbnh x\u1ebfp d\u1ee1 h\u00e0ng l\u00ean\/xu\u1ed1ng t\u00e0u c\u1ee7a<\/strong> ch\u00fang t\u00f4i cung c\u1ea5p cho doanh nghi\u1ec7p b\u1ea3n \u0111\u00e1nh gi\u00e1 trung th\u1ef1c v\u00e0 ch\u00ednh x\u00e1c v\u1ec1 t\u00ecnh tr\u1ea1ng h\u00e0ng h\u00f3a v\u00e0 t\u00e0u.<\/p>\n<h2>C\u00e1c d\u1ecbch v\u1ee5 gi\u00e1m \u0111\u1ecbnh kh\u00e1c:<\/h2>\n<ul>\n<li><a href=\"https:\/\/www.hqts.com\/vi\/dich-vu\/giam-dinh\/mau\/\">Gi\u00e1m \u0111\u1ecbnh m\u1eabu<\/a><\/li>\n<li><a href=\"https:\/\/www.hqts.com\/vi\/dich-vu\/giam-dinh\/phan-loai\/\">Gi\u00e1m \u0111\u1ecbnh ph\u00e2n lo\u1ea1i<\/a><\/li>\n<li><a href=\"https:\/\/www.hqts.com\/vi\/dich-vu\/giam-dinh\/\">Gi\u00e1m \u0111\u1ecbnh ch\u1ea5t l\u01b0\u1ee3ng h\u00e0ng xu\u1ea5t nh\u1eadp kh\u1ea9u<\/a><\/li>\n<li><a href=\"https:\/\/www.hqts.com\/vi\/dich-vu\/giam-dinh\/xep-do-hang-hoa\/\">Gi\u00e1m s\u00e1t l\u00ean container v\u00e0 b\u1ed1c d\u1ee1 h\u00e0ng h\u00f3a<\/a><\/li>\n<\/ul>\n","protected":false},"excerpt":{"rendered":"<p>GI\u00c1M S\u00c1T L\u00caN CONTAINER V\u00c0 X\u1ebeP D\u1ee0 H\u00c0NG H\u00d3A V\u1edbi d\u1ecbch v\u1ee5 n\u00e0y, c\u00e1c gi\u00e1m \u0111\u1ecbnh vi\u00ean c\u1ee7a HQTS s\u1ebd gi\u00e1m s\u00e1t to\u00e0n b\u1ed9 qu\u00e1 tr\u00ecnh t\u1ea3i l\u00ean container v\u00e0 x\u1ebfp d\u1ee1 h\u00e0ng h\u00f3a theo \u0111\u1ecba \u0111i\u1ec3m \u0111\u01b0\u1ee3c ch\u1ec9 \u0111\u1ecbnh c\u1ee7a doanh nghi\u1ec7p. D\u1ecbch v\u1ee5 Gi\u00e1m s\u00e1t l\u00ean container v\u00e0 x\u1ebfp d\u1ee1 h\u00e0ng h\u00f3a c\u1ee7a [&hellip;]<\/p>\n","protected":false},"author":12,"featured_media":77920,"parent":77006,"menu_order":13,"comment_status":"closed","ping_status":"closed","template":"","meta":{"_acf_changed":false,"footnotes":""},"class_list":["post-77916","page","type-page","status-publish","has-post-thumbnail","hentry"],"acf":[],"_links":{"self":[{"href":"https:\/\/www.hqts.com\/vi\/wp-json\/wp\/v2\/pages\/77916","targetHints":{"allow":["GET"]}}],"collection":[{"href":"https:\/\/www.hqts.com\/vi\/wp-json\/wp\/v2\/pages"}],"about":[{"href":"https:\/\/www.hqts.com\/vi\/wp-json\/wp\/v2\/types\/page"}],"author":[{"embeddable":true,"href":"https:\/\/www.hqts.com\/vi\/wp-json\/wp\/v2\/users\/12"}],"replies":[{"embeddable":true,"href":"https:\/\/www.hqts.com\/vi\/wp-json\/wp\/v2\/comments?post=77916"}],"version-history":[{"count":5,"href":"https:\/\/www.hqts.com\/vi\/wp-json\/wp\/v2\/pages\/77916\/revisions"}],"predecessor-version":[{"id":119827,"href":"https:\/\/www.hqts.com\/vi\/wp-json\/wp\/v2\/pages\/77916\/revisions\/119827"}],"up":[{"embeddable":true,"href":"https:\/\/www.hqts.com\/vi\/wp-json\/wp\/v2\/pages\/77006"}],"wp:featuredmedia":[{"embeddable":true,"href":"https:\/\/www.hqts.com\/vi\/wp-json\/wp\/v2\/media\/77920"}],"wp:attachment":[{"href":"https:\/\/www.hqts.com\/vi\/wp-json\/wp\/v2\/media?parent=77916"}],"curies":[{"name":"wp","href":"https:\/\/api.w.org\/{rel}","templated":true}]}}