{"id":78103,"date":"2021-07-20T07:54:01","date_gmt":"2021-07-20T07:54:01","guid":{"rendered":"https:\/\/www.hqts.com\/?page_id=78103"},"modified":"2022-04-29T07:56:05","modified_gmt":"2022-04-29T07:56:05","slug":"mau","status":"publish","type":"page","link":"https:\/\/www.hqts.com\/vi\/dich-vu\/giam-dinh\/mau\/","title":{"rendered":"Gi\u00e1m \u0111\u1ecbnh m\u1eabu"},"content":{"rendered":"\t\t<div data-elementor-type=\"wp-page\" data-elementor-id=\"78103\" class=\"elementor elementor-78103 elementor-3426\" data-elementor-post-type=\"page\">\n\t\t\t\t\t\t<section class=\"elementor-section elementor-top-section elementor-element elementor-element-203c5a32 elementor-section-boxed elementor-section-height-default elementor-section-height-default\" data-id=\"203c5a32\" data-element_type=\"section\">\n\t\t\t\t\t\t<div class=\"elementor-container elementor-column-gap-default\">\n\t\t\t\t\t<div class=\"elementor-column elementor-col-100 elementor-top-column elementor-element elementor-element-4d6842c\" data-id=\"4d6842c\" data-element_type=\"column\">\n\t\t\t<div class=\"elementor-widget-wrap elementor-element-populated\">\n\t\t\t\t\t\t<div class=\"elementor-element elementor-element-5d077452 elementor-widget elementor-widget-text-editor\" data-id=\"5d077452\" data-element_type=\"widget\" data-widget_type=\"text-editor.default\">\n\t\t\t\t<div class=\"elementor-widget-container\">\n\t\t\t\t\t\t\t\t\t<h2><strong>D\u1ecbch v\u1ee5 gi\u00e1m \u0111\u1ecbnh m\u1eabu<\/strong><\/h2><p>D\u1ecbch v\u1ee5 gi\u00e1m \u0111\u1ecbnh m\u1eabu bao g\u1ed3m vi\u1ec7c gi\u00e1m \u0111\u1ecbnh m\u1ed9t s\u1ed1 l\u01b0\u1ee3ng t\u01b0\u01a1ng \u0111\u1ed1i nh\u1ecf c\u00e1c m\u1eb7t h\u00e0ng v\u1ec1 m\u1ed9t lo\u1ea1t c\u00e1c th\u00f4ng s\u1ed1 k\u1ef9 thu\u1eadt nh\u01b0 ngo\u1ea1i h\u00ecnh, tay ngh\u1ec1, \u0111\u1ed9 an to\u00e0n, ch\u1ee9c n\u0103ng, v.v. tr\u01b0\u1edbc khi s\u1ea3n xu\u1ea5t h\u00e0ng lo\u1ea1t.<\/p><p>\u0110\u00e2y l\u00e0 m\u1ed9t b\u01b0\u1edbc thi\u1ebft y\u1ebfu tr\u01b0\u1edbc qu\u00e1 tr\u00ecnh s\u1ea3n xu\u1ea5t, b\u1eaft \u0111\u1ea7u b\u1eb1ng vi\u1ec7c gi\u00e1m \u0111\u1ecbnh th\u1ef1c t\u1ebf m\u1eabu s\u1ea3n ph\u1ea9m tr\u01b0\u1edbc khi b\u1eaft \u0111\u1ea7u s\u1ea3n xu\u1ea5t \u0111\u1ec3 ph\u00e1t hi\u1ec7n b\u1ea5t k\u1ef3 khi\u1ebfm khuy\u1ebft s\u1ea3n ph\u1ea9m n\u00e0o tr\u01b0\u1edbc khi s\u1ea3n xu\u1ea5t h\u00e0ng lo\u1ea1t. V\u00e0 trong qu\u00e1 tr\u00ecnh gi\u00e1m \u0111\u1ecbnh m\u1eabu, c\u00e1c \u0111\u1eb7c t\u00ednh v\u1eadt l\u00fd v\u00e0 ch\u1ee9c n\u0103ng c\u1ee7a s\u1ea3n ph\u1ea9m c\u0169ng c\u1ea7n \u0111\u01b0\u1ee3c x\u00e1c minh d\u1ef1a tr\u00ean b\u1ea3n v\u1ebd c\u1ee7a k\u1ef9 s\u01b0, \u0111\u01a1n \u0111\u1eb7t h\u00e0ng, th\u00f4ng s\u1ed1 k\u1ef9 thu\u1eadt v\u00e0 \/ ho\u1eb7c t\u00e0i li\u1ec7u thi\u1ebft k\u1ebf kh\u00e1c, \u0111\u1ea3m b\u1ea3o ch\u1ea5t l\u01b0\u1ee3ng c\u1ee7a m\u1eabu \u0111\u00e1p \u1ee9ng c\u00e1c y\u00eau c\u1ea7u quy \u0111\u1ecbnh \u0111\u1ec3 tr\u00e1nh c\u00e1c v\u1ea5n \u0111\u1ec1 v\u1ec1 ch\u1ea5t l\u01b0\u1ee3ng h\u00e0ng lo\u1ea1t trong qu\u00e1 tr\u00ecnh qu\u00e1 tr\u00ecnh s\u1ea3n xu\u1ea5t, c\u0169ng nh\u01b0 \u0111\u1ed9 tin c\u1eady v\u00e0 t\u00ednh nh\u1ea5t qu\u00e1n c\u1ee7a qu\u00e1 tr\u00ecnh s\u1ea3n xu\u1ea5t v\u00e0 s\u1ea3n ph\u1ea9m cu\u1ed1i c\u00f9ng.<\/p><h2><strong>D\u1ecbch v\u1ee5 gi\u00e1m \u0111\u1ecbnh m\u1eabu c\u1ee7a HQTS bao g\u1ed3m:<\/strong><\/h2><ul><li>Gi\u00e1m \u0111\u1ecbnh s\u1ed1 l\u01b0\u1ee3ng: gi\u00e1m \u0111\u1ecbnh s\u1ed1 l\u01b0\u1ee3ng th\u00e0nh ph\u1ea9m c\u1ea7n s\u1ea3n xu\u1ea5t<\/li><li>Gi\u00e1m \u0111\u1ecbnh tay ngh\u1ec1: gi\u00e1m \u0111\u1ecbnh m\u1ee9c \u0111\u1ed9 l\u00e0nh ngh\u1ec1 v\u00e0 ch\u1ea5t l\u01b0\u1ee3ng c\u1ee7a v\u1eadt li\u1ec7u v\u00e0 th\u00e0nh ph\u1ea9m d\u1ef1a tr\u00ean thi\u1ebft k\u1ebf<\/li><li>Ki\u1ec3u d\u00e1ng, m\u00e0u s\u1eafc &amp; t\u00e0i li\u1ec7u: gi\u00e1m \u0111\u1ecbnh xem ki\u1ec3u d\u00e1ng v\u00e0 m\u00e0u s\u1eafc c\u1ee7a s\u1ea3n ph\u1ea9m c\u00f3 ph\u00f9 h\u1ee3p v\u1edbi th\u00f4ng s\u1ed1 k\u1ef9 thu\u1eadt v\u00e0 c\u00e1c t\u00e0i li\u1ec7u thi\u1ebft k\u1ebf kh\u00e1c kh\u00f4ng<\/li><li>Gi\u00e1m \u0111\u1ecbnh &amp; \u0110o l\u01b0\u1eddng t\u1ea1i hi\u1ec7n tr\u01b0\u1eddng:<\/li><\/ul><p>o Th\u1eed nghi\u1ec7m quy tr\u00ecnh v\u00e0 s\u1ea3n ph\u1ea9m trong t\u00ecnh h\u00ecnh th\u1ef1c t\u1ebf ph\u1ea3n \u00e1nh m\u1ee5c \u0111\u00edch s\u1eed d\u1ee5ng;<\/p><p>o Kh\u1ea3o s\u00e1t hi\u1ec7n tr\u1ea1ng v\u00e0 so s\u00e1nh c\u00e1c k\u00edch th\u01b0\u1edbc v\u1edbi c\u00e1c k\u00edch th\u01b0\u1edbc tr\u00ean b\u1ea3n v\u1ebd t\u1ea1i hi\u1ec7n tr\u01b0\u1eddng<\/p><ul><li>D\u1ea5u v\u1eadn chuy\u1ec3n &amp; \u0110\u00f3ng g\u00f3i: gi\u00e1m \u0111\u1ecbnh xem d\u1ea5u v\u1eadn chuy\u1ec3n v\u00e0 c\u00e1c g\u00f3i h\u00e0ng c\u00f3 tu\u00e2n th\u1ee7 c\u00e1c y\u00eau c\u1ea7u li\u00ean quan hay kh\u00f4ng.<\/li><\/ul><h2>C\u00e1c d\u1ecbch v\u1ee5 gi\u00e1m \u0111\u1ecbnh QC kh\u00e1c:<\/h2><ul><li><a href=\"https:\/\/www.hqts.com\/vi\/dich-vu\/giam-dinh\/\">Gi\u00e1m \u0111\u1ecbnh ch\u1ea5t l\u01b0\u1ee3ng to\u00e0n di\u1ec7n<\/a><\/li><li><a href=\"https:\/\/www.hqts.com\/vi\/dich-vu\/giam-dinh\/phan-loai\/\">Gi\u00e1m \u0111\u1ecbnh ph\u00e2n lo\u1ea1i<\/a><\/li><li><a href=\"https:\/\/www.hqts.com\/vi\/dich-vu\/giam-dinh\/do-kim-loai\/\">Ph\u00e1t hi\u1ec7n kim lo\u1ea1i<\/a><\/li><li><a href=\"https:\/\/www.hqts.com\/vi\/dich-vu\/giam-dinh\/xep-do-hang-hoa\/\">Gi\u00e1m s\u00e1t x\u1ebfp \/ d\u1ee1 h\u00e0ng<\/a><\/li><\/ul>\t\t\t\t\t\t\t\t<\/div>\n\t\t\t\t<\/div>\n\t\t\t\t\t<\/div>\n\t\t<\/div>\n\t\t\t\t\t<\/div>\n\t\t<\/section>\n\t\t\t\t<\/div>\n\t\t","protected":false},"excerpt":{"rendered":"<p>D\u1ecbch v\u1ee5 gi\u00e1m \u0111\u1ecbnh m\u1eabu D\u1ecbch v\u1ee5 gi\u00e1m \u0111\u1ecbnh m\u1eabu bao g\u1ed3m vi\u1ec7c gi\u00e1m \u0111\u1ecbnh m\u1ed9t s\u1ed1 l\u01b0\u1ee3ng t\u01b0\u01a1ng \u0111\u1ed1i nh\u1ecf c\u00e1c m\u1eb7t h\u00e0ng v\u1ec1 m\u1ed9t lo\u1ea1t c\u00e1c th\u00f4ng s\u1ed1 k\u1ef9 thu\u1eadt nh\u01b0 ngo\u1ea1i h\u00ecnh, tay ngh\u1ec1, \u0111\u1ed9 an to\u00e0n, ch\u1ee9c n\u0103ng, v.v. tr\u01b0\u1edbc khi s\u1ea3n xu\u1ea5t h\u00e0ng lo\u1ea1t. \u0110\u00e2y l\u00e0 m\u1ed9t b\u01b0\u1edbc thi\u1ebft y\u1ebfu [&hellip;]<\/p>\n","protected":false},"author":12,"featured_media":78113,"parent":77006,"menu_order":57,"comment_status":"closed","ping_status":"closed","template":"","meta":{"_acf_changed":false,"footnotes":""},"class_list":["post-78103","page","type-page","status-publish","has-post-thumbnail","hentry"],"acf":[],"_links":{"self":[{"href":"https:\/\/www.hqts.com\/vi\/wp-json\/wp\/v2\/pages\/78103","targetHints":{"allow":["GET"]}}],"collection":[{"href":"https:\/\/www.hqts.com\/vi\/wp-json\/wp\/v2\/pages"}],"about":[{"href":"https:\/\/www.hqts.com\/vi\/wp-json\/wp\/v2\/types\/page"}],"author":[{"embeddable":true,"href":"https:\/\/www.hqts.com\/vi\/wp-json\/wp\/v2\/users\/12"}],"replies":[{"embeddable":true,"href":"https:\/\/www.hqts.com\/vi\/wp-json\/wp\/v2\/comments?post=78103"}],"version-history":[{"count":5,"href":"https:\/\/www.hqts.com\/vi\/wp-json\/wp\/v2\/pages\/78103\/revisions"}],"predecessor-version":[{"id":119828,"href":"https:\/\/www.hqts.com\/vi\/wp-json\/wp\/v2\/pages\/78103\/revisions\/119828"}],"up":[{"embeddable":true,"href":"https:\/\/www.hqts.com\/vi\/wp-json\/wp\/v2\/pages\/77006"}],"wp:featuredmedia":[{"embeddable":true,"href":"https:\/\/www.hqts.com\/vi\/wp-json\/wp\/v2\/media\/78113"}],"wp:attachment":[{"href":"https:\/\/www.hqts.com\/vi\/wp-json\/wp\/v2\/media?parent=78103"}],"curies":[{"name":"wp","href":"https:\/\/api.w.org\/{rel}","templated":true}]}}