{"id":78139,"date":"2021-07-20T09:11:10","date_gmt":"2021-07-20T09:11:10","guid":{"rendered":"https:\/\/www.hqts.com\/?page_id=78139"},"modified":"2022-01-12T03:45:32","modified_gmt":"2022-01-12T03:45:32","slug":"thu-nghiem","status":"publish","type":"page","link":"https:\/\/www.hqts.com\/vi\/dich-vu\/thu-nghiem\/","title":{"rendered":"TH\u1eec NGHI\u1ec6M S\u1ea2N PH\u1ea8M TI\u00caU D\u00d9NG"},"content":{"rendered":"<h2>D\u1ecbch v\u1ee5 Th\u1eed nghi\u1ec7m s\u1ea3n ph\u1ea9m ti\u00eau d\u00f9ng chuy\u00ean nghi\u1ec7p.<\/h2>\n<p><strong>HQTS \u0111\u01b0\u1ee3c ch\u1ee9ng nh\u1eadn \u0111\u1ec3 th\u1eed nghi\u1ec7m theo t\u1ea5t c\u1ea3 c\u00e1c ti\u00eau chu\u1ea9n quy \u0111\u1ecbnh \u0111\u1ed1i v\u1edbi vi\u1ec7c nh\u1eadp kh\u1ea9u c\u00e1c s\u1ea3n ph\u1ea9m ti\u00eau d\u00f9ng.<\/strong><\/p>\n<p>H\u00e0ng ti\u00eau d\u00f9ng ph\u1ea3i tu\u00e2n theo c\u00e1c quy \u0111\u1ecbnh v\u00e0 ti\u00eau chu\u1ea9n ph\u00e1p l\u00fd kh\u00e1c bi\u1ec7t v\u00e0 kh\u1eaft khe. M\u1eb7c d\u00f9 c\u00e1c quy \u0111\u1ecbnh \u0111\u01b0\u1ee3c thi\u1ebft k\u1ebf \u0111\u1ec3 \u0111\u1ea3m b\u1ea3o an to\u00e0n cho ng\u01b0\u1eddi ti\u00eau d\u00f9ng, ch\u00fang c\u00f3 th\u1ec3 g\u00e2y nh\u1ea7m l\u1eabn v\u00e0 kh\u00f3 theo d\u00f5i \u0111\u1ed1i v\u1edbi doanh nghi\u1ec7p. V\u1edbi n\u0103ng l\u1ef1c chuy\u00ean m\u00f4n v\u00e0 ngu\u1ed3n l\u1ef1c k\u1ef9 thu\u1eadt c\u1ee7a HQTS, Th\u1eed nghi\u1ec7m h\u00e0ng ti\u00eau d\u00f9ng \u0111\u1ea3m b\u1ea3o gi\u00fap doanh nghi\u1ec7p tu\u00e2n th\u1ee7 c\u00e1c quy \u0111\u1ecbnh li\u00ean quan v\u00e0 c\u00e1c th\u00f4ng s\u1ed1 k\u1ef9 thu\u1eadt y\u00eau c\u1ea7u chuy\u00ean bi\u1ec7t.<\/p>\n<h2>Ph\u00f2ng th\u00ed nghi\u1ec7m \u0111\u01b0\u1ee3c c\u00f4ng nh\u1eadn.<\/h2>\n<p>HQTS c\u00f3 \u0111\u1ed9i ng\u0169 chuy\u00ean gia \u0111\u1ea7u ng\u00e0nh, h\u1ec7 th\u1ed1ng c\u00e1c nh\u00e0 l\u00e3nh \u0111\u1ea1o, gi\u00e1m \u0111\u1ecbnh vi\u00ean k\u1ef3 c\u1ef1u v\u00e0 chuy\u00ean vi\u00ean t\u1eebng \u0111\u1ea1t nhi\u1ec1u gi\u1ea3i th\u01b0\u1edfng c\u00f9ng ph\u00f2ng th\u00ed nghi\u1ec7m r\u1ed9ng 7,432m2 \u0111\u1eb7t t\u1ea1i H\u00e0ng Ch\u00e2u, trung t\u00e2m c\u1ee7a ng\u00e0nh s\u1ea3n xu\u1ea5t c\u00f4ng nghi\u1ec7p Trung Qu\u1ed1c.<\/p>\n<p>D\u00f9 d\u1ef1 \u00e1n thu\u1ed9c ph\u1ea1m vi n\u00e0o hay c\u00f3 m\u1ee9c \u0111\u1ed9 ph\u1ee9c t\u1ea1p cao, doanh nghi\u1ec7p c\u00f3 th\u1ec3 trao g\u1eedi s\u1ef1 an t\u00e2m v\u00e0o \u0111\u1ed9 ch\u00ednh x\u00e1c v\u00e0 \u0111\u1ed9 tin c\u1eady c\u1ee7a HQTS v\u1edbi gi\u00e1 c\u1ea3 c\u1ea1nh tranh v\u00e0 th\u1eddi gian giao h\u00e0ng nhanh nh\u1ea5t trong ng\u00e0nh. \u0110\u1eb7c bi\u1ec7t, HQTS mang \u0111\u1ebfn s\u1ef1 h\u1ed7 tr\u1ee3 \u0111\u1ea7u m\u1ed1i li\u00ean h\u1ec7 cho t\u1ea5t c\u1ea3 c\u00e1c d\u1ef1 \u00e1n th\u1eed nghi\u1ec7m; ph\u01b0\u01a1ng ph\u00e1p ti\u1ebfp c\u1eadn \u0111\u01b0\u1ee3c c\u00e1 nh\u00e2n h\u00f3a n\u00e0y \u0111\u00e3 gi\u00fap HQTS tr\u1edf th\u00e0nh m\u1ed9t trong nh\u1eefng ph\u00f2ng th\u00ed nghi\u1ec7m c\u00f3 uy t\u00edn nh\u1ea5t \u1edf Trung Qu\u1ed1c.<\/p>\n<p>Th\u00f4ng qua ph\u00f2ng th\u00ed nghi\u1ec7m hi\u1ec7n \u0111\u1ea1i, t\u1ed1i t\u00e2n c\u1ee7a HQTS, doanh nghi\u1ec7p c\u00f3 th\u1ec3 ki\u1ec3m tra s\u1ef1 tu\u00e2n th\u1ee7 theo c\u00e1c ti\u00eau chu\u1ea9n nh\u01b0 RoHS, REACH, ASTM Ca Prop 65, hay EN 71. HQTS l\u00e0 \u0111\u1ed1i t\u00e1c v\u1eefng m\u1ea1nh c\u00f9ng doanh nghi\u1ec7p thi\u1ebft k\u1ebf m\u1ed9t ch\u01b0\u01a1ng tr\u00ecnh Th\u1eed nghi\u1ec7m \u0111\u00e1p \u1ee9ng t\u1ed1i \u01b0u c\u00e1c y\u00eau c\u1ea7u.<\/p>\n<h2>Ch\u1ee9ng nh\u1eadn c\u1ee7a HQTS<\/h2>\n<ul>\n<li>Th\u1eed nghi\u1ec7m bao b\u00ec \u0111\u01b0\u1ee3c ch\u1ee9ng nh\u1eadn c\u1ee7a ISTA<\/li>\n<li>APASS &#8211; Nh\u00e0 cung c\u1ea5p bao b\u00ec Amazon<\/li>\n<li>CPSC ch\u1ea5p nh\u1eadn<\/li>\n<li>CNAS ch\u1ea5p thu\u1eadn<\/li>\n<li>Ch\u1ee9ng ch\u1ec9 AQSIQ<\/li>\n<li>C\u01a1 quan Thanh tra Trung Qu\u1ed1c v\u00e0 Ph\u00f2ng th\u00ed nghi\u1ec7m Ch\u1ea5p thu\u1eadn<\/li>\n<\/ul>\n<h2>D\u1ecbch v\u1ee5 Th\u1eed nghi\u1ec7m c\u1ee7a ch\u00fang t\u00f4i<\/h2>\n<ul>\n<li><a href=\"https:\/\/www.hqts.com\/vi\/dich-vu\/thu-nghiem\/hoa-hoc\/\">Th\u1eed nghi\u1ec7m h\u00f3a h\u1ecdc<\/a><\/li>\n<li><a href=\"https:\/\/www.hqts.com\/vi\/dich-vu\/thu-nghiem\/reach\/\">Th\u1eed nghi\u1ec7m REACH<\/a><\/li>\n<li><a href=\"https:\/\/www.hqts.com\/vi\/dich-vu\/thu-nghiem\/rohs\/\">Th\u1eed nghi\u1ec7m RoHS<\/a><\/li>\n<li><a href=\"https:\/\/www.hqts.com\/vi\/dich-vu\/thu-nghiem\/cpsia\/\">Th\u1eed nghi\u1ec7m CPSIA<\/a><\/li>\n<li><a href=\"https:\/\/www.hqts.com\/vi\/dich-vu\/thu-nghiem\/ista\/\">Th\u1eed nghi\u1ec7m bao b\u00ec ISTA.<\/a><\/li>\n<\/ul>\n<h2>Doanh nghi\u1ec7p c\u00f3 th\u1ec3 Th\u1eed nghi\u1ec7m nh\u1eefng lo\u1ea1i s\u1ea3n ph\u1ea9m n\u00e0o?<\/h2>\n<p>B\u1ea5t k\u1ef3 s\u1ea3n ph\u1ea9m ti\u00eau d\u00f9ng n\u00e0o c\u0169ng c\u00f3 th\u1ec3 \u0111\u01b0\u1ee3c Th\u1eed nghi\u1ec7m. \u0110\u1ec3 quy\u1ebft \u0111\u1ecbnh xem n\u00f3 c\u00f3 c\u1ea7n thi\u1ebft hay kh\u00f4ng, c\u00f3 nhi\u1ec1u y\u1ebfu t\u1ed1 c\u1ea7n xem x\u00e9t, nh\u01b0ng quan tr\u1ecdng c\u1ea7n x\u00e1c \u0111\u1ecbnh:<\/p>\n<ul>\n<li>C\u00e1c y\u00eau c\u1ea7u ph\u00e1p l\u00fd trong th\u1ecb tr\u01b0\u1eddng l\u00e0 g\u00ec?<\/li>\n<li>Th\u1ecb tr\u01b0\u1eddng y\u00eau c\u1ea7u m\u1ee9c \u0111\u1ed9 an to\u00e0n, ch\u1ea5t l\u01b0\u1ee3ng v\u00e0 \u0111\u1ed9 b\u1ec1n n\u00e0o \u0111\u1ed1i v\u1edbi s\u1ea3n ph\u1ea9m?<\/li>\n<\/ul>\n<p>Trao \u0111\u1ed5i v\u1edbi chuy\u00ean gia HQTS \u0111\u1ec3 t\u00ecm hi\u1ec3u th\u00eam v\u1ec1 nh\u1eefng g\u00ec \u0111\u01b0\u1ee3c y\u00eau c\u1ea7u.<\/p>\n<h2>Th\u1eed nghi\u1ec7m s\u1ea3n ph\u1ea9m m\u1ea5t bao l\u00e2u?<\/h2>\n<p>T\u00f9y thu\u1ed9c v\u00e0o lo\u1ea1i s\u1ea3n ph\u1ea9m, s\u1ed1 l\u01b0\u1ee3ng c\u00e1c th\u00e0nh ph\u1ea7n \u0111\u01b0\u1ee3c th\u1eed nghi\u1ec7m v\u00e0 c\u00e1c th\u1eed nghi\u1ec7m quy \u0111\u1ecbnh \u0111\u01b0\u1ee3c y\u00eau c\u1ea7u. Nh\u00ecn chung, ch\u1ec9 trong v\u00f2ng 5 ng\u00e0y t\u1eeb ng\u00e0y nh\u1eadn \u0111\u01b0\u1ee3c m\u1eabu, HQTS c\u00f3 th\u1ec3 cung c\u1ea5p b\u00e1o c\u00e1o Th\u1eed nghi\u1ec7m v\u1ec1 m\u1ed9t th\u1eed nghi\u1ec7m \u0111\u01a1n gi\u1ea3n cho m\u1ed9t th\u00e0nh ph\u1ea7n trong \u0111\u00f3.<\/p>\n<h2>HQTS l\u00e0 T\u1ed5 ch\u1ee9c th\u1eed nghi\u1ec7m \u0111\u01b0\u1ee3c c\u00f4ng nh\u1eadn \u0111\u1ec3 cung c\u1ea5p d\u1ecbch v\u1ee5 Th\u1eed nghi\u1ec7m s\u1ea3n ph\u1ea9m ti\u00eau d\u00f9ng<\/h2>\n<p>Ph\u00f2ng th\u00ed nghi\u1ec7m s\u1ea3n ph\u1ea9m \u0111\u01b0\u1ee3c qu\u1ed1c t\u1ebf c\u00f4ng nh\u1eadn c\u1ee7a HQTS mang \u0111\u1ebfn cho doanh nghi\u1ec7p s\u1ef1 t\u1ef1 tin v\u1eefng ch\u1eafc khi \u0111\u01b0a s\u1ea3n ph\u1ea9m c\u1ee7a m\u00ecnh ra th\u1ecb tr\u01b0\u1eddng. V\u1ecb tr\u00ed trung t\u00e2m \u0111\u1eafc \u0111\u1ecba c\u1ee7a HQTS \u0111\u1ea3m b\u1ea3o th\u1eddi gian quay v\u00f2ng nhanh nh\u1ea5t cho c\u00e1c d\u1ef1 \u00e1n. \u0110\u1ec3 c\u00f3 th\u00eam th\u00f4ng tin v\u1ec1 th\u1eed nghi\u1ec7m s\u1ea3n ph\u1ea9m ti\u00eau d\u00f9ng c\u1ee7a doanh nghi\u1ec7p b\u1ea1n, h\u00e3y li\u00ean h\u1ec7 v\u1edbi HQTS ngay h\u00f4m nay!<\/p>\n","protected":false},"excerpt":{"rendered":"<p>D\u1ecbch v\u1ee5 Th\u1eed nghi\u1ec7m s\u1ea3n ph\u1ea9m ti\u00eau d\u00f9ng chuy\u00ean nghi\u1ec7p. HQTS \u0111\u01b0\u1ee3c ch\u1ee9ng nh\u1eadn \u0111\u1ec3 th\u1eed nghi\u1ec7m theo t\u1ea5t c\u1ea3 c\u00e1c ti\u00eau chu\u1ea9n quy \u0111\u1ecbnh \u0111\u1ed1i v\u1edbi vi\u1ec7c nh\u1eadp kh\u1ea9u c\u00e1c s\u1ea3n ph\u1ea9m ti\u00eau d\u00f9ng. H\u00e0ng ti\u00eau d\u00f9ng ph\u1ea3i tu\u00e2n theo c\u00e1c quy \u0111\u1ecbnh v\u00e0 ti\u00eau chu\u1ea9n ph\u00e1p l\u00fd kh\u00e1c bi\u1ec7t v\u00e0 kh\u1eaft khe. M\u1eb7c [&hellip;]<\/p>\n","protected":false},"author":12,"featured_media":78142,"parent":77937,"menu_order":1,"comment_status":"closed","ping_status":"closed","template":"","meta":{"_acf_changed":false,"footnotes":""},"class_list":["post-78139","page","type-page","status-publish","has-post-thumbnail","hentry"],"acf":[],"_links":{"self":[{"href":"https:\/\/www.hqts.com\/vi\/wp-json\/wp\/v2\/pages\/78139","targetHints":{"allow":["GET"]}}],"collection":[{"href":"https:\/\/www.hqts.com\/vi\/wp-json\/wp\/v2\/pages"}],"about":[{"href":"https:\/\/www.hqts.com\/vi\/wp-json\/wp\/v2\/types\/page"}],"author":[{"embeddable":true,"href":"https:\/\/www.hqts.com\/vi\/wp-json\/wp\/v2\/users\/12"}],"replies":[{"embeddable":true,"href":"https:\/\/www.hqts.com\/vi\/wp-json\/wp\/v2\/comments?post=78139"}],"version-history":[{"count":2,"href":"https:\/\/www.hqts.com\/vi\/wp-json\/wp\/v2\/pages\/78139\/revisions"}],"predecessor-version":[{"id":115046,"href":"https:\/\/www.hqts.com\/vi\/wp-json\/wp\/v2\/pages\/78139\/revisions\/115046"}],"up":[{"embeddable":true,"href":"https:\/\/www.hqts.com\/vi\/wp-json\/wp\/v2\/pages\/77937"}],"wp:featuredmedia":[{"embeddable":true,"href":"https:\/\/www.hqts.com\/vi\/wp-json\/wp\/v2\/media\/78142"}],"wp:attachment":[{"href":"https:\/\/www.hqts.com\/vi\/wp-json\/wp\/v2\/media?parent=78139"}],"curies":[{"name":"wp","href":"https:\/\/api.w.org\/{rel}","templated":true}]}}