{"id":78146,"date":"2021-07-20T09:16:12","date_gmt":"2021-07-20T09:16:12","guid":{"rendered":"https:\/\/www.hqts.com\/?page_id=78146"},"modified":"2022-04-29T07:56:53","modified_gmt":"2022-04-29T07:56:53","slug":"hoa-hoc","status":"publish","type":"page","link":"https:\/\/www.hqts.com\/vi\/dich-vu\/thu-nghiem\/hoa-hoc\/","title":{"rendered":"Th\u1eed nghi\u1ec7m h\u00f3a h\u1ecdc"},"content":{"rendered":"<h2>Th\u1eed nghi\u1ec7m h\u00f3a h\u1ecdc<\/h2>\n<p>H\u00e0ng ti\u00eau d\u00f9ng ph\u1ea3i tu\u00e2n theo c\u00e1c quy \u0111\u1ecbnh v\u00e0 ti\u00eau chu\u1ea9n ph\u00e1p l\u00fd kh\u00e1c bi\u1ec7t v\u00e0 kh\u1eaft khe. M\u1eb7c d\u00f9 c\u00e1c quy \u0111\u1ecbnh \u0111\u01b0\u1ee3c thi\u1ebft k\u1ebf \u0111\u1ec3 \u0111\u1ea3m b\u1ea3o an to\u00e0n cho ng\u01b0\u1eddi ti\u00eau d\u00f9ng, ch\u00fang c\u00f3 th\u1ec3 g\u00e2y nh\u1ea7m l\u1eabn v\u00e0 kh\u00f3 theo d\u00f5i \u0111\u1ed1i v\u1edbi doanh nghi\u1ec7p. V\u1edbi n\u0103ng l\u1ef1c chuy\u00ean m\u00f4n v\u00e0 ngu\u1ed3n l\u1ef1c k\u1ef9 thu\u1eadt c\u1ee7a HQTS, Th\u1eed nghi\u1ec7m h\u00f3a h\u1ecdc \u0111\u1ea3m b\u1ea3o gi\u00fap doanh nghi\u1ec7p tu\u00e2n th\u1ee7 c\u00e1c quy \u0111\u1ecbnh li\u00ean quan v\u00e0 c\u00e1c th\u00f4ng s\u1ed1 k\u1ef9 thu\u1eadt y\u00eau c\u1ea7u ri\u00eang.<\/p>\n<p>Th\u00f4ng qua ph\u00f2ng th\u00ed nghi\u1ec7m hi\u1ec7n \u0111\u1ea1i, t\u1ed1i t\u00e2n c\u1ee7a HQTS, doanh nghi\u1ec7p c\u00f3 th\u1ec3 ki\u1ec3m tra s\u1ef1 tu\u00e2n th\u1ee7 theo c\u00e1c ti\u00eau chu\u1ea9n RoHS, REACH, ASTM Ca Prop 65, hay EN 71. HQTS l\u00e0 \u0111\u1ed1i t\u00e1c v\u1eefng m\u1ea1nh c\u00f9ng doanh nghi\u1ec7p thi\u1ebft k\u1ebf m\u1ed9t ch\u01b0\u01a1ng tr\u00ecnh Th\u1eed nghi\u1ec7m \u0111\u00e1p \u1ee9ng t\u1ed1i \u01b0u c\u00e1c y\u00eau c\u1ea7u.<\/p>\n<p>Kinh nghi\u1ec7m d\u00e0y d\u1eb7n, ki\u1ebfn th\u1ee9c chuy\u00ean m\u00f4n v\u00e0 Ch\u1ee9ng ch\u1ec9 ng\u00e0nh cho ph\u00e9p HQTS linh ho\u1ea1t t\u00f9y ch\u1ec9nh d\u1ecbch v\u1ee5 theo m\u1ed7i nhu c\u1ea7u c\u1ee5 th\u1ec3. \u0110\u1ed9i ng\u0169 k\u1ef9 thu\u1eadt vi\u00ean xu\u1ea5t s\u1eafc c\u1ee7a HQTS l\u00e0 nh\u1eefng t\u00e0i n\u0103ng \u0111\u00e3 g\u1eb7t h\u00e1i \u0111\u01b0\u1ee3c nhi\u1ec1u gi\u1ea3i th\u01b0\u1edfng t\u1ea1i Cu\u1ed9c thi Th\u1eed nghi\u1ec7m v\u00e0 gi\u00e1m \u0111\u1ecbnh H\u00e0ng Ch\u00e2u 2012.<\/p>\n<h2>D\u1ecbch v\u1ee5 Th\u1eed nghi\u1ec7m c\u1ee7a HQTS:<\/h2>\n<ul>\n<li><a href=\"https:\/\/www.hqts.com\/vi\/dich-vu\/thu-nghiem\/reach\/\">Th\u1eed nghi\u1ec7m REACH<\/a><\/li>\n<li><a href=\"https:\/\/www.hqts.com\/vi\/dich-vu\/thu-nghiem\/rohs\/\">Th\u1eed nghi\u1ec7m RoHS<\/a><\/li>\n<li><a href=\"https:\/\/www.hqts.com\/vi\/dich-vu\/thu-nghiem\/cpsia\/\">Th\u1eed nghi\u1ec7m CPSIA<\/a><\/li>\n<li><a href=\"https:\/\/www.hqts.com\/vi\/dich-vu\/thu-nghiem\/ista\/\">Th\u1eed nghi\u1ec7m bao b\u00ec ISTA.<\/a><\/li>\n<\/ul>\n","protected":false},"excerpt":{"rendered":"<p>Th\u1eed nghi\u1ec7m h\u00f3a h\u1ecdc H\u00e0ng ti\u00eau d\u00f9ng ph\u1ea3i tu\u00e2n theo c\u00e1c quy \u0111\u1ecbnh v\u00e0 ti\u00eau chu\u1ea9n ph\u00e1p l\u00fd kh\u00e1c bi\u1ec7t v\u00e0 kh\u1eaft khe. M\u1eb7c d\u00f9 c\u00e1c quy \u0111\u1ecbnh \u0111\u01b0\u1ee3c thi\u1ebft k\u1ebf \u0111\u1ec3 \u0111\u1ea3m b\u1ea3o an to\u00e0n cho ng\u01b0\u1eddi ti\u00eau d\u00f9ng, ch\u00fang c\u00f3 th\u1ec3 g\u00e2y nh\u1ea7m l\u1eabn v\u00e0 kh\u00f3 theo d\u00f5i \u0111\u1ed1i v\u1edbi doanh nghi\u1ec7p. V\u1edbi [&hellip;]<\/p>\n","protected":false},"author":12,"featured_media":78149,"parent":78139,"menu_order":56,"comment_status":"closed","ping_status":"closed","template":"","meta":{"_acf_changed":false,"footnotes":""},"class_list":["post-78146","page","type-page","status-publish","has-post-thumbnail","hentry"],"acf":[],"_links":{"self":[{"href":"https:\/\/www.hqts.com\/vi\/wp-json\/wp\/v2\/pages\/78146","targetHints":{"allow":["GET"]}}],"collection":[{"href":"https:\/\/www.hqts.com\/vi\/wp-json\/wp\/v2\/pages"}],"about":[{"href":"https:\/\/www.hqts.com\/vi\/wp-json\/wp\/v2\/types\/page"}],"author":[{"embeddable":true,"href":"https:\/\/www.hqts.com\/vi\/wp-json\/wp\/v2\/users\/12"}],"replies":[{"embeddable":true,"href":"https:\/\/www.hqts.com\/vi\/wp-json\/wp\/v2\/comments?post=78146"}],"version-history":[{"count":3,"href":"https:\/\/www.hqts.com\/vi\/wp-json\/wp\/v2\/pages\/78146\/revisions"}],"predecessor-version":[{"id":119831,"href":"https:\/\/www.hqts.com\/vi\/wp-json\/wp\/v2\/pages\/78146\/revisions\/119831"}],"up":[{"embeddable":true,"href":"https:\/\/www.hqts.com\/vi\/wp-json\/wp\/v2\/pages\/78139"}],"wp:featuredmedia":[{"embeddable":true,"href":"https:\/\/www.hqts.com\/vi\/wp-json\/wp\/v2\/media\/78149"}],"wp:attachment":[{"href":"https:\/\/www.hqts.com\/vi\/wp-json\/wp\/v2\/media?parent=78146"}],"curies":[{"name":"wp","href":"https:\/\/api.w.org\/{rel}","templated":true}]}}