{"id":78151,"date":"2021-07-20T09:27:12","date_gmt":"2021-07-20T09:27:12","guid":{"rendered":"https:\/\/www.hqts.com\/?page_id=78151"},"modified":"2022-01-12T03:47:45","modified_gmt":"2022-01-12T03:47:45","slug":"reach","status":"publish","type":"page","link":"https:\/\/www.hqts.com\/vi\/dich-vu\/thu-nghiem\/reach\/","title":{"rendered":"Th\u1eed nghi\u1ec7m REACH"},"content":{"rendered":"<h2>Th\u1eed nghi\u1ec7m REACH<\/h2>\n<p><strong>Ti\u00eau chu\u1ea9n Ch\u00e2u \u00c2u s\u1ed1 1907\/2006 v\u1ec1 vi\u1ec7c \u0111\u0103ng k\u00fd (register), \u0111\u00e1nh gi\u00e1 (evaluation), th\u1ea9m \u0111\u1ecbnh (authorization) v\u00e0 gi\u1edbi h\u1ea1n ho\u00e1 ch\u1ea5t \u0111\u01b0\u1ee3c quy \u0111\u1ecbnh ch\u00ednh th\u1ee9c ng\u00e0y 1\/6 n\u0103m 2007. Ti\u00eau chu\u1ea9n n\u00e0y t\u1eadp trung v\u00e0o vi\u1ec7c c\u1ee7ng c\u1ed1 quy tr\u00ecnh s\u1ea3n xu\u1ea5t v\u00e0 s\u1eed d\u1ee5ng ho\u00e1 ch\u1ea5t \u0111\u1ec3 b\u1ea3o v\u1ec7 s\u1ee9c kho\u1ebb con ng\u01b0\u1eddi v\u00e0 m\u00f4i tr\u01b0\u1eddng.<\/strong><\/p>\n<p>REACH \u00e1p d\u1ee5ng cho c\u00e1c \u0111\u01a1n ch\u1ea5t, h\u1ed7n h\u1ee3p v\u00e0 th\u00e0nh ph\u1ea9m, c\u00f3 hi\u1ec7u l\u1ef1c v\u1edbi h\u1ea7u h\u1ebft c\u00e1c s\u1ea3n ph\u1ea9m \u1edf th\u1ecb tr\u01b0\u1eddng Ch\u00e2u \u00c2u. C\u00f3 m\u1ed9t s\u1ed1 tr\u01b0\u1eddng h\u1ee3p ngo\u1ea1i l\u1ec7 c\u1ee7a ti\u00eau chu\u1ea9n REACH \u0111\u01b0\u1ee3c li\u1ec7t k\u00ea trong lu\u1eadt c\u1ee7a c\u00e1c n\u01b0\u1edbc th\u00e0nh vi\u00ean, th\u01b0\u1eddng l\u00e0 \u0111\u1ec3 ph\u1ee5c v\u1ee5 cho m\u1ee5c \u0111\u00edch d\u1ef1 ph\u00f2ng, y t\u1ebf, \u0111i\u1ec1u ch\u1ebf thu\u1ed1c cho b\u1ec7nh d\u1ecbch v\u00e0 th\u1ee9c \u0103n.<\/p>\n<p>C\u00f3 73 m\u1ee5c trong REACH ANNEX XVII nh\u01b0ng m\u1ee5c 33, 39 v\u00e0 53 \u0111\u00e3 b\u1ecb lo\u1ea1i b\u1ecf sau khi xem x\u00e9t l\u1ea1i, v\u00ec v\u1eady ch\u1ec9 c\u00f2n ch\u00ednh x\u00e1c 70 m\u1ee5c.<\/p>\n<p style=\"text-align: center;\"><strong>C\u00e1c ch\u1ea5t c\u00f3 r\u1ee7i ro cao, \u0111\u00e1ng quan t\u00e2m trong REACH ANNEX XVII<\/strong><\/p>\n<table>\n<tbody>\n<tr>\n<td>V\u1eadt li\u1ec7u mang t\u00ednh r\u1ee7i ro cao<\/td>\n<td>M\u1ee5c s\u1ed1<\/td>\n<td>Th\u00e0nh ph\u1ea7n c\u1ea7n Th\u1eed nghi\u1ec7m<\/td>\n<td>Gi\u1edbi h\u1ea1n<\/td>\n<\/tr>\n<tr>\n<td>Nh\u1ef1a, than, kim lo\u1ea1i<\/td>\n<td>23<\/td>\n<td>Cadmium<\/td>\n<td>100mg\/kg<\/td>\n<\/tr>\n<tr>\n<td rowspan=\"2\">V\u1eadt li\u1ec7u b\u1eb1ng nh\u1ef1a trong \u0111\u1ed3 ch\u01a1i v\u00e0 c\u00e1c s\u1ea3n ph\u1ea9m ch\u0103m s\u00f3c cho tr\u1ebb em<\/td>\n<td>51<\/td>\n<td>Phthalate (DBP, BBP, DEHP, DIBP)<\/td>\n<td>Sum&lt;0.1%<\/td>\n<\/tr>\n<tr>\n<td>52<\/td>\n<td>Phthalate (DNOP, DINP, DIDP)<\/td>\n<td>Sum&lt;0.1%<\/td>\n<\/tr>\n<tr>\n<td>S\u1ee3i, v\u1ea3i<\/td>\n<td>43<\/td>\n<td>AZO Dyes<\/td>\n<td>30 mg\/kg<\/td>\n<\/tr>\n<tr>\n<td>Th\u00e0nh ph\u1ea9m hay th\u00e0nh ph\u1ea7n<\/td>\n<td>63<\/td>\n<td>Ch\u00ec ho\u1eb7c c\u00e1c h\u1ee3p ch\u1ea5t c\u1ee7a ch\u00ec<\/td>\n<td>500mg\/kg ho\u1eb7c 0.05 \u03bcg\/cm2\/h<\/td>\n<\/tr>\n<tr>\n<td>S\u1ee3i, v\u1ea3i<\/td>\n<td>61<\/td>\n<td>DMF<\/td>\n<td>0.1 mg\/kg<\/td>\n<\/tr>\n<tr>\n<td>Kim lo\u1ea1i (ti\u1ebfp x\u00fac v\u1edbi da)<\/td>\n<td>27<\/td>\n<td>\u0110\u1ed9 gi\u1ea3i ph\u00f3ng Nickel<\/td>\n<td>0.5ug\/cm2\/week<\/td>\n<\/tr>\n<tr>\n<td>Nh\u1ef1a, cao su<\/td>\n<td>50<\/td>\n<td>PAHs<\/td>\n<td>1mg\/kg (th\u00e0nh ph\u1ea9m); 0.5mg\/kg (\u0111\u1ed3 ch\u01a1i)<\/td>\n<\/tr>\n<tr>\n<td>S\u1ee3i, nh\u1ef1a<\/td>\n<td>20<\/td>\n<td>Thi\u1ebfc nguy\u00ean ch\u1ea5t<\/td>\n<td>0.1%<\/td>\n<\/tr>\n<tr>\n<td>S\u1ee3i, v\u1ea3i<\/td>\n<td>22<\/td>\n<td>PCP (Pentachlorophenol)<\/td>\n<td>0.1%<\/td>\n<\/tr>\n<tr>\n<td>S\u1ee3i, nh\u1ef1a<\/td>\n<td>46<\/td>\n<td>NP (Nonyl Phenol)<\/td>\n<td>0.1%<\/td>\n<\/tr>\n<\/tbody>\n<\/table>\n<p>Li\u00ean minh Ch\u00e2u\u00a0 \u00c2u \u0111\u00e3 \u0111\u01b0a ra ti\u00eau chu\u1ea9n 2018\/2005 v\u00e0o ng\u00e0y 18\/12 n\u0103m 2018 \u0111\u1ec3 gi\u1edbi h\u1ea1n phthalates \u1edf m\u1ee5c s\u1ed1 51, b\u1eaft \u0111\u1ea7u c\u00f3 hi\u1ec7u l\u1ef1c t\u1eeb ng\u00e0y 07\/07\/ 2020. Quy \u0111\u1ecbnh m\u1edbi \u0111\u00e3 th\u00eam v\u00e0o 1 lo\u1ea1i phthalate m\u1edbi l\u00e0 DIBP, v\u00e0 n\u00f3 m\u1edf r\u1ed9ng ph\u1ea1m vi \u00e1p d\u1ee5ng t\u1eeb \u0111\u1ed3 ch\u01a1i v\u00e0 s\u1ea3n ph\u1ea9m ch\u0103m s\u00f3c tr\u1ebb em \u0111\u1ebfn m\u00e1y bay. \u0110i\u1ec1u n\u00e0y s\u1ebd \u1ea3nh h\u01b0\u1edfng nhi\u1ec1u \u0111\u1ebfn c\u00e1c nh\u00e0 m\u00e1y Trung Qu\u1ed1c.<\/p>\n<p>D\u1ef1a v\u00e0o vi\u1ec7c \u0111\u00e1nh gi\u00e1 c\u00e1c ho\u00e1 ch\u1ea5t, C\u01a1 quan Ho\u00e1 ch\u1ea5t ch\u00e2u \u00c2u (European Chemicals Agency, ECHA) \u0111\u00e3 chuy\u1ec3n v\u00e0o m\u1ed9t s\u1ed1 ho\u00e1 ch\u1ea5t thu\u1ed9c nh\u00f3m r\u1ee7i ro cao v\u00e0o nh\u00f3m \u0111\u00e1ng ch\u00fa \u00fd \u1edf m\u1ee9c \u0111\u1ed9 cao (Substances of Very High Concern, SVHC). Danh s\u00e1ch 15 SVHC \u0111\u1ea7u ti\u00ean \u0111\u00e3 \u0111\u01b0\u1ee3c c\u00f4ng b\u1ed1 v\u00e0o ng\u00e0y 28\/10 n\u0103m 2008. V\u00e0 v\u1edbi c\u00e1c lo\u1ea1i SVHC \u0111\u01b0\u1ee3c th\u00eam v\u00e0o sau n\u00e0y, \u0111\u00e3 c\u00f3 209 SVHC \u0111\u01b0\u1ee3c c\u00f4ng b\u1ed1 t\u00ednh \u0111\u1ebfn ng\u00e0y 25\/06 n\u0103m 2018. Theo l\u1ecbch tr\u00ecnh c\u1ee7a ECHA, m\u1ed9t \u201cdanh s\u00e1ch \u1ee9ng vi\u00ean\u201d d\u00e0nh cho c\u00e1c ch\u1ea5t c\u00f3 kh\u1ea3 n\u0103ng \u0111\u01b0\u1ee3c th\u00eam v\u00e0o trong t\u01b0\u01a1ng lai s\u1ebd \u0111\u01b0\u1ee3c c\u00f4ng b\u1ed1 li\u00ean t\u1ee5c. N\u1ebfu m\u1ed9t s\u1ea3n ph\u1ea9m c\u00f3 ch\u1ee9a h\u01a1n 0.1% theo kh\u1ed1i l\u01b0\u1ee3ng c\u1ee7a c\u00e1c ch\u1ea5t thu\u1ed9c nh\u00f3m SVHC, c\u00e1c nh\u00e0 cung c\u1ea5p trong chu\u1ed7i cung \u1ee9ng c\u00f3 ngh\u0129a v\u1ee5 cung c\u1ea5p th\u00f4ng tin. Th\u00eam v\u00e0o \u0111\u00f3, n\u1ebfu t\u1ed5ng kh\u1ed1i l\u01b0\u1ee3ng c\u1ee7a SVHC \u0111\u01b0\u1ee3c s\u1ea3n xu\u1ea5t ho\u1eb7c nh\u1eadp kh\u1ea9u \u1edf Ch\u00e2u\u00a0 \u00c2u v\u01b0\u1ee3t qu\u00e1 1 t\u1ea5n\/n\u0103m th\u00ec ngh\u0129a v\u1ee5 th\u00f4ng b\u00e1o \u0111\u01b0\u1ee3c \u00e1p d\u1ee5ng<\/p>\n<p style=\"text-align: center;\"><strong>4 SVHC m\u1edbi trong danh s\u00e1ch SVHC th\u1ee9 23<\/strong><\/p>\n<table>\n<tbody>\n<tr>\n<td>T\u00ean ch\u1ea5t<\/td>\n<td>EC No.<\/td>\n<td>CAS No.<\/td>\n<td>Ng\u00e0y th\u00eam<\/td>\n<td>L\u00fd do th\u00eam v\u00e0o<\/td>\n<\/tr>\n<tr>\n<td>Dibutylbis(pentane-2, 4-dionato-O,O\u2019) tin<\/td>\n<td>245-152-0<\/td>\n<td>22673-19-4<\/td>\n<td>25\/06\/2020<\/td>\n<td>Qu\u00e1 tr\u00ecnh t\u00e1i s\u1ea3n xu\u1ea5t \u0111\u1ed9c h\u1ea1i (\u0110i\u1ec1u 57c)<\/td>\n<\/tr>\n<tr>\n<td>Butyl 4-hydroxybenzoate<\/td>\n<td>202-318-7<\/td>\n<td>94-26-8<\/td>\n<td>25\/06\/2020<\/td>\n<td>Ph\u00e1 hu\u1ef7 n\u1ed9i ti\u1ebft (\u0110i\u1ec1u 57f &#8211; s\u1ee9c kho\u1ebb con ng\u01b0\u1eddi)<\/td>\n<\/tr>\n<tr>\n<td>2-methylimidazole<\/td>\n<td>211-765-7<\/td>\n<td>693-98-1<\/td>\n<td>25\/06\/2020<\/td>\n<td>Qu\u00e1 tr\u00ecnh t\u00e1i s\u1ea3n xu\u1ea5t \u0111\u1ed9c h\u1ea1i(\u0110i\u1ec1u 57c)<\/td>\n<\/tr>\n<tr>\n<td>1-vinylimidazole<\/td>\n<td>214-012-0<\/td>\n<td>1072-63-5<\/td>\n<td>25\/06\/2020<\/td>\n<td>Qu\u00e1 tr\u00ecnh t\u00e1i s\u1ea3n xu\u1ea5t \u0111\u1ed9c h\u1ea1i(\u0110i\u1ec1u 57c)<\/td>\n<\/tr>\n<tr>\n<td>Perfluorobutane sulfonic acid (PFBS) v\u00e0 c\u00e1c mu\u1ed1i<\/td>\n<td>\u2013<\/td>\n<td>\u2013<\/td>\n<td>16\/01\/2020<\/td>\n<td>&#8211; C\u00f3 \u1ea3nh h\u01b0\u1edfng nghi\u00eam tr\u1ecdng \u0111\u1ebfn s\u1ee9c kho\u1ebb con ng\u01b0\u1eddi (\u0110i\u1ec1u 57f &#8211; s\u1ee9c kho\u1ebb con ng\u01b0\u1eddi)<\/p>\n<p>&#8211; C\u00f3 \u1ea3nh h\u01b0\u1edfng nghi\u00eam tr\u1ecdng \u0111\u1ebfn m\u00f4i tr\u01b0\u1eddng s\u1ed1ng c\u1ee7a con ng\u01b0\u1eddi (\u0110i\u1ec1u 57f &#8211; m\u00f4i tr\u01b0\u1eddng)<\/td>\n<\/tr>\n<\/tbody>\n<\/table>\n<h2><strong>\u00a0<\/strong><strong>D\u1ecbch v\u1ee5 c\u1ee7a ch\u00fang t\u00f4i:<\/strong><\/h2>\n<ul>\n<li>T\u01b0 v\u1ea5n v\u1ec1 vi\u1ec7c \u0111\u0103ng k\u00fd c\u00e1c lo\u1ea1i ho\u00e1 ch\u1ea5t<\/li>\n<li>Th\u1eed nghi\u1ec7m v\u1edbi danh s\u00e1ch gi\u1edbi h\u1ea1n SVHC trong REACH ANNEX XVII<\/li>\n<li>Th\u1eed nghi\u1ec7m quy tr\u00ecnh<\/li>\n<li>H\u1ed7 tr\u1ee3 k\u1ef9 thu\u1eadt cho MSDS\/SDS<\/li>\n<li>HQTS c\u00f3 1 ch\u01b0\u01a1ng tr\u00ecnh \u0111\u00e0o t\u1ea1o nh\u1eb1m n\u00e2ng cao nh\u1eadn th\u1ee9c v\u1ec1 REACH \u0111\u1ec3 h\u1ed7 tr\u1ee3 doanh nghi\u1ec7p<\/li>\n<\/ul>\n<h2><strong>C\u00e1c s\u1ea3n ph\u1ea9m \u0111\u01b0\u1ee3c quy \u0111\u1ecbnh b\u1edfi REACH:<\/strong><\/h2>\n<ul>\n<li>Ho\u00e1 ch\u1ea5t<\/li>\n<li>S\u1ea3n ph\u1ea9m \u0111i\u1ec7n, motor<\/li>\n<li>S\u1ee3i, gi\u00e0y, v\u1ea3i v\u00e0 c\u00e1c ph\u1ee5 ki\u1ec7n<\/li>\n<\/ul>\n<h2><strong>C\u00e1c d\u1ecbch v\u1ee5 Th\u1eed nghi\u1ec7m kh\u00e1c:<\/strong><\/h2>\n<ul>\n<li><a href=\"https:\/\/www.hqts.com\/vi\/dich-vu\/thu-nghiem\/hoa-hoc\/\">Th\u1eed nghi\u1ec7m h\u00f3a h\u1ecdc<\/a><\/li>\n<li><a href=\"https:\/\/www.hqts.com\/vi\/dich-vu\/thu-nghiem\/rohs\/\">Th\u1eed nghi\u1ec7m RoHS<\/a><\/li>\n<li><a href=\"https:\/\/www.hqts.com\/vi\/dich-vu\/thu-nghiem\/cpsia\/\">Th\u1eed nghi\u1ec7m CPSIA<\/a><\/li>\n<li><a href=\"https:\/\/www.hqts.com\/vi\/dich-vu\/thu-nghiem\/ista\/\">Th\u1eed nghi\u1ec7m bao b\u00ec ISTA.<\/a><\/li>\n<\/ul>\n","protected":false},"excerpt":{"rendered":"<p>Th\u1eed nghi\u1ec7m REACH Ti\u00eau chu\u1ea9n Ch\u00e2u \u00c2u s\u1ed1 1907\/2006 v\u1ec1 vi\u1ec7c \u0111\u0103ng k\u00fd (register), \u0111\u00e1nh gi\u00e1 (evaluation), th\u1ea9m \u0111\u1ecbnh (authorization) v\u00e0 gi\u1edbi h\u1ea1n ho\u00e1 ch\u1ea5t \u0111\u01b0\u1ee3c quy \u0111\u1ecbnh ch\u00ednh th\u1ee9c ng\u00e0y 1\/6 n\u0103m 2007. Ti\u00eau chu\u1ea9n n\u00e0y t\u1eadp trung v\u00e0o vi\u1ec7c c\u1ee7ng c\u1ed1 quy tr\u00ecnh s\u1ea3n xu\u1ea5t v\u00e0 s\u1eed d\u1ee5ng ho\u00e1 ch\u1ea5t \u0111\u1ec3 b\u1ea3o v\u1ec7 [&hellip;]<\/p>\n","protected":false},"author":12,"featured_media":78155,"parent":78139,"menu_order":55,"comment_status":"closed","ping_status":"closed","template":"","meta":{"_acf_changed":false,"footnotes":""},"class_list":["post-78151","page","type-page","status-publish","has-post-thumbnail","hentry"],"acf":[],"_links":{"self":[{"href":"https:\/\/www.hqts.com\/vi\/wp-json\/wp\/v2\/pages\/78151","targetHints":{"allow":["GET"]}}],"collection":[{"href":"https:\/\/www.hqts.com\/vi\/wp-json\/wp\/v2\/pages"}],"about":[{"href":"https:\/\/www.hqts.com\/vi\/wp-json\/wp\/v2\/types\/page"}],"author":[{"embeddable":true,"href":"https:\/\/www.hqts.com\/vi\/wp-json\/wp\/v2\/users\/12"}],"replies":[{"embeddable":true,"href":"https:\/\/www.hqts.com\/vi\/wp-json\/wp\/v2\/comments?post=78151"}],"version-history":[{"count":2,"href":"https:\/\/www.hqts.com\/vi\/wp-json\/wp\/v2\/pages\/78151\/revisions"}],"predecessor-version":[{"id":115048,"href":"https:\/\/www.hqts.com\/vi\/wp-json\/wp\/v2\/pages\/78151\/revisions\/115048"}],"up":[{"embeddable":true,"href":"https:\/\/www.hqts.com\/vi\/wp-json\/wp\/v2\/pages\/78139"}],"wp:featuredmedia":[{"embeddable":true,"href":"https:\/\/www.hqts.com\/vi\/wp-json\/wp\/v2\/media\/78155"}],"wp:attachment":[{"href":"https:\/\/www.hqts.com\/vi\/wp-json\/wp\/v2\/media?parent=78151"}],"curies":[{"name":"wp","href":"https:\/\/api.w.org\/{rel}","templated":true}]}}