{"id":78157,"date":"2021-07-20T09:35:37","date_gmt":"2021-07-20T09:35:37","guid":{"rendered":"https:\/\/www.hqts.com\/?page_id=78157"},"modified":"2022-04-29T07:56:35","modified_gmt":"2022-04-29T07:56:35","slug":"rohs","status":"publish","type":"page","link":"https:\/\/www.hqts.com\/vi\/dich-vu\/thu-nghiem\/rohs\/","title":{"rendered":"Th\u1eed nghi\u1ec7m RoHS"},"content":{"rendered":"<h2>Th\u1eed nghi\u1ec7m RoHS<\/h2>\n<p><strong>Ch\u1ec9 th\u1ecb H\u1ea1n ch\u1ebf C\u00e1c ch\u1ea5t Nguy hi\u1ec3m (RoHS) l\u00e0 ti\u00eau chu\u1ea9n b\u1eaft bu\u1ed9c do Li\u00ean minh Ch\u00e2u \u00c2u (EU) \u0111\u1eb7t ra v\u1ec1 vi\u1ec7c h\u1ea1n ch\u1ebf s\u1eed d\u1ee5ng m\u1ed9t s\u1ed1 ch\u1ea5t \u0111\u1ed9c h\u1ea1i trong thi\u1ebft b\u1ecb \u0111i\u1ec7n v\u00e0 \u0111i\u1ec7n t\u1eed. Ch\u1ec9 th\u1ecb EU 2011\/65\/EU (RoHS 2.0) \u0111\u00e3 thay th\u1ebf Ch\u1ec9 th\u1ecb 2002\/95\/EC k\u1ec3 t\u1eeb 03\/01\/2013. T\u1ea5t c\u1ea3 c\u00e1c thi\u1ebft b\u1ecb \u0111i\u1ec7n v\u00e0 \u0111i\u1ec7n t\u1eed \u0111\u01b0\u1ee3c b\u00e1n \u1edf Ch\u00e2u \u00c2u \u0111\u1ec1u ph\u1ea3i tu\u00e2n theo RoHS 2.0.<\/strong><\/p>\n<p>Nh\u1eb1m cho ph\u00e9p c\u00e1c nh\u00e0 s\u1ea3n xu\u1ea5t c\u00f3 \u0111\u1ee7 th\u1eddi gian \u0111\u1ec3 \u0111\u1ea3m b\u1ea3o c\u00e1c s\u1ea3n ph\u1ea9m m\u1edbi tu\u00e2n th\u1ee7 RoHS 2.0, m\u1ed9t giai \u0111o\u1ea1n chuy\u1ec3n ti\u1ebfp \u0111\u00e3 \u0111\u01b0\u1ee3c thi\u1ebft l\u1eadp nh\u01b0 sau:<\/p>\n<p>&#8211; 22\/07\/2014 &#8211; Thi\u1ebft b\u1ecb y t\u1ebf v\u00e0 d\u1ee5ng c\u1ee5 gi\u00e1m s\u00e1t v\u00e0 ki\u1ec3m so\u00e1t<\/p>\n<p>&#8211; 22\/07\/2016 &#8211; Thi\u1ebft b\u1ecb y t\u1ebf ch\u1ea9n \u0111o\u00e1n in vitro<\/p>\n<p>&#8211; 22\/07\/2017 &#8211; C\u00f4ng c\u1ee5 gi\u00e1m s\u00e1t v\u00e0 \u0111i\u1ec1u khi\u1ec3n c\u00f4ng nghi\u1ec7p<\/p>\n<p>&#8211; 22\/07\/2019 &#8211; T\u1ea5t c\u1ea3 c\u00e1c thi\u1ebft b\u1ecb \u0111i\u1ec7n v\u00e0 \u0111i\u1ec7n t\u1eed kh\u00e1c kh\u00f4ng thu\u1ed9c b\u1ea5t k\u1ef3 danh m\u1ee5c n\u00e0o \u1edf tr\u00ean<\/p>\n<h2>C\u00e1c thi\u1ebft b\u1ecb lo\u1ea1i tr\u1eeb kh\u1ecfi RoHS:<\/h2>\n<ul>\n<li>C\u00e1c thi\u1ebft b\u1ecb c\u00f4ng nghi\u1ec7p c\u1ed1 \u0111\u1ecbnh quy m\u00f4 l\u1edbn v\u00e0 l\u1eafp \u0111\u1eb7t c\u1ed1 \u0111\u1ecbnh quy m\u00f4 l\u1edbn;<\/li>\n<li>Ph\u01b0\u01a1ng ti\u1ec7n v\u1eadn chuy\u1ec3n ng\u01b0\u1eddi ho\u1eb7c h\u00e0ng h\u00f3a, tr\u1eeb xe hai b\u00e1nh \u0111i\u1ec7n ch\u01b0a \u0111\u01b0\u1ee3c ph\u00ea duy\u1ec7t ki\u1ec3u lo\u1ea1i;<\/li>\n<li>M\u00e1y m\u00f3c di \u0111\u1ed9ng phi \u0111\u01b0\u1eddng b\u1ed9 \u0111\u01b0\u1ee3c s\u1ea3n xu\u1ea5t d\u00e0nh ri\u00eang cho m\u1ee5c \u0111\u00edch s\u1eed d\u1ee5ng chuy\u00ean nghi\u1ec7p;<\/li>\n<li>T\u1ea5m quang \u0111i\u1ec7n<\/li>\n<\/ul>\n<h2>C\u00e1c s\u1ea3n ph\u1ea9m tu\u00e2n th\u1ee7 RoHS:<\/h2>\n<ul>\n<li>Thi\u1ebft b\u1ecb gia d\u1ee5ng l\u1edbn<\/li>\n<li>Thi\u1ebft b\u1ecb gia d\u1ee5ng nh\u1ecf<\/li>\n<li>Thi\u1ebft b\u1ecb CNTT v\u00e0 Truy\u1ec1n th\u00f4ng<\/li>\n<li>Thi\u1ebft b\u1ecb ti\u00eau d\u00f9ng<\/li>\n<li>S\u1ea3n ph\u1ea9m chi\u1ebfu s\u00e1ng<\/li>\n<li>D\u1ee5ng c\u1ee5 \u0111i\u1ec7n v\u00e0 \u0111i\u1ec7n t\u1eed<\/li>\n<li>\u0110\u1ed3 ch\u01a1i, thi\u1ebft b\u1ecb gi\u1ea3i tr\u00ed v\u00e0 th\u1ec3 thao<\/li>\n<li>M\u00e1y r\u00fat t\u1ef1 \u0111\u1ed9ng<\/li>\n<li>C\u00e1c thi\u1ebft b\u1ecb y t\u1ebf<\/li>\n<li>Thi\u1ebft b\u1ecb gi\u00e1m s\u00e1t<\/li>\n<li>T\u1ea5t c\u1ea3 c\u00e1c thi\u1ebft b\u1ecb \u0111i\u1ec7n v\u00e0 \u0111i\u1ec7n t\u1eed kh\u00e1c<\/li>\n<\/ul>\n<h2>C\u00e1c ch\u1ea5t b\u1ecb h\u1ea1n ch\u1ebft trong RoHS<\/h2>\n<p>V\u00e0o 04\/06\/2015, EU \u0111\u00e3 c\u00f4ng b\u1ed1 b\u1ea3n (EU) 2015\/863 \u0111\u1ec3 ti\u1ebfn h\u00e0nh s\u1eeda \u0111\u1ed5i 2011\/65\/EU (RoHS 2.0), b\u1ed5 sung b\u1ed1n lo\u1ea1i phthalate v\u00e0o danh s\u00e1ch c\u00e1c ch\u1ea5t b\u1ecb h\u1ea1n ch\u1ebf. B\u1ea3n s\u1eeda \u0111\u1ed5i s\u1ebd c\u00f3 hi\u1ec7u l\u1ef1c v\u00e0o 22\/07\/2019. C\u00e1c ch\u1ea5t b\u1ecb h\u1ea1n ch\u1ebf \u0111\u01b0\u1ee3c th\u1ec3 hi\u1ec7n trong b\u1ea3ng sau:<br \/>\n<img fetchpriority=\"high\" decoding=\"async\" class=\"alignnone wp-image-78162\" src=\"https:\/\/www.hqts.com\/wp-content\/uploads\/2020\/03\/ROHS-300x99.jpg\" alt=\"\" width=\"639\" height=\"211\" srcset=\"https:\/\/www.hqts.com\/wp-content\/uploads\/2020\/03\/ROHS-300x99.jpg 300w, https:\/\/www.hqts.com\/wp-content\/uploads\/2020\/03\/ROHS.jpg 717w\" sizes=\"(max-width: 639px) 100vw, 639px\" \/><\/p>\n<p>HQTS cung c\u1ea5p c\u00e1c d\u1ecbch v\u1ee5 Th\u1eed nghi\u1ec7m ch\u1ea5t l\u01b0\u1ee3ng cao li\u00ean quan \u0111\u1ebfn c\u00e1c ch\u1ea5t b\u1ecb h\u1ea1n ch\u1ebf, \u0111\u1ea3m b\u1ea3o s\u1ea3n ph\u1ea9m c\u1ee7a b\u1ea1n tu\u00e2n th\u1ee7 c\u00e1c y\u00eau c\u1ea7u c\u1ee7a RoHS \u0111\u1ec3 gia nh\u1eadp h\u1ee3p ph\u00e1p v\u00e0o th\u1ecb tr\u01b0\u1eddng EU.<\/p>\n<h2>D\u1ecbch v\u1ee5 Th\u1eed nghi\u1ec7m c\u1ee7a HQTS:<\/h2>\n<ul>\n<li><a href=\"https:\/\/www.hqts.com\/vi\/dich-vu\/thu-nghiem\/hoa-hoc\/\">Th\u1eed nghi\u1ec7m h\u00f3a h\u1ecdc<\/a><\/li>\n<li><a href=\"https:\/\/www.hqts.com\/vi\/dich-vu\/thu-nghiem\/reach\/\">Th\u1eed nghi\u1ec7m REACH<\/a><\/li>\n<li><a href=\"https:\/\/www.hqts.com\/vi\/dich-vu\/thu-nghiem\/cpsia\/\">Th\u1eed nghi\u1ec7m CPSIA<\/a><\/li>\n<li><a href=\"https:\/\/www.hqts.com\/vi\/dich-vu\/thu-nghiem\/ista\/\">Th\u1eed nghi\u1ec7m bao b\u00ec ISTA.<\/a><\/li>\n<\/ul>\n","protected":false},"excerpt":{"rendered":"<p>Th\u1eed nghi\u1ec7m RoHS Ch\u1ec9 th\u1ecb H\u1ea1n ch\u1ebf C\u00e1c ch\u1ea5t Nguy hi\u1ec3m (RoHS) l\u00e0 ti\u00eau chu\u1ea9n b\u1eaft bu\u1ed9c do Li\u00ean minh Ch\u00e2u \u00c2u (EU) \u0111\u1eb7t ra v\u1ec1 vi\u1ec7c h\u1ea1n ch\u1ebf s\u1eed d\u1ee5ng m\u1ed9t s\u1ed1 ch\u1ea5t \u0111\u1ed9c h\u1ea1i trong thi\u1ebft b\u1ecb \u0111i\u1ec7n v\u00e0 \u0111i\u1ec7n t\u1eed. Ch\u1ec9 th\u1ecb EU 2011\/65\/EU (RoHS 2.0) \u0111\u00e3 thay th\u1ebf Ch\u1ec9 th\u1ecb 2002\/95\/EC [&hellip;]<\/p>\n","protected":false},"author":12,"featured_media":78164,"parent":78139,"menu_order":54,"comment_status":"closed","ping_status":"closed","template":"","meta":{"_acf_changed":false,"footnotes":""},"class_list":["post-78157","page","type-page","status-publish","has-post-thumbnail","hentry"],"acf":[],"_links":{"self":[{"href":"https:\/\/www.hqts.com\/vi\/wp-json\/wp\/v2\/pages\/78157","targetHints":{"allow":["GET"]}}],"collection":[{"href":"https:\/\/www.hqts.com\/vi\/wp-json\/wp\/v2\/pages"}],"about":[{"href":"https:\/\/www.hqts.com\/vi\/wp-json\/wp\/v2\/types\/page"}],"author":[{"embeddable":true,"href":"https:\/\/www.hqts.com\/vi\/wp-json\/wp\/v2\/users\/12"}],"replies":[{"embeddable":true,"href":"https:\/\/www.hqts.com\/vi\/wp-json\/wp\/v2\/comments?post=78157"}],"version-history":[{"count":5,"href":"https:\/\/www.hqts.com\/vi\/wp-json\/wp\/v2\/pages\/78157\/revisions"}],"predecessor-version":[{"id":119830,"href":"https:\/\/www.hqts.com\/vi\/wp-json\/wp\/v2\/pages\/78157\/revisions\/119830"}],"up":[{"embeddable":true,"href":"https:\/\/www.hqts.com\/vi\/wp-json\/wp\/v2\/pages\/78139"}],"wp:featuredmedia":[{"embeddable":true,"href":"https:\/\/www.hqts.com\/vi\/wp-json\/wp\/v2\/media\/78164"}],"wp:attachment":[{"href":"https:\/\/www.hqts.com\/vi\/wp-json\/wp\/v2\/media?parent=78157"}],"curies":[{"name":"wp","href":"https:\/\/api.w.org\/{rel}","templated":true}]}}