{"id":78168,"date":"2021-07-20T09:52:33","date_gmt":"2021-07-20T09:52:33","guid":{"rendered":"https:\/\/www.hqts.com\/?page_id=78168"},"modified":"2022-04-29T07:57:06","modified_gmt":"2022-04-29T07:57:06","slug":"cpsia","status":"publish","type":"page","link":"https:\/\/www.hqts.com\/vi\/dich-vu\/thu-nghiem\/cpsia\/","title":{"rendered":"Th\u1eed nghi\u1ec7m CPSIA"},"content":{"rendered":"<h2><strong>CPSIA<\/strong><\/h2>\n<p>V\u00e0o 14\/08\/2008, T\u1ed5ng th\u1ed1ng George W. Bush \u0111\u00e3 k\u00fd \u0111\u1ea1o lu\u1eadt mang t\u00ednh b\u01b0\u1edbc ngo\u1eb7t: \u0110\u1ea1o lu\u1eadt C\u1ea3i thi\u1ec7n An to\u00e0n S\u1ea3n ph\u1ea9m Ti\u00eau d\u00f9ng (CPSIA) n\u0103m 2008. \u0110\u1ea1o lu\u1eadt \u0111\u00e3 n\u00eau c\u00e1c quy t\u1eafc x\u00e1c \u0111\u1ecbnh gi\u1edbi h\u1ea1n ch\u00ec v\u00e0 phthalate d\u00e0nh ri\u00eang cho c\u00e1c s\u1ea3n ph\u1ea9m d\u00e0nh cho tr\u1ebb v\u1ecb th\u00e0nh ni\u00ean. V\u1edbi \u0111\u1ea1o lu\u1eadt n\u00e0y, m\u1ed9t s\u1ed1 s\u1ea3n ph\u1ea9m d\u00e0nh cho tr\u1ebb v\u1ecb th\u00e0nh ni\u00ean c\u1ea7n \u0111\u01b0\u1ee3c ki\u1ec3m tra b\u1edfi Ph\u00f2ng th\u00ed nghi\u1ec7m Th\u1eed nghi\u1ec7m c\u1ee7a b\u00ean th\u1ee9 ba \u0111\u01b0\u1ee3c c\u00f4ng nh\u1eadn tr\u01b0\u1edbc khi nh\u1eadp kh\u1ea9u v\u00e0o Hoa K\u1ef3.<\/p>\n<p>V\u00e0o 18\/10\/ 2017, \u1ee6y ban An to\u00e0n S\u1ea3n ph\u1ea9m Ti\u00eau d\u00f9ng Hoa K\u1ef3 (CPSC) \u0111\u00e3 ban h\u00e0nh nguy\u00ean t\u1eafc c\u1ea5m \u0111\u1ed3 ch\u01a1i tr\u1ebb em v\u00e0 \u0111\u1ed3 d\u00f9ng ch\u0103m s\u00f3c tr\u1ebb em c\u00f3 ch\u1ee9a h\u01a1n 0.1% h\u00f3a ch\u1ea5t phthalate nh\u1ea5t \u0111\u1ecbnh.<\/p>\n<p>C\u00e1c chi ti\u1ebft nh\u01b0 sau:<\/p>\n<p>&nbsp;<\/p>\n<table>\n<tbody>\n<tr>\n<td width=\"133\">M\u00f4 t\u1ea3<\/td>\n<td width=\"372\">Hi\u1ec7u l\u1ef1c t\u1eeb 10\/02\/2009<\/td>\n<\/tr>\n<tr>\n<td width=\"133\">DEHP, DBP ho\u1eb7c BBP<\/td>\n<td width=\"372\">B\u1ea5t k\u1ef3 \u0111\u1ed3 ch\u01a1i tr\u1ebb em ho\u1eb7c \u0111\u1ed3 d\u00f9ng ch\u0103m s\u00f3c tr\u1ebb em kh\u00f4ng \u0111\u01b0\u1ee3c ch\u1ee9a h\u01a1n 0.1% DEHP, DBP ho\u1eb7c BBP (1000ppm)<\/td>\n<\/tr>\n<tr>\n<td width=\"133\">DINP, DIDP ho\u1eb7c DnOP<\/td>\n<td width=\"372\">B\u1ea5t k\u1ef3 \u0111\u1ed3 ch\u01a1i tr\u1ebb em c\u00f3 th\u1ec3 cho v\u00e0o mi\u1ec7ng tr\u1ebb ho\u1eb7c \u0111\u1ed3 d\u00f9ng ch\u0103m s\u00f3c tr\u1ebb em kh\u00f4ng \u0111\u01b0\u1ee3c ch\u1ee9a h\u01a1n 0.1% DINP, DIDP ho\u1eb7c DnOP (1000ppm)<\/td>\n<\/tr>\n<\/tbody>\n<\/table>\n<h2>Th\u1eed nghi\u1ec7m CPSIA<\/h2>\n<p><strong>Ph\u00f2ng th\u00ed nghi\u1ec7m c\u1ee7a HQTS \u0111\u00e3 \u0111\u01b0\u1ee3c \u1ee6y ban An to\u00e0n S\u1ea3n ph\u1ea9m Ti\u00eau d\u00f9ng Hoa K\u1ef3 (CPSC) c\u00f4ng nh\u1eadn \u0111\u1ec3 ki\u1ec3m tra \u0111\u1ed3 ch\u01a1i v\u00e0 s\u1ea3n ph\u1ea9m d\u00e0nh cho tr\u1ebb em d\u1ef1a tr\u00ean c\u00e1c quy \u0111\u1ecbnh c\u1ee7a CPSC nh\u01b0 sau:<\/strong><\/p>\n<ul>\n<li>S\u01a1n ch\u00ec: 16 CFR Part 1303<\/li>\n<li>N\u00fam v\u00fa gi\u1ea3: 16 CFR Part 1511<\/li>\n<li>Quy t\u1eafc b\u1ed9 ph\u1eadn nh\u1ecf: 16 CFR Part 1501<\/li>\n<li>Ki\u1ec3m tra t\u00ednh d\u1ec5 ch\u00e1y c\u1ee7a h\u00e0ng d\u1ec7t: 16 CFR Part 1610<\/li>\n<li>Tr\u1ed1ng rung: 16 CFR Part 1510<\/li>\n<li>Ch\u00ec trong trang s\u1ee9c kim lo\u1ea1i d\u00e0nh cho tr\u1ebb em: CPSC-CH-E1001-08<\/li>\n<li>Ch\u00ec trong c\u00e1c s\u1ea3n ph\u1ea9m kim lo\u1ea1i d\u00e0nh cho tr\u1ebb em: CPSC-CH-E1001-08<\/li>\n<li>Ch\u00ec trong c\u00e1c s\u1ea3n ph\u1ea9m phi kim lo\u1ea1i d\u00e0nh cho tr\u1ebb em: CPSC-CH-E1002-08<\/li>\n<li>ASTM F963-17<\/li>\n<\/ul>\n<h2>C\u00e1c v\u1ea5n \u0111\u1ec1 v\u00e0 gi\u1ea3i ph\u00e1p<\/h2>\n<ul>\n<li>Gi\u1edbi h\u1ea1n ch\u00ec<\/li>\n<li>Gi\u1edbi h\u1ea1n phthalate<\/li>\n<li>Ti\u00eau chu\u1ea9n an to\u00e0n \u0111\u1ed3 ch\u01a1i b\u1eaft bu\u1ed9c ASTM F963<\/li>\n<li>Y\u00eau c\u1ea7u ki\u1ec3m tra c\u1ee7a b\u00ean th\u1ee9 ba<\/li>\n<li>Theo d\u00f5i nh\u00e3n cho c\u00e1c s\u1ea3n ph\u1ea9m d\u00e0nh cho tr\u1ebb em<\/li>\n<li>GCC (Ch\u1ee9ng nh\u1eadn H\u1ee3p quy Chung)<\/li>\n<\/ul>\n<h2>D\u1ecbch v\u1ee5 Th\u1eed nghi\u1ec7m c\u1ee7a HQTS:<\/h2>\n<ul>\n<li><a href=\"https:\/\/www.hqts.com\/vi\/dich-vu\/thu-nghiem\/hoa-hoc\/\">Th\u1eed nghi\u1ec7m h\u00f3a h\u1ecdc<\/a><\/li>\n<li><a href=\"https:\/\/www.hqts.com\/vi\/dich-vu\/thu-nghiem\/reach\/\">Th\u1eed nghi\u1ec7m REACH<\/a><\/li>\n<li><a href=\"https:\/\/www.hqts.com\/vi\/dich-vu\/thu-nghiem\/rohs\/\">Th\u1eed nghi\u1ec7m RoHS<\/a><\/li>\n<li><a href=\"https:\/\/www.hqts.com\/vi\/dich-vu\/thu-nghiem\/ista\/\">Th\u1eed nghi\u1ec7m bao b\u00ec ISTA.<\/a><\/li>\n<\/ul>\n","protected":false},"excerpt":{"rendered":"<p>CPSIA V\u00e0o 14\/08\/2008, T\u1ed5ng th\u1ed1ng George W. Bush \u0111\u00e3 k\u00fd \u0111\u1ea1o lu\u1eadt mang t\u00ednh b\u01b0\u1edbc ngo\u1eb7t: \u0110\u1ea1o lu\u1eadt C\u1ea3i thi\u1ec7n An to\u00e0n S\u1ea3n ph\u1ea9m Ti\u00eau d\u00f9ng (CPSIA) n\u0103m 2008. \u0110\u1ea1o lu\u1eadt \u0111\u00e3 n\u00eau c\u00e1c quy t\u1eafc x\u00e1c \u0111\u1ecbnh gi\u1edbi h\u1ea1n ch\u00ec v\u00e0 phthalate d\u00e0nh ri\u00eang cho c\u00e1c s\u1ea3n ph\u1ea9m d\u00e0nh cho tr\u1ebb v\u1ecb th\u00e0nh ni\u00ean. [&hellip;]<\/p>\n","protected":false},"author":12,"featured_media":78172,"parent":78139,"menu_order":53,"comment_status":"closed","ping_status":"closed","template":"","meta":{"_acf_changed":false,"footnotes":""},"class_list":["post-78168","page","type-page","status-publish","has-post-thumbnail","hentry"],"acf":[],"_links":{"self":[{"href":"https:\/\/www.hqts.com\/vi\/wp-json\/wp\/v2\/pages\/78168","targetHints":{"allow":["GET"]}}],"collection":[{"href":"https:\/\/www.hqts.com\/vi\/wp-json\/wp\/v2\/pages"}],"about":[{"href":"https:\/\/www.hqts.com\/vi\/wp-json\/wp\/v2\/types\/page"}],"author":[{"embeddable":true,"href":"https:\/\/www.hqts.com\/vi\/wp-json\/wp\/v2\/users\/12"}],"replies":[{"embeddable":true,"href":"https:\/\/www.hqts.com\/vi\/wp-json\/wp\/v2\/comments?post=78168"}],"version-history":[{"count":3,"href":"https:\/\/www.hqts.com\/vi\/wp-json\/wp\/v2\/pages\/78168\/revisions"}],"predecessor-version":[{"id":119832,"href":"https:\/\/www.hqts.com\/vi\/wp-json\/wp\/v2\/pages\/78168\/revisions\/119832"}],"up":[{"embeddable":true,"href":"https:\/\/www.hqts.com\/vi\/wp-json\/wp\/v2\/pages\/78139"}],"wp:featuredmedia":[{"embeddable":true,"href":"https:\/\/www.hqts.com\/vi\/wp-json\/wp\/v2\/media\/78172"}],"wp:attachment":[{"href":"https:\/\/www.hqts.com\/vi\/wp-json\/wp\/v2\/media?parent=78168"}],"curies":[{"name":"wp","href":"https:\/\/api.w.org\/{rel}","templated":true}]}}