{"id":78175,"date":"2021-07-20T10:04:49","date_gmt":"2021-07-20T10:04:49","guid":{"rendered":"https:\/\/www.hqts.com\/?page_id=78175"},"modified":"2022-01-12T03:49:46","modified_gmt":"2022-01-12T03:49:46","slug":"ista","status":"publish","type":"page","link":"https:\/\/www.hqts.com\/vi\/dich-vu\/thu-nghiem\/ista\/","title":{"rendered":"TH\u1eec NGHI\u1ec6M \u0110\u00d3NG G\u00d3I ISTA"},"content":{"rendered":"<h2>Th\u1eed nghi\u1ec7m \u0111\u00f3ng g\u00f3i ISTA<\/h2>\n<p><strong>H\u00e0ng h\u00f3a xu\u1ea5t kh\u1ea9u c\u1ea7n \u0111\u1eb7c bi\u1ec7t ch\u00fa \u00fd \u0111\u1ebfn h\u00ecnh th\u1ee9c \u0111\u00f3ng g\u00f3i nh\u1eb1m \u0111\u1ea3m b\u1ea3o s\u1ea3n ph\u1ea9m \u0111\u1ebfn n\u01a1i to\u00e0n v\u1eb9n v\u00e0 an to\u00e0n. B\u1ea5t k\u1ec3 t\u00ednh ch\u1ea5t hay ph\u1ea1m vi nhu c\u1ea7u \u0111\u00f3ng g\u00f3i c\u1ee7a doanh nghi\u1ec7p l\u00e0 g\u00ec, c\u00e1c chuy\u00ean gia c\u1ee7a ch\u00fang t\u00f4i lu\u00f4n s\u1eb5n s\u00e0ng h\u1ed7 tr\u1ee3. T\u1eeb xem x\u00e9t hi\u1ec7n tr\u1ea1ng \u0111\u1ebfn \u0111\u01b0a ra gi\u1ea3i ph\u00e1p, ch\u00fang t\u00f4i c\u00f3 th\u1ec3 Th\u1eed nghi\u1ec7m trong m\u00f4i tr\u01b0\u1eddng v\u1eadn chuy\u1ec3n th\u1ef1c t\u1ebf \u0111\u1ec3 \u0111\u00e1nh gi\u00e1 h\u00ecnh th\u1ee9c \u0111\u00f3ng g\u00f3i s\u1ea3n ph\u1ea9m c\u1ee7a doanh nghi\u1ec7p, t\u1eeb v\u1eadt li\u1ec7u \u0111\u1ebfn thi\u1ebft k\u1ebf.<\/strong><\/p>\n<p>Ch\u00fang t\u00f4i gi\u00fap \u0111\u1ea3m b\u1ea3o r\u1eb1ng h\u00ecnh th\u1ee9c \u0111\u00f3ng g\u00f3i c\u1ee7a doanh nghi\u1ec7p \u0111\u1ea1t \u0111\u01b0\u1ee3c m\u1ee5c ti\u00eau b\u1ea3o v\u1ec7 h\u00e0ng h\u00f3a an to\u00e0n trong su\u1ed1t qu\u00e1 tr\u00ecnh v\u1eadn chuy\u1ec3n.<\/p>\n<p>Doanh nghi\u1ec7p c\u00f3 th\u1ec3 tin t\u01b0\u1edfng v\u00e0o k\u1ef9 n\u0103ng ph\u00e2n t\u00edch, \u0111\u00e1nh gi\u00e1, h\u1ed7 tr\u1ee3 v\u00e0 b\u00e1o c\u00e1o ch\u00ednh x\u00e1c c\u1ee7a ch\u00fang t\u00f4i. B\u1eb1ng c\u00e1ch l\u00e0m vi\u1ec7c s\u00e2u s\u00e1t v\u1edbi \u0111\u1ed9i ng\u0169 chuy\u00ean vi\u00ean c\u1ee7a b\u1ea1n, ch\u00fang t\u00f4i s\u1ebd thi\u1ebft k\u1ebf m\u1ed9t ph\u01b0\u01a1ng ph\u00e1p Th\u1eed nghi\u1ec7m v\u1eadn chuy\u1ec3n trong m\u00f4i tr\u01b0\u1eddng th\u1ef1c t\u1ebf \u0111\u00e1p \u1ee9ng c\u00e1c nhu c\u1ea7u chuy\u00ean bi\u1ec7t.<\/p>\n<h2>I. Th\u1eed nghi\u1ec7m \u0110\u00f3ng g\u00f3i v\u1eadn chuy\u1ec3n<\/h2>\n<p>Ph\u00f2ng th\u00ed nghi\u1ec7m HQTS-QAI c\u1ee7a ch\u00fang t\u00f4i \u0111\u01b0\u1ee3c trang b\u1ecb c\u01a1 s\u1edf v\u1eadt ch\u1ea5t ti\u00ean ti\u1ebfn v\u00e0 \u0111\u01b0\u1ee3c c\u00f4ng nh\u1eadn b\u1edfi c\u00e1c c\u01a1 quan h\u00e0ng \u0111\u1ea7u trong n\u01b0\u1edbc v\u00e0 qu\u1ed1c t\u1ebf bao g\u1ed3m Hi\u1ec7p h\u1ed9i V\u1eadn t\u1ea3i An to\u00e0n Qu\u1ed1c t\u1ebf (ISTA) v\u00e0 Hi\u1ec7p h\u1ed9i Th\u00ed nghi\u1ec7m v\u00e0 V\u1eadt li\u1ec7u Hoa K\u1ef3 (ASTM) \u0111\u1ec3 Th\u1eed nghi\u1ec7m \u0111\u00f3ng g\u00f3i v\u00e0 v\u1eadn chuy\u1ec3n. Ch\u00fang t\u00f4i cung c\u1ea5p c\u00e1c d\u1ecbch v\u1ee5 Th\u1eed nghi\u1ec7m \u0111\u00f3ng g\u00f3i v\u1eadn chuy\u1ec3n theo chu\u1ea9n ISTA, ATEM D4169, GB \/ T4857, v.v. \u0111\u1ec3 gi\u00fap doanh nghi\u1ec7p c\u1ea3i thi\u1ec7n c\u00e1c gi\u1ea3i ph\u00e1p \u0111\u00f3ng g\u00f3i c\u1ee7a m\u00ecnh v\u00e0 \u0111\u00e1p \u1ee9ng c\u00e1c y\u00eau c\u1ea7u c\u1ee7a th\u1ecb tr\u01b0\u1eddng v\u1ec1 t\u00ednh tu\u00e2n th\u1ee7 v\u00e0 s\u1ef1 an to\u00e0n c\u1ee7a s\u1ea3n ph\u1ea9m trong qu\u00e1 tr\u00ecnh v\u1eadn chuy\u1ec3n.<\/p>\n<h2>GI\u1edaI THI\u1ec6U ISTA<\/h2>\n<p>ISTA l\u00e0 t\u1ed5 ch\u1ee9c chuy\u00ean v\u1ec1 c\u00e1c v\u1ea5n \u0111\u1ec1 trong \u0111\u00f3ng g\u00f3i v\u1eadn chuy\u1ec3n. ISTA \u0111\u00e3 ph\u00e1t tri\u1ec3n c\u00e1c ti\u00eau chu\u1ea9n trong quy tr\u00ecnh Th\u1eed nghi\u1ec7m, nh\u1eb1m x\u00e1c \u0111\u1ecbnh v\u00e0 \u0111o l\u01b0\u1eddng hi\u1ec7u qu\u1ea3 c\u1ee7a c\u00e1c h\u00ecnh th\u1ee9c \u0111\u00f3ng g\u00f3i \u0111\u1ea3m b\u1ea3o s\u1ef1 an to\u00e0n cho h\u00e0ng h\u00f3a b\u00ean trong. ISTA \u0111\u00e3 c\u00f4ng b\u1ed1 chu\u1ed7i c\u00e1c ti\u00eau chu\u1ea9n v\u00e0 quy tr\u00ecnh nh\u1eb1m cung c\u1ea5p c\u01a1 s\u1edf \u0111\u1ec3 \u0111\u00e1nh gi\u00e1 hi\u1ec7u qu\u1ea3 \u0111\u00f3ng g\u00f3i \u1edf c\u00e1c \u0111i\u1ec1u ki\u1ec7n th\u1ef1c t\u1ebf kh\u00e1c nhau trong qu\u00e1 tr\u00ecnh x\u1eed l\u00fd v\u00e0 v\u1eadn chuy\u1ec3n h\u00e0ng h\u00f3a.<\/p>\n<h2>V\u1ec1 ASTM<\/h2>\n<p>C\u00e1c ti\u00eau chu\u1ea9n v\u1ec1 gi\u1ea5y v\u00e0 c\u00e1ch \u0111\u00f3ng g\u00f3i c\u1ee7a ASTM l\u00e0 c\u00f4ng c\u1ee5 \u0111\u1ec3 \u0111\u00e1nh gi\u00e1 v\u00e0 Th\u1eed nghi\u1ec7m t\u00ednh ch\u1ea5t v\u1eadt l\u00fd, c\u01a1 h\u1ecdc v\u00e0 h\u00f3a h\u1ecdc c\u1ee7a c\u00e1c v\u1eadt li\u1ec7u b\u1ed9t gi\u1ea5y, gi\u1ea5y v\u00e0 c\u00e1c lo\u1ea1i b\u00eca gi\u1ea5y kh\u00e1c. Nh\u1eefng v\u1eadt li\u1ec7u n\u00e0y ch\u1ee7 y\u1ebfu \u0111\u01b0\u1ee3c d\u00f9ng \u0111\u1ec3 l\u00e0m th\u00f9ng, h\u1ed9p v\u00e0 b\u01b0u ki\u1ec7n c\u0169ng nh\u01b0 c\u00e1c s\u1ea3n ph\u1ea9m d\u00f9ng \u0111\u1ec3 \u0111\u00f3ng g\u00f3i v\u00e0 d\u00e1n nh\u00e3n. C\u00e1c ti\u00eau chu\u1ea9n n\u00e0y gi\u00fap x\u00e1c \u0111\u1ecbnh \u0111\u1eb7c t\u00ednh c\u1ee7a v\u1eadt li\u1ec7u gi\u00fap ng\u01b0\u1eddi s\u1eed d\u1ee5ng c\u00e1c s\u1ea3n ph\u1ea9m t\u1eeb gi\u1ea5y h\u00ecnh th\u00e0nh quy tr\u00ecnh x\u1eed l\u00fd v\u00e0 \u0111\u00e1nh gi\u00e1 th\u00edch h\u1ee3p, nh\u1eb1m \u0111\u1ea3m b\u1ea3o ch\u1ea5t l\u01b0\u1ee3ng c\u1ee7a vi\u1ec7c \u0111\u00f3ng g\u00f3i ph\u00f9 h\u1ee3p v\u1edbi m\u1ee5c \u0111\u00edch th\u01b0\u01a1ng m\u1ea1i.<\/p>\n<h2>C\u00e1c h\u1ea1ng m\u1ee5c Th\u1eed nghi\u1ec7m ch\u00ednh<\/h2>\n<ul>\n<li>Th\u1eed nghi\u1ec7m giao th\u00f4ng v\u1eadn t\u1ea3i ISTA\n<ul>\n<li>1A \uff0c 1B \uff0c 1C \uff0c 1D \uff0c 1E \uff0c 1G \uff0c 1H<\/li>\n<li>2A \uff0c 2B \uff0c 2C \uff0c 2D \uff0c 2E \uff0c 2F<\/li>\n<li>3A \uff0c 3B \uff0c 3E \uff0c 3F<\/li>\n<li>4AB<\/li>\n<li>6-AMAZON.com-sioc<\/li>\n<li>6-FEDEX-A \uff0c 6-FEDEX-B<\/li>\n<li>6-SAMSCLUB<\/li>\n<\/ul>\n<\/li>\n<\/ul>\n<ul>\n<li>Th\u1eed nghi\u1ec7m \u0111\u1ed9 rung<\/li>\n<li>Th\u1eed nghi\u1ec7m th\u1ea3 r\u01a1i<\/li>\n<li>Th\u1eed nghi\u1ec7m t\u00e1c \u0111\u1ed9ng nghi\u00eang<\/li>\n<li>Th\u1eed nghi\u1ec7m \u0111\u1ed9 n\u00e9n cho th\u00f9ng carton<\/li>\n<li>Th\u1eed nghi\u1ec7m tr\u01b0\u1edbc v\u00e0 trong \u0111i\u1ec1u ki\u1ec7n kh\u00f4ng kh\u00ed<\/li>\n<li>Th\u1eed nghi\u1ec7m l\u1ef1c \u00e9p c\u1ee7a c\u00e1c m\u1eabu bao b\u00ec<\/li>\n<li>Sears 817-3045 Sec5-Sec7<\/li>\n<li>Ti\u00eau chu\u1ea9n Th\u1eed nghi\u1ec7m \u0111\u00f3ng g\u00f3i 1A, mod 1C JC Penney<br \/>\nISTA 1A, 2A cho Bosch<\/li>\n<\/ul>\n<h2>II. Th\u1eed nghi\u1ec7m v\u1eadt li\u1ec7u \u0111\u00f3ng g\u00f3i<\/h2>\n<p>Ch\u00fang t\u00f4i cung c\u1ea5p c\u00e1c d\u1ecbch v\u1ee5 Th\u1eed nghi\u1ec7m v\u1eadt li\u1ec7u \u0111\u00f3ng g\u00f3i ph\u00f9 h\u1ee3p v\u1edbi quy \u0111\u1ecbnh c\u1ee7a EU v\u1ec1 ch\u1ea5t th\u1ea3i v\u00e0 quy tr\u00ecnh \u0111\u00f3ng g\u00f3i (94\/62 \/ EC) \/ (2005\/20 \/ EC), Hi\u1ec7p h\u1ed9i K\u1ef9 thu\u1eadt Hoa K\u1ef3 v\u1ec1 C\u00f4ng nghi\u1ec7p Gi\u1ea5y v\u00e0 B\u1ed9t gi\u1ea5y (TAPPI), GB&#8230;<\/p>\n<h2>C\u00e1c h\u1ea1ng m\u1ee5c th\u1eed nghi\u1ec7m ch\u00ednh:<\/h2>\n<ul>\n<li>Th\u1eed nghi\u1ec7m \u0111\u1ed9 n\u00e9n c\u1ee7a c\u00e1c c\u1ea1nh<\/li>\n<li>Th\u1eed nghi\u1ec7m \u0111\u1ed9 b\u1ec1n r\u00e1ch<\/li>\n<li>Th\u1eed nghi\u1ec7m \u0111\u1ed9 ch\u1ecbu b\u1ee5c<\/li>\n<li>Th\u1eed nghi\u1ec7m \u0111\u1ed9 \u1ea9m gi\u1ea5y<\/li>\n<li>\u0110\u1ed9 d\u00e0y<\/li>\n<li>Tr\u1ecdng l\u01b0\u1ee3ng c\u01a1 b\u1ea3n, gram<\/li>\n<li>C\u00e1c th\u00e0nh ph\u1ea7n \u0111\u1ed9c h\u1ea1i trong v\u1eadt li\u1ec7u \u0111\u00f3ng g\u00f3i<\/li>\n<\/ul>\n<h2>C\u00e1c d\u1ecbch v\u1ee5 Th\u1eed nghi\u1ec7m kh\u00e1c<\/h2>\n<ul>\n<li><a href=\"https:\/\/www.hqts.com\/vi\/dich-vu\/thu-nghiem\/hoa-hoc\/\">Th\u1eed nghi\u1ec7m h\u00f3a h\u1ecdc<\/a><\/li>\n<li><a href=\"https:\/\/www.hqts.com\/vi\/dich-vu\/thu-nghiem\/reach\/\">Th\u1eed nghi\u1ec7m REACH<\/a><\/li>\n<li><a href=\"https:\/\/www.hqts.com\/vi\/dich-vu\/thu-nghiem\/rohs\/\">Th\u1eed nghi\u1ec7m RoHS<\/a><\/li>\n<li><a href=\"https:\/\/www.hqts.com\/vi\/dich-vu\/thu-nghiem\/cpsia\/\">Th\u1eed nghi\u1ec7m CPSIA<\/a><\/li>\n<\/ul>\n","protected":false},"excerpt":{"rendered":"<p>Th\u1eed nghi\u1ec7m \u0111\u00f3ng g\u00f3i ISTA H\u00e0ng h\u00f3a xu\u1ea5t kh\u1ea9u c\u1ea7n \u0111\u1eb7c bi\u1ec7t ch\u00fa \u00fd \u0111\u1ebfn h\u00ecnh th\u1ee9c \u0111\u00f3ng g\u00f3i nh\u1eb1m \u0111\u1ea3m b\u1ea3o s\u1ea3n ph\u1ea9m \u0111\u1ebfn n\u01a1i to\u00e0n v\u1eb9n v\u00e0 an to\u00e0n. B\u1ea5t k\u1ec3 t\u00ednh ch\u1ea5t hay ph\u1ea1m vi nhu c\u1ea7u \u0111\u00f3ng g\u00f3i c\u1ee7a doanh nghi\u1ec7p l\u00e0 g\u00ec, c\u00e1c chuy\u00ean gia c\u1ee7a ch\u00fang t\u00f4i lu\u00f4n s\u1eb5n [&hellip;]<\/p>\n","protected":false},"author":12,"featured_media":78177,"parent":78139,"menu_order":52,"comment_status":"closed","ping_status":"closed","template":"","meta":{"_acf_changed":false,"footnotes":""},"class_list":["post-78175","page","type-page","status-publish","has-post-thumbnail","hentry"],"acf":[],"_links":{"self":[{"href":"https:\/\/www.hqts.com\/vi\/wp-json\/wp\/v2\/pages\/78175","targetHints":{"allow":["GET"]}}],"collection":[{"href":"https:\/\/www.hqts.com\/vi\/wp-json\/wp\/v2\/pages"}],"about":[{"href":"https:\/\/www.hqts.com\/vi\/wp-json\/wp\/v2\/types\/page"}],"author":[{"embeddable":true,"href":"https:\/\/www.hqts.com\/vi\/wp-json\/wp\/v2\/users\/12"}],"replies":[{"embeddable":true,"href":"https:\/\/www.hqts.com\/vi\/wp-json\/wp\/v2\/comments?post=78175"}],"version-history":[{"count":2,"href":"https:\/\/www.hqts.com\/vi\/wp-json\/wp\/v2\/pages\/78175\/revisions"}],"predecessor-version":[{"id":115051,"href":"https:\/\/www.hqts.com\/vi\/wp-json\/wp\/v2\/pages\/78175\/revisions\/115051"}],"up":[{"embeddable":true,"href":"https:\/\/www.hqts.com\/vi\/wp-json\/wp\/v2\/pages\/78139"}],"wp:featuredmedia":[{"embeddable":true,"href":"https:\/\/www.hqts.com\/vi\/wp-json\/wp\/v2\/media\/78177"}],"wp:attachment":[{"href":"https:\/\/www.hqts.com\/vi\/wp-json\/wp\/v2\/media?parent=78175"}],"curies":[{"name":"wp","href":"https:\/\/api.w.org\/{rel}","templated":true}]}}