{"id":78393,"date":"2021-07-21T09:15:47","date_gmt":"2021-07-21T09:15:47","guid":{"rendered":"https:\/\/www.hqts.com\/?page_id=78393"},"modified":"2021-08-06T09:29:34","modified_gmt":"2021-08-06T09:29:34","slug":"quan-ly-chuoi-cung-ung","status":"publish","type":"page","link":"https:\/\/www.hqts.com\/vi\/dich-vu\/quan-ly-chuoi-cung-ung\/","title":{"rendered":"Qu\u1ea3n l\u00fd chu\u1ed7i cung \u1ee9ng"},"content":{"rendered":"<h2>Qu\u1ea3n l\u00fd chu\u1ed7i cung \u1ee9ng trong s\u1ea3n xu\u1ea5t<\/h2>\n<p><strong>Qu\u1ea3n l\u00fd chu\u1ed7i cung \u1ee9ng trong s\u1ea3n xu\u1ea5t l\u00e0 d\u1ecbch v\u1ee5 c\u1ed1t l\u00f5i trong c\u00e1c gi\u1ea3i ph\u00e1p qu\u1ea3n l\u00fd chu\u1ed7i cung \u1ee9ng c\u1ee7a HQTS.<\/strong><\/p>\n<p>\u0110\u1ed9i ng\u0169 v\u1eadn h\u00e0nh c\u1ee7a HQTS cung c\u1ea5p m\u1ed9t gi\u1ea3i ph\u00e1p to\u00e0n di\u1ec7n v\u1ec1 k\u1ef9 thu\u1eadt, l\u1eadp k\u1ebf ho\u1ea1ch v\u00e0 ki\u1ec3m so\u00e1t ch\u1ea5t l\u01b0\u1ee3ng, v\u00ec v\u1eady kh\u00e1ch h\u00e0ng c\u1ee7a ch\u00fang t\u00f4i c\u00f3 th\u1ec3 c\u1ea3i thi\u1ec7n \u0111\u1ec1u \u0111\u1eb7n hi\u1ec7u su\u1ea5t ho\u1ea1t \u0111\u1ed9ng s\u1ea3n xu\u1ea5t. \u0110i\u1ec1u n\u00e0y h\u1ee3p nh\u1ea5t t\u1ea5t c\u1ea3 c\u00e1c quy tr\u00ecnh s\u1ea3n xu\u1ea5t bao g\u1ed3m qu\u1ea3n l\u00fd d\u1ef1 \u00e1n, l\u1eadp k\u1ebf ho\u1ea1ch v\u00e0 l\u1eadp l\u1ecbch tr\u00ecnh n\u00e2ng cao, ki\u1ec3m so\u00e1t ch\u1ea5t l\u01b0\u1ee3ng s\u1ea3n xu\u1ea5t, duy tr\u00ec v\u00e0 c\u1ea3i ti\u1ebfn nh\u00e0 cung c\u1ea5p.<\/p>\n<p>V\u1edbi d\u1ecbch v\u1ee5 chuy\u00ean nghi\u1ec7p c\u1ee7a HQTS, kh\u00e1ch h\u00e0ng c\u1ee7a ch\u00fang t\u00f4i c\u00f3 th\u1ec3 \u0111\u01b0\u1ee3c h\u01b0\u1edfng l\u1ee3i t\u1eeb:<\/p>\n<ul>\n<li>T\u0103ng kh\u1ea3 n\u0103ng hi\u1ec3n th\u1ecb c\u1ee7a qu\u1ea3n l\u00fd chu\u1ed7i cung \u1ee9ng trong s\u1ea3n xu\u1ea5t<\/li>\n<li>Ra m\u1eaft nhanh s\u1ea3n ph\u1ea9m m\u1edbi<\/li>\n<li>Ch\u1ea5t l\u01b0\u1ee3ng s\u1ea3n ph\u1ea9m nh\u1ea5t qu\u00e1n<\/li>\n<li>Chuy\u1ec3n h\u00e0ng \u0111\u00fang gi\u1edd<\/li>\n<li>Hi\u1ec7u qu\u1ea3 chi ph\u00ed c\u1ee7a c\u00e1c ho\u1ea1t \u0111\u1ed9ng t\u1ed5ng th\u1ec3 c\u1ee7a chu\u1ed7i cung \u1ee9ng trong s\u1ea3n xu\u1ea5t<\/li>\n<\/ul>\n<p>HQTS c\u00f3 c\u00e1c chuy\u00ean gia d\u00e0y d\u1ea1n kinh nghi\u1ec7m, v\u1edbi nhi\u1ec1u k\u1ef9 n\u0103ng v\u00e0 chuy\u00ean m\u00f4n bao g\u1ed3m th\u1ef1c hi\u1ec7n \u0111\u01a1n h\u00e0ng, qu\u1ea3n l\u00fd quy tr\u00ecnh s\u1ea3n xu\u1ea5t, qu\u1ea3n l\u00fd m\u1ed1i quan h\u1ec7 v\u1edbi nh\u00e0 cung c\u1ea5p, ph\u00e1t tri\u1ec3n s\u1ea3n ph\u1ea9m v\u00e0 th\u01b0\u01a1ng m\u1ea1i h\u00f3a.<\/p>\n<p>Ch\u00fang t\u00f4i t\u00edch c\u1ef1c gi\u00fap kh\u00e1ch h\u00e0ng qu\u1ea3n l\u00fd c\u00e1c ho\u1ea1t \u0111\u1ed9ng c\u1ee7a chu\u1ed7i cung \u1ee9ng trong s\u1ea3n xu\u1ea5t th\u00f4ng qua Ch\u01b0\u01a1ng tr\u00ecnh Qu\u1ea3n l\u00fd Nh\u00e0 cung c\u1ea5p v\u00e0 Qu\u1ea3n l\u00fd Ch\u1ea5t l\u01b0\u1ee3ng Nh\u00e0 cung c\u1ea5p.<\/p>\n<h2><strong>Ch\u01b0\u01a1ng tr\u00ecnh Qu\u1ea3n l\u00fd Nh\u00e0 cung c\u1ea5p<\/strong><\/h2>\n<p>L\u1eadp k\u1ebf ho\u1ea1ch l\u00e0 \u0111i\u1ec1u c\u1ea7n thi\u1ebft trong Qu\u1ea3n l\u00fd chu\u1ed7i cung \u1ee9ng. \u0110\u1ed9i ng\u0169 v\u1eadn h\u00e0nh c\u1ee7a HQTS tri\u1ec3n khai c\u00e1c c\u00f4ng c\u1ee5 l\u1eadp k\u1ebf ho\u1ea1ch ti\u00ean ti\u1ebfn, cho ph\u00e9p h\u1ecd gi\u00e1m s\u00e1t v\u00e0 \u0111\u00e1nh gi\u00e1 ch\u1eb7t ch\u1ebd to\u00e0n b\u1ed9 qu\u00e1 tr\u00ecnh giao h\u00e0ng. \u0110i\u1ec1u n\u00e0y gi\u00fap ph\u00e1t hi\u1ec7n r\u1ee7i ro ti\u1ec1m \u1ea9n trong qu\u00e1 tr\u00ecnh th\u1ef1c hi\u1ec7n \u0111\u01a1n \u0111\u1eb7t h\u00e0ng, gi\u00fap ng\u0103n ng\u1eeba nh\u1eefng r\u1ee7i ro n\u00e0y d\u1ec5 d\u00e0ng h\u01a1n.<\/p>\n<p>D\u1ecbch v\u1ee5 n\u00e0y bao g\u1ed3m:<\/p>\n<ul>\n<li>D\u1ef1 b\u00e1o nhu c\u1ea7u v\u1ec1 v\u1eadt li\u1ec7u ho\u1eb7c s\u1ea3n ph\u1ea9m<\/li>\n<li>L\u1eadp k\u1ebf ho\u1ea1ch cung \u1ee9ng \u0111\u1ec3 \u0111\u1ea3m b\u1ea3o ngu\u1ed3n nguy\u00ean li\u1ec7u s\u1eb5n c\u00f3<\/li>\n<li>\u0110\u00e1nh gi\u00e1 c\u00e1c nh\u00e0 cung c\u1ea5p v\u00e0 x\u00e1c \u0111\u1ecbnh m\u1ee9c \u0111\u1ed9 hi\u1ec7u qu\u1ea3 c\u1ee7a c\u00e1c chi\u1ebfn l\u01b0\u1ee3c \u0111a nh\u00e0 cung c\u1ea5p c\u1ee7a kh\u00e1ch h\u00e0ng<\/li>\n<li>X\u00e1c \u0111\u1ecbnh r\u1ee7i ro chu\u1ed7i cung \u1ee9ng v\u00e0 c\u00e1c b\u01b0\u1edbc gi\u1ea3m thi\u1ec3u<\/li>\n<li>Ph\u00e2n t\u00edch h\u00e0ng t\u1ed3n kho \u0111\u1ec3 x\u00e1c \u0111\u1ecbnh c\u00e1ch c\u1ea3i thi\u1ec7n v\u00f2ng quay h\u00e0ng t\u1ed3n kho, gi\u1ea3m l\u00e3ng ph\u00ed v\u00e0 t\u1ed1i \u01b0u h\u00f3a d\u1ecbch v\u1ee5 kh\u00e1ch h\u00e0ng<\/li>\n<li>Qu\u1ea3n l\u00fd mua h\u00e0ng, ki\u1ec3m so\u00e1t h\u00e0ng t\u1ed3n kho v\u00e0 nh\u1eadp kho<\/li>\n<li>\u0110i\u1ec1u ph\u1ed1i chu\u1ed7i cung \u1ee9ng v\u1edbi c\u00e1c khu v\u1ef1c ch\u1ee9c n\u0103ng kh\u00e1c c\u1ee7a kh\u00e1ch h\u00e0ng<\/li>\n<li>Truy\u1ec1n \u0111\u1ea1t tr\u1ea1ng th\u00e1i, r\u1ee7i ro v\u00e0 c\u00e1c thay \u0111\u1ed5i g\u00e2y \u1ea3nh h\u01b0\u1edfng<\/li>\n<li>Th\u00fac \u0111\u1ea9y c\u00e1c s\u00e1ng ki\u1ebfn \u200b\u200bthay \u0111\u1ed5i v\u00e0 c\u1ea3i ti\u1ebfn quy tr\u00ecnh.<\/li>\n<\/ul>\n<h2><strong>Qu\u1ea3n l\u00fd Ch\u1ea5t l\u01b0\u1ee3ng Nh\u00e0 cung c\u1ea5p<\/strong><\/h2>\n<p>HQTS ch\u1ec9 \u0111\u1ecbnh m\u1ed9t ng\u01b0\u1eddi qu\u1ea3n l\u00fd d\u1ef1 \u00e1n v\u00e0 nh\u00f3m chuy\u00ean tr\u00e1ch \u0111\u1ec3 c\u1ed9ng t\u00e1c trong t\u1ea5t c\u1ea3 c\u00e1c ch\u01b0\u01a1ng tr\u00ecnh \u0111\u1ed1i t\u00e1c v\u00e0 c\u00e1c d\u1ef1 \u00e1n ki\u1ec3m so\u00e1t ch\u1ea5t l\u01b0\u1ee3ng. \u0110i\u1ec1u n\u00e0y bao g\u1ed3m Ch\u1ee9ng ch\u1ec9 Thi\u1ebft k\u1ebf S\u1ea3n ph\u1ea9m, Gi\u1edbi thi\u1ec7u S\u1ea3n ph\u1ea9m M\u1edbi, Ki\u1ec3m so\u00e1t Ch\u1ea5t l\u01b0\u1ee3ng S\u1ea3n xu\u1ea5t, T\u00ednh b\u1ec1n v\u1eefng v\u00e0 C\u1ea3i ti\u1ebfn.<\/p>\n<p><span style=\"text-decoration: underline;\"><strong>Ch\u1ee9ng ch\u1ec9 Thi\u1ebft k\u1ebf S\u1ea3n ph\u1ea9m<\/strong><\/span><\/p>\n<p>M\u1ed9t gi\u00e1m \u0111\u1ed1c d\u1ef1 \u00e1n HQTS s\u1ebd li\u00ean k\u1ebft kh\u00e1ch h\u00e0ng v\u1edbi c\u00e1c \u0111\u1ed1i t\u00e1c \u1edf Ch\u00e2u \u00c1 \u0111\u1ec3 ph\u00e1t tri\u1ec3n s\u1ea3n ph\u1ea9m nh\u1eb1m h\u1ee3p l\u00fd h\u00f3a vi\u1ec7c ra m\u1eaft s\u1ea3n ph\u1ea9m m\u1edbi. \u0110i\u1ec1u n\u00e0y cho ph\u00e9p l\u1eadp k\u1ebf ho\u1ea1ch v\u00e0 ph\u00e1t tri\u1ec3n s\u1ea3n ph\u1ea9m \u0111\u1ed3ng th\u1eddi gi\u1ea3m th\u1eddi gian s\u1ea3n xu\u1ea5t v\u00e0 n\u00e2ng cao hi\u1ec7u qu\u1ea3.<\/p>\n<p>D\u1ecbch v\u1ee5 bao g\u1ed3m:<\/p>\n<ul>\n<li>Tham gia s\u1edbm v\u00e0o c\u00e1c k\u1ebf ho\u1ea1ch ph\u00e1t tri\u1ec3n s\u1ea3n ph\u1ea9m m\u1edbi<\/li>\n<li>\u0110\u1ea3m b\u1ea3o c\u00e1c nh\u00e0 cung c\u1ea5p cung c\u1ea5p c\u00e1c ngu\u1ed3n l\u1ef1c \u0111\u1ec3 h\u1ed7 tr\u1ee3 c\u00e1c d\u1ef1 \u00e1n ph\u00e1t tri\u1ec3n s\u1ea3n ph\u1ea9m<\/li>\n<li>Giao ti\u1ebfp v\u1edbi c\u00e1c nh\u00e0 cung c\u1ea5p v\u1ec1 s\u1ef1 s\u1eb5n s\u00e0ng v\u00e0 ho\u00e0n th\u00e0nh s\u1ea3n xu\u1ea5t<\/li>\n<li>Qu\u1ea3n l\u00fd to\u00e0n b\u1ed9 h\u00f3a \u0111\u01a1n nguy\u00ean v\u1eadt li\u1ec7u (BOM)<\/li>\n<li>X\u1eed l\u00fd h\u01b0\u1edbng d\u1eabn \u0111\u00f3ng g\u00f3i<\/li>\n<li>Tri\u1ec3n khai \u0111\u1eb7c \u0111i\u1ec3m k\u1ef9 thu\u1eadt v\u00e0o quy tr\u00ecnh x\u00e2y d\u1ef1ng k\u1ef9 thu\u1eadt<\/li>\n<li>Gi\u00e1m s\u00e1t s\u1ea3n xu\u1ea5t x\u00e2y d\u1ef1ng k\u1ef9 thu\u1eadt<\/li>\n<li>Ki\u1ec3m tra v\u0103n b\u1ea3n \u0111\u1ea7u ti\u00ean<\/li>\n<li>Ki\u1ec3m tra theo y\u00eau c\u1ea7u quy \u0111\u1ecbnh<\/li>\n<li>X\u00e1c minh \u0111\u1ed9 tin c\u1eady<\/li>\n<li>Thi\u1ebft k\u1ebf qu\u1ea3n l\u00fd thay \u0111\u1ed5i<\/li>\n<li>Kh\u1edfi t\u1ea1o v\u00e0 theo d\u00f5i DFM &amp; CLCA \u0111\u1ec3 t\u1ed1i \u01b0u h\u00f3a thi\u1ebft k\u1ebf<\/li>\n<\/ul>\n<p><span style=\"text-decoration: underline;\"><strong>Gi\u1edbi thi\u1ec7u s\u1ea3n ph\u1ea9m m\u1edbi<\/strong><\/span><\/p>\n<p>Ch\u01b0\u01a1ng tr\u00ecnh Gi\u1edbi thi\u1ec7u S\u1ea3n ph\u1ea9m M\u1edbi (NPI) bao g\u1ed3m vi\u1ec7c \u0111\u00e1nh gi\u00e1 m\u1ee9c \u0111\u1ed9 s\u1eb5n s\u00e0ng s\u1ea3n xu\u1ea5t h\u00e0ng lo\u1ea1t. HQTS s\u1eed d\u1ee5ng ph\u01b0\u01a1ng ph\u00e1p ti\u1ebfp c\u1eadn quy tr\u00ecnh ki\u1ec3m so\u00e1t th\u00ed \u0111i\u1ec3m \u0111\u1ec3 gi\u00e1m s\u00e1t d\u00e2y chuy\u1ec1n s\u1ea3n xu\u1ea5t th\u1ef1c v\u00e0 duy tr\u00ec kh\u1ea3 n\u0103ng s\u1ea3n xu\u1ea5t c\u0169ng nh\u01b0 m\u1ee9c ch\u1ea5t l\u01b0\u1ee3ng nh\u1ea5t qu\u00e1n. Nh\u00f3m qu\u1ea3n l\u00fd d\u1ef1 \u00e1n HQTS \u0111\u00f3ng vai tr\u00f2 l\u00e0 \u0111\u1ea7u m\u1ed1i ch\u00ednh \u0111\u1ec3 d\u1eabn d\u1eaft c\u00e1c nh\u00f3m ch\u1ee9c n\u0103ng ch\u00e9o v\u00e0 c\u00e1c \u0111\u1ed1i t\u00e1c b\u00ean ngo\u00e0i cho qu\u00e1 tr\u00ecnh s\u1ea3n xu\u1ea5t m\u1edbi v\u00e0 chuy\u1ec3n \u0111\u1ed5i s\u1ea3n ph\u1ea9m.<\/p>\n<p>D\u1ecbch v\u1ee5 n\u00e0y bao g\u1ed3m:<\/p>\n<ul>\n<li>Theo d\u00f5i h\u00e0ng t\u1ed3n kho v\u00e0 ngu\u1ed3n cung c\u1ea5p cho NPI ho\u1eb7c c\u00e1c d\u1ef1 \u00e1n chuy\u1ec3n \u0111\u1ed5i s\u1ea3n xu\u1ea5t<\/li>\n<li>\u0110\u00f3ng vai tr\u00f2 l\u00e0 \u0111\u1ea7u m\u1ed1i li\u00ean k\u1ebft nguy\u00ean li\u1ec7u ch\u00ednh v\u1edbi ODM \/ CM \/ C\u00e1c nh\u00e0 cung c\u1ea5p<\/li>\n<li>Th\u00fac \u0111\u1ea9y s\u1ef1 s\u1eb5n s\u00e0ng v\u1edbi c\u00e1c \u0111\u1ed1i t\u00e1c b\u00ean ngo\u00e0i<\/li>\n<li>L\u1eadp k\u1ebf ho\u1ea1ch v\u00e0 th\u1ef1c hi\u1ec7n vi\u1ec7c ph\u00e1t tri\u1ec3n b\u1ea3n d\u1ef1ng NPI<\/li>\n<li>\u0110\u1ea3m b\u1ea3o s\u1ea3n ph\u1ea9m chuy\u1ec3n sang s\u1ea3n xu\u1ea5t theo c\u00e1c m\u1ee5c ti\u00eau chi ph\u00ed, ch\u1ea5t l\u01b0\u1ee3ng v\u00e0 c\u00f4ng su\u1ea5t c\u1ee5 th\u1ec3<\/li>\n<li>\u0110\u1ea3m b\u1ea3o c\u00e1c k\u1ebf ho\u1ea1ch \u0111\u1ea7u v\u00e0o v\u00e0 \u0111\u1ea7u ra h\u00e0ng ng\u00e0y v\u00e0 xem x\u00e9t c\u00e1c k\u1ebf ho\u1ea1ch x\u00e2y d\u1ef1ng<\/li>\n<li>\u0110\u00f3ng vai tr\u00f2 l\u00e0 \u0111\u1ea7u m\u1ed1i quan tr\u1ecdng cho CLCA \u0111\u1ec3 th\u00fac \u0111\u1ea9y h\u00e0nh \u0111\u1ed9ng kh\u1eafc ph\u1ee5c v\u00e0 ph\u00f2ng ng\u1eeba<\/li>\n<li>Qu\u1ea3n l\u00fd l\u1ecbch tr\u00ecnh d\u00e2y chuy\u1ec1n s\u1eeda ch\u1eefa ho\u1eb7c s\u1ea3n xu\u1ea5t h\u00e0ng lo\u1ea1t<\/li>\n<li>Th\u00fac \u0111\u1ea9y c\u00e1c nh\u00f3m ch\u1ee9c n\u0103ng ch\u00e9o \u0111\u1ec3 t\u1ed1i \u01b0u h\u00f3a chu\u1ed7i cung \u1ee9ng<\/li>\n<li>K\u1ebf to\u00e1n r\u1ee7i ro, thay \u0111\u1ed5i l\u1ecbch tr\u00ecnh ho\u1eb7c nhu c\u1ea7u.<\/li>\n<\/ul>\n<p><span style=\"text-decoration: underline;\"><strong>Ki\u1ec3m so\u00e1t ch\u1ea5t l\u01b0\u1ee3ng s\u1ea3n xu\u1ea5t<\/strong><\/span><\/p>\n<p>\u0110\u1ed9i ng\u0169 c\u1ee7a HQTS \u0111\u1ea3m b\u1ea3o ch\u1ea5t l\u01b0\u1ee3ng t\u1ed1i \u0111a c\u1ee7a s\u1ea3n ph\u1ea9m th\u00f4ng qua giao ti\u1ebfp li\u00ean t\u1ee5c, ki\u1ec3m so\u00e1t nh\u1ea5t qu\u00e1n v\u00e0 thi\u1ebft k\u1ebf ch\u1eb7t ch\u1ebd c\u00e1c ti\u00eau chu\u1ea9n c\u0169ng nh\u01b0 ph\u01b0\u01a1ng ph\u00e1p ki\u1ec3m so\u00e1t ch\u1ea5t l\u01b0\u1ee3ng \u0111\u01b0\u1ee3c chia s\u1ebb v\u1edbi c\u00e1c nh\u00e0 cung c\u1ea5p thu\u00ea ngo\u00e0i. Cu\u1ed1i c\u00f9ng, HQTS \u0111\u1ea3m b\u1ea3o r\u1eb1ng c\u00e1c s\u1ea3n ph\u1ea9m c\u1ee7a kh\u00e1ch h\u00e0ng lu\u00f4n \u0111\u01b0\u1ee3c ph\u00e2n ph\u1ed1i v\u1edbi ch\u1ea5t l\u01b0\u1ee3ng nh\u1ea5t qu\u00e1n.<\/p>\n<p>D\u1ecbch v\u1ee5 n\u00e0y bao g\u1ed3m:<\/p>\n<ul>\n<li>Th\u1ef1c hi\u1ec7n \u0111\u00e1nh gi\u00e1 ch\u1ea5t l\u01b0\u1ee3ng c\u00f4ng vi\u1ec7c c\u1ee7a nh\u00e0 cung c\u1ea5p<\/li>\n<li>L\u00e0m vi\u1ec7c ch\u1eb7t ch\u1ebd v\u1edbi kh\u00e1ch h\u00e0ng \u0111\u1ec3 c\u1eadp nh\u1eadt v\u00e0 th\u1ef1c hi\u1ec7n c\u00e1c thay \u0111\u1ed5i \u0111\u1ed1i v\u1edbi c\u00e1c quy tr\u00ecnh v\u00e0 ti\u00eau ch\u00ed ch\u1ea5t l\u01b0\u1ee3ng<\/li>\n<li>Theo d\u00f5i, \u0111o l\u01b0\u1eddng v\u00e0 b\u00e1o c\u00e1o c\u00e1c ch\u1ec9 s\u1ed1 ch\u1ea5t l\u01b0\u1ee3ng<\/li>\n<li>Th\u00fac \u0111\u1ea9y c\u00e1c ch\u01b0\u01a1ng tr\u00ecnh c\u1ea3i ti\u1ebfn ch\u1ea5t l\u01b0\u1ee3ng li\u00ean t\u1ee5c<\/li>\n<li>Th\u1ef1c hi\u1ec7n ti\u00eau chu\u1ea9n h\u00f3a quy tr\u00ecnh, gi\u00e1m s\u00e1t chi ph\u00ed v\u00e0 th\u00fac \u0111\u1ea9y hi\u1ec7u qu\u1ea3<\/li>\n<li>Cung c\u1ea5p b\u00e1o c\u00e1o h\u00e0ng ng\u00e0y, h\u00e0ng tu\u1ea7n v\u00e0 h\u00e0ng th\u00e1ng<\/li>\n<li>X\u00e1c \u0111\u1ecbnh v\u00e0 xem x\u00e9t c\u00e1c c\u01a1 h\u1ed9i \u0111\u1ec3 c\u1ea3i thi\u1ec7n ho\u1ea1t \u0111\u1ed9ng<\/li>\n<li>B\u1eaft \u0111\u1ea7u v\u00e0 th\u1ef1c hi\u1ec7n ph\u00e2n t\u00edch l\u1ed7i, ph\u00e2n t\u00edch nguy\u00ean nh\u00e2n g\u1ed1c r\u1ec5 v\u00e0 h\u00e0nh \u0111\u1ed9ng kh\u1eafc ph\u1ee5c<\/li>\n<\/ul>\n<p><span style=\"text-decoration: underline;\"><strong>B\u1ec1n v\u1eefng v\u00e0 C\u1ea3i ti\u1ebfn<\/strong><\/span><\/p>\n<p>\u0110\u1ed9i ng\u0169 chuy\u00ean vi\u00ean HQTS v\u1edbi nhi\u1ec1u kinh nghi\u1ec7m trong c\u00e1c quy tr\u00ecnh s\u1ea3n xu\u1ea5t kh\u00e1c nhau t\u1eadp trung v\u00e0o:<\/p>\n<ul>\n<li>Li\u00ean t\u1ee5c xem x\u00e9t c\u00e1c quy tr\u00ecnh s\u1ea3n xu\u1ea5t \u0111\u1ec3 x\u00e1c \u0111\u1ecbnh b\u1ea5t k\u1ef3 bi\u1ebfn s\u1ed1 n\u00e0o c\u00f3 th\u1ec3 \u1ea3nh h\u01b0\u1edfng \u0111\u1ebfn ch\u1ea5t l\u01b0\u1ee3ng v\u00e0 th\u1ef1c hi\u1ec7n c\u00e1c thay \u0111\u1ed5i \u0111\u1ec3 \u0111\u1ea1t \u0111\u01b0\u1ee3c c\u00e1c th\u00f4ng s\u1ed1 quy tr\u00ecnh t\u1ed1i \u01b0u.<\/li>\n<li>X\u00e1c \u0111\u1ecbnh c\u00e1c y\u1ebfu t\u1ed1 quan tr\u1ecdng \u1ea3nh h\u01b0\u1edfng \u0111\u1ebfn ho\u1ea1t \u0111\u1ed9ng v\u1ec1 chi ph\u00ed, chu\u1ed7i cung \u1ee9ng, ch\u1ea5t l\u01b0\u1ee3ng v\u00e0 kh\u1ea3 n\u0103ng m\u1edf r\u1ed9ng, \u0111\u1ec3 duy tr\u00ec n\u0103ng su\u1ea5t s\u1ea3n xu\u1ea5t cao v\u00e0 \u1ed5n \u0111\u1ecbnh.<\/li>\n<li>Theo d\u00f5i xu h\u01b0\u1edbng UPPH \u0111\u1ec3 \u0111\u00e1p \u1ee9ng c\u00e1c m\u1ee5c ti\u00eau c\u1ea3i ti\u1ebfn v\u00e0 t\u1ed1i \u0111a h\u00f3a hi\u1ec7u qu\u1ea3 s\u1ea3n xu\u1ea5t.<\/li>\n<li>Th\u00fac \u0111\u1ea9y s\u1ea3n xu\u1ea5t LEAN \u0111\u1ec3 c\u1ea3i ti\u1ebfn quy tr\u00ecnh.<\/li>\n<li>Th\u1ef1c hi\u1ec7n \u0111\u00e1nh gi\u00e1 \u0111\u1ecbnh k\u1ef3 \u0111\u1ec3 \u0111\u1ea3m b\u1ea3o c\u00e1c quy tr\u00ecnh v\u00e0 thi\u1ebft b\u1ecb lu\u00f4n \u1edf trong t\u00ecnh tr\u1ea1ng t\u1ed1t nh\u1ea5t<\/li>\n<li>Th\u01b0\u1eddng xuy\u00ean b\u00e1o c\u00e1o c\u1eadp nh\u1eadt ti\u1ebfn \u0111\u1ed9, xu h\u01b0\u1edbng n\u0103ng su\u1ea5t h\u00e0ng tu\u1ea7n v\u00e0 t\u00ecnh tr\u1ea1ng hi\u1ec7u qu\u1ea3 s\u1ea3n xu\u1ea5t.<\/li>\n<\/ul>\n","protected":false},"excerpt":{"rendered":"<p>Qu\u1ea3n l\u00fd chu\u1ed7i cung \u1ee9ng trong s\u1ea3n xu\u1ea5t Qu\u1ea3n l\u00fd chu\u1ed7i cung \u1ee9ng trong s\u1ea3n xu\u1ea5t l\u00e0 d\u1ecbch v\u1ee5 c\u1ed1t l\u00f5i trong c\u00e1c gi\u1ea3i ph\u00e1p qu\u1ea3n l\u00fd chu\u1ed7i cung \u1ee9ng c\u1ee7a HQTS. \u0110\u1ed9i ng\u0169 v\u1eadn h\u00e0nh c\u1ee7a HQTS cung c\u1ea5p m\u1ed9t gi\u1ea3i ph\u00e1p to\u00e0n di\u1ec7n v\u1ec1 k\u1ef9 thu\u1eadt, l\u1eadp k\u1ebf ho\u1ea1ch v\u00e0 ki\u1ec3m so\u00e1t ch\u1ea5t [&hellip;]<\/p>\n","protected":false},"author":12,"featured_media":78396,"parent":77937,"menu_order":1,"comment_status":"closed","ping_status":"closed","template":"","meta":{"_acf_changed":false,"footnotes":""},"class_list":["post-78393","page","type-page","status-publish","has-post-thumbnail","hentry"],"acf":[],"_links":{"self":[{"href":"https:\/\/www.hqts.com\/vi\/wp-json\/wp\/v2\/pages\/78393","targetHints":{"allow":["GET"]}}],"collection":[{"href":"https:\/\/www.hqts.com\/vi\/wp-json\/wp\/v2\/pages"}],"about":[{"href":"https:\/\/www.hqts.com\/vi\/wp-json\/wp\/v2\/types\/page"}],"author":[{"embeddable":true,"href":"https:\/\/www.hqts.com\/vi\/wp-json\/wp\/v2\/users\/12"}],"replies":[{"embeddable":true,"href":"https:\/\/www.hqts.com\/vi\/wp-json\/wp\/v2\/comments?post=78393"}],"version-history":[{"count":3,"href":"https:\/\/www.hqts.com\/vi\/wp-json\/wp\/v2\/pages\/78393\/revisions"}],"predecessor-version":[{"id":80859,"href":"https:\/\/www.hqts.com\/vi\/wp-json\/wp\/v2\/pages\/78393\/revisions\/80859"}],"up":[{"embeddable":true,"href":"https:\/\/www.hqts.com\/vi\/wp-json\/wp\/v2\/pages\/77937"}],"wp:featuredmedia":[{"embeddable":true,"href":"https:\/\/www.hqts.com\/vi\/wp-json\/wp\/v2\/media\/78396"}],"wp:attachment":[{"href":"https:\/\/www.hqts.com\/vi\/wp-json\/wp\/v2\/media?parent=78393"}],"curies":[{"name":"wp","href":"https:\/\/api.w.org\/{rel}","templated":true}]}}