{"id":78400,"date":"2021-07-21T09:22:03","date_gmt":"2021-07-21T09:22:03","guid":{"rendered":"https:\/\/www.hqts.com\/?page_id=78400"},"modified":"2021-08-16T04:23:48","modified_gmt":"2021-08-16T04:23:48","slug":"giam-sat-quy-trinh-san-xuat","status":"publish","type":"page","link":"https:\/\/www.hqts.com\/vi\/dich-vu\/quan-ly-chuoi-cung-ung\/giam-sat-quy-trinh-san-xuat\/","title":{"rendered":"Gi\u00e1m s\u00e1t quy tr\u00ecnh s\u1ea3n xu\u1ea5t"},"content":{"rendered":"<h2><strong>Gi\u00e1m s\u00e1t quy tr\u00ecnh s\u1ea3n xu\u1ea5t<\/strong><\/h2>\n<p><strong>HQTS, nh\u00e0 cung c\u1ea5p d\u1ecbch v\u1ee5 to\u00e0n c\u1ea7u h\u00e0ng \u0111\u1ea7u v\u1ec1 \u0111\u1ea3m b\u1ea3o ch\u1ea5t l\u01b0\u1ee3ng, \u0111\u01b0\u1ee3c CNAS c\u00f4ng nh\u1eadn theo ti\u00eau chu\u1ea9n ISO 17020 \u0111\u1ec3 gi\u00e1m \u0111\u1ecbnh v\u00e0 ISO 17025 \u0111\u1ec3 th\u1eed nghi\u1ec7m.<\/strong><\/p>\n<p><strong>N\u1ebfu m\u1ed9t doanh nghi\u1ec7p kh\u00f4ng x\u00e1c \u0111\u1ecbnh v\u00e0 kh\u1eafc ph\u1ee5c b\u1ea5t k\u1ef3 v\u1ea5n \u0111\u1ec1 n\u00e0o \u0111\u01b0\u1ee3c ph\u00e1t hi\u1ec7n tr\u01b0\u1edbc khi ho\u00e0n th\u00e0nh s\u1ea3n xu\u1ea5t s\u1ea3n ph\u1ea9m, doanh nghi\u1ec7p r\u1ea5t d\u1ec5 v\u1ea5p ph\u1ea3i t\u00ecnh tr\u1ea1ng tr\u1ea3 h\u00e0ng v\u00e0 ph\u1ea3i s\u1ea3n xu\u1ea5t l\u1ea1i do l\u1ed7i s\u1ea3n ph\u1ea9m. Vi\u1ec7c gi\u00e1m \u0111\u1ecbnh tr\u01b0\u1edbc kh\u00f4ng ch\u1ec9 gi\u00fap doanh nghi\u1ec7p ti\u1ebft ki\u1ec7m chi ph\u00ed m\u00e0 c\u00f2n \u0111\u1ea3m b\u1ea3o ch\u1ea5t l\u01b0\u1ee3ng s\u1ea3n ph\u1ea9m, n\u00e2ng cao kh\u1ea3 n\u0103ng c\u1ea1nh tranh tr\u00ean th\u1ecb tr\u01b0\u1eddng. S\u1eed d\u1ee5ng DPM l\u00e0 gi\u1ea3i ph\u00e1p l\u00fd t\u01b0\u1edfng cho c\u00e1c s\u1ea3n ph\u1ea9m ph\u1ee9c t\u1ea1p v\u00ec n\u00f3 t\u1eadp trung v\u00e0o ki\u1ec3m so\u00e1t ch\u1ea5t l\u01b0\u1ee3ng v\u00e0 c\u00f3 kh\u1ea3 n\u0103ng ph\u00f2ng ng\u1eeba r\u1ee7i ro cao nh\u1ea5t. Ngo\u00e0i ra, PSI l\u00e0 m\u1ed9t gi\u1ea3i ph\u00e1p tuy\u1ec7t v\u1eddi cho c\u00e1c s\u1ea3n ph\u1ea9m c\u00f3 quy tr\u00ecnh s\u1ea3n xu\u1ea5t \u00edt ph\u1ee9c t\u1ea1p h\u01a1n.<\/strong><\/p>\n<h2><strong>C\u00e1c d\u1ef1 \u00e1n v\u00e0 s\u1ea3n ph\u1ea9m m\u1edbi \u0111\u01b0\u1ee3c s\u1ea3n xu\u1ea5t trong giai \u0111o\u1ea1n s\u1ea3n xu\u1ea5t h\u00e0ng lo\u1ea1t<\/strong><\/h2>\n<p>C\u00f3 nhi\u1ec1u v\u1ea5n \u0111\u1ec1 c\u00f3 th\u1ec3 x\u1ea3y ra \u1edf nh\u1eefng giai \u0111o\u1ea1n n\u00e0y. S\u1eed d\u1ee5ng d\u1ecbch v\u1ee5 DPM c\u1ee7a HQTS, ch\u00fang t\u00f4i c\u00f3 th\u1ec3 t\u00ecm th\u1ea5y m\u1ecdi v\u1ea5n \u0111\u1ec1 khi\u1ebfm khuy\u1ebft trong c\u00e1c s\u1ea3n ph\u1ea9m m\u1edbi m\u1ed9t c\u00e1ch nhanh ch\u00f3ng \u0111\u1ec3 tr\u00e1nh kh\u1ea3 n\u0103ng ph\u1ea3i l\u00e0m l\u1ea1i h\u00e0ng lo\u1ea1t.<\/p>\n<h2><strong>C\u00e1c m\u1eb7t h\u00e0ng c\u00f3 ch\u1ea5t l\u01b0\u1ee3ng s\u1ea3n ph\u1ea9m kh\u00f4ng \u1ed5n \u0111\u1ecbnh<\/strong><\/h2>\n<p>N\u1ebfu ch\u1ea5t l\u01b0\u1ee3ng s\u1ea3n ph\u1ea9m kh\u00f4ng \u1ed5n \u0111\u1ecbnh v\u00e0 qu\u00e1 tr\u00ecnh gi\u00e1m \u0111\u1ecbnh s\u1eed d\u1ee5ng d\u1ecbch v\u1ee5 DPM, gi\u00e1m \u0111\u1ecbnh vi\u00ean s\u1ebd lu\u00f4n online \u0111\u1ec3 gi\u00e1m s\u00e1t tr\u1ea1ng th\u00e1i c\u1ee7a \u201cm\u00f4i tr\u01b0\u1eddng ph\u01b0\u01a1ng ph\u00e1p v\u1eadt li\u1ec7u m\u00e1y ng\u01b0\u1eddi\u201d trong to\u00e0n b\u1ed9 nh\u00e0 m\u00e1y &#8211; m\u1ed9t quy tr\u00ecnh y\u00eau c\u1ea7u c\u00f4ng nh\u00e2n l\u1eafp r\u00e1p theo \u0111\u00fang quy tr\u00ecnh c\u00e1c y\u00eau c\u1ea7u c\u1ee7a h\u01b0\u1edbng d\u1eabn ho\u1ea1t \u0111\u1ed9ng. Gi\u00e1m \u0111\u1ecbnh vi\u00ean s\u1ebd ki\u1ec3m tra b\u1eb1ng c\u00e1ch s\u1eed d\u1ee5ng c\u00e1c h\u01b0\u1edbng d\u1eabn nghi\u00eam ng\u1eb7t ph\u00f9 h\u1ee3p v\u1edbi c\u00e1c y\u00eau c\u1ea7u c\u1ee7a h\u01b0\u1edbng d\u1eabn gi\u00e1m \u0111\u1ecbnh, \u0111\u1ea3m b\u1ea3o s\u1ef1 \u1ed5n \u0111\u1ecbnh c\u1ee7a ch\u1ea5t l\u01b0\u1ee3ng s\u1ea3n ph\u1ea9m.<\/p>\n<h2><strong>C\u00e1c m\u1eb7t h\u00e0ng c\u00f3 ng\u00e0y giao h\u00e0ng c\u1ed1 \u0111\u1ecbnh v\u00e0 kh\u00f4ng \u0111\u01b0\u1ee3c ch\u1eadm tr\u1ec5<\/strong><\/h2>\n<p>N\u1ebfu ng\u00e0y giao s\u1ea3n ph\u1ea9m t\u01b0\u01a1ng \u0111\u1ed1i ch\u1eb7t ch\u1ebd, s\u1eed d\u1ee5ng d\u1ecbch v\u1ee5 DPM c\u00f3 th\u1ec3 li\u00ean t\u1ee5c theo d\u00f5i tr\u1ef1c tuy\u1ebfn t\u00ecnh tr\u1ea1ng s\u1ea3n xu\u1ea5t c\u1ee7a nh\u00e0 m\u00e1y v\u00e0 b\u00e1o c\u00e1o cho kh\u00e1ch h\u00e0ng m\u1ed9t c\u00e1ch hi\u1ec7u qu\u1ea3, \u0111\u1ea3m b\u1ea3o s\u1ea3n ph\u1ea9m \u0111\u01b0\u1ee3c v\u1eadn chuy\u1ec3n theo \u0111\u00fang k\u1ebf ho\u1ea1ch;<\/p>\n<h2><strong>C\u00e1c d\u1ef1 \u00e1n l\u1edbn v\u00e0 ph\u1ee9c t\u1ea1p kh\u00f4ng ch\u1ea5p nh\u1eadn l\u1ed7i s\u1ea3n ph\u1ea9m<\/strong><\/h2>\n<p>\u0110\u1ed1i v\u1edbi c\u00e1c d\u1ef1 \u00e1n quan tr\u1ecdng, n\u1ebfu kh\u00e1ch h\u00e0ng kh\u00f4ng th\u1ec3 gi\u00e1m s\u00e1t qu\u00e1 tr\u00ecnh t\u1ea1i ch\u1ed7 m\u1ecdi l\u00fac, th\u00ec d\u1ecbch v\u1ee5 DPM c\u00f3 th\u1ec3 gi\u1ea3i quy\u1ebft v\u1ea5n \u0111\u1ec1 n\u00e0y v\u00e0 \u0111\u1ea3m b\u1ea3o ti\u1ebfn \u0111\u1ed9 d\u1ef1 \u00e1n su\u00f4n s\u1ebb b\u1eb1ng c\u00e1ch gi\u00e1m \u0111\u1ecbnh to\u00e0n b\u1ed9 quy tr\u00ecnh t\u1eeb nh\u00e0 m\u00e1y \u0111\u1ebfn kho bao g\u1ed3m c\u1ea3 d\u00e2y chuy\u1ec1n s\u1ea3n xu\u1ea5t v\u00e0 bao b\u00ec;<\/p>\n<h2><strong>V\u1ea5n \u0111\u1ec1 ti\u1ec1m \u1ea9n<\/strong><\/h2>\n<p>Nguy\u00ean nh\u00e2n g\u1ed1c r\u1ec5 c\u1ea7n \u0111\u01b0\u1ee3c x\u00e1c \u0111\u1ecbnh trong qu\u00e1 tr\u00ecnh s\u1ea3n xu\u1ea5t. \u0110\u1ed1i v\u1edbi c\u00e1c v\u1ea5n \u0111\u1ec1 ph\u1ee9c t\u1ea1p kh\u00f4ng th\u1ec3 gi\u1ea3i quy\u1ebft b\u1eb1ng c\u00e1ch gi\u00e1m \u0111\u1ecbnh PSI \u0111\u01a1n gi\u1ea3n ho\u1eb7c n\u1ebfu c\u00e1c thi\u1ebft b\u1ecb \u0111i\u1ec7n \u0111\u01b0\u1ee3c s\u1eed d\u1ee5ng trong th\u1eddi gian d\u00e0i, vi\u1ec7c s\u1eed d\u1ee5ng d\u1ecbch v\u1ee5 DPM di\u1ec5n ra trong nh\u00e0 m\u00e1y c\u00f3 th\u1ec3 t\u00ecm ra ngu\u1ed3n g\u1ed1c v\u00e0 nguy\u00ean nh\u00e2n s\u1ef1 c\u1ed1 v\u00e0 gi\u00fap kh\u1eafc ph\u1ee5c d\u00e2y chuy\u1ec1n s\u1ea3n xu\u1ea5t \u0111\u1ec3 ng\u0103n s\u1ef1 c\u1ed1 x\u1ea3y ra l\u1ea7n n\u1eefa.<\/p>\n<p>Tr\u00ean th\u1ef1c t\u1ebf, r\u1ea5t nhi\u1ec1u ng\u01b0\u1eddi mua \u0111\u00e3 g\u1eb7p ph\u1ea3i s\u1ef1 c\u1ed1 t\u01b0\u01a1ng t\u1ef1 nh\u01b0 nh\u1eefng tr\u01b0\u1eddng h\u1ee3p n\u00eau tr\u00ean, h\u1ecd kh\u00f4ng ph\u1ea3i l\u00e0 nh\u1eefng tr\u01b0\u1eddng h\u1ee3p c\u00e1 bi\u1ec7t. H\u1ea7u h\u1ebft c\u00e1c v\u1ea5n \u0111\u1ec1 \u0111\u01b0\u1ee3c ph\u00e1t hi\u1ec7n trong qu\u00e1 tr\u00ecnh h\u1eadu ki\u1ec3m \u0111\u01b0\u1ee3c ph\u00e1t hi\u1ec7n qu\u00e1 mu\u1ed9n \u0111\u1ec3 s\u1eeda ch\u1eefa. L\u00fd do cho \u0111i\u1ec1u n\u00e0y l\u00e0:<\/p>\n<ol>\n<li>Ng\u01b0\u1eddi mua thi\u1ebfu ki\u1ec3m so\u00e1t ch\u1ea5t l\u01b0\u1ee3ng \u0111\u1ed1i v\u1edbi quy tr\u00ecnh s\u1ea3n xu\u1ea5t c\u1ee7a nh\u00e0 cung c\u1ea5p, do \u0111\u00f3 c\u00e1c v\u1ea5n \u0111\u1ec1 \u0111\u01b0\u1ee3c t\u00ecm th\u1ea5y trong l\u1ea7n ki\u1ec3m tra cu\u1ed1i c\u00f9ng r\u1ea5t kh\u00f3 kh\u0103n v\u00e0 t\u1ed1n k\u00e9m \u0111\u1ec3 kh\u1eafc ph\u1ee5c v\u00e0 ki\u1ec3m so\u00e1t.<\/li>\n<li>H\u1ea7u h\u1ebft c\u00e1c \u0111\u1ed9i ki\u1ec3m tra ch\u1ea5t l\u01b0\u1ee3ng c\u1ee7a ng\u01b0\u1eddi mua kh\u00f4ng ho\u00e0n to\u00e0n chuy\u00ean nghi\u1ec7p v\u00e0 do thi\u1ebfu nh\u00e2n l\u1ef1c trong m\u00f9a cao \u0111i\u1ec3m c\u0169ng nh\u01b0 h\u1ea1n ch\u1ebf c\u1ee7a vi\u1ec7c ki\u1ec3m tra xuy\u00ean khu v\u1ef1c, vi\u1ec7c gi\u00e1m s\u00e1t ch\u1ea5t l\u01b0\u1ee3ng v\u00e0 c\u1ea3i ti\u1ebfn ch\u1ea5t l\u01b0\u1ee3ng quy tr\u00ecnh s\u1ea3n xu\u1ea5t c\u1ee7a nh\u00e0 cung c\u1ea5p b\u1ecb h\u1ea1n ch\u1ebf.<\/li>\n<li>T\u1ed5 ch\u1ee9c gi\u00e1m \u0111\u1ecbnh (B\u00ean th\u1ee9 ba) s\u1ebd gi\u00fap \u00edch r\u1ea5t nhi\u1ec1u trong vi\u1ec7c gi\u00e1m s\u00e1t quy tr\u00ecnh s\u1ea3n xu\u1ea5t, do \u0111\u00f3 \u0111\u1ea3m b\u1ea3o ch\u1ea5t l\u01b0\u1ee3ng s\u1ea3n xu\u1ea5t v\u00e0 th\u1eddi gian giao h\u00e0ng \u0111\u00e1p \u1ee9ng y\u00eau c\u1ea7u c\u1ee7a kh\u00e1ch h\u00e0ng. HQTS l\u00e0 c\u00f4ng ty gi\u00e1m \u0111\u1ecbnh t\u1eadp trung v\u00e0o ch\u1ea5t l\u01b0\u1ee3ng v\u00e0 \u0111\u00e2y l\u00e0 x\u01b0\u01a1ng s\u1ed1ng c\u1ee7a qu\u00e1 tr\u00ecnh gi\u00e1m s\u00e1t s\u1ea3n xu\u1ea5t (DPM) v\u00e0 gi\u00e1m s\u00e1t ti\u1ebfn tr\u00ecnh s\u1ea3n xu\u1ea5t (PPM). HQTS c\u00f3 th\u1ec3 d\u1ef1 \u0111o\u00e1n tr\u01b0\u1edbc nh\u1eefng r\u1ee7i ro c\u00f3 th\u1ec3 x\u1ea3y ra trong qu\u00e1 tr\u00ecnh thi\u1ebft k\u1ebf v\u00e0 th\u1ef1c hi\u1ec7n c\u00e1c bi\u1ec7n ph\u00e1p \u0111\u1ec3 gi\u1ea3i quy\u1ebft hi\u1ec7u qu\u1ea3 nhi\u1ec1u v\u1ea5n \u0111\u1ec1 m\u00e0 sau khi ki\u1ec3m tra kh\u00f4ng th\u1ec3 gi\u1ea3i quy\u1ebft \u0111\u01b0\u1ee3c:<\/li>\n<\/ol>\n<ul>\n<li>\u0111\u1ea3m b\u1ea3o r\u1eb1ng nh\u00e0 m\u00e1y \u0111ang s\u1ea3n xu\u1ea5t theo \u0111\u00fang y\u00eau c\u1ea7u;<\/li>\n<li>t\u00ecm c\u00e1c v\u1ea5n \u0111\u1ec1 t\u1ed3n t\u1ea1i c\u00e0ng s\u1edbm c\u00e0ng t\u1ed1t;<\/li>\n<li>tr\u00e1nh l\u00e0m l\u1ea1i v\u1edbi quy m\u00f4 l\u1edbn;<\/li>\n<li>gi\u00e1m s\u00e1t ch\u1ea5t l\u01b0\u1ee3ng s\u1ea3n ph\u1ea9m trong qu\u00e1 tr\u00ecnh s\u1ea3n xu\u1ea5t;<\/li>\n<li>\u0111\u1ea3m b\u1ea3o nh\u00e0 m\u00e1y xu\u1ea5t x\u01b0\u1edfng theo \u0111\u00fang k\u1ebf ho\u1ea1ch;<\/li>\n<li>gi\u1ea3m b\u1ea5t k\u1ef3 khi\u1ebfu n\u1ea1i n\u00e0o c\u00f3 th\u1ec3 c\u00f3 c\u1ee7a kh\u00e1ch h\u00e0ng.<\/li>\n<\/ul>\n<p>Ki\u1ec3m so\u00e1t ch\u1ea5t l\u01b0\u1ee3ng b\u00e1n th\u00e0nh ph\u1ea9m ho\u1eb7c th\u00e0nh ph\u1ea9m v\u1eeba xu\u1ea5t x\u01b0\u1edfng, gi\u00e1m s\u00e1t quy tr\u00ecnh s\u1ea3n xu\u1ea5t v\u00e0 qu\u1ea3n l\u00fd t\u1ea1i ch\u1ed7 (con ng\u01b0\u1eddi, m\u00e1y m\u00f3c, v\u1eadt li\u1ec7u, ph\u01b0\u01a1ng ph\u00e1p, m\u00f4i tr\u01b0\u1eddng) v\u00e0 x\u00e1c \u0111\u1ecbnh c\u00e1c khi\u1ebfm khuy\u1ebft, sai l\u1ec7ch \u0111\u1ec3 b\u00e1o c\u00e1o cho nh\u00e0 s\u1ea3n xu\u1ea5t v\u00e0 kh\u00e1ch h\u00e0ng. Ti\u1ebfp theo l\u00e0 ph\u01b0\u01a1ng ph\u00e1p hi\u1ec7u qu\u1ea3 \u0111\u1ec3 s\u1eeda ch\u1eefa b\u1ea5t k\u1ef3 sai s\u00f3t n\u00e0o, gi\u00fap doanh nghi\u1ec7p gi\u1ea3i quy\u1ebft v\u1ea5n \u0111\u1ec1 ch\u1ea5t l\u01b0\u1ee3ng tr\u01b0\u1edbc. V\u00e0o n\u0103m 2020, HQTS n\u00e2ng c\u1ea5p d\u1ecbch v\u1ee5 DPI th\u00f4ng th\u01b0\u1eddng v\u00e0 cung c\u1ea5p m\u1ed9t d\u1ecbch v\u1ee5 m\u1edbi nh\u01b0 l\u00e0 m\u1ed9t ph\u1ea7n c\u1ee7a danh m\u1ee5c PM, bao g\u1ed3m c\u00e1c m\u00f4-\u0111un sau:<\/p>\n<ul>\n<li><strong>Ki\u1ec3m tra t\u00ecnh tr\u1ea1ng l\u01b0u tr\u1eef<\/strong><\/li>\n<li><strong>Ki\u1ec3m tra t\u00ecnh tr\u1ea1ng nguy\u00ean li\u1ec7u<\/strong><\/li>\n<li><strong>Ki\u1ec3m tra tr\u1ea1ng th\u00e1i IQC<\/strong><\/li>\n<li><strong>Ki\u1ec3m tra ph\u1ee5 ki\u1ec7n kh\u00f3a CDF<\/strong><\/li>\n<li><strong>Ki\u1ec3m tra d\u00e2y chuy\u1ec1n s\u1ea3n xu\u1ea5t<\/strong><\/li>\n<li><strong>Ki\u1ec3m tra b\u00e1n th\u00e0nh ph\u1ea9m<\/strong><\/li>\n<li><strong>Ki\u1ec3m tra th\u00e0nh ph\u1ea9m<\/strong><\/li>\n<li><strong>4M1E (C\u00f4ng nh\u00e2n, m\u00e1y m\u00f3c, nguy\u00ean li\u1ec7u th\u00f4, m\u00f4i tr\u01b0\u1eddng)<\/strong><\/li>\n<li><strong>Gi\u00e1m s\u00e1t nh\u00e0 m\u00e1y<\/strong><\/li>\n<li><strong>Ki\u1ec3m tra g\u00f3i h\u00e0ng<\/strong><\/li>\n<li><strong>Gi\u00e1m s\u00e1t k\u1ebf ho\u1ea1ch s\u1ea3n xu\u1ea5t<\/strong><\/li>\n<li><strong>NPI ho\u1eb7c theo d\u00f5i v\u1ea5n \u0111\u1ec1 c\u1ee7a s\u1ea3n ph\u1ea9m<\/strong><\/li>\n<\/ul>\n<p>&nbsp;<\/p>\n<p>HQTS c\u00f3 th\u1ec3 t\u00f9y ch\u1ec9nh linh ho\u1ea1t t\u1eebng m\u00f4-\u0111un tr\u00ean theo y\u00eau c\u1ea7u v\u00e0 m\u1ed1i quan t\u00e2m c\u1ee5 th\u1ec3 c\u1ee7a t\u1eebng kh\u00e1ch h\u00e0ng. Ch\u00fang t\u00f4i cung c\u1ea5p c\u00e1c gi\u1ea3i ph\u00e1p tu\u00e2n th\u1ee7 \u0111a d\u1ea1ng cho chu\u1ed7i cung \u1ee9ng, gi\u00fap c\u00e1c doanh nghi\u1ec7p li\u00ean t\u1ee5c c\u1ea3i ti\u1ebfn qu\u1ea3n l\u00fd s\u1ea3n xu\u1ea5t, n\u00e2ng cao ch\u1ea5t l\u01b0\u1ee3ng s\u1ea3n ph\u1ea9m v\u00e0 ki\u1ec3m so\u00e1t hi\u1ec7u qu\u1ea3 ch\u1ea5t l\u01b0\u1ee3ng s\u1ea3n ph\u1ea9m tr\u01b0\u1edbc khi \u0111\u1ebfn tay ng\u01b0\u1eddi ti\u00eau d\u00f9ng.<\/p>\n<p>V\u1edbi l\u1ee3i th\u1ebf v\u1ec1 ngu\u1ed3n l\u1ef1c to\u00e0n c\u1ea7u, kinh nghi\u1ec7m d\u00e0y d\u1eb7n trong qu\u1ea3n l\u00fd ki\u1ec3m so\u00e1t ch\u1ea5t l\u01b0\u1ee3ng v\u00e0 c\u00e1c gi\u1ea3i ph\u00e1p tu\u00e2n th\u1ee7 chu\u1ed7i cung \u1ee9ng hi\u1ec7u qu\u1ea3, HQTS t\u00edch c\u1ef1c gi\u00fap c\u00e1c doanh nghi\u1ec7p thi\u1ebft l\u1eadp m\u1ed9t quy tr\u00ecnh ki\u1ec3m so\u00e1t ch\u1ea5t l\u01b0\u1ee3ng ho\u00e0n ch\u1ec9nh v\u00e0 hi\u1ec7u qu\u1ea3, b\u1eb1ng c\u00e1ch ki\u1ec3m tra ch\u1ea5t l\u01b0\u1ee3ng s\u1ea3n ph\u1ea9m, cung c\u1ea5p c\u00e1c gi\u1ea3i ph\u00e1p to\u00e0n di\u1ec7n cho vi\u1ec7c gi\u00e1m \u0111\u1ecbnh ch\u1ea5t l\u01b0\u1ee3ng s\u1ea3n ph\u1ea9m v\u00e0 ti\u1ebfp c\u1eadn th\u1ecb tr\u01b0\u1eddng, t\u1eeb \u0111\u00f3 gi\u1ea3m thi\u1ec3u r\u1ee7i ro v\u00e0 n\u00e2ng cao s\u1ee9c m\u1ea1nh c\u1ea1nh tranh c\u1ee7a s\u1ea3n ph\u1ea9m.<\/p>\n","protected":false},"excerpt":{"rendered":"<p>Gi\u00e1m s\u00e1t quy tr\u00ecnh s\u1ea3n xu\u1ea5t HQTS, nh\u00e0 cung c\u1ea5p d\u1ecbch v\u1ee5 to\u00e0n c\u1ea7u h\u00e0ng \u0111\u1ea7u v\u1ec1 \u0111\u1ea3m b\u1ea3o ch\u1ea5t l\u01b0\u1ee3ng, \u0111\u01b0\u1ee3c CNAS c\u00f4ng nh\u1eadn theo ti\u00eau chu\u1ea9n ISO 17020 \u0111\u1ec3 gi\u00e1m \u0111\u1ecbnh v\u00e0 ISO 17025 \u0111\u1ec3 th\u1eed nghi\u1ec7m. N\u1ebfu m\u1ed9t doanh nghi\u1ec7p kh\u00f4ng x\u00e1c \u0111\u1ecbnh v\u00e0 kh\u1eafc ph\u1ee5c b\u1ea5t k\u1ef3 v\u1ea5n \u0111\u1ec1 n\u00e0o \u0111\u01b0\u1ee3c [&hellip;]<\/p>\n","protected":false},"author":12,"featured_media":78403,"parent":78393,"menu_order":3,"comment_status":"closed","ping_status":"closed","template":"","meta":{"_acf_changed":false,"footnotes":""},"class_list":["post-78400","page","type-page","status-publish","has-post-thumbnail","hentry"],"acf":[],"_links":{"self":[{"href":"https:\/\/www.hqts.com\/vi\/wp-json\/wp\/v2\/pages\/78400","targetHints":{"allow":["GET"]}}],"collection":[{"href":"https:\/\/www.hqts.com\/vi\/wp-json\/wp\/v2\/pages"}],"about":[{"href":"https:\/\/www.hqts.com\/vi\/wp-json\/wp\/v2\/types\/page"}],"author":[{"embeddable":true,"href":"https:\/\/www.hqts.com\/vi\/wp-json\/wp\/v2\/users\/12"}],"replies":[{"embeddable":true,"href":"https:\/\/www.hqts.com\/vi\/wp-json\/wp\/v2\/comments?post=78400"}],"version-history":[{"count":2,"href":"https:\/\/www.hqts.com\/vi\/wp-json\/wp\/v2\/pages\/78400\/revisions"}],"predecessor-version":[{"id":78405,"href":"https:\/\/www.hqts.com\/vi\/wp-json\/wp\/v2\/pages\/78400\/revisions\/78405"}],"up":[{"embeddable":true,"href":"https:\/\/www.hqts.com\/vi\/wp-json\/wp\/v2\/pages\/78393"}],"wp:featuredmedia":[{"embeddable":true,"href":"https:\/\/www.hqts.com\/vi\/wp-json\/wp\/v2\/media\/78403"}],"wp:attachment":[{"href":"https:\/\/www.hqts.com\/vi\/wp-json\/wp\/v2\/media?parent=78400"}],"curies":[{"name":"wp","href":"https:\/\/api.w.org\/{rel}","templated":true}]}}