{"id":78414,"date":"2021-07-21T09:45:21","date_gmt":"2021-07-21T09:45:21","guid":{"rendered":"https:\/\/www.hqts.com\/?page_id=78414"},"modified":"2022-01-12T03:56:42","modified_gmt":"2022-01-12T03:56:42","slug":"trach-nhiem-xa-hoi","status":"publish","type":"page","link":"https:\/\/www.hqts.com\/vi\/dich-vu\/danh-gia-nha-may-nha-cung-cap\/trach-nhiem-xa-hoi\/","title":{"rendered":"\u0110\u00c1NH GI\u00c1 TU\u00c2N TH\u1ee6 TR\u00c1CH NHI\u1ec6M X\u00c3 H\u1ed8I"},"content":{"rendered":"<h2>\u0110\u00e1nh gi\u00e1 tu\u00e2n th\u1ee7 tr\u00e1ch nhi\u1ec7m x\u00e3 h\u1ed9i<\/h2>\n<p><strong>V\u1edbi d\u1ecbch v\u1ee5 \u0110\u00e1nh gi\u00e1 tu\u00e2n th\u1ee7 tr\u00e1ch nhi\u1ec7m x\u00e3 h\u1ed9i ho\u1eb7c \u0111\u00e1nh gi\u00e1 \u0111\u1ea1o \u0111\u1ee9c, HQTS cam k\u1ebft gi\u1ea3i ph\u00e1p thi\u1ebft th\u1ef1c v\u00e0 hi\u1ec7u qu\u1ea3 cho doanh nghi\u1ec7p, gi\u00fap h\u1ea1n ch\u1ebf r\u1ee7i ro v\u1ec1 c\u00e1c v\u1ea5n \u0111\u1ec1 ph\u00e1p l\u00fd. Ti\u1ebfp c\u1eadn \u0111a chi\u1ec1u v\u00e0 s\u1eed d\u1ee5ng c\u00e1c k\u1ef9 thu\u1eadt b\u00e0i b\u1ea3n nh\u1eb1m thu th\u1eadp, ch\u1ee9ng th\u1ef1c th\u00f4ng tin v\u1ec1 nh\u00e0 m\u00e1y, c\u00e1c chuy\u00ean vi\u00ean HQTS b\u1ea3n x\u1ee9 s\u1ebd th\u1ef1c hi\u1ec7n c\u00e1c cu\u1ed9c ph\u1ecfng v\u1ea5n nh\u00e2n vi\u00ean chuy\u00ean s\u00e2u v\u1edbi \u0111\u1ed9 b\u1ea3o m\u1eadt cao, ph\u00e2n t\u00edch h\u1ed3 s\u01a1 v\u00e0 \u0111\u00e1nh gi\u00e1 to\u00e0n di\u1ec7n ho\u1ea1t \u0111\u1ed9ng c\u1ee7a nh\u00e0 m\u00e1y d\u1ef1a tr\u00ean c\u00e1c ti\u00eau chu\u1ea9n tu\u00e2n th\u1ee7 \u0111\u01b0\u1ee3c th\u1ebf gi\u1edbi c\u00f4ng nh\u1eadn.<\/strong><\/p>\n<h2>\u0110\u00e1nh gi\u00e1 tu\u00e2n th\u1ee7 tr\u00e1ch nhi\u1ec7m x\u00e3 h\u1ed9i\/\u0110\u00e1nh gi\u00e1 \u0111\u1ea1o \u0111\u1ee9c l\u00e0 g\u00ec?<\/h2>\n<p>Khi c\u00e1c doanh nghi\u1ec7p v\u01b0\u01a1n \u201cc\u00e1nh tay n\u1ed1i d\u00e0i\u201d \u0111\u1ec3 t\u00ecm ngu\u1ed3n cung \u1ee9ng \u1edf c\u00e1c n\u01b0\u1edbc \u0111ang ph\u00e1t tri\u1ec3n, vi\u1ec7c xem x\u00e9t k\u1ef9 l\u01b0\u1ee1ng c\u00e1c \u0111i\u1ec1u ki\u1ec7n n\u01a1i l\u00e0m vi\u1ec7c c\u1ee7a nh\u00e0 cung c\u1ea5p ng\u00e0y c\u00e0ng tr\u1edf n\u00ean quan tr\u1ecdng. C\u00e1c \u0111i\u1ec1u ki\u1ec7n n\u00e0y \u0111\u00e3 tr\u1edf th\u00e0nh minh ch\u1ee9ng cho ch\u1ea5t l\u01b0\u1ee3ng v\u00e0 l\u00e0 c\u0103n c\u1ee9 \u0111\u1ec3 \u0111\u1ec1 xu\u1ea5t gi\u00e1 tr\u1ecb th\u01b0\u01a1ng m\u1ea1i. Thi\u1ebfu quy tr\u00ecnh qu\u1ea3n l\u00fd r\u1ee7i ro v\u1ec1 tu\u00e2n th\u1ee7 tr\u00e1ch nhi\u1ec7m x\u00e3 h\u1ed9i c\u00f3 th\u1ec3 c\u00f3 t\u00e1c \u0111\u1ed9ng tr\u1ef1c ti\u1ebfp \u0111\u1ebfn k\u1ebft qu\u1ea3 kinh doanh c\u1ee7a c\u00f4ng ty, nh\u1ea5t l\u00e0 khi h\u00ecnh \u1ea3nh v\u00e0 th\u01b0\u01a1ng hi\u1ec7u l\u00e0 nh\u1eefng t\u00e0i s\u1ea3n v\u00f4 h\u00ecnh qu\u00fd gi\u00e1 b\u1eadc nh\u1ea5t \u0111\u1ed1i v\u1edbi s\u1ef1 s\u1ed1ng c\u00f2n c\u1ee7a doanh nghi\u1ec7p.<\/p>\n<p>HQTS l\u00e0 C\u00f4ng ty \u0110\u00e1nh gi\u00e1 tu\u00e2n th\u1ee7 tr\u00e1ch nhi\u1ec7m x\u00e3 h\u1ed9i, c\u00f3 kh\u1ea3 n\u0103ng v\u00e0 ngu\u1ed3n l\u1ef1c v\u1eefng m\u1ea1nh \u0111\u1ec3 ph\u00e1t tri\u1ec3n ch\u01b0\u01a1ng tr\u00ecnh \u0111\u00e1nh gi\u00e1 \u0111\u1ea1o \u0111\u1ee9c hi\u1ec7u qu\u1ea3, th\u1ef1c hi\u1ec7n \u0111\u00e1nh gi\u00e1 c\u00e1c quy tr\u00ecnh v\u00e0 kh\u1ea3 n\u0103ng ki\u1ec3m so\u00e1t v\u1ec1 tu\u00e2n th\u1ee7 tr\u00e1ch nhi\u1ec7m x\u00e3 h\u1ed9i.<\/p>\n<h2>C\u00e1c lo\u1ea1i \u0111\u00e1nh gi\u00e1 tu\u00e2n th\u1ee7 tr\u00e1ch nhi\u1ec7m x\u00e3 h\u1ed9i<\/h2>\n<p>C\u00f3 hai lo\u1ea1i \u0111\u00e1nh gi\u00e1 tu\u00e2n th\u1ee7 tr\u00e1ch nhi\u1ec7m x\u00e3 h\u1ed9i: \u0111\u00e1nh gi\u00e1 ch\u00ednh th\u1ee9c c\u1ee7a ch\u00ednh ph\u1ee7 v\u00e0 \u0111\u00e1nh gi\u00e1 kh\u00f4ng ch\u00ednh th\u1ee9c b\u1edfi m\u1ed9t b\u00ean th\u1ee9 ba \u0111\u1ed9c l\u1eadp. C\u00e1c cu\u1ed9c \u0111\u00e1nh gi\u00e1 kh\u00f4ng ch\u00ednh th\u1ee9c c\u00f3 th\u1ec3 \u0111\u1ea3m b\u1ea3o c\u00f4ng ty c\u1ee7a b\u1ea1n lu\u00f4n tu\u00e2n th\u1ee7 tr\u00e1ch nhi\u1ec7m x\u00e3 h\u1ed9i m\u1ed9t c\u00e1ch nh\u1ea5t qu\u00e1n, nghi\u00eam t\u00fac.<\/p>\n<h2>T\u1ea1i sao \u0110\u00e1nh gi\u00e1 tu\u00e2n th\u1ee7 tr\u00e1ch nhi\u1ec7m x\u00e3 h\u1ed9i l\u1ea1i quan tr\u1ecdng?<\/h2>\n<p>Nh\u1eefng b\u1eb1ng ch\u1ee9ng v\u1ec1 vi\u1ec7c l\u1ea1m d\u1ee5ng, h\u00e0nh vi b\u1ea5t h\u1ee3p ph\u00e1p ho\u1eb7c chu\u1ed7i cung \u1ee9ng c\u1ee7a doanh nghi\u1ec7p c\u00f3 th\u1ec3 t\u00e0n ph\u00e1 h\u00ecnh \u1ea3nh th\u01b0\u01a1ng hi\u1ec7u. M\u1eb7t kh\u00e1c, doanh nghi\u1ec7p quan t\u00e2m \u0111\u1ebfn t\u00ednh b\u1ec1n v\u1eefng trong chu\u1ed7i cung \u1ee9ng c\u00f3 th\u1ec3 kh\u1eb3ng \u0111\u1ecbnh v\u00e0 n\u00e2ng cao danh ti\u1ebfng, \u0111\u00e1nh b\u00f3ng th\u01b0\u01a1ng hi\u1ec7u. \u0110\u00e1nh gi\u00e1 \u0111\u1ea1o \u0111\u1ee9c c\u0169ng gi\u00fap c\u00e1c c\u00f4ng ty v\u00e0 th\u01b0\u01a1ng hi\u1ec7u qu\u1ea3n l\u00fd c\u00e1c r\u1ee7i ro tu\u00e2n th\u1ee7 tr\u00e1ch nhi\u1ec7m x\u00e3 h\u1ed9i c\u00f3 th\u1ec3 \u1ea3nh h\u01b0\u1edfng \u0111\u1ebfn c\u00f4ng ty v\u1ec1 m\u1eb7t t\u00e0i ch\u00ednh.<\/p>\n<h2>L\u00e0m th\u1ebf n\u00e0o \u0111\u1ec3 th\u1ef1c hi\u1ec7n m\u1ed9t cu\u1ed9c \u0111\u00e1nh gi\u00e1 tu\u00e2n th\u1ee7 x\u00e3 h\u1ed9i?<\/h2>\n<p>\u0110\u1ec3 \u0111\u1ea3m b\u1ea3o r\u1eb1ng c\u00f4ng ty c\u1ee7a b\u1ea1n \u0111\u00e1p \u1ee9ng c\u00e1c ti\u00eau chu\u1ea9n v\u1ec1 tu\u00e2n th\u1ee7 tr\u00e1ch nhi\u1ec7m x\u00e3 h\u1ed9i, c\u1ea7n ti\u1ebfn h\u00e0nh \u0111\u00e1nh gi\u00e1 c\u00e1c b\u01b0\u1edbc sau:<\/p>\n<ol>\n<li>Xem l\u1ea1i quy t\u1eafc \u1ee9ng x\u1eed v\u00e0 quy t\u1eafc \u0111\u1ea1o \u0111\u1ee9c c\u1ee7a c\u00f4ng ty.<\/li>\n<li>X\u00e1c \u0111\u1ecbnh \u201cc\u00e1c b\u00ean li\u00ean quan\u201d b\u1eb1ng c\u00e1ch x\u00e1c \u0111\u1ecbnh nh\u1eefng c\u00e1 nh\u00e2n, t\u1ed5 ch\u1ee9c c\u00f3 \u1ea3nh h\u01b0\u1edfng \u0111\u1ebfn hi\u1ec7u su\u1ea5t ho\u1eb7c quy\u1ebft \u0111\u1ecbnh s\u1ef1 th\u00e0nh c\u00f4ng c\u1ee7a doanh nghi\u1ec7p.<\/li>\n<li>X\u00e1c \u0111\u1ecbnh c\u00e1c nhu c\u1ea7u x\u00e3 h\u1ed9i \u1ea3nh h\u01b0\u1edfng \u0111\u1ebfn t\u1ea5t c\u1ea3 c\u00e1c b\u00ean li\u00ean quan, bao g\u1ed3m \u0111\u01b0\u1eddng ph\u1ed1 s\u1ea1ch \u0111\u1eb9p, gi\u1ea3m thi\u1ec3u t\u1ed9i ph\u1ea1m hay t\u00ecnh tr\u1ea1ng ngh\u00e8o \u0111\u00f3i, v\u00f4 gia c\u01b0.<\/li>\n<li>X\u00e2y d\u1ef1ng m\u1ed9t h\u1ec7 th\u1ed1ng \u0111\u1ec3 x\u00e1c \u0111\u1ecbnh c\u00e1c m\u1ee5c ti\u00eau x\u00e3 h\u1ed9i, thu th\u1eadp d\u1eef li\u1ec7u \u0111\u1ec3 gi\u1ea3i quy\u1ebft, h\u00e0nh \u0111\u1ed9ng \u0111\u1ec3 c\u1ea3i thi\u1ec7n t\u00ecnh h\u00ecnh v\u00e0 b\u00e1o c\u00e1o k\u1ebft qu\u1ea3 c\u1ee7a nh\u1eefng n\u1ed7 l\u1ef1c \u0111\u00f3.<\/li>\n<li>H\u1ee3p \u0111\u1ed3ng v\u1edbi m\u1ed9t c\u00f4ng ty \u0111\u00e1nh gi\u00e1 \u0111\u1ed9c l\u1eadp chuy\u00ean v\u1ec1 c\u00e1c ch\u01b0\u01a1ng tr\u00ecnh tr\u00e1ch nhi\u1ec7m x\u00e3 h\u1ed9i; g\u1eb7p \u0111\u1ea1i di\u1ec7n c\u1ee7a c\u00f4ng ty \u0111\u00e1nh gi\u00e1 \u0111\u1ec3 th\u1ea3o lu\u1eadn v\u1ec1 nh\u1eefng mong mu\u1ed1n, nhu c\u1ea7u c\u1ee7a doanh nghi\u1ec7p.<\/li>\n<li>Cho ph\u00e9p \u0111\u00e1nh gi\u00e1 vi\u00ean ho\u00e0n th\u00e0nh qu\u00e1 tr\u00ecnh x\u00e1c minh \u0111\u1ed9c l\u1eadp, sau \u0111\u00f3 \u0111\u1ed1i chi\u1ebfu k\u1ebft qu\u1ea3 v\u1edbi c\u00e1c quan s\u00e1t n\u1ed9i b\u1ed9 c\u1ee7a c\u00e1c ph\u00f2ng ban ch\u1ee9c n\u0103ng ph\u1ee5 tr\u00e1ch.<\/li>\n<\/ol>\n<h2>B\u00e1o c\u00e1o \u0110\u00e1nh gi\u00e1 tu\u00e2n th\u1ee7 tr\u00e1ch nhi\u1ec7m x\u00e3 h\u1ed9i<\/h2>\n<p>Khi qu\u00e1 tr\u00ecnh \u0111\u00e1nh gi\u00e1 tu\u00e2n th\u1ee7 tr\u00e1ch nhi\u1ec7m x\u00e3 h\u1ed9i \u0111\u01b0\u1ee3c k\u1ebft th\u00fac b\u1edfi \u0111\u00e1nh gi\u00e1 vi\u00ean, m\u1ed9t b\u00e1o c\u00e1o v\u1edbi h\u00ecnh \u1ea3nh v\u00e0 nh\u1eefng ph\u00e1t hi\u1ec7n s\u1ebd \u0111\u01b0\u1ee3c ho\u00e0n thi\u1ec7n. Th\u00f4ng qua \u0111\u00f3, l\u00e3nh \u0111\u1ea1o doanh nghi\u1ec7p nh\u00ecn th\u1ea5y m\u1ed9t b\u1ee9c tranh to\u00e0n c\u1ea3nh, chi ti\u1ebft \u0111\u1ec3 x\u00e1c \u0111\u1ecbnh doanh nghi\u1ec7p c\u00f3 \u0111\u00e1p \u1ee9ng t\u1ea5t c\u1ea3 y\u00eau c\u1ea7u tu\u00e2n th\u1ee7 tr\u00e1ch nhi\u1ec7m x\u00e3 h\u1ed9i hay kh\u00f4ng.<\/p>\n<h2>C\u00e1c ti\u00eau ch\u00ed \u0111\u00e1nh gi\u00e1 c\u1ee7a \u0111\u00e1nh gi\u00e1 tu\u00e2n th\u1ee7 tr\u00e1ch nhi\u1ec7m x\u00e3 h\u1ed9i:<\/h2>\n<ul>\n<li>Lu\u1eadt lao \u0111\u1ed9ng tr\u1ebb em<\/li>\n<li>Lu\u1eadt lao \u0111\u1ed9ng c\u01b0\u1ee1ng \u00e9p<\/li>\n<li>Lu\u1eadt ph\u00e2n bi\u1ec7t \u0111\u1ed1i x\u1eed<\/li>\n<li>Lu\u1eadt l\u01b0\u01a1ng t\u1ed1i thi\u1ec3u<\/li>\n<li>M\u1ee9c s\u1ed1ng c\u1ee7a ng\u01b0\u1eddi lao \u0111\u1ed9ng<\/li>\n<li>Gi\u1edd l\u00e0m vi\u1ec7c<\/li>\n<li>L\u01b0\u01a1ng l\u00e0m th\u00eam gi\u1edd<\/li>\n<li>Ph\u00fac l\u1ee3i x\u00e3 h\u1ed9i<\/li>\n<li>S\u1ee9c kh\u1ecfe v\u00e0 an to\u00e0n<\/li>\n<li>B\u1ea3o v\u1ec7 m\u00f4i tr\u01b0\u1eddng<\/li>\n<\/ul>\n<h2>C\u00e1c d\u1ecbch v\u1ee5 \u0111\u00e1nh gi\u00e1 kh\u00e1c<\/h2>\n<ul>\n<li><a href=\"https:\/\/www.hqts.com\/vi\/dich-vu\/danh-gia-nha-may-nha-cung-cap\/\">\u0110\u00e1nh gi\u00e1 nh\u00e0 m\u00e1y v\u00e0 nh\u00e0 cung c\u1ea5p<\/a><\/li>\n<li><a href=\"https:\/\/www.hqts.com\/vi\/dich-vu\/danh-gia-nha-may-nha-cung-cap\/nang-luong\/\">\u0110\u00e1nh gi\u00e1 n\u0103ng l\u01b0\u1ee3ng<\/a><\/li>\n<li><a href=\"https:\/\/www.hqts.com\/vi\/dich-vu\/danh-gia-nha-may-nha-cung-cap\/moi-truong\/\">\u0110\u00e1nh gi\u00e1 m\u00f4i tr\u01b0\u1eddng<\/a><\/li>\n<li><a href=\"https:\/\/www.hqts.com\/vi\/dich-vu\/danh-gia-nha-may-nha-cung-cap\/\">\u0110\u00e1nh gi\u00e1 nh\u00e0 s\u1ea3n xu\u1ea5t<\/a><\/li>\n<li><a href=\"https:\/\/www.hqts.com\/vi\/dich-vu\/danh-gia-nha-may-nha-cung-cap\/an-toan-nha-xuong\/\">\u0110\u00e1nh gi\u00e1 an to\u00e0n d\u1ef1 \u00e1n<\/a><\/li>\n<\/ul>\n","protected":false},"excerpt":{"rendered":"<p>\u0110\u00e1nh gi\u00e1 tu\u00e2n th\u1ee7 tr\u00e1ch nhi\u1ec7m x\u00e3 h\u1ed9i V\u1edbi d\u1ecbch v\u1ee5 \u0110\u00e1nh gi\u00e1 tu\u00e2n th\u1ee7 tr\u00e1ch nhi\u1ec7m x\u00e3 h\u1ed9i ho\u1eb7c \u0111\u00e1nh gi\u00e1 \u0111\u1ea1o \u0111\u1ee9c, HQTS cam k\u1ebft gi\u1ea3i ph\u00e1p thi\u1ebft th\u1ef1c v\u00e0 hi\u1ec7u qu\u1ea3 cho doanh nghi\u1ec7p, gi\u00fap h\u1ea1n ch\u1ebf r\u1ee7i ro v\u1ec1 c\u00e1c v\u1ea5n \u0111\u1ec1 ph\u00e1p l\u00fd. Ti\u1ebfp c\u1eadn \u0111a chi\u1ec1u v\u00e0 s\u1eed d\u1ee5ng [&hellip;]<\/p>\n","protected":false},"author":12,"featured_media":78412,"parent":78406,"menu_order":44,"comment_status":"closed","ping_status":"closed","template":"","meta":{"_acf_changed":false,"footnotes":""},"class_list":["post-78414","page","type-page","status-publish","has-post-thumbnail","hentry"],"acf":[],"_links":{"self":[{"href":"https:\/\/www.hqts.com\/vi\/wp-json\/wp\/v2\/pages\/78414","targetHints":{"allow":["GET"]}}],"collection":[{"href":"https:\/\/www.hqts.com\/vi\/wp-json\/wp\/v2\/pages"}],"about":[{"href":"https:\/\/www.hqts.com\/vi\/wp-json\/wp\/v2\/types\/page"}],"author":[{"embeddable":true,"href":"https:\/\/www.hqts.com\/vi\/wp-json\/wp\/v2\/users\/12"}],"replies":[{"embeddable":true,"href":"https:\/\/www.hqts.com\/vi\/wp-json\/wp\/v2\/comments?post=78414"}],"version-history":[{"count":3,"href":"https:\/\/www.hqts.com\/vi\/wp-json\/wp\/v2\/pages\/78414\/revisions"}],"predecessor-version":[{"id":115055,"href":"https:\/\/www.hqts.com\/vi\/wp-json\/wp\/v2\/pages\/78414\/revisions\/115055"}],"up":[{"embeddable":true,"href":"https:\/\/www.hqts.com\/vi\/wp-json\/wp\/v2\/pages\/78406"}],"wp:featuredmedia":[{"embeddable":true,"href":"https:\/\/www.hqts.com\/vi\/wp-json\/wp\/v2\/media\/78412"}],"wp:attachment":[{"href":"https:\/\/www.hqts.com\/vi\/wp-json\/wp\/v2\/media?parent=78414"}],"curies":[{"name":"wp","href":"https:\/\/api.w.org\/{rel}","templated":true}]}}