{"id":78418,"date":"2021-07-21T10:02:15","date_gmt":"2021-07-21T10:02:15","guid":{"rendered":"https:\/\/www.hqts.com\/?page_id=78418"},"modified":"2022-01-12T03:57:21","modified_gmt":"2022-01-12T03:57:21","slug":"an-toan-nha-xuong","status":"publish","type":"page","link":"https:\/\/www.hqts.com\/vi\/dich-vu\/danh-gia-nha-may-nha-cung-cap\/an-toan-nha-xuong\/","title":{"rendered":"\u0110\u00c1NH GI\u00c1 AN TO\u00c0N NH\u00c0 X\u01af\u1edeNG"},"content":{"rendered":"<h2>\u0110\u00e1nh gi\u00e1 k\u1ebft c\u1ea5u v\u00e0 an to\u00e0n nh\u00e0 x\u01b0\u1edfng<\/h2>\n<p><strong>H\u01b0\u1edbng \u0111\u1ebfn vi\u1ec7c ph\u00e2n t\u00edch t\u00ednh minh b\u1ea1ch v\u00e0 an to\u00e0n c\u1ee7a nh\u1eefng d\u1ef1 \u00e1n th\u01b0\u01a1ng m\u1ea1i ho\u1eb7c c\u00f4ng nghi\u1ec7p, \u0111\u1ed3ng th\u1eddi nh\u1eadn di\u1ec7n v\u00e0 gi\u1ea3i quy\u1ebft nh\u1eefng r\u1ee7i ro \u1ea3nh h\u01b0\u1edfng \u0111\u1ebfn \u0111\u1ed9 an to\u00e0n c\u1ee7a n\u01a1i v\u1eadn h\u00e0nh, \u0111\u00e1nh gi\u00e1 an to\u00e0n nh\u00e0 x\u01b0\u1edfng l\u00e0 b\u01b0\u1edbc \u0111\u1ec7m gi\u00fap doanh nghi\u1ec7p c\u1ee7a b\u1ea1n c\u00f3 m\u1ed9t m\u00f4i tr\u01b0\u1eddng l\u00e0m vi\u1ec7c th\u00edch h\u1ee3p, \u0111\u1ea1t chu\u1ea9n an to\u00e0n qu\u1ed1c t\u1ebf.<\/strong><\/p>\n<p>\u0110\u00e1nh gi\u00e1 an to\u00e0n nh\u00e0 x\u01b0\u1edfng do HQTS tri\u1ec3n khai bao g\u1ed3m chu\u1ed7i ki\u1ec3m tra to\u00e0n di\u1ec7n nh\u00e0 x\u01b0\u1edfng, c\u01a1 s\u1edf:<\/p>\n<ul>\n<li>Ki\u1ec3m tra an to\u00e0n \u0111i\u1ec7n<\/li>\n<li>Ki\u1ec3m tra an to\u00e0n ch\u00e1y n\u1ed5<\/li>\n<li>Ki\u1ec3m tra an to\u00e0n k\u1ebft c\u1ea5u<\/li>\n<\/ul>\n<h2>Ki\u1ec3m tra an to\u00e0n \u0111i\u1ec7n:<\/h2>\n<p>Xem x\u00e9t c\u00e1c t\u00e0i li\u1ec7u hi\u1ec7n c\u00f3 (s\u01a1 \u0111\u1ed3 \u0111\u01b0\u1eddng \u0111\u01a1n, b\u1ea3n v\u1ebd x\u00e2y d\u1ef1ng, h\u1ec7 th\u1ed1ng b\u1ed1 tr\u00ed v\u00e0 ph\u00e2n ph\u1ed1i)<\/p>\n<ul>\n<li>Ki\u1ec3m tra an to\u00e0n thi\u1ebft b\u1ecb \u0111i\u1ec7n (CB, c\u1ea7u ch\u00ec, ngu\u1ed3n, m\u1ea1ch UPS, h\u1ec7 th\u1ed1ng ti\u1ebfp \u0111\u1ea5t v\u00e0 ch\u1ed1ng s\u00e9t)<\/li>\n<li>Ph\u00e2n lo\u1ea1i v\u00e0 l\u1ef1a ch\u1ecdn khu v\u1ef1c nguy hi\u1ec3m: thi\u1ebft b\u1ecb \u0111i\u1ec7n ch\u1ed1ng ch\u00e1y, b\u1ed1 tr\u00ed thi\u1ebft b\u1ecb chuy\u1ec3n m\u1ea1ch, m\u00e1y \u0111o nhi\u1ec7t \u1ea3nh cho h\u1ec7 th\u1ed1ng ph\u00e2n ph\u1ed1i\u2026<\/li>\n<\/ul>\n<h2>Ki\u1ec3m tra an to\u00e0n ch\u00e1y n\u1ed5:<\/h2>\n<ul>\n<li>Nh\u1eadn d\u1ea1ng nguy c\u01a1 h\u1ecfa ho\u1ea1n<\/li>\n<li>Xem x\u00e9t c\u00e1c bi\u1ec7n ph\u00e1p gi\u1ea3m thi\u1ec3u thi\u1ec7t h\u1ea1i hi\u1ec7n c\u00f3 (t\u1ea7m nh\u00ecn xa, \u0111\u00e0o t\u1ea1o n\u00e2ng cao nh\u1eadn th\u1ee9c, di\u1ec5n t\u1eadp s\u01a1 t\u00e1n\u2026)<\/li>\n<li>R\u00e0 so\u00e1t c\u00e1c h\u1ec7 th\u1ed1ng ph\u00f2ng ng\u1eeba hi\u1ec7n c\u00f3 v\u00e0 m\u1ee9c \u0111\u1ed9 kh\u1ea3 thi, h\u1ee3p l\u00fd c\u1ee7a c\u00e1c l\u1ed1i ra<\/li>\n<li>Xem x\u00e9t c\u00e1c h\u1ec7 th\u1ed1ng th\u00edch \u1ee9ng\/t\u1ef1 \u0111\u1ed9ng hi\u1ec7n c\u00f3 v\u00e0 quy tr\u00ecnh v\u1eadn h\u00e0nh (ph\u00e1t hi\u1ec7n kh\u00f3i, gi\u1ea5y ph\u00e9p lao \u0111\u1ed9ng\u2026)<\/li>\n<li>Ki\u1ec3m tra danh s\u00e1ch, s\u1ed1 l\u01b0\u1ee3ng thi\u1ebft b\u1ecb c\u1ee9u h\u1ecfa v\u00e0 s\u01a1 c\u1ee9u (v\u00f2i ch\u1eefa ch\u00e1y, b\u00ecnh ch\u1eefa ch\u00e1y\u2026)<\/li>\n<li>Ki\u1ec3m tra kho\u1ea3ng c\u00e1ch di chuy\u1ec3n h\u1ee3p l\u00fd<\/li>\n<\/ul>\n<h2>Ki\u1ec3m tra an to\u00e0n k\u1ebft c\u1ea5u:<\/h2>\n<ul>\n<li>Xem x\u00e9t t\u00e0i li\u1ec7u (Gi\u1ea5y ph\u00e9p h\u1ee3p ph\u00e1p, b\u1ea3n ph\u00ea duy\u1ec7t x\u00e2y d\u1ef1ng, b\u1ea3n v\u1ebd ki\u1ebfn \u200b\u200btr\u00fac, b\u1ea3n v\u1ebd k\u1ebft c\u1ea5u\u2026)<\/li>\n<li>Ki\u1ec3m tra tr\u1ef1c quan:\n<ul>\n<li>V\u1ebft n\u1ee9t<\/li>\n<li>\u0110\u1ed9 \u1ea9m<\/li>\n<li>Sai l\u1ec7ch so v\u1edbi thi\u1ebft k\u1ebf \u0111\u00e3 \u0111\u01b0\u1ee3c ph\u00ea duy\u1ec7t<\/li>\n<li>K\u00edch th\u01b0\u1edbc c\u1ee7a c\u00e1c th\u00e0nh ph\u1ea7n<\/li>\n<li>Nh\u1eefng ph\u1ea7n ph\u00e1t sinh ho\u1eb7c ch\u01b0a \u0111\u01b0\u1ee3c ph\u00ea duy\u1ec7t<\/li>\n<li>Ki\u1ec3m tra \u0111\u1ed9 nghi\u00eang c\u1ee7a c\u1ed9t th\u00e9p.<\/li>\n<\/ul>\n<\/li>\n<li>Ki\u1ec3m tra kh\u00f4ng ph\u00e1 h\u1ee7y (NDT): x\u00e1c \u0111\u1ecbnh c\u01b0\u1eddng \u0111\u1ed9 c\u1ee7a b\u00ea t\u00f4ng v\u00e0 c\u1ed1t th\u00e9p b\u00ean trong<\/li>\n<\/ul>\n<h2>C\u00e1c d\u1ecbch v\u1ee5 \u0111\u00e1nh gi\u00e1 kh\u00e1c<\/h2>\n<ul>\n<li><a href=\"https:\/\/www.hqts.com\/vi\/dich-vu\/danh-gia-nha-may-nha-cung-cap\/\">\u0110\u00e1nh gi\u00e1 nh\u00e0 m\u00e1y v\u00e0 nh\u00e0 cung c\u1ea5p<\/a><\/li>\n<li><a href=\"https:\/\/www.hqts.com\/vi\/dich-vu\/danh-gia-nha-may-nha-cung-cap\/trach-nhiem-xa-hoi\/\">\u0110\u00e1nh gi\u00e1 tu\u00e2n th\u1ee7 tr\u00e1nh nhi\u1ec7m x\u00e3 h\u1ed9i<\/a><\/li>\n<li><a href=\"https:\/\/www.hqts.com\/vi\/dich-vu\/danh-gia-nha-may-nha-cung-cap\/nang-luong\/\">\u0110\u00e1nh gi\u00e1 n\u0103ng l\u01b0\u1ee3ng<\/a><\/li>\n<li><a href=\"https:\/\/www.hqts.com\/vi\/dich-vu\/danh-gia-nha-may-nha-cung-cap\/moi-truong\/\">\u0110\u00e1nh gi\u00e1 m\u00f4i tr\u01b0\u1eddng<\/a><\/li>\n<li><a href=\"https:\/\/www.hqts.com\/vi\/dich-vu\/danh-gia-nha-may-nha-cung-cap\/\">\u0110\u00e1nh gi\u00e1 nh\u00e0 s\u1ea3n xu\u1ea5t<\/a><\/li>\n<\/ul>\n","protected":false},"excerpt":{"rendered":"<p>\u0110\u00e1nh gi\u00e1 k\u1ebft c\u1ea5u v\u00e0 an to\u00e0n nh\u00e0 x\u01b0\u1edfng H\u01b0\u1edbng \u0111\u1ebfn vi\u1ec7c ph\u00e2n t\u00edch t\u00ednh minh b\u1ea1ch v\u00e0 an to\u00e0n c\u1ee7a nh\u1eefng d\u1ef1 \u00e1n th\u01b0\u01a1ng m\u1ea1i ho\u1eb7c c\u00f4ng nghi\u1ec7p, \u0111\u1ed3ng th\u1eddi nh\u1eadn di\u1ec7n v\u00e0 gi\u1ea3i quy\u1ebft nh\u1eefng r\u1ee7i ro \u1ea3nh h\u01b0\u1edfng \u0111\u1ebfn \u0111\u1ed9 an to\u00e0n c\u1ee7a n\u01a1i v\u1eadn h\u00e0nh, \u0111\u00e1nh gi\u00e1 an to\u00e0n nh\u00e0 x\u01b0\u1edfng [&hellip;]<\/p>\n","protected":false},"author":12,"featured_media":78420,"parent":78406,"menu_order":43,"comment_status":"closed","ping_status":"closed","template":"","meta":{"_acf_changed":false,"footnotes":""},"class_list":["post-78418","page","type-page","status-publish","has-post-thumbnail","hentry"],"acf":[],"_links":{"self":[{"href":"https:\/\/www.hqts.com\/vi\/wp-json\/wp\/v2\/pages\/78418","targetHints":{"allow":["GET"]}}],"collection":[{"href":"https:\/\/www.hqts.com\/vi\/wp-json\/wp\/v2\/pages"}],"about":[{"href":"https:\/\/www.hqts.com\/vi\/wp-json\/wp\/v2\/types\/page"}],"author":[{"embeddable":true,"href":"https:\/\/www.hqts.com\/vi\/wp-json\/wp\/v2\/users\/12"}],"replies":[{"embeddable":true,"href":"https:\/\/www.hqts.com\/vi\/wp-json\/wp\/v2\/comments?post=78418"}],"version-history":[{"count":2,"href":"https:\/\/www.hqts.com\/vi\/wp-json\/wp\/v2\/pages\/78418\/revisions"}],"predecessor-version":[{"id":115056,"href":"https:\/\/www.hqts.com\/vi\/wp-json\/wp\/v2\/pages\/78418\/revisions\/115056"}],"up":[{"embeddable":true,"href":"https:\/\/www.hqts.com\/vi\/wp-json\/wp\/v2\/pages\/78406"}],"wp:featuredmedia":[{"embeddable":true,"href":"https:\/\/www.hqts.com\/vi\/wp-json\/wp\/v2\/media\/78420"}],"wp:attachment":[{"href":"https:\/\/www.hqts.com\/vi\/wp-json\/wp\/v2\/media?parent=78418"}],"curies":[{"name":"wp","href":"https:\/\/api.w.org\/{rel}","templated":true}]}}