{"id":78422,"date":"2021-07-21T10:10:16","date_gmt":"2021-07-21T10:10:16","guid":{"rendered":"https:\/\/www.hqts.com\/?page_id=78422"},"modified":"2022-01-12T03:57:49","modified_gmt":"2022-01-12T03:57:49","slug":"moi-truong","status":"publish","type":"page","link":"https:\/\/www.hqts.com\/vi\/dich-vu\/danh-gia-nha-may-nha-cung-cap\/moi-truong\/","title":{"rendered":"\u0110\u00c1NH GI\u00c1 M\u00d4I TR\u01af\u1edcNG"},"content":{"rendered":"<h2>\u0110\u00e1nh gi\u00e1 m\u00f4i tr\u01b0\u1eddng<\/h2>\n<p><strong>\u0110\u00e1nh gi\u00e1 m\u00f4i tr\u01b0\u1eddng l\u00e0 cu\u1ed9c \u0111\u00e1nh gi\u00e1 \u0111\u1ed9c l\u1eadp, nh\u1eb1m xem x\u00e9t t\u00ecnh tr\u1ea1ng tu\u00e2n th\u1ee7 ph\u00e1p lu\u1eadt v\u00e0 nguy\u00ean t\u1eafc v\u1ec1 m\u00f4i tr\u01b0\u1eddng c\u1ee7a m\u1ed9t t\u1ed5 ch\u1ee9c, doanh nghi\u1ec7p trong v\u1eadn h\u00e0nh. N\u00f3 \u0111\u01b0a ra m\u1ee9c \u0111\u1ed9 thi\u1ec7t h\u1ea1i m\u00e0 doanh nghi\u1ec7p c\u00f3 th\u1ec3 g\u00e2y ra cho m\u00f4i tr\u01b0\u1eddng, x\u00e1c \u0111\u1ecbnh c\u00e1c r\u1ee7i ro \u00f4 nhi\u1ec5m ti\u1ec1m \u1ea9n c\u0169ng nh\u01b0 c\u00e1c t\u00e1c \u0111\u1ed9ng t\u01b0\u01a1ng \u1ee9ng. Nh\u1edd \u0111\u00f3, doanh nghi\u1ec7p c\u00f3 th\u1ec3 tri\u1ec3n khai \u0111\u1ed3ng lo\u1ea1t nhi\u1ec1u bi\u1ec7n ph\u00e1p \u0111\u1ec3 gi\u1ea3m thi\u1ec3u, c\u1ea3i thi\u1ec7n \u1ea3nh h\u01b0\u1edfng c\u1ee7a m\u00ecnh l\u00ean m\u00f4i tr\u01b0\u1eddng.<\/strong><\/p>\n<p>\u0110\u00f3ng m\u1ed9t vai tr\u00f2 then ch\u1ed1t trong ph\u00e1t tri\u1ec3n b\u1ec1n v\u1eefng, d\u1ecbch v\u1ee5 \u0111\u00e1nh gi\u00e1 m\u00f4i tr\u01b0\u1eddng c\u1ee7a HQTS s\u1ebd \u0111\u00e1nh gi\u00e1 h\u1ed3 s\u01a1 n\u0103ng l\u1ef1c v\u1ec1 m\u00f4i tr\u01b0\u1eddng cho doanh nghi\u1ec7p, \u0111\u1ea3m b\u1ea3o tu\u00e2n th\u1ee7 c\u00e1c ch\u00ednh s\u00e1ch v\u00e0 quy \u0111\u1ecbnh v\u1ec1 m\u00f4i tr\u01b0\u1eddng trong v\u00e0 ngo\u00e0i n\u01b0\u1edbc.<\/p>\n<h2>D\u1ecbch v\u1ee5 \u0111\u00e1nh gi\u00e1 m\u00f4i tr\u01b0\u1eddng c\u1ee7a HQTS bao g\u1ed3m:<\/h2>\n<ul>\n<li>Ch\u1ea5t l\u01b0\u1ee3ng kh\u00f4ng kh\u00ed xung quanh<\/li>\n<li>Ch\u1ea5t l\u01b0\u1ee3ng kh\u00f4ng kh\u00ed trong nh\u00e0<\/li>\n<li>SPM<\/li>\n<li>SO2<\/li>\n<li>NOX<\/li>\n<li>CO<\/li>\n<li>CO2<\/li>\n<li>Ti\u1ebfng \u1ed3n nhi\u1ec7t \u0111\u1ed9 O2<\/li>\n<\/ul>\n<h2>C\u00e1c d\u1ecbch v\u1ee5 \u0111\u00e1nh gi\u00e1 kh\u00e1c<\/h2>\n<ul>\n<li><a href=\"https:\/\/www.hqts.com\/vi\/dich-vu\/danh-gia-nha-may-nha-cung-cap\/\">\u0110\u00e1nh gi\u00e1 nh\u00e0 m\u00e1y v\u00e0 nh\u00e0 cung c\u1ea5p<\/a><\/li>\n<li><a href=\"https:\/\/www.hqts.com\/vi\/dich-vu\/danh-gia-nha-may-nha-cung-cap\/trach-nhiem-xa-hoi\/\">\u0110\u00e1nh gi\u00e1 tu\u00e2n th\u1ee7 tr\u00e1nh nhi\u1ec7m x\u00e3 h\u1ed9i<\/a><\/li>\n<li><a href=\"https:\/\/www.hqts.com\/vi\/dich-vu\/danh-gia-nha-may-nha-cung-cap\/nang-luong\/\">\u0110\u00e1nh gi\u00e1 n\u0103ng l\u01b0\u1ee3ng<\/a><\/li>\n<li><a href=\"https:\/\/www.hqts.com\/vi\/dich-vu\/danh-gia-nha-may-nha-cung-cap\/\">\u0110\u00e1nh gi\u00e1 nh\u00e0 s\u1ea3n xu\u1ea5t<\/a><\/li>\n<li><a href=\"https:\/\/www.hqts.com\/vi\/dich-vu\/danh-gia-nha-may-nha-cung-cap\/an-toan-nha-xuong\/\">\u0110\u00e1nh gi\u00e1 an to\u00e0n d\u1ef1 \u00e1n<\/a><\/li>\n<\/ul>\n","protected":false},"excerpt":{"rendered":"<p>\u0110\u00e1nh gi\u00e1 m\u00f4i tr\u01b0\u1eddng \u0110\u00e1nh gi\u00e1 m\u00f4i tr\u01b0\u1eddng l\u00e0 cu\u1ed9c \u0111\u00e1nh gi\u00e1 \u0111\u1ed9c l\u1eadp, nh\u1eb1m xem x\u00e9t t\u00ecnh tr\u1ea1ng tu\u00e2n th\u1ee7 ph\u00e1p lu\u1eadt v\u00e0 nguy\u00ean t\u1eafc v\u1ec1 m\u00f4i tr\u01b0\u1eddng c\u1ee7a m\u1ed9t t\u1ed5 ch\u1ee9c, doanh nghi\u1ec7p trong v\u1eadn h\u00e0nh. N\u00f3 \u0111\u01b0a ra m\u1ee9c \u0111\u1ed9 thi\u1ec7t h\u1ea1i m\u00e0 doanh nghi\u1ec7p c\u00f3 th\u1ec3 g\u00e2y ra cho m\u00f4i tr\u01b0\u1eddng, [&hellip;]<\/p>\n","protected":false},"author":12,"featured_media":78426,"parent":78406,"menu_order":41,"comment_status":"closed","ping_status":"closed","template":"","meta":{"_acf_changed":false,"footnotes":""},"class_list":["post-78422","page","type-page","status-publish","has-post-thumbnail","hentry"],"acf":[],"_links":{"self":[{"href":"https:\/\/www.hqts.com\/vi\/wp-json\/wp\/v2\/pages\/78422","targetHints":{"allow":["GET"]}}],"collection":[{"href":"https:\/\/www.hqts.com\/vi\/wp-json\/wp\/v2\/pages"}],"about":[{"href":"https:\/\/www.hqts.com\/vi\/wp-json\/wp\/v2\/types\/page"}],"author":[{"embeddable":true,"href":"https:\/\/www.hqts.com\/vi\/wp-json\/wp\/v2\/users\/12"}],"replies":[{"embeddable":true,"href":"https:\/\/www.hqts.com\/vi\/wp-json\/wp\/v2\/comments?post=78422"}],"version-history":[{"count":2,"href":"https:\/\/www.hqts.com\/vi\/wp-json\/wp\/v2\/pages\/78422\/revisions"}],"predecessor-version":[{"id":115057,"href":"https:\/\/www.hqts.com\/vi\/wp-json\/wp\/v2\/pages\/78422\/revisions\/115057"}],"up":[{"embeddable":true,"href":"https:\/\/www.hqts.com\/vi\/wp-json\/wp\/v2\/pages\/78406"}],"wp:featuredmedia":[{"embeddable":true,"href":"https:\/\/www.hqts.com\/vi\/wp-json\/wp\/v2\/media\/78426"}],"wp:attachment":[{"href":"https:\/\/www.hqts.com\/vi\/wp-json\/wp\/v2\/media?parent=78422"}],"curies":[{"name":"wp","href":"https:\/\/api.w.org\/{rel}","templated":true}]}}