{"id":78428,"date":"2021-07-21T10:14:01","date_gmt":"2021-07-21T10:14:01","guid":{"rendered":"https:\/\/www.hqts.com\/?page_id=78428"},"modified":"2022-01-12T03:58:16","modified_gmt":"2022-01-12T03:58:16","slug":"nang-luong","status":"publish","type":"page","link":"https:\/\/www.hqts.com\/vi\/dich-vu\/danh-gia-nha-may-nha-cung-cap\/nang-luong\/","title":{"rendered":"\u0110\u00c1NH GI\u00c1 N\u0102NG L\u01af\u1ee2NG"},"content":{"rendered":"<h2>\u0110\u00e1nh gi\u00e1 ti\u00eau th\u1ee5 n\u0103ng l\u01b0\u1ee3ng<\/h2>\n<p><strong>V\u1edbi m\u1ee5c ti\u00eau x\u00e1c \u0111\u1ecbnh v\u00e0 \u0111\u1ecbnh l\u01b0\u1ee3ng m\u1ee9c ti\u00eau th\u1ee5 n\u0103ng l\u01b0\u1ee3ng c\u0169ng nh\u01b0 c\u00e1c khu v\u1ef1c l\u00e3ng ph\u00ed n\u0103ng l\u01b0\u1ee3ng, \u0111\u00e1nh gi\u00e1 ti\u00eau th\u1ee5 n\u0103ng l\u01b0\u1ee3ng s\u1ebd kh\u1ea3o s\u00e1t v\u00e0 ki\u1ec3m k\u00ea chi ti\u1ebft v\u1ec1 hi\u1ec7u su\u1ea5t n\u0103ng l\u01b0\u1ee3ng c\u1ee7a h\u1ec7 th\u1ed1ng thi\u1ebft b\u1ecb. B\u1ea3ng ph\u00e2n t\u00edch n\u00e0y l\u00e0 c\u01a1 s\u1edf \u0111\u1ec3 doanh nghi\u1ec7p th\u1ef1c h\u00e0nh ti\u1ebft ki\u1ec7m v\u00e0 b\u1ea3o t\u1ed3n n\u0103ng l\u01b0\u1ee3ng.<\/strong><\/p>\n<p>HQTS cung c\u1ea5p c\u00e1c d\u1ecbch v\u1ee5 \u0111\u00e1nh gi\u00e1 n\u0103ng l\u01b0\u1ee3ng to\u00e0n di\u1ec7n, h\u01b0\u1edbng t\u1edbi \u0111\u1ea3m b\u1ea3o v\u00e0 duy tr\u00ec b\u1ec1n v\u1eefng vi\u1ec7c ti\u1ebft ki\u1ec7m n\u0103ng l\u01b0\u1ee3ng. Qu\u00e1 tr\u00ecnh \u0111\u00e1nh gi\u00e1 ti\u00eau th\u1ee5 n\u0103ng l\u01b0\u1ee3ng ch\u1ee7 y\u1ebfu g\u1ed3m thu th\u1eadp v\u00e0 \u0111i\u1ec1u tra d\u1eef li\u1ec7u, gi\u00e1m s\u00e1t v\u00e0 ph\u00e2n t\u00edch, b\u00e1o c\u00e1o v\u00e0 \u0111\u1ec1 xu\u1ea5t c\u00e1c c\u1ea3i ti\u1ebfn v\u1ec1 b\u1ea3o t\u1ed3n n\u0103ng l\u01b0\u1ee3ng.<\/p>\n<h2>D\u1ecbch v\u1ee5 \u0110\u00e1nh gi\u00e1 ti\u00eau th\u1ee5 n\u0103ng l\u01b0\u1ee3ng c\u1ee7a HQTS g\u1ed3m:<\/h2>\n<ul>\n<li>Ph\u00e2n t\u00edch ch\u1ea5t l\u01b0\u1ee3ng \u0111i\u1ec7n n\u0103ng<\/li>\n<li>Hi\u1ec7u su\u1ea5t m\u00e1y ph\u00e1t \u0111i\u1ec7n<\/li>\n<li>Hi\u1ec7u su\u1ea5t l\u00f2 h\u01a1i<\/li>\n<li>Hi\u1ec7u su\u1ea5t m\u00e1y n\u00e9n kh\u00ed<\/li>\n<li>\u0110\u1ed9ng c\u01a1<\/li>\n<li>HVAC v\u00e0 AC<\/li>\n<li>Th\u00e1p gi\u1ea3i nhi\u1ec7t v\u00e0 hi\u1ec7u qu\u1ea3 chi\u1ebfu s\u00e1ng<\/li>\n<\/ul>\n<h2>C\u00e1c d\u1ecbch v\u1ee5 \u0111\u00e1nh gi\u00e1 kh\u00e1c<\/h2>\n<ul>\n<li><a href=\"https:\/\/www.hqts.com\/vi\/dich-vu\/danh-gia-nha-may-nha-cung-cap\/\">\u0110\u00e1nh gi\u00e1 nh\u00e0 m\u00e1y v\u00e0 nh\u00e0 cung c\u1ea5p<\/a><\/li>\n<li><a href=\"https:\/\/www.hqts.com\/vi\/dich-vu\/danh-gia-nha-may-nha-cung-cap\/trach-nhiem-xa-hoi\/\">\u0110\u00e1nh gi\u00e1 tu\u00e2n th\u1ee7 tr\u00e1nh nhi\u1ec7m x\u00e3 h\u1ed9i<\/a><\/li>\n<li><a href=\"https:\/\/www.hqts.com\/vi\/dich-vu\/danh-gia-nha-may-nha-cung-cap\/moi-truong\/\">\u0110\u00e1nh gi\u00e1 m\u00f4i tr\u01b0\u1eddng<\/a><\/li>\n<li><a href=\"https:\/\/www.hqts.com\/vi\/dich-vu\/danh-gia-nha-may-nha-cung-cap\/\">\u0110\u00e1nh gi\u00e1 nh\u00e0 s\u1ea3n xu\u1ea5t<\/a><\/li>\n<li><a href=\"https:\/\/www.hqts.com\/vi\/dich-vu\/danh-gia-nha-may-nha-cung-cap\/an-toan-nha-xuong\/\">\u0110\u00e1nh gi\u00e1 an to\u00e0n d\u1ef1 \u00e1n<\/a><\/li>\n<\/ul>\n","protected":false},"excerpt":{"rendered":"<p>\u0110\u00e1nh gi\u00e1 ti\u00eau th\u1ee5 n\u0103ng l\u01b0\u1ee3ng V\u1edbi m\u1ee5c ti\u00eau x\u00e1c \u0111\u1ecbnh v\u00e0 \u0111\u1ecbnh l\u01b0\u1ee3ng m\u1ee9c ti\u00eau th\u1ee5 n\u0103ng l\u01b0\u1ee3ng c\u0169ng nh\u01b0 c\u00e1c khu v\u1ef1c l\u00e3ng ph\u00ed n\u0103ng l\u01b0\u1ee3ng, \u0111\u00e1nh gi\u00e1 ti\u00eau th\u1ee5 n\u0103ng l\u01b0\u1ee3ng s\u1ebd kh\u1ea3o s\u00e1t v\u00e0 ki\u1ec3m k\u00ea chi ti\u1ebft v\u1ec1 hi\u1ec7u su\u1ea5t n\u0103ng l\u01b0\u1ee3ng c\u1ee7a h\u1ec7 th\u1ed1ng thi\u1ebft b\u1ecb. B\u1ea3ng ph\u00e2n t\u00edch [&hellip;]<\/p>\n","protected":false},"author":12,"featured_media":78431,"parent":78406,"menu_order":40,"comment_status":"closed","ping_status":"closed","template":"","meta":{"_acf_changed":false,"footnotes":""},"class_list":["post-78428","page","type-page","status-publish","has-post-thumbnail","hentry"],"acf":[],"_links":{"self":[{"href":"https:\/\/www.hqts.com\/vi\/wp-json\/wp\/v2\/pages\/78428","targetHints":{"allow":["GET"]}}],"collection":[{"href":"https:\/\/www.hqts.com\/vi\/wp-json\/wp\/v2\/pages"}],"about":[{"href":"https:\/\/www.hqts.com\/vi\/wp-json\/wp\/v2\/types\/page"}],"author":[{"embeddable":true,"href":"https:\/\/www.hqts.com\/vi\/wp-json\/wp\/v2\/users\/12"}],"replies":[{"embeddable":true,"href":"https:\/\/www.hqts.com\/vi\/wp-json\/wp\/v2\/comments?post=78428"}],"version-history":[{"count":2,"href":"https:\/\/www.hqts.com\/vi\/wp-json\/wp\/v2\/pages\/78428\/revisions"}],"predecessor-version":[{"id":115058,"href":"https:\/\/www.hqts.com\/vi\/wp-json\/wp\/v2\/pages\/78428\/revisions\/115058"}],"up":[{"embeddable":true,"href":"https:\/\/www.hqts.com\/vi\/wp-json\/wp\/v2\/pages\/78406"}],"wp:featuredmedia":[{"embeddable":true,"href":"https:\/\/www.hqts.com\/vi\/wp-json\/wp\/v2\/media\/78431"}],"wp:attachment":[{"href":"https:\/\/www.hqts.com\/vi\/wp-json\/wp\/v2\/media?parent=78428"}],"curies":[{"name":"wp","href":"https:\/\/api.w.org\/{rel}","templated":true}]}}