{"id":78440,"date":"2021-07-21T10:31:04","date_gmt":"2021-07-21T10:31:04","guid":{"rendered":"https:\/\/www.hqts.com\/?page_id=78440"},"modified":"2023-09-12T01:48:18","modified_gmt":"2023-09-12T01:48:18","slug":"dao-tao","status":"publish","type":"page","link":"https:\/\/www.hqts.com\/vi\/dich-vu\/tu-van\/dao-tao\/","title":{"rendered":"D\u1ecaCH V\u1ee4 \u0110\u00c0O T\u1ea0O"},"content":{"rendered":"\t\t<div data-elementor-type=\"wp-page\" data-elementor-id=\"78440\" class=\"elementor elementor-78440 elementor-3530\" data-elementor-post-type=\"page\">\n\t\t\t\t\t\t<section class=\"elementor-section elementor-top-section elementor-element elementor-element-64889738 elementor-section-boxed elementor-section-height-default elementor-section-height-default\" data-id=\"64889738\" data-element_type=\"section\">\n\t\t\t\t\t\t<div class=\"elementor-container elementor-column-gap-default\">\n\t\t\t\t\t<div class=\"elementor-column elementor-col-100 elementor-top-column elementor-element elementor-element-1c5e35f3\" data-id=\"1c5e35f3\" data-element_type=\"column\">\n\t\t\t<div class=\"elementor-widget-wrap elementor-element-populated\">\n\t\t\t\t\t\t<div class=\"elementor-element elementor-element-3458c2a8 elementor-widget elementor-widget-text-editor\" data-id=\"3458c2a8\" data-element_type=\"widget\" data-widget_type=\"text-editor.default\">\n\t\t\t\t<div class=\"elementor-widget-container\">\n\t\t\t\t\t\t\t\t\t<h2>D\u1ecbch v\u1ee5 \u0111\u00e0o t\u1ea1o<\/h2>\n<p><strong>HQTS n\u1ed5i b\u1eadt trong ng\u00e0nh b\u1edfi c\u00e1c quy tr\u00ecnh v\u00e0 h\u1ec7 th\u1ed1ng \u0111\u00e0o t\u1ea1o xu\u1ea5t s\u1eafc v\u1ec1 \u0110\u1ea3m b\u1ea3o Ch\u1ea5t l\u01b0\u1ee3ng (QA), Ki\u1ec3m so\u00e1t (QC) v\u00e0 \u0110\u1ea1o \u0111\u1ee9c. \u0110\u00e2y l\u00e0 c\u01a1 s\u1edf \u0111\u1ec3 ch\u00fang t\u00f4i \u0111\u01b0a ra nh\u1eefng d\u1ecbch v\u1ee5 t\u1ed1i \u01b0u v\u00e0 hi\u1ec7u qu\u1ea3 nh\u1ea5t \u0111\u1ebfn kh\u00e1ch h\u00e0ng.<\/strong><\/p>\n<p>Ch\u00fang t\u00f4i n\u00e2ng cao n\u0103ng l\u1ef1c cho doanh nghi\u1ec7p c\u1ee7a b\u1ea1n b\u1eb1ng c\u00e1ch truy\u1ec1n t\u1ea3i \u0111\u1ebfn \u0111\u1ed9i ng\u0169 nh\u00e2n vi\u00ean nh\u1eefng l\u1ee3i \u00edch t\u1eeb ki\u1ebfn th\u1ee9c v\u00e0 kinh nghi\u1ec7m trong l\u0129nh v\u1ef1c QA th\u00f4ng qua ph\u01b0\u01a1ng ph\u00e1p \u0111\u00e0o t\u1ea1o ho\u00e0n ch\u1ec9nh ho\u1eb7c t\u00f9y ch\u1ec9nh theo nhu c\u1ea7u. HQTS gi\u00fap doanh nghi\u1ec7p x\u00e1c \u0111\u1ecbnh, thi\u1ebft l\u1eadp v\u00e0 th\u1ec3 ch\u1ebf h\u00f3a nh\u1eefng y\u00eau c\u1ea7u v\u00e0 h\u1ec7 th\u1ed1ng QA m\u1ed9t c\u00e1ch xuy\u00ean su\u1ed1t, t\u1eeb ho\u1ea1t \u0111\u1ed9ng qu\u1ea3n l\u00fd c\u1ea5p cao \u0111\u1ebfn v\u1eadn h\u00e0nh c\u1ed1t l\u00f5i.<\/p>\n<p>M\u1ed9t m\u00f4 h\u00ecnh \u0111i\u1ec3n h\u00ecnh bao g\u1ed3m t\u00e1m y\u1ebfu t\u1ed1, t\u1ea1o n\u00ean m\u1ed9t l\u1ed9 tr\u00ecnh ti\u1ebfn t\u1edbi vi\u1ec7c h\u1ec7 th\u1ed1ng h\u00f3a c\u00e1c quy tr\u00ecnh v\u1ec1 ch\u1ea5t l\u01b0\u1ee3ng. Ch\u00fang t\u00f4i gi\u00fap doanh nghi\u1ec7p t\u00ecm ra nh\u1eefng y\u1ebfu t\u1ed1 then ch\u1ed1t n\u00e0y \u0111\u1ec3 tri\u1ec3n khai v\u00e0 duy tr\u00ec QA m\u1ed9t c\u00e1ch th\u00e0nh c\u00f4ng v\u00e0 xuy\u00ean su\u1ed1t. Cho d\u00f9 nh\u1eefng y\u1ebfu t\u1ed1 \u0111\u00f3 l\u00e0 x\u00e1c \u0111\u1ecbnh, \u0111o l\u01b0\u1eddng hay n\u00e2ng cao ch\u1ea5t l\u01b0\u1ee3ng, d\u1ecbch v\u1ee5 \u0111\u00e0o t\u1ea1o c\u1ee7a ch\u00fang t\u00f4i s\u1ebd gi\u00fap doanh nghi\u1ec7p th\u00e0nh c\u00f4ng.<\/p>\n<h2>Ch\u01b0\u01a1ng tr\u00ecnh \u0111\u00e0o t\u1ea1o ho\u00e0n ch\u1ec9nh bao g\u1ed3m:<\/h2>\n<ul>\n<li>L\u1ed9 tr\u00ecnh \u0110\u1ea3m b\u1ea3o Ch\u1ea5t l\u01b0\u1ee3ng<\/li>\n<li>Qu\u1ea3n l\u00fd \u0111\u1ec3 \u0110\u1ea3m b\u1ea3o ch\u1ea5t l\u01b0\u1ee3ng<\/li>\n<li>Qu\u1ea3n l\u00fd th\u00f4ng qua c\u00e1c Ti\u00eau chu\u1ea9n Hi\u1ec7u su\u1ea5t<\/li>\n<li>\u0110\u00e0o t\u1ea1o nh\u00e2n vi\u00ean v\u1ec1 QA, QC v\u00e0 \u0110\u1ea1o \u0111\u1ee9c<\/li>\n<li><span style=\"background-color: transparent; letter-spacing: -0.4px;\">\u0110\u00e0o t\u1ea1o v\u1ec1 Ki\u1ec3m so\u00e1t v\u00e0 \u0110\u1ea3m b\u1ea3o Ch\u1ea5t l\u01b0\u1ee3ng cho c\u00e1c nh\u00e0 cung c\u1ea5p<\/span><br><\/li>\n<\/ul>\t\t\t\t\t\t\t\t<\/div>\n\t\t\t\t<\/div>\n\t\t\t\t\t<\/div>\n\t\t<\/div>\n\t\t\t\t\t<\/div>\n\t\t<\/section>\n\t\t\t\t<\/div>\n\t\t","protected":false},"excerpt":{"rendered":"<p>D\u1ecbch v\u1ee5 \u0111\u00e0o t\u1ea1o HQTS n\u1ed5i b\u1eadt trong ng\u00e0nh b\u1edfi c\u00e1c quy tr\u00ecnh v\u00e0 h\u1ec7 th\u1ed1ng \u0111\u00e0o t\u1ea1o xu\u1ea5t s\u1eafc v\u1ec1 \u0110\u1ea3m b\u1ea3o Ch\u1ea5t l\u01b0\u1ee3ng (QA), Ki\u1ec3m so\u00e1t (QC) v\u00e0 \u0110\u1ea1o \u0111\u1ee9c. \u0110\u00e2y l\u00e0 c\u01a1 s\u1edf \u0111\u1ec3 ch\u00fang t\u00f4i \u0111\u01b0a ra nh\u1eefng d\u1ecbch v\u1ee5 t\u1ed1i \u01b0u v\u00e0 hi\u1ec7u qu\u1ea3 nh\u1ea5t \u0111\u1ebfn kh\u00e1ch h\u00e0ng. Ch\u00fang t\u00f4i [&hellip;]<\/p>\n","protected":false},"author":12,"featured_media":78443,"parent":78436,"menu_order":32,"comment_status":"closed","ping_status":"closed","template":"","meta":{"_acf_changed":false,"footnotes":""},"class_list":["post-78440","page","type-page","status-publish","has-post-thumbnail","hentry"],"acf":[],"_links":{"self":[{"href":"https:\/\/www.hqts.com\/vi\/wp-json\/wp\/v2\/pages\/78440","targetHints":{"allow":["GET"]}}],"collection":[{"href":"https:\/\/www.hqts.com\/vi\/wp-json\/wp\/v2\/pages"}],"about":[{"href":"https:\/\/www.hqts.com\/vi\/wp-json\/wp\/v2\/types\/page"}],"author":[{"embeddable":true,"href":"https:\/\/www.hqts.com\/vi\/wp-json\/wp\/v2\/users\/12"}],"replies":[{"embeddable":true,"href":"https:\/\/www.hqts.com\/vi\/wp-json\/wp\/v2\/comments?post=78440"}],"version-history":[{"count":4,"href":"https:\/\/www.hqts.com\/vi\/wp-json\/wp\/v2\/pages\/78440\/revisions"}],"predecessor-version":[{"id":147955,"href":"https:\/\/www.hqts.com\/vi\/wp-json\/wp\/v2\/pages\/78440\/revisions\/147955"}],"up":[{"embeddable":true,"href":"https:\/\/www.hqts.com\/vi\/wp-json\/wp\/v2\/pages\/78436"}],"wp:featuredmedia":[{"embeddable":true,"href":"https:\/\/www.hqts.com\/vi\/wp-json\/wp\/v2\/media\/78443"}],"wp:attachment":[{"href":"https:\/\/www.hqts.com\/vi\/wp-json\/wp\/v2\/media?parent=78440"}],"curies":[{"name":"wp","href":"https:\/\/api.w.org\/{rel}","templated":true}]}}