{"id":78445,"date":"2021-07-21T10:38:16","date_gmt":"2021-07-21T10:38:16","guid":{"rendered":"https:\/\/www.hqts.com\/?page_id=78445"},"modified":"2022-01-14T09:50:27","modified_gmt":"2022-01-14T09:50:27","slug":"chung-nhan-hop-quy-iraq","status":"publish","type":"page","link":"https:\/\/www.hqts.com\/vi\/dich-vu\/chung-nhan-hop-quy-iraq\/","title":{"rendered":"CH\u1ee8NG NH\u1eacN H\u1ee2P QUY C\u1ee6A IRAQ"},"content":{"rendered":"<h2>Ch\u1ee9ng nh\u1eadn h\u1ee3p quy c\u1ee7a Iraq<\/h2>\n<p><strong>B\u1ea1n xu\u1ea5t kh\u1ea9u h\u00e0ng h\u00f3a v\u00e0o th\u1ecb tr\u01b0\u1eddng ti\u1ec1m n\u0103ng Iraq? Ch\u1ecdn HQTS!<\/strong><\/p>\n<p>Gi\u1ea5y ch\u1ee9ng nh\u1eadn h\u1ee3p quy Iraq (COC) hi\u1ec7n \u0111\u01b0\u1ee3c y\u00eau c\u1ea7u \u0111\u1ed1i v\u1edbi h\u01a1n 1,000 s\u1ea3n ph\u1ea9m thu\u1ed9c m\u01b0\u1eddi hai danh m\u1ee5c tr\u01b0\u1edbc khi \u0111\u01b0\u1ee3c nh\u1eadp kh\u1ea9u v\u00e0o th\u1ecb tr\u01b0\u1eddng Iraq. HQTS l\u00e0 m\u1ed9t trong ba c\u00f4ng ty duy nh\u1ea5t \u0111\u01b0\u1ee3c c\u1ea5p ph\u00e9p cung c\u1ea5p d\u1ecbch v\u1ee5 n\u00e0y, \u0111\u1ea3m b\u1ea3o h\u00e0ng h\u00f3a c\u1ee7a b\u1ea1n \u0111\u1ebfn n\u01a1i m\u1ed9t c\u00e1ch thu\u1eadn l\u1ee3i.<\/p>\n<p>C\u00e1c c\u00f4ng ty xu\u1ea5t kh\u1ea9u tr\u00ean kh\u1eafp th\u1ebf gi\u1edbi \u0111ang t\u1eadn d\u1ee5ng c\u01a1 h\u1ed9i khi nhu c\u1ea7u h\u00e0ng h\u00f3a nh\u1eadp kh\u1ea9u c\u1ee7a Iraq t\u0103ng l\u00ean. Qu\u1ed1c gia n\u00e0y \u0111\u00e3 nh\u1eadp kh\u1ea9u l\u01b0\u1ee3ng h\u00e0ng h\u00f3a tr\u1ecb gi\u00e1 45 t\u1ef7 USD trong n\u0103m 2018 v\u00e0 con s\u1ed1 n\u00e0y d\u1ef1 ki\u1ebfn s\u1ebd c\u00f2n t\u0103ng trong v\u00e0i n\u0103m t\u1edbi, khi Iraq ng\u00e0y c\u00e0ng th\u1ecbnh v\u01b0\u1ee3ng nh\u1edd xu\u1ea5t kh\u1ea9u ra n\u01b0\u1edbc ngo\u00e0i v\u00e0 x\u00fac ti\u1ebfn c\u00e1c k\u1ebf ho\u1ea1ch t\u00e1i thi\u1ebft \u0111\u1ea5t n\u01b0\u1edbc. H\u00e3y \u0111\u1ec3 HQTS ph\u1ee5c v\u1ee5 t\u1ea5t c\u1ea3 c\u00e1c nhu c\u1ea7u COC t\u1ea1i Iraq c\u1ee7a b\u1ea1n!<\/p>\n<h2>COC t\u1ea1i Iraq \u00e1p d\u1ee5ng cho m\u1ed9t lo\u1ea1t c\u00e1c m\u1eb7t h\u00e0ng nh\u1eadp kh\u1ea9u<\/h2>\n<h2>T\u00ecm hi\u1ec3u nhanh: Gi\u1ea5y ch\u1ee9ng nh\u1eadn h\u1ee3p l\u1ec7 c\u1ee7a Iraq<\/h2>\n<ul>\n<li>\u0110\u01b0\u1ee3c th\u00f4ng qua v\u00e0o cu\u1ed1i n\u0103m 2019. C\u00f3 hi\u1ec7u l\u1ef1c v\u00e0o th\u00e1ng 1 n\u0103m 2020.<\/li>\n<li>Theo \u0111\u00f3, t\u1ea5t c\u1ea3 h\u00e0ng h\u00f3a nh\u1eadp kh\u1ea9u \u0111\u1ebfn Iraq trong c\u00e1c nh\u00f3m danh m\u1ee5c nh\u1ea5t \u0111\u1ecbnh ph\u1ea3i n\u1ed9p ch\u1ee9ng nh\u1eadn COC c\u1ee7a c\u01a1 quan ki\u1ec3m tra th\u1ee9 ba \u0111\u01b0\u1ee3c \u1ee7y quy\u1ec1n nh\u01b0 HQTS!<\/li>\n<li>B\u1ea3o v\u1ec7 ng\u01b0\u1eddi ti\u00eau d\u00f9ng \u0111\u1ecba ph\u01b0\u01a1ng, c\u00e1c c\u00f4ng ty s\u1ea3n xu\u1ea5t v\u00e0 m\u00f4i tr\u01b0\u1eddng kh\u1ecfi c\u00e1c s\u1ea3n ph\u1ea9m v\u00e0 nguy\u00ean li\u1ec7u gi\u1ea3, k\u00e9m ch\u1ea5t l\u01b0\u1ee3ng v\u00e0 kh\u00f4ng \u0111\u1ea1t chu\u1ea9n.<\/li>\n<li>HQTS l\u00e0 m\u1ed9t trong ba c\u00f4ng ty \u0111\u01b0\u1ee3c ph\u00e9p cung c\u1ea5p d\u1ecbch v\u1ee5 n\u00e0y<\/li>\n<\/ul>\n<h2>C\u00e1ch ti\u1ebfp c\u1eadn c\u1ee7a ch\u00fang t\u00f4i<\/h2>\n<p>HQTS g\u1ee1 b\u1ecf r\u1eafc r\u1ed1i trong qu\u00e1 tr\u00ecnh \u0111\u01b0a h\u00e0ng h\u00f3a c\u1ee7a doanh nghi\u1ec7p v\u00e0o th\u1ecb tr\u01b0\u1eddng Iraq v\u1edbi quy tr\u00ecnh b\u1ed1n b\u01b0\u1edbc \u0111\u01a1n gi\u1ea3n. B\u1eb1ng c\u00e1ch n\u00e0y, ch\u00fang t\u00f4i ho\u1ea1t \u0111\u1ed9ng nh\u01b0 m\u1ed9t n\u01a1i duy nh\u1ea5t ph\u1ee5c v\u1ee5 t\u1ea5t c\u1ea3 nhu c\u1ea7u nh\u1eadp kh\u1ea9u h\u00e0ng h\u00f3a t\u1ea1i Iraq c\u1ee7a doanh nghi\u1ec7p.<\/p>\n<p>Quy tr\u00ecnh b\u1ed1n b\u01b0\u1edbc c\u1ee7a ch\u00fang t\u00f4i bao g\u1ed3m:<\/p>\n<h2>\u0110\u0103ng k\u00fd<\/h2>\n<p>G\u1eedi \u0111\u01a1n \u0111\u0103ng k\u00fd, c\u00f9ng v\u1edbi danh s\u00e1ch \u0111\u00f3ng g\u00f3i, h\u00f3a \u0111\u01a1n th\u01b0\u01a1ng m\u1ea1i, t\u1edd khai c\u1ee7a c\u00f4ng ty nh\u1eadp kh\u1ea9u v\u00e0 b\u00e1o c\u00e1o th\u1eed nghi\u1ec7m (c\u00f3 th\u1ec3 c\u1ea7n th\u01b0 t\u00edn d\u1ee5ng trong m\u1ed9t s\u1ed1 tr\u01b0\u1eddng h\u1ee3p).<\/p>\n<h2>Xem x\u00e9t t\u00e0i li\u1ec7u<\/h2>\n<p>Ho\u00e0n th\u00e0nh trong v\u00f2ng 1-2 ng\u00e0y l\u00e0m vi\u1ec7c k\u1ec3 t\u1eeb ng\u00e0y nh\u1eadn h\u1ed3 s\u01a1<\/p>\n<h2>Ki\u1ec3m so\u00e1t<\/h2>\n<p>Ch\u1ec9 c\u1ea7n x\u00e1c nh\u1eadn th\u1eddi gian v\u00e0 \u0111\u1ecba \u0111i\u1ec3m g\u1eedi h\u00e0ng, ch\u00fang t\u00f4i s\u1ebd ki\u1ec3m so\u00e1t h\u00e0ng h\u00f3a c\u1ee7a b\u1ea1n v\u00e0 gi\u00e1m s\u00e1t qu\u00e1 tr\u00ecnh d\u1ee1 h\u00e0ng tr\u01b0\u1edbc khi th\u00f4ng b\u00e1o k\u1ebft qu\u1ea3 \u0111\u1ebfn b\u1ea1n (ch\u00fang t\u00f4i c\u0169ng th\u1ef1c hi\u1ec7n ki\u1ec3m tra m\u1eabu v\u00e0 ki\u1ec3m tra t\u1ea1i ch\u1ed7 khi \u0111\u01b0\u1ee3c y\u00eau c\u1ea7u).<\/p>\n<h2>Gi\u1ea5y ch\u1ee9ng nh\u1eadn<\/h2>\n<p>Ho\u00e0n th\u00e0nh trong v\u00f2ng 5 ng\u00e0y l\u00e0m vi\u1ec7c k\u1ec3 t\u1eeb ng\u00e0y nh\u1eadn h\u1ed3 s\u01a1<\/p>\n<h2>T\u1ea1i sao ch\u1ecdn HQTS?<\/h2>\n<p>HQTS c\u00f3 h\u01a1n 25 n\u0103m kinh nghi\u1ec7m trong l\u0129nh v\u1ef1c \u0110\u1ea3m b\u1ea3o ch\u1ea5t l\u01b0\u1ee3ng. V\u1edbi h\u01a1n 80 v\u0103n ph\u00f2ng tr\u00ean kh\u1eafp th\u1ebf gi\u1edbi, bao g\u1ed3m c\u1ea3 Baghdad, HQTS s\u1eb5n s\u00e0ng tr\u1edf th\u00e0nh nh\u00e0 cung c\u1ea5p d\u1ecbch v\u1ee5 \u01b0u vi\u1ec7t \u1edf t\u1ea5t c\u1ea3 c\u00e1c b\u01b0\u1edbc trong quy tr\u00ecnh. Ch\u00fang t\u00f4i cung c\u1ea5p c\u00e1c d\u1ecbch v\u1ee5 nhanh ch\u00f3ng, linh ho\u1ea1t v\u00e0 \u0111\u00e1ng tin c\u1eady cho m\u1ecdi nhu c\u1ea7u ki\u1ec3m so\u00e1t c\u1ee7a b\u1ea1n.<\/p>\n<p><strong>Li\u00ean h\u1ec7 v\u1edbi ch\u00fang t\u00f4i ngay h\u00f4m nay \u0111\u1ec3 t\u00ecm hi\u1ec3u th\u00eam v\u1ec1 c\u00e1c d\u1ecbch v\u1ee5 COC Iraq c\u1ee7a HQTS!<\/strong><\/p>\n<h2>T\u00e0i li\u1ec7u b\u1ed5 sung<\/h2>\n<p><a href=\"https:\/\/www.hqts.com\/wp-content\/uploads\/2020\/03\/Official-Authorized-Letter.pdf\">Th\u01b0 \u1ee7y quy\u1ec1n ch\u00ednh th\u1ee9c<\/a><\/p>\n<p><a href=\"https:\/\/www.hqts.com\/wp-content\/uploads\/2020\/03\/Global-contact-list-for-Iraq-COC.pdf\">Danh s\u00e1ch li\u00ean h\u1ec7<\/a><\/p>\n","protected":false},"excerpt":{"rendered":"<p>Ch\u1ee9ng nh\u1eadn h\u1ee3p quy c\u1ee7a Iraq B\u1ea1n xu\u1ea5t kh\u1ea9u h\u00e0ng h\u00f3a v\u00e0o th\u1ecb tr\u01b0\u1eddng ti\u1ec1m n\u0103ng Iraq? Ch\u1ecdn HQTS! Gi\u1ea5y ch\u1ee9ng nh\u1eadn h\u1ee3p quy Iraq (COC) hi\u1ec7n \u0111\u01b0\u1ee3c y\u00eau c\u1ea7u \u0111\u1ed1i v\u1edbi h\u01a1n 1,000 s\u1ea3n ph\u1ea9m thu\u1ed9c m\u01b0\u1eddi hai danh m\u1ee5c tr\u01b0\u1edbc khi \u0111\u01b0\u1ee3c nh\u1eadp kh\u1ea9u v\u00e0o th\u1ecb tr\u01b0\u1eddng Iraq. HQTS l\u00e0 m\u1ed9t trong ba [&hellip;]<\/p>\n","protected":false},"author":12,"featured_media":84205,"parent":77937,"menu_order":4,"comment_status":"closed","ping_status":"closed","template":"","meta":{"_acf_changed":false,"footnotes":""},"class_list":["post-78445","page","type-page","status-publish","has-post-thumbnail","hentry"],"acf":[],"_links":{"self":[{"href":"https:\/\/www.hqts.com\/vi\/wp-json\/wp\/v2\/pages\/78445","targetHints":{"allow":["GET"]}}],"collection":[{"href":"https:\/\/www.hqts.com\/vi\/wp-json\/wp\/v2\/pages"}],"about":[{"href":"https:\/\/www.hqts.com\/vi\/wp-json\/wp\/v2\/types\/page"}],"author":[{"embeddable":true,"href":"https:\/\/www.hqts.com\/vi\/wp-json\/wp\/v2\/users\/12"}],"replies":[{"embeddable":true,"href":"https:\/\/www.hqts.com\/vi\/wp-json\/wp\/v2\/comments?post=78445"}],"version-history":[{"count":4,"href":"https:\/\/www.hqts.com\/vi\/wp-json\/wp\/v2\/pages\/78445\/revisions"}],"predecessor-version":[{"id":115060,"href":"https:\/\/www.hqts.com\/vi\/wp-json\/wp\/v2\/pages\/78445\/revisions\/115060"}],"up":[{"embeddable":true,"href":"https:\/\/www.hqts.com\/vi\/wp-json\/wp\/v2\/pages\/77937"}],"wp:featuredmedia":[{"embeddable":true,"href":"https:\/\/www.hqts.com\/vi\/wp-json\/wp\/v2\/media\/84205"}],"wp:attachment":[{"href":"https:\/\/www.hqts.com\/vi\/wp-json\/wp\/v2\/media?parent=78445"}],"curies":[{"name":"wp","href":"https:\/\/api.w.org\/{rel}","templated":true}]}}