{"id":78451,"date":"2021-07-21T10:43:01","date_gmt":"2021-07-21T10:43:01","guid":{"rendered":"https:\/\/www.hqts.com\/?page_id=78451"},"modified":"2022-01-14T09:49:36","modified_gmt":"2022-01-14T09:49:36","slug":"giam-dinh-uzbekistan","status":"publish","type":"page","link":"https:\/\/www.hqts.com\/vi\/dich-vu\/giam-dinh-uzbekistan\/","title":{"rendered":"Gi\u00e1m \u0111\u1ecbnh tr\u01b0\u1edbc khi xu\u1ea5t h\u00e0ng c\u1ee7a Uzbekistan"},"content":{"rendered":"<h2>Gi\u00e1m \u0111\u1ecbnh tr\u01b0\u1edbc khi xu\u1ea5t h\u00e0ng c\u1ee7a Uzbekistan<\/h2>\n<p><strong>HQTS \u0111\u01b0\u1ee3c ch\u00ednh ph\u1ee7 Uzbekistan \u1ee7y quy\u1ec1n v\u1edbi t\u01b0 c\u00e1ch l\u00e0 c\u00f4ng ty cung c\u1ea5p d\u1ecbch v\u1ee5 Gi\u00e1m \u0111\u1ecbnh tr\u01b0\u1edbc khi xu\u1ea5t h\u00e0ng (PSI) cho h\u00e0ng h\u00f3a nh\u1eadp kh\u1ea9u.<\/strong><\/p>\n<p>\u0110\u00f3ng vai tr\u00f2 quan tr\u1ecdng s\u00e1ng ki\u1ebfn th\u01b0\u01a1ng m\u1ea1i \u201cV\u00e0nh \u0110ai V\u00e0 Con \u0110\u01b0\u1eddng\u201d c\u1ee7a Trung Qu\u1ed1c, m\u1ed1i quan h\u1ec7 gi\u1eefa Trung Qu\u1ed1c v\u00e0 Uzbekistan duy tr\u00ec s\u1ef1 ph\u00e1t tri\u1ec3n m\u1ea1nh m\u1ebd. Trung Qu\u1ed1c tr\u1edf th\u00e0nh ngu\u1ed3n \u0111\u1ea7u t\u01b0 s\u1ed1 m\u1ed9t c\u1ee7a Uzbekistan v\u00e0 \u0111\u1ee9ng th\u1ee9 hai v\u1ec1 t\u1ed5ng giao d\u1ecbch \u0111\u00f4 la. C\u1ea3 hai n\u01b0\u1edbc hi\u1ec7n v\u1eabn ti\u1ebfp t\u1ee5c m\u1edf r\u1ed9ng c\u00e1c c\u01a1 h\u1ed9i h\u1ee3p t\u00e1c th\u01b0\u01a1ng m\u1ea1i m\u1ea1nh m\u1ebd.<\/p>\n<p>\u0110\u1ec3 c\u1ea3i thi\u1ec7n giao th\u01b0\u01a1ng qu\u1ed1c t\u1ebf trong khi v\u1eabn \u0111\u1ea3m b\u1ea3o ch\u1ea5t l\u01b0\u1ee3ng h\u00e0ng h\u00f3a nh\u1eadp kh\u1ea9u, ch\u00ednh ph\u1ee7 Uzbekistan y\u00eau c\u1ea7u \u0111\u01a1n v\u1ecb c\u00f3 th\u1ea9m quy\u1ec1n ki\u1ec3m so\u00e1t tr\u01b0\u1edbc v\u1eadn chuy\u1ec3n \u0111\u1ed1i v\u1edbi h\u00e0ng h\u00f3a nh\u1eadp kh\u1ea9u. C\u00e1c s\u1ea3n ph\u1ea9m n\u00e0y ph\u1ea3i \u0111\u01b0\u1ee3c ki\u1ec3m so\u00e1t b\u1edfi c\u01a1 quan gi\u00e1m \u0111\u1ecbnh \u0111\u01b0\u1ee3c UZSTANDARD c\u00f4ng nh\u1eadn.<\/p>\n<p>T\u1eadp \u0111o\u00e0n HQTS t\u1eeb l\u00e2u \u0111\u00e3 cam k\u1ebft cung c\u1ea5p c\u00e1c d\u1ecbch v\u1ee5 \u0111\u1ea3m b\u1ea3o ch\u1ea5t l\u01b0\u1ee3ng cho c\u00e1c chu\u1ed7i cung \u1ee9ng to\u00e0n c\u1ea7u. Ch\u00fang t\u00f4i \u0111\u00e3 \u0111\u01b0\u1ee3c UZSTANDARD \u1ee7y quy\u1ec1n v\u1edbi t\u01b0 c\u00e1ch l\u00e0 c\u01a1 quan ki\u1ec3m so\u00e1t th\u1ee9 ba cung c\u1ea5p d\u1ecbch v\u1ee5 PSI cho c\u00e1c c\u00f4ng ty xu\u1ea5t kh\u1ea9u, nh\u1eb1m x\u00e1c nh\u1eadn c\u00e1c s\u1ea3n ph\u1ea9m c\u1ee7a h\u1ecd tu\u00e2n th\u1ee7 nh\u1eefng quy \u0111\u1ecbnh c\u1ee7a Uzbekistan v\u00e0 ti\u00eau chu\u1ea9n c\u1ee7a th\u1ecb tr\u01b0\u1eddng.<\/p>\n<p>N\u1ebfu b\u1ea1n \u0111ang nh\u1eadp kh\u1ea9u ho\u1eb7c xu\u1ea5t kh\u1ea9u h\u00e0ng h\u00f3a v\u00e0o Uzbekistan, h\u00e3y li\u00ean h\u1ec7 v\u1edbi ch\u00fang t\u00f4i \u0111\u1ec3 \u0111\u01b0\u1ee3c h\u1ed7 tr\u1ee3 th\u1ef1c hi\u1ec7n c\u00e1c y\u00eau c\u1ea7u ki\u1ec3m so\u00e1t ch\u1ea5t l\u01b0\u1ee3ng!<\/p>\n<p>T\u1eadp \u0111o\u00e0n HQTS cung c\u1ea5p d\u1ecbch v\u1ee5 ki\u1ec3m so\u00e1t v\u00e0 c\u00e1c d\u1ecbch v\u1ee5 li\u00ean quan \u0111\u1ebfn \u0111\u1ea3m b\u1ea3o ch\u1ea5t l\u01b0\u1ee3ng chu\u1ed7i cung \u1ee9ng t\u1ea1i g\u1ea7n 100 khu v\u1ef1c \u1edf Trung Qu\u1ed1c, \u1ea4n \u0110\u1ed9, Bangladesh, Pakistan v\u00e0 c\u00e1c qu\u1ed1c gia ch\u00e2u \u00c1 kh\u00e1c. HQTS c\u0169ng cung c\u1ea5p d\u1ecbch v\u1ee5 ki\u1ec3m tra trong ph\u00f2ng th\u00ed nghi\u1ec7m, v\u00e0 c\u00e1c d\u1ecbch v\u1ee5 h\u1ed7 tr\u1ee3 mua h\u00e0ng cho ch\u00ednh ph\u1ee7.<\/p>\n","protected":false},"excerpt":{"rendered":"<p>Gi\u00e1m \u0111\u1ecbnh tr\u01b0\u1edbc khi xu\u1ea5t h\u00e0ng c\u1ee7a Uzbekistan HQTS \u0111\u01b0\u1ee3c ch\u00ednh ph\u1ee7 Uzbekistan \u1ee7y quy\u1ec1n v\u1edbi t\u01b0 c\u00e1ch l\u00e0 c\u00f4ng ty cung c\u1ea5p d\u1ecbch v\u1ee5 Gi\u00e1m \u0111\u1ecbnh tr\u01b0\u1edbc khi xu\u1ea5t h\u00e0ng (PSI) cho h\u00e0ng h\u00f3a nh\u1eadp kh\u1ea9u. \u0110\u00f3ng vai tr\u00f2 quan tr\u1ecdng s\u00e1ng ki\u1ebfn th\u01b0\u01a1ng m\u1ea1i \u201cV\u00e0nh \u0110ai V\u00e0 Con \u0110\u01b0\u1eddng\u201d c\u1ee7a Trung Qu\u1ed1c, m\u1ed1i [&hellip;]<\/p>\n","protected":false},"author":12,"featured_media":78104,"parent":77937,"menu_order":39,"comment_status":"closed","ping_status":"closed","template":"","meta":{"_acf_changed":false,"footnotes":""},"class_list":["post-78451","page","type-page","status-publish","has-post-thumbnail","hentry"],"acf":[],"_links":{"self":[{"href":"https:\/\/www.hqts.com\/vi\/wp-json\/wp\/v2\/pages\/78451","targetHints":{"allow":["GET"]}}],"collection":[{"href":"https:\/\/www.hqts.com\/vi\/wp-json\/wp\/v2\/pages"}],"about":[{"href":"https:\/\/www.hqts.com\/vi\/wp-json\/wp\/v2\/types\/page"}],"author":[{"embeddable":true,"href":"https:\/\/www.hqts.com\/vi\/wp-json\/wp\/v2\/users\/12"}],"replies":[{"embeddable":true,"href":"https:\/\/www.hqts.com\/vi\/wp-json\/wp\/v2\/comments?post=78451"}],"version-history":[{"count":1,"href":"https:\/\/www.hqts.com\/vi\/wp-json\/wp\/v2\/pages\/78451\/revisions"}],"predecessor-version":[{"id":78453,"href":"https:\/\/www.hqts.com\/vi\/wp-json\/wp\/v2\/pages\/78451\/revisions\/78453"}],"up":[{"embeddable":true,"href":"https:\/\/www.hqts.com\/vi\/wp-json\/wp\/v2\/pages\/77937"}],"wp:featuredmedia":[{"embeddable":true,"href":"https:\/\/www.hqts.com\/vi\/wp-json\/wp\/v2\/media\/78104"}],"wp:attachment":[{"href":"https:\/\/www.hqts.com\/vi\/wp-json\/wp\/v2\/media?parent=78451"}],"curies":[{"name":"wp","href":"https:\/\/api.w.org\/{rel}","templated":true}]}}