{"id":78740,"date":"2021-07-23T06:21:14","date_gmt":"2021-07-23T06:21:14","guid":{"rendered":"https:\/\/www.hqts.com\/?page_id=78740"},"modified":"2021-08-06T09:29:35","modified_gmt":"2021-08-06T09:29:35","slug":"chuoi-cung-ung","status":"publish","type":"page","link":"https:\/\/www.hqts.com\/vi\/dich-vu\/chuoi-cung-ung\/","title":{"rendered":"D\u1ecaCH V\u1ee4 QU\u1ea2N L\u00dd CHU\u1ed6I CUNG \u1ee8NG"},"content":{"rendered":"<h2><strong>D\u1ecbch v\u1ee5 Qu\u1ea3n l\u00fd Chu\u1ed7i Cung \u1ee9ng v\u00e0 Mua h\u00e0ng<\/strong><\/h2>\n<p>HQTS cung c\u1ea5p c\u00e1c gi\u1ea3i ph\u00e1p v\u00e0 g\u00f3i d\u1ecbch v\u1ee5 \u0111\u1ea3m b\u1ea3o ch\u1ea5t l\u01b0\u1ee3ng chu\u1ed7i cung \u1ee9ng ch\u1ea5t l\u01b0\u1ee3ng cao, \u0111\u1ea3m b\u1ea3o l\u1ee3i th\u1ebf c\u1ea1nh tranh b\u1ec1n v\u1eefng cho doanh nghi\u1ec7p trong to\u00e0n b\u1ed9 qu\u00e1 tr\u00ecnh qu\u1ea3n l\u00fd chu\u1ed7i cung \u1ee9ng.<\/p>\n<h2><strong>C\u00e1c ng\u00e0nh h\u00e0ng \u00e1p d\u1ee5ng d\u1ecbch v\u1ee5:<\/strong><\/h2>\n<ul>\n<li>H\u00e0ng ti\u00eau d\u00f9ng c\u1ee9ng<\/li>\n<li>H\u00e0ng may m\u1eb7c<\/li>\n<li>\u0110i\u1ec7n t\u1eed gia d\u1ee5ng v\u00e0 thi\u1ebft b\u1ecb \u0111i\u1ec7n<\/li>\n<li>Nguy\u00ean li\u1ec7u th\u00f4<\/li>\n<li>Kh\u00e1c<\/li>\n<\/ul>\n<h2><strong>C\u00e1c g\u00f3i d\u1ecbch v\u1ee5 c\u1ee7a ch\u00fang t\u00f4i<\/strong><\/h2>\n<h2><strong>\u0110\u00e1nh gi\u00e1 s\u1ea3n xu\u1ea5t &amp; gi\u1ea3i ph\u00e1p mua h\u00e0ng<\/strong><\/h2>\n<p><strong>\u0110\u00e1nh gi\u00e1 Nh\u00e0 m\u00e1y<\/strong>: D\u1ecbch v\u1ee5 \u0110\u00e1nh gi\u00e1 Nh\u00e0 m\u00e1y v\u00e0 \u0110\u00e1nh gi\u00e1 Nh\u00e0 cung c\u1ea5p s\u1ebd gi\u00fap \u0111\u00e1nh gi\u00e1 n\u0103ng l\u1ef1c, hi\u1ec7u su\u1ea5t v\u00e0 ti\u00eau chu\u1ea9n ch\u1ea5t l\u01b0\u1ee3ng c\u1ee7a nh\u00e0 cung c\u1ea5p, cung c\u1ea5p cho doanh nghi\u1ec7p m\u1ed9t b\u00e1o c\u00e1o chi ti\u1ebft v\u1ec1 t\u00ecnh tr\u1ea1ng, \u0111i\u1ec3m m\u1ea1nh v\u00e0 \u0111i\u1ec3m y\u1ebfu c\u1ee7a nh\u00e0 cung c\u1ea5p.<\/p>\n<p><strong>\u0110\u00e1nh gi\u00e1 m\u1eabu<\/strong>: D\u1ecbch v\u1ee5 \u0111\u00e1nh gi\u00e1 m\u1eabu li\u00ean quan \u0111\u1ebfn vi\u1ec7c ki\u1ec3m tra m\u1ed9t s\u1ed1 l\u01b0\u1ee3ng nh\u1ecf c\u00e1c m\u1eb7t h\u00e0ng t\u1eeb m\u1ed9t l\u00f4 d\u1ef1a theo c\u00e1c th\u00f4ng s\u1ed1 k\u1ef9 thu\u1eadt nh\u01b0 ngo\u1ea1i h\u00ecnh, tay ngh\u1ec1, \u0111\u1ed9 an to\u00e0n, ch\u1ee9c n\u0103ng, v.v. tr\u01b0\u1edbc khi s\u1ea3n xu\u1ea5t h\u00e0ng lo\u1ea1t.<\/p>\n<p><strong>Qu\u1ea3n l\u00fd m\u1eabu v\u00e0 Chuy\u1ec3n ph\u00e1t nhanh m\u1eabu<\/strong> (kh\u00f4ng bao g\u1ed3m ph\u00ed chuy\u1ec3n ph\u00e1t nhanh): D\u1ecbch v\u1ee5 Qu\u1ea3n l\u00fd m\u1eabu v\u00e0 Chuy\u1ec3n ph\u00e1t nhanh m\u1eabu \u0111\u01b0\u1ee3c cung c\u1ea5p \u0111\u1ec3 qu\u1ea3n l\u00fd c\u00e1c m\u1eabu v\u00e0 nguy\u00ean m\u1eabu s\u1ea3n ph\u1ea9m, \u0111\u1ed3ng th\u1eddi ki\u1ec3m tra t\u00ednh nh\u1ea5t qu\u00e1n v\u1edbi c\u00e1c th\u00f4ng s\u1ed1 k\u1ef9 thu\u1eadt thi\u1ebft k\u1ebf, gi\u00fap doanh nghi\u1ec7p gi\u1ea3m r\u1ee7i ro s\u1ea3n xu\u1ea5t v\u00e0 ti\u1ebft ki\u1ec7m th\u1eddi gian b\u1eb1ng chuy\u1ec3n ph\u00e1t nhanh.<\/p>\n<p><strong>Gi\u00e1m \u0111\u1ecbnh tr\u01b0\u1edbc khi xu\u1ea5t h\u00e0ng<\/strong>: Gi\u00e1m \u0111\u1ecbnh tr\u01b0\u1edbc khi xu\u1ea5t h\u00e0ng (PSI) l\u00e0 m\u1ed9t b\u01b0\u1edbc quan tr\u1ecdng trong quy tr\u00ecnh ki\u1ec3m so\u00e1t ch\u1ea5t l\u01b0\u1ee3ng v\u00e0 l\u00e0 ph\u01b0\u01a1ng ph\u00e1p \u0111\u1ec3 gi\u00e1m \u0111\u1ecbnh ch\u1ea5t l\u01b0\u1ee3ng h\u00e0ng h\u00f3a tr\u01b0\u1edbc khi xu\u1ea5t x\u01b0\u1edfng.<\/p>\n<h2>Gi\u1ea3i ph\u00e1p Ki\u1ec3m so\u00e1t S\u1ea3n xu\u1ea5t &amp; Mua h\u00e0ng<\/h2>\n<p><strong>\u0110\u00e1nh gi\u00e1 Nh\u00e0 m\u00e1y:<\/strong> D\u1ecbch v\u1ee5 \u0110\u00e1nh gi\u00e1 Nh\u00e0 m\u00e1y v\u00e0 \u0110\u00e1nh gi\u00e1 Nh\u00e0 cung c\u1ea5p s\u1ebd gi\u00fap \u0111\u00e1nh gi\u00e1 n\u0103ng l\u1ef1c, hi\u1ec7u su\u1ea5t v\u00e0 ti\u00eau chu\u1ea9n ch\u1ea5t l\u01b0\u1ee3ng c\u1ee7a nh\u00e0 cung c\u1ea5p, cung c\u1ea5p cho doanh nghi\u1ec7p m\u1ed9t b\u00e1o c\u00e1o chi ti\u1ebft v\u1ec1 t\u00ecnh tr\u1ea1ng, \u0111i\u1ec3m m\u1ea1nh v\u00e0 \u0111i\u1ec3m y\u1ebfu c\u1ee7a nh\u00e0 cung c\u1ea5p.<\/p>\n<p><strong>\u0110\u00e1nh gi\u00e1 m\u1eabu:<\/strong> D\u1ecbch v\u1ee5 \u0111\u00e1nh gi\u00e1 m\u1eabu li\u00ean quan \u0111\u1ebfn vi\u1ec7c ki\u1ec3m tra m\u1ed9t s\u1ed1 l\u01b0\u1ee3ng nh\u1ecf c\u00e1c m\u1eb7t h\u00e0ng t\u1eeb m\u1ed9t l\u00f4 d\u1ef1a theo c\u00e1c th\u00f4ng s\u1ed1 k\u1ef9 thu\u1eadt nh\u01b0 ngo\u1ea1i h\u00ecnh, tay ngh\u1ec1, \u0111\u1ed9 an to\u00e0n, ch\u1ee9c n\u0103ng, v.v. tr\u01b0\u1edbc khi s\u1ea3n xu\u1ea5t h\u00e0ng lo\u1ea1t.<\/p>\n<p><strong>Qu\u1ea3n l\u00fd m\u1eabu v\u00e0 Chuy\u1ec3n ph\u00e1t nhanh m\u1eabu<\/strong> (kh\u00f4ng bao g\u1ed3m ph\u00ed chuy\u1ec3n ph\u00e1t nhanh): D\u1ecbch v\u1ee5 Qu\u1ea3n l\u00fd m\u1eabu v\u00e0 Chuy\u1ec3n ph\u00e1t nhanh m\u1eabu \u0111\u01b0\u1ee3c cung c\u1ea5p \u0111\u1ec3 qu\u1ea3n l\u00fd c\u00e1c m\u1eabu v\u00e0 nguy\u00ean m\u1eabu s\u1ea3n ph\u1ea9m, \u0111\u1ed3ng th\u1eddi ki\u1ec3m tra t\u00ednh nh\u1ea5t qu\u00e1n v\u1edbi c\u00e1c th\u00f4ng s\u1ed1 k\u1ef9 thu\u1eadt thi\u1ebft k\u1ebf, gi\u00fap doanh nghi\u1ec7p gi\u1ea3m r\u1ee7i ro s\u1ea3n xu\u1ea5t v\u00e0 ti\u1ebft ki\u1ec7m th\u1eddi gian b\u1eb1ng chuy\u1ec3n ph\u00e1t nhanh.<\/p>\n<p><strong>Gi\u00e1m s\u00e1t quy tr\u00ecnh s\u1ea3n xu\u1ea5t<\/strong> (bao g\u1ed3m gi\u00e1m s\u00e1t l\u1ecbch tr\u00ecnh s\u1ea3n xu\u1ea5t v\u00e0 gi\u00e1m \u0111\u1ecbnh ng\u1eabu nhi\u00ean): D\u1ecbch v\u1ee5 Gi\u00e1m s\u00e1t quy tr\u00ecnh s\u1ea3n xu\u1ea5t \u0111\u01b0\u1ee3c \u00e1p d\u1ee5ng m\u1ed9t c\u00e1ch ti\u1ebfp c\u1eadn to\u00e0n di\u1ec7n \u0111\u1ec3 ki\u1ec3m so\u00e1t qu\u00e1 tr\u00ecnh s\u1ea3n xu\u1ea5t c\u1ee7a doanh nghi\u1ec7p, bao g\u1ed3m to\u00e0n b\u1ed9 quy tr\u00ecnh giao h\u00e0ng v\u00e0 t\u0103ng kh\u1ea3 n\u0103ng ph\u00e1t hi\u1ec7n r\u1ee7i ro ti\u1ec1m \u1ea9n.<\/p>\n","protected":false},"excerpt":{"rendered":"<p>D\u1ecbch v\u1ee5 Qu\u1ea3n l\u00fd Chu\u1ed7i Cung \u1ee9ng v\u00e0 Mua h\u00e0ng HQTS cung c\u1ea5p c\u00e1c gi\u1ea3i ph\u00e1p v\u00e0 g\u00f3i d\u1ecbch v\u1ee5 \u0111\u1ea3m b\u1ea3o ch\u1ea5t l\u01b0\u1ee3ng chu\u1ed7i cung \u1ee9ng ch\u1ea5t l\u01b0\u1ee3ng cao, \u0111\u1ea3m b\u1ea3o l\u1ee3i th\u1ebf c\u1ea1nh tranh b\u1ec1n v\u1eefng cho doanh nghi\u1ec7p trong to\u00e0n b\u1ed9 qu\u00e1 tr\u00ecnh qu\u1ea3n l\u00fd chu\u1ed7i cung \u1ee9ng. C\u00e1c ng\u00e0nh h\u00e0ng \u00e1p [&hellip;]<\/p>\n","protected":false},"author":12,"featured_media":78749,"parent":77937,"menu_order":7,"comment_status":"closed","ping_status":"closed","template":"","meta":{"_acf_changed":false,"footnotes":""},"class_list":["post-78740","page","type-page","status-publish","has-post-thumbnail","hentry"],"acf":[],"_links":{"self":[{"href":"https:\/\/www.hqts.com\/vi\/wp-json\/wp\/v2\/pages\/78740","targetHints":{"allow":["GET"]}}],"collection":[{"href":"https:\/\/www.hqts.com\/vi\/wp-json\/wp\/v2\/pages"}],"about":[{"href":"https:\/\/www.hqts.com\/vi\/wp-json\/wp\/v2\/types\/page"}],"author":[{"embeddable":true,"href":"https:\/\/www.hqts.com\/vi\/wp-json\/wp\/v2\/users\/12"}],"replies":[{"embeddable":true,"href":"https:\/\/www.hqts.com\/vi\/wp-json\/wp\/v2\/comments?post=78740"}],"version-history":[{"count":2,"href":"https:\/\/www.hqts.com\/vi\/wp-json\/wp\/v2\/pages\/78740\/revisions"}],"predecessor-version":[{"id":78751,"href":"https:\/\/www.hqts.com\/vi\/wp-json\/wp\/v2\/pages\/78740\/revisions\/78751"}],"up":[{"embeddable":true,"href":"https:\/\/www.hqts.com\/vi\/wp-json\/wp\/v2\/pages\/77937"}],"wp:featuredmedia":[{"embeddable":true,"href":"https:\/\/www.hqts.com\/vi\/wp-json\/wp\/v2\/media\/78749"}],"wp:attachment":[{"href":"https:\/\/www.hqts.com\/vi\/wp-json\/wp\/v2\/media?parent=78740"}],"curies":[{"name":"wp","href":"https:\/\/api.w.org\/{rel}","templated":true}]}}