{"id":78752,"date":"2021-07-23T06:25:28","date_gmt":"2021-07-23T06:25:28","guid":{"rendered":"https:\/\/www.hqts.com\/?page_id=78752"},"modified":"2021-08-06T09:29:36","modified_gmt":"2021-08-06T09:29:36","slug":"hoi-cho-trien-lam-thuong-mai","status":"publish","type":"page","link":"https:\/\/www.hqts.com\/vi\/dich-vu\/hoi-cho-trien-lam-thuong-mai\/","title":{"rendered":"D\u1ecbch v\u1ee5 Kh\u00e1m ph\u00e1 c\u00e1c H\u1ed9i ch\u1ee3 tri\u1ec3n l\u00e3m th\u01b0\u01a1ng m\u1ea1i"},"content":{"rendered":"<h2><strong>Kh\u00e1m ph\u00e1 c\u00e1c H\u1ed9i ch\u1ee3 tri\u1ec3n l\u00e3m th\u01b0\u01a1ng m\u1ea1i<\/strong><\/h2>\n<p><strong>N\u1ebfu c\u00e1c k\u1ebf ho\u1ea1ch c\u00f4ng t\u00e1c c\u1ee7a b\u1ea1n b\u1ecb \u1ea3nh h\u01b0\u1edfng b\u1edfi d\u1ecbch Covid-19, h\u00e3y li\u00ean h\u1ec7 HQTS \u0111\u1ec3 \u0111\u01b0\u1ee3c h\u1ed7 tr\u1ee3!<\/strong><\/p>\n<p>Tri\u1ec3n l\u00e3m th\u01b0\u01a1ng m\u1ea1i kh\u1eafp ch\u00e2u \u00c1 \u0111\u00f3ng m\u1ed9t vai tr\u00f2 quan tr\u1ecdng \u0111\u1ed1i v\u1edbi c\u00e1c doanh nghi\u1ec7p to\u00e0n c\u1ea7u mu\u1ed1n t\u00ecm hi\u1ec3u th\u00eam v\u1ec1 c\u00e1c s\u1ea3n ph\u1ea9m v\u00e0 xu h\u01b0\u1edbng ch\u00ednh trong ng\u00e0nh c\u1ee7a h\u1ecd, nh\u01b0ng s\u1ef1 b\u00f9ng ph\u00e1t c\u1ee7a virus corona \u0111\u00e3 \u1ea3nh h\u01b0\u1edfng \u0111\u1ebfn k\u1ebf ho\u1ea1ch di chuy\u1ec3n c\u1ee7a h\u00e0ng tri\u1ec7u ng\u01b0\u1eddi. V\u00ec l\u00fd do n\u00e0y, HQTS cung c\u1ea5p d\u1ecbch v\u1ee5 c\u1eed c\u00e1c \u0111\u1ea1i di\u1ec7n \u0111\u00e3 qua \u0111\u00e0o t\u1ea1o \u0111\u1ebfn m\u1ed9t s\u1ed1 tri\u1ec3n l\u00e3m th\u01b0\u01a1ng m\u1ea1i quan tr\u1ecdng nh\u1ea5t tr\u00ean th\u1ebf gi\u1edbi \u0111\u1ec3 thu th\u1eadp th\u00f4ng tin v\u00e0 b\u00e1o c\u00e1o v\u1ec1 c\u00e1c xu h\u01b0\u1edbng ch\u00ednh trong ng\u00e0nh c\u1ee7a b\u1ea1n.<\/p>\n<h2><strong>D\u1ecbch v\u1ee5 T\u00ecm hi\u1ec1u chi ti\u1ebft v\u1ec1 Tri\u1ec3n l\u00e3m Th\u01b0\u01a1ng m\u1ea1i c\u1ee7a ch\u00fang t\u00f4i bao g\u1ed3m:<\/strong><\/h2>\n<ul>\n<li><strong>Th\u00f4ng tin t\u1eeb 3 cu\u1ed9c tri\u1ec3n l\u00e3m ch\u00ednh, gi\u00fap doanh nghi\u1ec7p xem x\u00e9t nh\u1eefng nh\u00e0 cung c\u1ea5p ti\u1ec1m n\u0103ng<\/strong><\/li>\n<li><strong>B\u1ea3n b\u00e1o c\u00e1o to\u00e0n di\u1ec7n v\u1ec1 chuy\u1ebfn \u0111i th\u1ef1c t\u1ebf, bao g\u1ed3m \u1ea3nh v\u00e0 video<\/strong><\/li>\n<li><strong>M\u1ed9t l\u1ea7n \u0111\u00e1nh gi\u00e1 nh\u00e0 m\u00e1y t\u1ea1i ch\u1ed7 theo l\u1ef1a ch\u1ecdn c\u1ee7a b\u1ea1n (c\u00f3 th\u1ec3 \u00e1p d\u1ee5ng chi ph\u00ed \u0111i l\u1ea1i b\u1ed5 sung)<\/strong><\/li>\n<\/ul>\n<p>&nbsp;<\/p>\n<p><strong>Gi\u00e1 kh\u1edfi \u0111i\u1ec3m ch\u1ec9 t\u1eeb $599<\/strong><\/p>\n<p>G\u00f3i d\u1ecbch v\u1ee5 n\u00e0y c\u00f3 gi\u00e1 kh\u1edfi \u0111i\u1ec3m t\u1eeb US $599 v\u00e0 c\u00f3 th\u1ec3 \u0111\u01b0\u1ee3c t\u00f9y ch\u1ec9nh theo nhu c\u1ea7u c\u1ee7a b\u1ea1n. \u0110\u1ec3 bi\u1ebft th\u00eam th\u00f4ng tin, xin vui l\u00f2ng li\u00ean h\u1ec7 v\u1edbi ch\u00fang t\u00f4i h\u00f4m nay!<\/p>\n<p><img fetchpriority=\"high\" decoding=\"async\" class=\"alignnone wp-image-78756\" src=\"https:\/\/www.hqts.com\/wp-content\/uploads\/2020\/02\/111-300x158.jpeg\" alt=\"\" width=\"389\" height=\"206\" \/><img decoding=\"async\" class=\"alignnone wp-image-78757\" src=\"https:\/\/www.hqts.com\/wp-content\/uploads\/2020\/02\/222-1-300x200.jpg\" alt=\"\" width=\"305\" height=\"203\" srcset=\"https:\/\/www.hqts.com\/wp-content\/uploads\/2020\/02\/222-1-300x200.jpg 300w, https:\/\/www.hqts.com\/wp-content\/uploads\/2020\/02\/222-1-1024x683.jpg 1024w, https:\/\/www.hqts.com\/wp-content\/uploads\/2020\/02\/222-1-768x512.jpg 768w, https:\/\/www.hqts.com\/wp-content\/uploads\/2020\/02\/222-1-1536x1024.jpg 1536w, https:\/\/www.hqts.com\/wp-content\/uploads\/2020\/02\/222-1-2048x1365.jpg 2048w\" sizes=\"(max-width: 305px) 100vw, 305px\" \/><\/p>\n<p>&nbsp;<\/p>\n","protected":false},"excerpt":{"rendered":"<p>Kh\u00e1m ph\u00e1 c\u00e1c H\u1ed9i ch\u1ee3 tri\u1ec3n l\u00e3m th\u01b0\u01a1ng m\u1ea1i N\u1ebfu c\u00e1c k\u1ebf ho\u1ea1ch c\u00f4ng t\u00e1c c\u1ee7a b\u1ea1n b\u1ecb \u1ea3nh h\u01b0\u1edfng b\u1edfi d\u1ecbch Covid-19, h\u00e3y li\u00ean h\u1ec7 HQTS \u0111\u1ec3 \u0111\u01b0\u1ee3c h\u1ed7 tr\u1ee3! Tri\u1ec3n l\u00e3m th\u01b0\u01a1ng m\u1ea1i kh\u1eafp ch\u00e2u \u00c1 \u0111\u00f3ng m\u1ed9t vai tr\u00f2 quan tr\u1ecdng \u0111\u1ed1i v\u1edbi c\u00e1c doanh nghi\u1ec7p to\u00e0n c\u1ea7u mu\u1ed1n t\u00ecm hi\u1ec3u th\u00eam [&hellip;]<\/p>\n","protected":false},"author":12,"featured_media":78759,"parent":77937,"menu_order":24,"comment_status":"closed","ping_status":"closed","template":"","meta":{"_acf_changed":false,"footnotes":""},"class_list":["post-78752","page","type-page","status-publish","has-post-thumbnail","hentry"],"acf":[],"_links":{"self":[{"href":"https:\/\/www.hqts.com\/vi\/wp-json\/wp\/v2\/pages\/78752","targetHints":{"allow":["GET"]}}],"collection":[{"href":"https:\/\/www.hqts.com\/vi\/wp-json\/wp\/v2\/pages"}],"about":[{"href":"https:\/\/www.hqts.com\/vi\/wp-json\/wp\/v2\/types\/page"}],"author":[{"embeddable":true,"href":"https:\/\/www.hqts.com\/vi\/wp-json\/wp\/v2\/users\/12"}],"replies":[{"embeddable":true,"href":"https:\/\/www.hqts.com\/vi\/wp-json\/wp\/v2\/comments?post=78752"}],"version-history":[{"count":4,"href":"https:\/\/www.hqts.com\/vi\/wp-json\/wp\/v2\/pages\/78752\/revisions"}],"predecessor-version":[{"id":80916,"href":"https:\/\/www.hqts.com\/vi\/wp-json\/wp\/v2\/pages\/78752\/revisions\/80916"}],"up":[{"embeddable":true,"href":"https:\/\/www.hqts.com\/vi\/wp-json\/wp\/v2\/pages\/77937"}],"wp:featuredmedia":[{"embeddable":true,"href":"https:\/\/www.hqts.com\/vi\/wp-json\/wp\/v2\/media\/78759"}],"wp:attachment":[{"href":"https:\/\/www.hqts.com\/vi\/wp-json\/wp\/v2\/media?parent=78752"}],"curies":[{"name":"wp","href":"https:\/\/api.w.org\/{rel}","templated":true}]}}