{"id":78764,"date":"2021-07-23T06:50:52","date_gmt":"2021-07-23T06:50:52","guid":{"rendered":"https:\/\/www.hqts.com\/?page_id=78764"},"modified":"2022-01-12T04:33:42","modified_gmt":"2022-01-12T04:33:42","slug":"nganh-ban-le","status":"publish","type":"page","link":"https:\/\/www.hqts.com\/vi\/linh-vuc\/nganh-ban-le\/","title":{"rendered":"Qu\u1ea3n l\u00fd v\u00e0 \u0111\u1ea3m b\u1ea3o ch\u1ea5t l\u01b0\u1ee3ng ng\u00e0nh b\u00e1n l\u1ebb"},"content":{"rendered":"<h2>Qu\u1ea3n l\u00fd v\u00e0 \u0111\u1ea3m b\u1ea3o ch\u1ea5t l\u01b0\u1ee3ng s\u1ea3n ph\u1ea9m ng\u00e0nh b\u00e1n l\u1ebb<\/h2>\n<p><strong>Ki\u1ec3m \u0111\u1ecbnh ch\u1ea5t l\u01b0\u1ee3ng v\u00e0 \u0111\u1ea3m b\u1ea3o ch\u1ea5t l\u01b0\u1ee3ng \u0111\u1ec1 c\u1eadp \u0111\u1ebfn c\u00e1c quy tr\u00ecnh m\u00e0 doanh nghi\u1ec7p s\u1eed d\u1ee5ng \u0111\u1ec3 \u0111\u1ea3m b\u1ea3o r\u1eb1ng ch\u1ea5t l\u01b0\u1ee3ng s\u1ea3n ph\u1ea9m \u0111\u01b0\u1ee3c duy tr\u00ec. N\u00f3 c\u0169ng gi\u00fap gi\u1ea3m thi\u1ec3u ho\u1eb7c lo\u1ea1i b\u1ecf c\u00e1c khi\u1ebfm khuy\u1ebft trong qu\u00e1 tr\u00ecnh s\u1ea3n xu\u1ea5t \u0111\u1ec3 \u0111\u00e1p \u1ee9ng c\u00e1c k\u1ef3 v\u1ecdng v\u00e0 quy \u0111\u1ecbnh c\u1ee7a kh\u00e1ch h\u00e0ng.<\/strong><\/p>\n<p>HQTS cung c\u1ea5p c\u00e1c d\u1ecbch v\u1ee5 ki\u1ec3m \u0111\u1ecbnh ch\u1ea5t l\u01b0\u1ee3ng cho ng\u00e0nh ti\u00eau d\u00f9ng v\u00e0 b\u00e1n l\u1ebb t\u1ed1t nh\u1ea5t th\u1ecb tr\u01b0\u1eddng, t\u1eeb vi\u1ec7c<a href=\"https:\/\/www.hqts.com\/vi\/dich-vu\/giam-dinh\/\"> gi\u00e1m \u0111\u1ecbnh ch\u1ea5t l\u01b0\u1ee3ng<\/a> \u0111\u1ebfn <a href=\"https:\/\/www.hqts.com\/vi\/dich-vu\/thu-nghiem\/\">th\u1eed nghi\u1ec7m<\/a> s\u1ea3n ph\u1ea9m ti\u00eau d\u00f9ng theo ti\u00eau chu\u1ea9n REACH, RoHS, CA Prop 65, v..v, HQTS lu\u00f4n \u0111\u1ea3m b\u1ea3o c\u00e1c nh\u00e0 cung c\u1ea5p s\u1ebd \u0111\u00e1p \u1ee9ng y\u00eau c\u1ea7u ch\u1ea5t l\u01b0\u1ee3ng t\u1eeb ph\u00eda doanh nghi\u1ec7p.<\/p>\n<p>Ch\u00fang t\u00f4i cung c\u1ea5p d\u1ecbch v\u1ee5 cho c\u00e1c ng\u00e0nh h\u00e0ng ti\u00eau d\u00f9ng bao g\u1ed3m:<\/p>\n<ul>\n<li><a href=\"https:\/\/www.hqts.com\/vi\/linh-vuc\/nganh-ban-le\/det-may-va-may-mac\/\">Qu\u1ea7n \u00e1o v\u00e0 h\u00e0ng d\u1ec7t may<\/a><\/li>\n<li><a href=\"https:\/\/www.hqts.com\/vi\/linh-vuc\/nganh-ban-le\/dien-tu\/\">Thi\u1ebft b\u1ecb \u0111i\u1ec7n t\u1eed. <\/a><\/li>\n<li><a href=\"https:\/\/www.hqts.com\/vi\/linh-vuc\/nganh-ban-le\/cham-soc-ca-nhan-my-pham\/\">Ch\u0103m s\u00f3c c\u00e1 nh\u00e2n &amp; <\/a><a href=\"https:\/\/www.hqts.com\/vi\/linh-vuc\/nganh-ban-le\/tui-xach-phu-kien\/\">M\u1ef9 ph\u1ea9m.<\/a><\/li>\n<li>Nh\u00e0 c\u1eeda v\u00e0 v\u01b0\u1eddn<\/li>\n<li><a href=\"https:\/\/www.hqts.com\/vi\/linh-vuc\/nganh-ban-le\/do-choi-va-san-pham-tre-em\/\">\u0110\u1ed3 ch\u01a1i &amp; S\u1ea3n ph\u1ea9m d\u00e0nh cho Tr\u1ebb em.<\/a><\/li>\n<li><a href=\"https:\/\/www.hqts.com\/vi\/linh-vuc\/nganh-ban-le\/da-giay\/\">Da gi\u1ea7y. <\/a><\/li>\n<li><a href=\"https:\/\/www.hqts.com\/vi\/linh-vuc\/nganh-ban-le\/tui-xach-phu-kien\/\">T\u00fai x\u00e1ch &amp; Ph\u1ee5 ki\u1ec7n<\/a><\/li>\n<li><a href=\"https:\/\/www.hqts.com\/vi\/linh-vuc\/nganh-ban-le\/thu-nghiem-nganh-hang-cung\/\">Ng\u00e0nh h\u00e0ng c\u1ee9ng<\/a><\/li>\n<li><a href=\"https:\/\/www.hqts.com\/vi\/linh-vuc\/giam-dinh-va-quan-ly-chat-luong-phu-tung-o-to\/\">Ph\u1ee5 t\u00f9ng v\u00e0 ph\u1ee5 ki\u1ec7n \u00f4 t\u00f4<\/a><\/li>\n<\/ul>\n<h2>Ki\u1ec3m \u0111\u1ecbnh ch\u1ea5t l\u01b0\u1ee3ng s\u1ea3n ph\u1ea9m l\u00e0 g\u00ec?<\/h2>\n<p>Ki\u1ec3m \u0111\u1ecbnh ch\u1ea5t l\u01b0\u1ee3ng (QC) l\u00e0 chu\u1ed7i c\u00e1c ho\u1ea1t \u0111\u1ed9ng li\u00ean quan \u0111\u1ebfn \u0111\u00e1nh gi\u00e1 ch\u1ea5t l\u01b0\u1ee3ng s\u1ea3n ph\u1ea9m. Ki\u1ec3m \u0111inh ch\u1ea5t l\u01b0\u1ee3ng \u0111\u01b0\u1ee3c s\u1eed d\u1ee5ng \u0111\u1ec3 x\u00e1c minh r\u1eb1ng c\u00e1c s\u1ea3n ph\u1ea9m \u0111\u01b0\u1ee3c ph\u00e2n ph\u1ed1i c\u00f3 ch\u1ea5t l\u01b0\u1ee3ng \u0111\u1ea1t y\u00eau c\u1ea7u, ti\u00eau chu\u1ea9n v\u00e0 quy \u0111\u1ecbnh c\u1ee7a th\u1ecb tr\u01b0\u1eddng c\u0169ng nh\u01b0 \u0111\u01a1n v\u1ecb s\u1ea3n xu\u1ea5t. V\u00ed d\u1ee5 v\u1ec1 c\u00e1c ho\u1ea1t \u0111\u1ed9ng ki\u1ec3m so\u00e1t ch\u1ea5t l\u01b0\u1ee3ng bao g\u1ed3m gi\u00e1m \u0111\u1ecbnh, xem x\u00e9t c\u00e1c s\u1ea3n ph\u1ea9m t\u01b0\u01a1ng \u0111\u1ed3ng v\u00e0 qu\u00e1 tr\u00ecnh th\u1eed nghi\u1ec7m.<\/p>\n<h2>\u0110\u1ea3m b\u1ea3o ch\u1ea5t l\u01b0\u1ee3ng b\u00e1n l\u1ebb l\u00e0 g\u00ec?<\/h2>\n<p>Doanh nghi\u1ec7p b\u00e1n l\u1ebb kh\u00e1c v\u1edbi c\u00e1c lo\u1ea1i h\u00ecnh kinh doanh kh\u00e1c \u1edf \u0111i\u1ec3m ph\u1ea7n l\u1edbn chuy\u00ean b\u00e1n c\u00e1c m\u1eb7t h\u00e0ng \u0111\u00e3 \u0111\u01b0\u1ee3c s\u1ea3n xu\u1ea5t s\u1eb5n h\u01a1n l\u00e0 c\u00e1c s\u1ea3n ph\u1ea9m \u0111\u01b0\u1ee3c s\u1ea3n xu\u1ea5t t\u1eeb \u200b\u200bnguy\u00ean li\u1ec7u th\u00f4. L\u0129nh v\u1ef1c b\u00e1n l\u1ebb c\u00f3 ngu\u1ed3n h\u00e0ng \u0111a d\u1ea1ng phong ph\u00fa, bao g\u1ed3m th\u01b0\u01a1ng m\u1ea1i \u0111i\u1ec7n t\u1eed, \u0111\u1eb7t h\u00e0ng qua th\u01b0, m\u00e1y b\u00e1n h\u00e0ng t\u1ef1 \u0111\u1ed9ng, nh\u00e0 cung c\u1ea5p d\u1ecbch v\u1ee5 v\u00e0 b\u00e1n h\u00e0ng t\u1ea1i nh\u00e0, v.v. \u0110\u1ea3m b\u1ea3o ch\u1ea5t l\u01b0\u1ee3ng nh\u1eb1m m\u1ee5c \u0111\u00edch ng\u0103n ng\u1eeba c\u00e1c s\u1ea3n ph\u1ea9m l\u1ed7i th\u00e2m nh\u1eadp th\u1ecb tr\u01b0\u1eddng.<\/p>\n<p>N\u00f3 cung c\u1ea5p c\u01a1 h\u1ed9i \u0111\u1ec3 kh\u1eafc ph\u1ee5c nh\u1eefng s\u1ea3n ph\u1ea9m l\u1ed7i tr\u01b0\u1edbc khi \u0111\u01b0\u1ee3c tung ra th\u1ecb tr\u01b0\u1eddng ho\u1eb7c s\u1eeda ch\u1eefa, gi\u1ea3i quy\u1ebft nh\u1eefng v\u1ea5n \u0111\u1ec1 ph\u00e1t sinh khi s\u1ea3n ph\u1ea9m \u0111\u00e3 hi\u1ec7n h\u1eefu trong th\u1ecb tr\u01b0\u1eddng ti\u00eau d\u00f9ng. B\u1eb1ng c\u00e1ch th\u1ef1c hi\u1ec7n QA khi b\u1eaft \u0111\u1ea7u d\u1ef1 \u00e1n s\u1ea3n xu\u1ea5t, doanh nghi\u1ec7p c\u00f3 th\u1ec3 gi\u1ea3m thi\u1ec3u r\u1ee7i ro \u0111\u00e3 x\u00e1c \u0111\u1ecbnh tr\u01b0\u1edbc khi ch\u00fang t\u00e1c \u0111\u1ed9ng ti\u00eau c\u1ef1c \u0111\u1ebfn ho\u1ea1t \u0111\u1ed9ng kinh doanh ho\u1eb7c l\u00e0m gi\u00e1n \u0111o\u1ea1n tr\u1ea3i nghi\u1ec7m c\u1ee7a kh\u00e1ch h\u00e0ng.<\/p>\n<h2>\u0110\u1ea3m b\u1ea3o ch\u1ea5t l\u01b0\u1ee3ng v\u00e0 Ki\u1ec3m so\u00e1t ch\u1ea5t l\u01b0\u1ee3ng<\/h2>\n<p>Ki\u1ec3m \u0111\u1ecbnh ch\u1ea5t l\u01b0\u1ee3ng (QC) kh\u00e1 t\u01b0\u01a1ng t\u1ef1 , nh\u01b0ng kh\u00f4ng gi\u1ed1ng v\u1edbi \u0111\u1ea3m b\u1ea3o ch\u1ea5t l\u01b0\u1ee3ng (QA). \u0110\u1ea3m b\u1ea3o ch\u1ea5t l\u01b0\u1ee3ng (QA) \u0111\u1ec1 c\u1eadp \u0111\u1ebfn quy tr\u00ecnh \u0111\u01b0\u1ee3c s\u1eed d\u1ee5ng \u0111\u1ec3 t\u1ea1o s\u1ea3n ph\u1ea9m v\u00e0 c\u00f3 th\u1ec3 \u0111\u01b0\u1ee3c th\u1ef1c hi\u1ec7n b\u1edfi ng\u01b0\u1eddi qu\u1ea3n l\u00fd, kh\u00e1ch h\u00e0ng ho\u1eb7c b\u00ean \u0111\u00e1nh gi\u00e1 th\u1ee9 ba. V\u00ed d\u1ee5 v\u1ec1 \u0111\u1ea3m b\u1ea3o ch\u1ea5t l\u01b0\u1ee3ng bao g\u1ed3m danh s\u00e1ch ki\u1ec3m tra qu\u00e1 tr\u00ecnh, \u0111\u00e1nh gi\u00e1 d\u1ef1 \u00e1n v\u00e0 x\u00e2y d\u1ef1ng ph\u01b0\u01a1ng ph\u00e1p lu\u1eadn v\u00e0 ti\u00eau chu\u1ea9n.<\/p>\n<p>\u0110\u1ea3m b\u1ea3o ch\u1ea5t l\u01b0\u1ee3ng \u0111\u01b0\u1ee3c \u0111\u1ecbnh h\u01b0\u1edbng theo quy tr\u00ecnh v\u00e0 t\u1eadp trung v\u00e0o vi\u1ec7c ng\u0103n ng\u1eeba l\u1ed7i s\u1ea3n xu\u1ea5t, trong khi Ki\u1ec3m \u0111\u1ecbnh ch\u1ea5t l\u01b0\u1ee3ng l\u00e0 \u0111\u1ecbnh h\u01b0\u1edbng v\u00e0o s\u1ea3n ph\u1ea9m v\u00e0 t\u1eadp trung v\u00e0o vi\u1ec7c x\u00e1c \u0111\u1ecbnh l\u1ed7i s\u1ea3n ph\u1ea9m.<\/p>\n<h2>Ki\u1ec3m so\u00e1t \/ \u0111\u1ea3m b\u1ea3o ch\u1ea5t l\u01b0\u1ee3ng gi\u00fap\u00a0 c\u1ea3i thi\u1ec7n s\u1ea3n ph\u1ea9m trong ng\u00e0nh b\u00e1n l\u1ebb nh\u01b0 th\u1ebf n\u00e0o?<\/h2>\n<p>V\u1edbi quy tr\u00ecnh chu\u1ed7i cung \u1ee9ng ng\u00e0y c\u00e0ng ph\u1ee9c t\u1ea1p, vi\u1ec7c thu h\u1ed3i v\u00e0 tr\u1ea3 l\u1ea1i s\u1ea3n ph\u1ea9m \u0111\u00e3 tr\u1edf th\u00e0nh m\u1ed9t v\u1ea5n \u0111\u1ec1 \u0111au \u0111\u1ea7u \u0111\u1ed1i v\u1edbi doanh nghi\u1ec7p. C\u00e1c nh\u00e0 s\u1ea3n xu\u1ea5t, th\u01b0\u01a1ng hi\u1ec7u v\u00e0 nh\u00e0 b\u00e1n l\u1ebb c\u1ea7n \u0111\u1ea3m b\u1ea3o r\u1eb1ng c\u00e1c s\u1ea3n ph\u1ea9m m\u00e0 h\u1ecd cung c\u1ea5p \u0111\u00e1p \u1ee9ng k\u1ef3 v\u1ecdng c\u1ee7a ng\u01b0\u1eddi ti\u00eau d\u00f9ng, c\u00e1c quy \u0111\u1ecbnh to\u00e0n c\u1ea7u c\u0169ng nh\u01b0 ti\u00eau chu\u1ea9n ch\u1ea5t l\u01b0\u1ee3ng v\u00e0 an to\u00e0n.<\/p>\n<p>C\u00e1c d\u1ecbch v\u1ee5 ki\u1ec3m so\u00e1t ch\u1ea5t l\u01b0\u1ee3ng c\u1ee7a HQTS \u0111\u01b0\u1ee3c cung c\u1ea5p b\u1edfi \u0111\u1ed9i ng\u0169 nh\u00e2n vi\u00ean chuy\u00ean nghi\u1ec7p; b\u00ean c\u1ea1nh \u0111\u00f3 c\u00e1c gi\u00e1m \u0111\u1ecbnh vi\u00ean c\u1ee7a ch\u00fang t\u00f4i c\u00f3 m\u1eb7t t\u1ea1i c\u00e1c trung t\u00e2m s\u1ea3n xu\u1ea5t l\u1edbn tr\u00ean kh\u1eafp Ch\u00e2u \u00c1. Ch\u00fang t\u00f4i h\u1ee3p t\u00e1c ch\u1eb7t ch\u1ebd v\u1edbi c\u00e1c doanh nghi\u1ec7p to\u00e0n c\u1ea7u \u0111\u1ec3 x\u00e1c \u0111\u1ecbnh c\u00e1c m\u1ed1i quan t\u00e2m v\u1ec1 ch\u1ea5t l\u01b0\u1ee3ng tr\u01b0\u1edbc khi ph\u00e2n ph\u1ed1i \u0111\u1ec3 gi\u1ea3m thi\u1ec3u s\u1ef1 ch\u1eadm tr\u1ec5, chi ph\u00ed ph\u00e1t sinh kh\u00f4ng mong mu\u1ed1n v\u00e0 r\u1ee7i ro ti\u1ec1m \u1ea9n cho ng\u01b0\u1eddi ti\u00eau d\u00f9ng c\u0169ng nh\u01b0 th\u01b0\u01a1ng hi\u1ec7u c\u1ee7a doanh nghi\u1ec7p.<\/p>\n","protected":false},"excerpt":{"rendered":"<p>Qu\u1ea3n l\u00fd v\u00e0 \u0111\u1ea3m b\u1ea3o ch\u1ea5t l\u01b0\u1ee3ng s\u1ea3n ph\u1ea9m ng\u00e0nh b\u00e1n l\u1ebb Ki\u1ec3m \u0111\u1ecbnh ch\u1ea5t l\u01b0\u1ee3ng v\u00e0 \u0111\u1ea3m b\u1ea3o ch\u1ea5t l\u01b0\u1ee3ng \u0111\u1ec1 c\u1eadp \u0111\u1ebfn c\u00e1c quy tr\u00ecnh m\u00e0 doanh nghi\u1ec7p s\u1eed d\u1ee5ng \u0111\u1ec3 \u0111\u1ea3m b\u1ea3o r\u1eb1ng ch\u1ea5t l\u01b0\u1ee3ng s\u1ea3n ph\u1ea9m \u0111\u01b0\u1ee3c duy tr\u00ec. N\u00f3 c\u0169ng gi\u00fap gi\u1ea3m thi\u1ec3u ho\u1eb7c lo\u1ea1i b\u1ecf c\u00e1c khi\u1ebfm khuy\u1ebft trong [&hellip;]<\/p>\n","protected":false},"author":12,"featured_media":78767,"parent":78121,"menu_order":0,"comment_status":"closed","ping_status":"closed","template":"","meta":{"_acf_changed":false,"footnotes":""},"class_list":["post-78764","page","type-page","status-publish","has-post-thumbnail","hentry"],"acf":[],"_links":{"self":[{"href":"https:\/\/www.hqts.com\/vi\/wp-json\/wp\/v2\/pages\/78764","targetHints":{"allow":["GET"]}}],"collection":[{"href":"https:\/\/www.hqts.com\/vi\/wp-json\/wp\/v2\/pages"}],"about":[{"href":"https:\/\/www.hqts.com\/vi\/wp-json\/wp\/v2\/types\/page"}],"author":[{"embeddable":true,"href":"https:\/\/www.hqts.com\/vi\/wp-json\/wp\/v2\/users\/12"}],"replies":[{"embeddable":true,"href":"https:\/\/www.hqts.com\/vi\/wp-json\/wp\/v2\/comments?post=78764"}],"version-history":[{"count":4,"href":"https:\/\/www.hqts.com\/vi\/wp-json\/wp\/v2\/pages\/78764\/revisions"}],"predecessor-version":[{"id":115065,"href":"https:\/\/www.hqts.com\/vi\/wp-json\/wp\/v2\/pages\/78764\/revisions\/115065"}],"up":[{"embeddable":true,"href":"https:\/\/www.hqts.com\/vi\/wp-json\/wp\/v2\/pages\/78121"}],"wp:featuredmedia":[{"embeddable":true,"href":"https:\/\/www.hqts.com\/vi\/wp-json\/wp\/v2\/media\/78767"}],"wp:attachment":[{"href":"https:\/\/www.hqts.com\/vi\/wp-json\/wp\/v2\/media?parent=78764"}],"curies":[{"name":"wp","href":"https:\/\/api.w.org\/{rel}","templated":true}]}}