{"id":78780,"date":"2021-07-23T07:35:01","date_gmt":"2021-07-23T07:35:01","guid":{"rendered":"https:\/\/www.hqts.com\/?page_id=78780"},"modified":"2022-01-12T04:39:38","modified_gmt":"2022-01-12T04:39:38","slug":"dien-tu","status":"publish","type":"page","link":"https:\/\/www.hqts.com\/vi\/linh-vuc\/nganh-ban-le\/dien-tu\/","title":{"rendered":"Gi\u00e1m \u0111\u1ecbnh v\u00e0 th\u1eed nghi\u1ec7m ng\u00e0nh \u0111i\u1ec7n t\u1eed"},"content":{"rendered":"\t\t<div data-elementor-type=\"wp-page\" data-elementor-id=\"78780\" class=\"elementor elementor-78780 elementor-3570\" data-elementor-post-type=\"page\">\n\t\t\t\t\t\t<section class=\"elementor-section elementor-top-section elementor-element elementor-element-49e02d69 elementor-section-boxed elementor-section-height-default elementor-section-height-default\" data-id=\"49e02d69\" data-element_type=\"section\">\n\t\t\t\t\t\t<div class=\"elementor-container elementor-column-gap-default\">\n\t\t\t\t\t<div class=\"elementor-column elementor-col-100 elementor-top-column elementor-element elementor-element-5da373c7\" data-id=\"5da373c7\" data-element_type=\"column\">\n\t\t\t<div class=\"elementor-widget-wrap elementor-element-populated\">\n\t\t\t\t\t\t<div class=\"elementor-element elementor-element-28ece57b elementor-widget elementor-widget-text-editor\" data-id=\"28ece57b\" data-element_type=\"widget\" data-widget_type=\"text-editor.default\">\n\t\t\t\t<div class=\"elementor-widget-container\">\n\t\t\t\t\t\t\t\t\t<h2><strong>Gi\u00e1m \u0111\u1ecbnh v\u00e0 th\u1eed nghi\u1ec7m ch\u1ea5t l\u01b0\u1ee3ng s\u1ea3n ph\u1ea9m ng\u00e0nh \u0111i\u1ec7n t\u1eed<\/strong><\/h2><p><strong>C\u00e1c v\u1ea5n \u0111\u1ec1 v\u1ec1 chu\u1ed7i cung \u1ee9ng trong ng\u00e0nh c\u00f4ng nghi\u1ec7p \u0111i\u1ec7n t\u1eed th\u01b0\u1eddng xu\u1ea5t ph\u00e1t t\u1eeb c\u00e1c th\u00e0nh ph\u1ea7n ho\u1eb7c l\u1ed7i ph\u1ee5 li\u1ec7u, h\u00e0ng nh\u00e1i , h\u00e0ng k\u00e9m ch\u1ea5t l\u01b0\u1ee3ng, b\u00ean c\u1ea1nh vi\u1ec7c qu\u1ea3n l\u00fd ch\u1ea5t l\u01b0\u1ee3ng k\u00e9m trong qu\u00e1 tr\u00ecnh s\u1ea3n xu\u1ea5t.<\/strong><\/p><p>HQTS s\u1ebd gi\u00fap c\u00e1c doanh nghi\u1ec7p ho\u1ea1t \u0111\u1ed9ng trong ng\u00e0nh c\u00f4ng nghi\u1ec7p \u0111i\u1ec7n t\u1eed \u0111\u01b0\u1ee3c y\u00ean t\u00e2m v\u1edbi c\u00e1c d\u1ecbch v\u1ee5 ki\u1ec3m so\u00e1t ch\u1ea5t l\u01b0\u1ee3ng h\u00e0ng \u0111\u1ea7u c\u1ee7a ch\u00fang t\u00f4i!<\/p><h5><strong>Ch\u01b0\u01a1ng tr\u00ecnh \u0111\u1ea3m b\u1ea3o ch\u1ea5t l\u01b0\u1ee3ng to\u00e0n di\u1ec7n c\u1ee7a HQTS v\u1ec1 \u0111i\u1ec7n t\u1eed bao g\u1ed3m:<\/strong><\/h5><ul><li>Gi\u00e1m \u0111\u1ecbnh theo ti\u00eau chu\u1ea9n AQL<\/li><li>Th\u1eed nghi\u1ec7m ch\u1ee9c n\u0103ng<\/li><li>Th\u1eed nghi\u1ec7m trong ph\u00f2ng th\u00ed nghi\u1ec7m<\/li><li>X\u00e1c minh nguy\u00ean li\u1ec7u th\u00f4, c\u00e1c th\u00e0nh ph\u1ea7n v\u00e0 th\u00f4ng s\u1ed1 k\u1ef9 thu\u1eadt<\/li><li>Nh\u00e3n hi\u1ec7u<\/li><li>Ti\u00eau chu\u1ea9n RoHS<\/li><li>D\u1ea5u CE<\/li><li>Bao b\u00ec<\/li><li>X\u00e1c minh b\u1ea3ng d\u1eef li\u1ec7u v\u00e0 t\u00e0i li\u1ec7u h\u1ed7 tr\u1ee3, v.v.<\/li><\/ul><h5><strong>C\u00e1c d\u1ecbch v\u1ee5 ki\u1ec3m so\u00e1t ch\u1ea5t l\u01b0\u1ee3ng kh\u00e1c<\/strong><\/h5><p>Ch\u00fang t\u00f4i cung c\u1ea5p c\u00e1c d\u1ecbch v\u1ee5 ki\u1ec3m so\u00e1t ch\u1ea5t l\u01b0\u1ee3ng cho c\u00e1c h\u00e0ng ti\u00eau d\u00f9ng bao g\u1ed3m:<\/p><ul><li><a href=\"https:\/\/www.hqts.com\/vi\/linh-vuc\/nganh-ban-le\/det-may-va-may-mac\/\">D\u1ec7t may &amp; May m\u1eb7c<\/a><\/li><li><a href=\"https:\/\/www.hqts.com\/vi\/linh-vuc\/nganh-ban-le\/cham-soc-ca-nhan-my-pham\/\">Ch\u0103m s\u00f3c c\u00e1 nh\u00e2n &amp; <\/a><a href=\"https:\/\/www.hqts.com\/your-industries\/consumer-retail\/bags-and-accessories\/\">M\u1ef9 ph\u1ea9m. <\/a><\/li><li><a href=\"https:\/\/www.hqts.com\/vi\/linh-vuc\/nganh-ban-le\/do-choi-va-san-pham-tre-em\/\">\u0110\u1ed3 ch\u01a1i &amp; S\u1ea3n ph\u1ea9m d\u00e0nh cho Tr\u1ebb em.<\/a><\/li><li><a href=\"https:\/\/www.hqts.com\/vi\/linh-vuc\/nganh-ban-le\/da-giay\/\">Da gi\u1ea7y. <\/a><\/li><li><a href=\"https:\/\/www.hqts.com\/vi\/linh-vuc\/nganh-ban-le\/tui-xach-phu-kien\/\">T\u00fai x\u00e1ch &amp; Ph\u1ee5 ki\u1ec7n<\/a><\/li><li><a href=\"https:\/\/www.hqts.com\/vi\/linh-vuc\/nganh-ban-le\/thu-nghiem-nganh-hang-cung\/\">Ng\u00e0nh h\u00e0ng c\u1ee9ng<\/a><\/li><li><a href=\"https:\/\/www.hqts.com\/vi\/linh-vuc\/giam-dinh-va-quan-ly-chat-luong-phu-tung-o-to\/\">Ph\u1ee5 t\u00f9ng &amp; Thi\u1ebft b\u1ecb \u00f4 t\u00f4<\/a><\/li><\/ul><p>Li\u00ean h\u1ec7 v\u1edbi ch\u00fang t\u00f4i ngay h\u00f4m nay \u0111\u1ec3 \u0111\u01b0\u1ee3c t\u01b0 v\u1ea5n v\u1ec1 c\u00e1c y\u00eau c\u1ea7u k\u1ef9 thu\u1eadt v\u00e0 \u0111\u1ea3m b\u1ea3o ch\u1ea5t l\u01b0\u1ee3ng!<\/p>\t\t\t\t\t\t\t\t<\/div>\n\t\t\t\t<\/div>\n\t\t\t\t\t<\/div>\n\t\t<\/div>\n\t\t\t\t\t<\/div>\n\t\t<\/section>\n\t\t\t\t<\/div>\n\t\t","protected":false},"excerpt":{"rendered":"<p>Gi\u00e1m \u0111\u1ecbnh v\u00e0 th\u1eed nghi\u1ec7m ch\u1ea5t l\u01b0\u1ee3ng s\u1ea3n ph\u1ea9m ng\u00e0nh \u0111i\u1ec7n t\u1eed C\u00e1c v\u1ea5n \u0111\u1ec1 v\u1ec1 chu\u1ed7i cung \u1ee9ng trong ng\u00e0nh c\u00f4ng nghi\u1ec7p \u0111i\u1ec7n t\u1eed th\u01b0\u1eddng xu\u1ea5t ph\u00e1t t\u1eeb c\u00e1c th\u00e0nh ph\u1ea7n ho\u1eb7c l\u1ed7i ph\u1ee5 li\u1ec7u, h\u00e0ng nh\u00e1i , h\u00e0ng k\u00e9m ch\u1ea5t l\u01b0\u1ee3ng, b\u00ean c\u1ea1nh vi\u1ec7c qu\u1ea3n l\u00fd ch\u1ea5t l\u01b0\u1ee3ng k\u00e9m trong qu\u00e1 tr\u00ecnh s\u1ea3n [&hellip;]<\/p>\n","protected":false},"author":12,"featured_media":78782,"parent":78764,"menu_order":22,"comment_status":"closed","ping_status":"closed","template":"","meta":{"_acf_changed":false,"footnotes":""},"class_list":["post-78780","page","type-page","status-publish","has-post-thumbnail","hentry"],"acf":[],"_links":{"self":[{"href":"https:\/\/www.hqts.com\/vi\/wp-json\/wp\/v2\/pages\/78780","targetHints":{"allow":["GET"]}}],"collection":[{"href":"https:\/\/www.hqts.com\/vi\/wp-json\/wp\/v2\/pages"}],"about":[{"href":"https:\/\/www.hqts.com\/vi\/wp-json\/wp\/v2\/types\/page"}],"author":[{"embeddable":true,"href":"https:\/\/www.hqts.com\/vi\/wp-json\/wp\/v2\/users\/12"}],"replies":[{"embeddable":true,"href":"https:\/\/www.hqts.com\/vi\/wp-json\/wp\/v2\/comments?post=78780"}],"version-history":[{"count":5,"href":"https:\/\/www.hqts.com\/vi\/wp-json\/wp\/v2\/pages\/78780\/revisions"}],"predecessor-version":[{"id":115075,"href":"https:\/\/www.hqts.com\/vi\/wp-json\/wp\/v2\/pages\/78780\/revisions\/115075"}],"up":[{"embeddable":true,"href":"https:\/\/www.hqts.com\/vi\/wp-json\/wp\/v2\/pages\/78764"}],"wp:featuredmedia":[{"embeddable":true,"href":"https:\/\/www.hqts.com\/vi\/wp-json\/wp\/v2\/media\/78782"}],"wp:attachment":[{"href":"https:\/\/www.hqts.com\/vi\/wp-json\/wp\/v2\/media?parent=78780"}],"curies":[{"name":"wp","href":"https:\/\/api.w.org\/{rel}","templated":true}]}}