{"id":78791,"date":"2021-07-23T07:45:51","date_gmt":"2021-07-23T07:45:51","guid":{"rendered":"https:\/\/www.hqts.com\/?page_id=78791"},"modified":"2022-01-12T04:39:30","modified_gmt":"2022-01-12T04:39:30","slug":"cham-soc-ca-nhan-my-pham","status":"publish","type":"page","link":"https:\/\/www.hqts.com\/vi\/linh-vuc\/nganh-ban-le\/cham-soc-ca-nhan-my-pham\/","title":{"rendered":"Gi\u00e1m \u0111\u1ecbnh ch\u1ea5t l\u01b0\u1ee3ng ng\u00e0nh h\u00e0ng Ch\u0103m s\u00f3c C\u00e1 nh\u00e2n &#038; M\u1ef9 ph\u1ea9m"},"content":{"rendered":"\t\t<div data-elementor-type=\"wp-page\" data-elementor-id=\"78791\" class=\"elementor elementor-78791 elementor-3548\" data-elementor-post-type=\"page\">\n\t\t\t\t\t\t<section class=\"elementor-section elementor-top-section elementor-element elementor-element-7d4e6788 elementor-section-boxed elementor-section-height-default elementor-section-height-default\" data-id=\"7d4e6788\" data-element_type=\"section\">\n\t\t\t\t\t\t<div class=\"elementor-container elementor-column-gap-default\">\n\t\t\t\t\t<div class=\"elementor-column elementor-col-100 elementor-top-column elementor-element elementor-element-177c96b0\" data-id=\"177c96b0\" data-element_type=\"column\">\n\t\t\t<div class=\"elementor-widget-wrap elementor-element-populated\">\n\t\t\t\t\t\t<div class=\"elementor-element elementor-element-1991dad elementor-widget elementor-widget-text-editor\" data-id=\"1991dad\" data-element_type=\"widget\" data-widget_type=\"text-editor.default\">\n\t\t\t\t<div class=\"elementor-widget-container\">\n\t\t\t\t\t\t\t\t\t<h2><strong>Gi\u00e1m \u0111\u1ecbnh ch\u1ea5t l\u01b0\u1ee3ng ng\u00e0nh h\u00e0ng Ch\u0103m s\u00f3c C\u00e1 nh\u00e2n &amp; M\u1ef9 ph\u1ea9m<\/strong><\/h2><p><strong>C\u00e1c s\u1ea3n ph\u1ea9m ch\u0103m s\u00f3c c\u00e1 nh\u00e2n v\u00e0 m\u1ef9 ph\u1ea9m ph\u1ea3i ch\u1ecbu nh\u1eefng r\u1ee7i ro \u0111\u00e1ng k\u1ec3, trong \u0111\u00f3 c\u00e1c v\u1ea5n \u0111\u1ec1 v\u1ec1 \u0111\u1ea1o \u0111\u1ee9c v\u00e0 ki\u1ec3m so\u00e1t ch\u1ea5t l\u01b0\u1ee3ng c\u00f3 th\u1ec3 \u1ea3nh h\u01b0\u1edfng \u0111\u00e1ng k\u1ec3 \u0111\u1ebfn quy\u1ebft \u0111\u1ecbnh mua s\u1eafm v\u00e0 s\u1ef1 ch\u1ea5p nh\u1eadn c\u1ee7a th\u1ecb tr\u01b0\u1eddng.<\/strong><\/p><p>D\u1ecbch v\u1ee5 gi\u00e1m \u0111\u1ecbnh v\u00e0 ki\u1ec3m so\u00e1t ch\u1ea5t l\u01b0\u1ee3ng c\u1ee7a HQTS cho c\u00e1c s\u1ea3n ph\u1ea9m ch\u0103m s\u00f3c c\u00e1 nh\u00e2n v\u00e0 m\u1ef9 ph\u1ea9m \u0111\u01b0\u1ee3c thi\u1ebft k\u1ebf \u0111\u1ec3 b\u1ea3o v\u1ec7 t\u00ednh to\u00e0n v\u1eb9n tr\u01b0\u1edbc, trong v\u00e0 sau qu\u00e1 tr\u00ecnh s\u1ea3n xu\u1ea5t. V\u00e0, \u0111i\u1ec1u n\u00e0y b\u1ea3o v\u1ec7 th\u01b0\u01a1ng hi\u1ec7u c\u1ee7a doanh nghi\u1ec7p!<\/p><p>Doanh\u00a0 nghi\u1ec7p c\u00f3 th\u1ec3 d\u1ef1a v\u00e0o chuy\u00ean m\u00f4n v\u00e0 ngu\u1ed3n l\u1ef1c k\u1ef9 thu\u1eadt c\u1ee7a HQTS \u0111\u1ec3 gi\u00fap \u0111\u1ea3m b\u1ea3o tu\u00e2n th\u1ee7 c\u00e1c quy \u0111\u1ecbnh li\u00ean quan, ki\u1ec3m so\u00e1t ch\u1ea5t l\u01b0\u1ee3ng h\u00f3a h\u1ecdc v\u00e0 vi sinh, c\u0169ng nh\u01b0 c\u00e1c th\u00f4ng s\u1ed1 k\u1ef9 thu\u1eadt ri\u00eang.<\/p><p>Ph\u00f2ng th\u00ed nghi\u1ec7m chuy\u00ean nghi\u1ec7p c\u1ee7a HQTS \u0111\u01b0\u1ee3c c\u00f4ng nh\u1eadn \u0111\u1ec3 ki\u1ec3m tra theo ti\u00eau chu\u1ea9n RoHS, REACH, ASTM Ca Prop 65, EN 71, v.v. Ch\u00fang t\u00f4i h\u1ee3p t\u00e1c ch\u1eb7t ch\u1ebd v\u1edbi doanh nghi\u1ec7p \u0111\u1ec3 thi\u1ebft k\u1ebf m\u1ed9t ch\u01b0\u01a1ng tr\u00ecnh th\u1eed nghi\u1ec7m \u0111\u00e1p \u1ee9ng t\u1ed1t nh\u1ea5t c\u00e1c y\u00eau c\u1ea7u \u0111\u01b0\u1ee3c \u0111\u1eb7t ra.<\/p><h5><strong>C\u00e1c d\u1ecbch v\u1ee5 gi\u00e1m \u0111\u1ecbnh kh\u00e1c<\/strong><\/h5><p>Ch\u00fang t\u00f4i cung c\u1ea5p c\u00e1c d\u1ecbch v\u1ee5 ki\u1ec3m so\u00e1t ch\u1ea5t l\u01b0\u1ee3ng cho c\u00e1c h\u00e0ng ti\u00eau d\u00f9ng bao g\u1ed3m:<\/p><ul><li><a href=\"https:\/\/www.hqts.com\/vi\/linh-vuc\/nganh-ban-le\/det-may-va-may-mac\/\">D\u1ec7t may &amp; May m\u1eb7c<\/a><\/li><li><a href=\"https:\/\/www.hqts.com\/vi\/linh-vuc\/nganh-ban-le\/dien-tu\/\">Thi\u1ebft b\u1ecb \u0111i\u1ec7n t\u1eed. <\/a><\/li><li><a href=\"https:\/\/www.hqts.com\/vi\/linh-vuc\/nganh-ban-le\/do-choi-va-san-pham-tre-em\/\">\u0110\u1ed3 ch\u01a1i &amp; S\u1ea3n ph\u1ea9m d\u00e0nh cho Tr\u1ebb em.<\/a><\/li><li><a href=\"https:\/\/www.hqts.com\/vi\/linh-vuc\/nganh-ban-le\/da-giay\/\">Da gi\u1ea7y. <\/a><\/li><li><a href=\"https:\/\/www.hqts.com\/vi\/linh-vuc\/nganh-ban-le\/tui-xach-phu-kien\/\">T\u00fai x\u00e1ch &amp; Ph\u1ee5 ki\u1ec7n<\/a><\/li><li><a href=\"https:\/\/www.hqts.com\/vi\/linh-vuc\/nganh-ban-le\/thu-nghiem-nganh-hang-cung\/\">Ng\u00e0nh h\u00e0ng c\u1ee9ng<\/a><\/li><li><a href=\"https:\/\/www.hqts.com\/vi\/linh-vuc\/giam-dinh-va-quan-ly-chat-luong-phu-tung-o-to\/\">Ph\u1ee5 t\u00f9ng &amp; Thi\u1ebft b\u1ecb \u00f4 t\u00f4<\/a><\/li><\/ul>\t\t\t\t\t\t\t\t<\/div>\n\t\t\t\t<\/div>\n\t\t\t\t\t<\/div>\n\t\t<\/div>\n\t\t\t\t\t<\/div>\n\t\t<\/section>\n\t\t\t\t<\/div>\n\t\t","protected":false},"excerpt":{"rendered":"<p>Gi\u00e1m \u0111\u1ecbnh ch\u1ea5t l\u01b0\u1ee3ng ng\u00e0nh h\u00e0ng Ch\u0103m s\u00f3c C\u00e1 nh\u00e2n &amp; M\u1ef9 ph\u1ea9m C\u00e1c s\u1ea3n ph\u1ea9m ch\u0103m s\u00f3c c\u00e1 nh\u00e2n v\u00e0 m\u1ef9 ph\u1ea9m ph\u1ea3i ch\u1ecbu nh\u1eefng r\u1ee7i ro \u0111\u00e1ng k\u1ec3, trong \u0111\u00f3 c\u00e1c v\u1ea5n \u0111\u1ec1 v\u1ec1 \u0111\u1ea1o \u0111\u1ee9c v\u00e0 ki\u1ec3m so\u00e1t ch\u1ea5t l\u01b0\u1ee3ng c\u00f3 th\u1ec3 \u1ea3nh h\u01b0\u1edfng \u0111\u00e1ng k\u1ec3 \u0111\u1ebfn quy\u1ebft \u0111\u1ecbnh mua s\u1eafm v\u00e0 [&hellip;]<\/p>\n","protected":false},"author":12,"featured_media":78793,"parent":78764,"menu_order":26,"comment_status":"closed","ping_status":"closed","template":"","meta":{"_acf_changed":false,"footnotes":""},"class_list":["post-78791","page","type-page","status-publish","has-post-thumbnail","hentry"],"acf":[],"_links":{"self":[{"href":"https:\/\/www.hqts.com\/vi\/wp-json\/wp\/v2\/pages\/78791","targetHints":{"allow":["GET"]}}],"collection":[{"href":"https:\/\/www.hqts.com\/vi\/wp-json\/wp\/v2\/pages"}],"about":[{"href":"https:\/\/www.hqts.com\/vi\/wp-json\/wp\/v2\/types\/page"}],"author":[{"embeddable":true,"href":"https:\/\/www.hqts.com\/vi\/wp-json\/wp\/v2\/users\/12"}],"replies":[{"embeddable":true,"href":"https:\/\/www.hqts.com\/vi\/wp-json\/wp\/v2\/comments?post=78791"}],"version-history":[{"count":5,"href":"https:\/\/www.hqts.com\/vi\/wp-json\/wp\/v2\/pages\/78791\/revisions"}],"predecessor-version":[{"id":115072,"href":"https:\/\/www.hqts.com\/vi\/wp-json\/wp\/v2\/pages\/78791\/revisions\/115072"}],"up":[{"embeddable":true,"href":"https:\/\/www.hqts.com\/vi\/wp-json\/wp\/v2\/pages\/78764"}],"wp:featuredmedia":[{"embeddable":true,"href":"https:\/\/www.hqts.com\/vi\/wp-json\/wp\/v2\/media\/78793"}],"wp:attachment":[{"href":"https:\/\/www.hqts.com\/vi\/wp-json\/wp\/v2\/media?parent=78791"}],"curies":[{"name":"wp","href":"https:\/\/api.w.org\/{rel}","templated":true}]}}