{"id":79020,"date":"2021-07-24T11:16:01","date_gmt":"2021-07-24T11:16:01","guid":{"rendered":"https:\/\/www.hqts.com\/?page_id=79020"},"modified":"2022-01-12T04:40:29","modified_gmt":"2022-01-12T04:40:29","slug":"do-choi-va-san-pham-tre-em","status":"publish","type":"page","link":"https:\/\/www.hqts.com\/vi\/linh-vuc\/nganh-ban-le\/do-choi-va-san-pham-tre-em\/","title":{"rendered":"TH\u1eec NGHI\u1ec6M V\u00c0 GI\u00c1M \u0110\u1ecaNH AN TO\u00c0N \u0110\u1ed2 CH\u01a0I V\u00c0 S\u1ea2N PH\u1ea8M CHO TR\u1eba EM"},"content":{"rendered":"<h2><strong>Gi\u00e1m \u0111\u1ecbnh ch\u1ea5t l\u01b0\u1ee3ng \u0111\u1ed3 ch\u01a1i tr\u1ebb em<\/strong><\/h2>\n<p><strong>L\u00e0 th\u00e0nh vi\u00ean l\u00e2u n\u0103m c\u1ee7a Hi\u1ec7p h\u1ed9i C\u00f4ng nghi\u1ec7p \u0110\u1ed3 ch\u01a1i Hoa K\u1ef3, HQTS lu\u00f4n \u0111\u00e3 cam k\u1ebft \u0111\u1ea3m b\u1ea3o s\u1ef1 an to\u00e0n, \u0111\u1ed9 tin c\u1eady v\u00e0 t\u00ednh tu\u00e2n th\u1ee7 c\u1ee7a c\u00e1c s\u1ea3n ph\u1ea9m d\u00e0nh cho tr\u1ebb em.<\/strong><\/p>\n<p>K\u1ec3 t\u1eeb khi an to\u00e0n \u0111\u1ed3 ch\u01a1i \u0111\u01b0\u1ee3c qu\u1ea3n l\u00fd ch\u1eb7t ch\u1ebd tr\u00ean to\u00e0n th\u1ebf gi\u1edbi, v\u1edbi c\u00e1c quy \u0111\u1ecbnh \u0111\u01b0\u1ee3c c\u1eadp nh\u1eadt th\u01b0\u1eddng xuy\u00ean, c\u00e1c nh\u00e0 s\u1ea3n xu\u1ea5t, ng\u01b0\u1eddi mua v\u00e0 nh\u00e0 b\u00e1n l\u1ebb b\u1eaft bu\u1ed9c ph\u1ea3i tu\u00e2n th\u1ee7 c\u00e1c quy \u0111\u1ecbnh ng\u00e0y c\u00e0ng kh\u1eaft khe v\u00e0 ph\u1ee9c t\u1ea1p. D\u1ecbch v\u1ee5 Th\u1eed nghi\u1ec7m v\u00e0 Gi\u00e1m \u0111\u1ecbnh an to\u00e0n \u0111\u1ed3 ch\u01a1i v\u00e0 s\u1ea3n ph\u1ea9m cho tr\u1ebb em c\u1ee7a HQTS gi\u00fap doanh nghi\u1ec7p \u0111\u1ea3m b\u1ea3o tu\u00e2n th\u1ee7 c\u00e1c y\u00eau c\u1ea7u, quy \u0111\u1ecbnh c\u0169ng nh\u01b0 c\u00e1c th\u00f4ng s\u1ed1 k\u1ef9 thu\u1eadt v\u1ec1 an to\u00e0n, ch\u1ee9c n\u0103ng v\u00e0 kh\u1ea3 n\u0103ng s\u1eed d\u1ee5ng theo ch\u1ec9 \u0111\u1ecbnh ri\u00eang.<\/p>\n<p>HQTS \u0111\u01b0\u1ee3c c\u00f4ng nh\u1eadn v\u00e0 ch\u1ee9ng nh\u1eadn \u0111\u1ec3 th\u1eed nghi\u1ec7m an to\u00e0n \u0111\u1ed3 ch\u01a1i v\u00e0 s\u1ea3n ph\u1ea9m d\u00e0nh cho tr\u1ebb em, d\u1ef1a tr\u00ean ti\u00eau chu\u1ea9n c\u1ee7a Ch\u1ec9 th\u1ecb An to\u00e0n \u0110\u1ed3 ch\u01a1i c\u1ee7a Li\u00ean minh Ch\u00e2u \u00c2u (EN 71); \u0110\u1ea1o lu\u1eadt C\u1ea3i thi\u1ec7n An to\u00e0n S\u1ea3n ph\u1ea9m Ti\u00eau d\u00f9ng (CPSIA) v\u00e0 \u0110\u1ec1 xu\u1ea5t 65 c\u1ee7a California; Trung Qu\u1ed1c GB, ISO v\u00e0 CCC; ASTM F963, v\u00e0 nhi\u1ec1u ti\u00eau chu\u1ea9n kh\u00e1c.<\/p>\n<p>\u0110\u1ed9i ng\u0169 nh\u00e2n vi\u00ean v\u00e0 chuy\u00ean vi\u00ean chuy\u00ean ng\u00e0nh c\u1ee7a ch\u00fang t\u00f4i c\u00f3 th\u1ec3 cung c\u1ea5p cho doanh nghi\u1ec7p c\u00e1c h\u01b0\u1edbng d\u1eabn k\u1ef9 thu\u1eadt m\u1edbi nh\u1ea5t, c\u00e1c h\u01b0\u1edbng d\u1eabn v\u1ec1 \u0111\u1ea3m b\u1ea3o ch\u1ea5t l\u01b0\u1ee3ng to\u00e0n di\u1ec7n, v\u00e0 ki\u1ec3m tra tu\u00e2n th\u1ee7 quy \u0111\u1ecbnh v\u1ec1 xu\u1ea5t nh\u1eadp kh\u1ea9u \u0111\u1ed1i v\u1edbi t\u1ea5t c\u1ea3 c\u00e1c y\u00eau c\u1ea7u ch\u00ednh tr\u00ean th\u1ecb tr\u01b0\u1eddng.<\/p>\n<h2>Th\u1eed nghi\u1ec7m \u0111\u1ed3 ch\u01a1i &amp; s\u1ea3n ph\u1ea9m d\u00e0nh cho tr\u1ebb em<\/h2>\n<p>An to\u00e0n \u0111\u1ed3 ch\u01a1i \u0111\u00e3 tr\u1edf th\u00e0nh m\u1ed9t v\u1ea5n \u0111\u1ec1 th\u01b0\u1eddng xuy\u00ean thu h\u00fat s\u1ef1 ch\u00fa \u00fd c\u1ee7a c\u00f4ng ch\u00fang. \u0110\u1ed3 ch\u01a1i l\u00e0 ng\u01b0\u1eddi b\u1ea1n t\u1ed1t nh\u1ea5t c\u1ee7a tr\u1ebb do c\u00e1c b\u00e9 d\u00e0nh nhi\u1ec1u th\u1eddi gian \u0111\u1ec3 ti\u1ebfp x\u00fac g\u1ea7n g\u0169i v\u1edbi ch\u00fang. Do \u0111\u00f3, m\u1ed9t s\u1ed1 s\u1ea3n ph\u1ea9m \u0111\u01b0\u1ee3c qu\u1ea3n l\u00fd nghi\u00eam ng\u1eb7t nh\u1ea5t hi\u1ec7n nay l\u00e0 \u0111\u1ed3 ch\u01a1i v\u00e0 s\u1ea3n ph\u1ea9m d\u00e0nh cho tr\u1ebb em.<\/p>\n<p>Ch\u00fang t\u00f4i \u0111\u01b0\u1ee3c c\u00f4ng nh\u1eadn v\u00e0 ch\u1ee9ng nh\u1eadn \u0111\u1ec3 th\u1eed nghi\u1ec7m an to\u00e0n \u0111\u1ed3 ch\u01a1i v\u00e0 s\u1ea3n ph\u1ea9m d\u00e0nh cho tr\u1ebb em v\u1ec1 vi\u1ec7c tu\u00e2n th\u1ee7 Ch\u1ec9 th\u1ecb An to\u00e0n \u0110\u1ed3 ch\u01a1i c\u1ee7a Li\u00ean minh Ch\u00e2u \u00c2u (EN 71); \u0110\u1ea1o lu\u1eadt C\u1ea3i thi\u1ec7n An to\u00e0n S\u1ea3n ph\u1ea9m Ti\u00eau d\u00f9ng (CPSIA) v\u00e0 \u0110\u1ec1 xu\u1ea5t 65 c\u1ee7a California; Trung Qu\u1ed1c GB, ISO v\u00e0 CCC; ASTM F963, v\u00e0 nhi\u1ec1u ti\u00eau chu\u1ea9n kh\u00e1c.<\/p>\n<p>\u0110\u1ed9i ng\u0169 nh\u00e2n vi\u00ean v\u00e0 chuy\u00ean vi\u00ean chuy\u00ean ng\u00e0nh c\u1ee7a ch\u00fang t\u00f4i c\u00f3 th\u1ec3 cung c\u1ea5p cho doanh nghi\u1ec7p c\u00e1c h\u01b0\u1edbng d\u1eabn k\u1ef9 thu\u1eadt m\u1edbi nh\u1ea5t, c\u00e1c h\u01b0\u1edbng d\u1eabn v\u1ec1 \u0111\u1ea3m b\u1ea3o ch\u1ea5t l\u01b0\u1ee3ng to\u00e0n di\u1ec7n, v\u00e0 ki\u1ec3m tra tu\u00e2n th\u1ee7 quy \u0111\u1ecbnh v\u1ec1 xu\u1ea5t nh\u1eadp kh\u1ea9u \u0111\u1ed1i v\u1edbi t\u1ea5t c\u1ea3 c\u00e1c y\u00eau c\u1ea7u ch\u00ednh tr\u00ean th\u1ecb tr\u01b0\u1eddng.<\/p>\n<p><strong>C\u00e1c ti\u00eau chu\u1ea9n th\u1eed nghi\u1ec7m ch\u00ednh<\/strong><\/p>\n<ul>\n<li>EN71<\/li>\n<li>ASTM F963<\/li>\n<li>CPSIA2008<\/li>\n<li>FDA<\/li>\n<li>Quy \u0111\u1ecbnh \u0110\u1ed3 ch\u01a1i CCPSA c\u1ee7a Canada (SOR \/ 2016-188 \/ 193\/195)<\/li>\n<li>AS \/ NZS ISO 8124<\/li>\n<\/ul>\n<p><strong>C\u00e1c h\u1ea1ng m\u1ee5c th\u1eed nghi\u1ec7m ch\u00ednh<\/strong><\/p>\n<ul>\n<li>Th\u1eed nghi\u1ec7m c\u01a1 l\u00fd<\/li>\n<li>Th\u1eed nghi\u1ec7m an to\u00e0n v\u1ec1 t\u00ednh d\u1ec5 ch\u00e1y<\/li>\n<li>Ph\u00e2n t\u00edch h\u00f3a h\u1ecdc: kim lo\u1ea1i n\u1eb7ng, phthalates, formaldehyde, AZO-Dye, v.v.<\/li>\n<li>Th\u1eed nghi\u1ec7m an to\u00e0n \u0111\u1ed3 ch\u01a1i<\/li>\n<li>D\u00e1n nh\u00e3n c\u1ea3nh b\u00e1o \u0111\u1ed9 tu\u1ed5i<\/li>\n<li>\u0110\u00e0o t\u1ea1o v\u00e0 t\u01b0 v\u1ea5n v\u1ec1 c\u00e1c v\u1ea5n \u0111\u1ec1 an to\u00e0n \u0111\u1ed3 ch\u01a1i<\/li>\n<li>Th\u1eed nghi\u1ec7m l\u1ea1m d\u1ee5ng \u0111\u1ed3 ch\u01a1i<\/li>\n<li>Nh\u00e3n c\u1ea3nh b\u00e1o<\/li>\n<li>Nh\u00e3n theo d\u00f5i<\/li>\n<\/ul>\n<h2>C\u00e1c d\u1ecbch v\u1ee5 gi\u00e1m \u0111\u1ecbnh kh\u00e1c<\/h2>\n<p>Ch\u00fang t\u00f4i cung c\u1ea5p c\u00e1c d\u1ecbch v\u1ee5 gi\u00e1m \u0111\u1ecbnh kh\u00e1c cho ng\u00e0nh h\u00e0ng ti\u00eau d\u00f9ng bao g\u1ed3m:<\/p>\n<ul>\n<li><a href=\"https:\/\/www.hqts.com\/vi\/linh-vuc\/nganh-ban-le\/det-may-va-may-mac\/\">D\u1ec7t may &amp; May m\u1eb7c<\/a><\/li>\n<li><a href=\"https:\/\/www.hqts.com\/vi\/linh-vuc\/nganh-ban-le\/dien-tu\/\">Thi\u1ebft b\u1ecb \u0111i\u1ec7n t\u1eed. <\/a><\/li>\n<li><a href=\"https:\/\/www.hqts.com\/vi\/linh-vuc\/nganh-ban-le\/cham-soc-ca-nhan-my-pham\/\">Ch\u0103m s\u00f3c c\u00e1 nh\u00e2n &amp; m<\/a><a href=\"https:\/\/www.hqts.com\/vi\/linh-vuc\/nganh-ban-le\/tui-xach-phu-kien\/\">\u1ef9 ph\u1ea9m. <\/a><\/li>\n<li><a href=\"https:\/\/www.hqts.com\/vi\/linh-vuc\/nganh-ban-le\/da-giay\/\">Da gi\u1ea7y. <\/a><\/li>\n<li><a href=\"https:\/\/www.hqts.com\/vi\/linh-vuc\/nganh-ban-le\/tui-xach-phu-kien\/\">T\u00fai x\u00e1ch &amp; Ph\u1ee5 ki\u1ec7n<\/a><\/li>\n<li><a href=\"https:\/\/www.hqts.com\/vi\/linh-vuc\/nganh-ban-le\/thu-nghiem-nganh-hang-cung\/\">Ng\u00e0nh h\u00e0ng c\u1ee9ng<\/a><\/li>\n<li><a href=\"https:\/\/www.hqts.com\/vi\/linh-vuc\/giam-dinh-va-quan-ly-chat-luong-phu-tung-o-to\/\">Ph\u1ee5 t\u00f9ng &amp; Thi\u1ebft b\u1ecb \u00f4 t\u00f4<\/a><\/li>\n<\/ul>\n","protected":false},"excerpt":{"rendered":"<p>Gi\u00e1m \u0111\u1ecbnh ch\u1ea5t l\u01b0\u1ee3ng \u0111\u1ed3 ch\u01a1i tr\u1ebb em L\u00e0 th\u00e0nh vi\u00ean l\u00e2u n\u0103m c\u1ee7a Hi\u1ec7p h\u1ed9i C\u00f4ng nghi\u1ec7p \u0110\u1ed3 ch\u01a1i Hoa K\u1ef3, HQTS lu\u00f4n \u0111\u00e3 cam k\u1ebft \u0111\u1ea3m b\u1ea3o s\u1ef1 an to\u00e0n, \u0111\u1ed9 tin c\u1eady v\u00e0 t\u00ednh tu\u00e2n th\u1ee7 c\u1ee7a c\u00e1c s\u1ea3n ph\u1ea9m d\u00e0nh cho tr\u1ebb em. K\u1ec3 t\u1eeb khi an to\u00e0n \u0111\u1ed3 ch\u01a1i \u0111\u01b0\u1ee3c [&hellip;]<\/p>\n","protected":false},"author":12,"featured_media":79021,"parent":78764,"menu_order":27,"comment_status":"closed","ping_status":"closed","template":"","meta":{"_acf_changed":false,"footnotes":""},"class_list":["post-79020","page","type-page","status-publish","has-post-thumbnail","hentry"],"acf":[],"_links":{"self":[{"href":"https:\/\/www.hqts.com\/vi\/wp-json\/wp\/v2\/pages\/79020","targetHints":{"allow":["GET"]}}],"collection":[{"href":"https:\/\/www.hqts.com\/vi\/wp-json\/wp\/v2\/pages"}],"about":[{"href":"https:\/\/www.hqts.com\/vi\/wp-json\/wp\/v2\/types\/page"}],"author":[{"embeddable":true,"href":"https:\/\/www.hqts.com\/vi\/wp-json\/wp\/v2\/users\/12"}],"replies":[{"embeddable":true,"href":"https:\/\/www.hqts.com\/vi\/wp-json\/wp\/v2\/comments?post=79020"}],"version-history":[{"count":5,"href":"https:\/\/www.hqts.com\/vi\/wp-json\/wp\/v2\/pages\/79020\/revisions"}],"predecessor-version":[{"id":115078,"href":"https:\/\/www.hqts.com\/vi\/wp-json\/wp\/v2\/pages\/79020\/revisions\/115078"}],"up":[{"embeddable":true,"href":"https:\/\/www.hqts.com\/vi\/wp-json\/wp\/v2\/pages\/78764"}],"wp:featuredmedia":[{"embeddable":true,"href":"https:\/\/www.hqts.com\/vi\/wp-json\/wp\/v2\/media\/79021"}],"wp:attachment":[{"href":"https:\/\/www.hqts.com\/vi\/wp-json\/wp\/v2\/media?parent=79020"}],"curies":[{"name":"wp","href":"https:\/\/api.w.org\/{rel}","templated":true}]}}