{"id":79199,"date":"2021-07-26T04:12:03","date_gmt":"2021-07-26T04:12:03","guid":{"rendered":"https:\/\/www.hqts.com\/?page_id=79199"},"modified":"2022-01-12T04:41:22","modified_gmt":"2022-01-12T04:41:22","slug":"da-giay","status":"publish","type":"page","link":"https:\/\/www.hqts.com\/vi\/linh-vuc\/nganh-ban-le\/da-giay\/","title":{"rendered":"GI\u00c1M \u0110\u1ecaNH V\u00c0 TH\u1eec NGHI\u1ec6M CH\u1ea4T L\u01af\u1ee2NG DA GI\u1ea6Y"},"content":{"rendered":"\t\t<div data-elementor-type=\"wp-page\" data-elementor-id=\"79199\" class=\"elementor elementor-79199 elementor-3567\" data-elementor-post-type=\"page\">\n\t\t\t\t\t\t<section class=\"elementor-section elementor-top-section elementor-element elementor-element-6a6173ef elementor-section-boxed elementor-section-height-default elementor-section-height-default\" data-id=\"6a6173ef\" data-element_type=\"section\">\n\t\t\t\t\t\t<div class=\"elementor-container elementor-column-gap-default\">\n\t\t\t\t\t<div class=\"elementor-column elementor-col-100 elementor-top-column elementor-element elementor-element-59cc28b7\" data-id=\"59cc28b7\" data-element_type=\"column\">\n\t\t\t<div class=\"elementor-widget-wrap elementor-element-populated\">\n\t\t\t\t\t\t<div class=\"elementor-element elementor-element-39869790 elementor-widget elementor-widget-text-editor\" data-id=\"39869790\" data-element_type=\"widget\" data-widget_type=\"text-editor.default\">\n\t\t\t\t<div class=\"elementor-widget-container\">\n\t\t\t\t\t\t\t\t\t<h2><strong>Gi\u00e1m \u0110\u1ecbnh V\u00e0 Th\u1eed Nghi\u1ec7m Ch\u1ea5t L\u01b0\u1ee3ng Da Gi\u1ea7y<\/strong><\/h2><p><strong>D\u1ecbch v\u1ee5 gi\u00e1m \u0111\u1ecbnh v\u00e0 th\u1eed nghi\u1ec7m c\u1ee7a HQTS \u0111\u1ed1i v\u1edbi c\u00e1c s\u1ea3n ph\u1ea9m gi\u00e0y d\u00e9p gi\u00fap \u0111\u1ea3m b\u1ea3o r\u1eb1ng kh\u00e1ch h\u00e0ng c\u1ee7a doanh nghi\u1ec7p lu\u00f4n nh\u1eadn \u0111\u01b0\u1ee3c s\u1ea3n ph\u1ea9m \u0111\u1ea1t ch\u1ea5t l\u01b0\u1ee3ng cao nh\u01b0 k\u1ef3 v\u1ecdng<\/strong><\/p><p>D\u1ecbch v\u1ee5 c\u1ee7a ch\u00fang t\u00f4i cung c\u1ea5p c\u00e1c \u0111\u00e1nh gi\u00e1 v\u00e0 gi\u00e1m s\u00e1t ch\u1ea5t l\u01b0\u1ee3ng k\u1ec3 t\u1eeb giai \u0111o\u1ea1n nh\u1eadp nguy\u00ean li\u1ec7u \u0111\u1ebfn nh\u00e0 m\u00e1y, cho \u0111\u1ebfn l\u00fac v\u1eadn t\u1ea3i s\u1ea3n ph\u1ea9m \u0111\u1ec3 v\u1eadn chuy\u1ec3n. C\u00e1c k\u1ef9 thu\u1eadt vi\u00ean \u0111\u01b0\u1ee3c \u0111\u00e0o t\u1ea1o trong ng\u00e0nh c\u1ee7a ch\u00fang t\u00f4i, th\u1ef1c hi\u1ec7n gi\u00e1m \u0111\u1ecbnh ch\u1ea5t l\u01b0\u1ee3ng to\u00e0n di\u1ec7n t\u1eeb kh\u00e2u ch\u1ebf t\u1ea1o \u0111\u1ebfn kh\u00e2u \u0111\u00f3ng g\u00f3i cu\u1ed1i c\u00f9ng.<\/p><p>C\u00e1c chuy\u00ean gia c\u1ee7a ch\u00fang t\u00f4i cung c\u1ea5p h\u01b0\u1edbng d\u1eabn k\u1ef9 thu\u1eadt \u0111\u1ec3 tu\u00e2n th\u1ee7 c\u00e1c ti\u00eau chu\u1ea9n c\u00f4ng nghi\u1ec7p, quy \u0111\u1ecbnh v\u00e0 y\u00eau c\u1ea7u ri\u00eang c\u1ee7a doanh nghi\u1ec7p. Ch\u00fang t\u00f4i c\u0169ng \u0111\u1ea3m b\u1ea3o tu\u00e2n th\u1ee7 t\u1ea5t c\u1ea3 c\u00e1c ch\u1ec9 th\u1ecb, ti\u00eau chu\u1ea9n v\u00e0 y\u00eau c\u1ea7u th\u1eed nghi\u1ec7m c\u1ee7a Hoa K\u1ef3, Ch\u00e2u \u00c2u v\u00e0 qu\u1ed1c t\u1ebf nh\u01b0: AATCC, ASTM, REACH, ISO, GB v\u00e0 c\u00e1c ti\u00eau chu\u1ea9n kh\u00e1c. \u0110\u00e2y l\u00e0 m\u1ed9t s\u1ef1 b\u1ed5 sung cho c\u00e1c h\u01b0\u1edbng d\u1eabn v\u1ec1 hi\u1ec7u su\u1ea5t v\u00e0 ph\u01b0\u01a1ng ph\u00e1p th\u1eed nghi\u1ec7m ch\u00ednh x\u00e1c c\u1ee7a HQTS \u0111\u1ed1i v\u1edbi c\u00e1c s\u1ea3n ph\u1ea9m gi\u00e0y d\u00e9p.<\/p><p>B\u1edfi v\u00ec ch\u1ec9 c\u00f3 gi\u00e0y d\u00e9p \u0111\u1ea1t ch\u1ea5t l\u01b0\u1ee3ng cao, \u0111\u00e1ng tin c\u1eady m\u1edbi c\u00f3 t\u00e1c \u0111\u1ed9ng \u0111\u00e1ng k\u1ec3 \u0111\u1ebfn s\u1ef1 h\u00e0i l\u00f2ng c\u1ee7a kh\u00e1ch h\u00e0ng v\u00e0 th\u00e0nh c\u00f4ng c\u1ee7a th\u01b0\u01a1ng hi\u1ec7u, n\u00ean vi\u1ec7c h\u1ee3p t\u00e1c v\u1edbi HQTS c\u00f3 th\u1ec3 gi\u00fap doanh nghi\u1ec7p tr\u00e1nh kh\u1ecfi nh\u1eefng v\u1ea5n \u0111\u1ec1 r\u1ee7i ro ti\u1ec1m \u1ea9n.<\/p><h2><strong>C\u00e1c d\u1ecbch v\u1ee5 ki\u1ec3m so\u00e1t ch\u1ea5t l\u01b0\u1ee3ng kh\u00e1c<\/strong><\/h2><p>Ch\u00fang t\u00f4i cung c\u1ea5p d\u1ecbch v\u1ee5 cho c\u00e1c ng\u00e0nh h\u00e0ng ti\u00eau d\u00f9ng bao g\u1ed3m<\/p><ul><li><a href=\"https:\/\/www.hqts.com\/vi\/linh-vuc\/nganh-ban-le\/det-may-va-may-mac\/\">D\u1ec7t may &amp; May m\u1eb7c<\/a><\/li><li><a href=\"https:\/\/www.hqts.com\/vi\/linh-vuc\/nganh-ban-le\/dien-tu\/\">Thi\u1ebft b\u1ecb \u0111i\u1ec7n t\u1eed. <\/a><\/li><li><a href=\"https:\/\/www.hqts.com\/vi\/linh-vuc\/nganh-ban-le\/cham-soc-ca-nhan-my-pham\/\">Ch\u0103m s\u00f3c c\u00e1 nh\u00e2n &amp; m<\/a><a href=\"https:\/\/www.hqts.com\/your-industries\/consumer-retail\/bags-and-accessories\/\">\u1ef9 ph\u1ea9m. <\/a><\/li><li><a href=\"https:\/\/www.hqts.com\/vi\/linh-vuc\/nganh-ban-le\/do-choi-va-san-pham-tre-em\/\">\u0110\u1ed3 ch\u01a1i &amp; S\u1ea3n ph\u1ea9m d\u00e0nh cho Tr\u1ebb em.<\/a><\/li><li><a href=\"https:\/\/www.hqts.com\/vi\/linh-vuc\/nganh-ban-le\/tui-xach-phu-kien\/\">T\u00fai x\u00e1ch &amp; Ph\u1ee5 ki\u1ec7n<\/a><\/li><li><a href=\"https:\/\/www.hqts.com\/vi\/linh-vuc\/nganh-ban-le\/thu-nghiem-nganh-hang-cung\/\">Ng\u00e0nh h\u00e0ng c\u1ee9ng<\/a><\/li><li><a href=\"https:\/\/www.hqts.com\/vi\/linh-vuc\/giam-dinh-va-quan-ly-chat-luong-phu-tung-o-to\/\">Ph\u1ee5 t\u00f9ng &amp; Thi\u1ebft b\u1ecb \u00f4 t\u00f4<\/a><\/li><\/ul>\t\t\t\t\t\t\t\t<\/div>\n\t\t\t\t<\/div>\n\t\t\t\t\t<\/div>\n\t\t<\/div>\n\t\t\t\t\t<\/div>\n\t\t<\/section>\n\t\t\t\t<\/div>\n\t\t","protected":false},"excerpt":{"rendered":"<p>Gi\u00e1m \u0110\u1ecbnh V\u00e0 Th\u1eed Nghi\u1ec7m Ch\u1ea5t L\u01b0\u1ee3ng Da Gi\u1ea7y D\u1ecbch v\u1ee5 gi\u00e1m \u0111\u1ecbnh v\u00e0 th\u1eed nghi\u1ec7m c\u1ee7a HQTS \u0111\u1ed1i v\u1edbi c\u00e1c s\u1ea3n ph\u1ea9m gi\u00e0y d\u00e9p gi\u00fap \u0111\u1ea3m b\u1ea3o r\u1eb1ng kh\u00e1ch h\u00e0ng c\u1ee7a doanh nghi\u1ec7p lu\u00f4n nh\u1eadn \u0111\u01b0\u1ee3c s\u1ea3n ph\u1ea9m \u0111\u1ea1t ch\u1ea5t l\u01b0\u1ee3ng cao nh\u01b0 k\u1ef3 v\u1ecdng D\u1ecbch v\u1ee5 c\u1ee7a ch\u00fang t\u00f4i cung c\u1ea5p c\u00e1c \u0111\u00e1nh [&hellip;]<\/p>\n","protected":false},"author":12,"featured_media":79200,"parent":78764,"menu_order":23,"comment_status":"closed","ping_status":"closed","template":"","meta":{"_acf_changed":false,"footnotes":""},"class_list":["post-79199","page","type-page","status-publish","has-post-thumbnail","hentry"],"acf":[],"_links":{"self":[{"href":"https:\/\/www.hqts.com\/vi\/wp-json\/wp\/v2\/pages\/79199","targetHints":{"allow":["GET"]}}],"collection":[{"href":"https:\/\/www.hqts.com\/vi\/wp-json\/wp\/v2\/pages"}],"about":[{"href":"https:\/\/www.hqts.com\/vi\/wp-json\/wp\/v2\/types\/page"}],"author":[{"embeddable":true,"href":"https:\/\/www.hqts.com\/vi\/wp-json\/wp\/v2\/users\/12"}],"replies":[{"embeddable":true,"href":"https:\/\/www.hqts.com\/vi\/wp-json\/wp\/v2\/comments?post=79199"}],"version-history":[{"count":5,"href":"https:\/\/www.hqts.com\/vi\/wp-json\/wp\/v2\/pages\/79199\/revisions"}],"predecessor-version":[{"id":115081,"href":"https:\/\/www.hqts.com\/vi\/wp-json\/wp\/v2\/pages\/79199\/revisions\/115081"}],"up":[{"embeddable":true,"href":"https:\/\/www.hqts.com\/vi\/wp-json\/wp\/v2\/pages\/78764"}],"wp:featuredmedia":[{"embeddable":true,"href":"https:\/\/www.hqts.com\/vi\/wp-json\/wp\/v2\/media\/79200"}],"wp:attachment":[{"href":"https:\/\/www.hqts.com\/vi\/wp-json\/wp\/v2\/media?parent=79199"}],"curies":[{"name":"wp","href":"https:\/\/api.w.org\/{rel}","templated":true}]}}