{"id":79208,"date":"2021-07-26T04:15:44","date_gmt":"2021-07-26T04:15:44","guid":{"rendered":"https:\/\/www.hqts.com\/?page_id=79208"},"modified":"2022-01-12T04:42:10","modified_gmt":"2022-01-12T04:42:10","slug":"tui-xach-phu-kien","status":"publish","type":"page","link":"https:\/\/www.hqts.com\/vi\/linh-vuc\/nganh-ban-le\/tui-xach-phu-kien\/","title":{"rendered":"GI\u00c1M \u0110\u1ecaNH V\u00c0 TH\u1eec NGHI\u1ec6M S\u1ea2N PH\u1ea8M T\u00daI X\u00c1CH &#038; PH\u1ee4 KI\u1ec6N"},"content":{"rendered":"\t\t<div data-elementor-type=\"wp-page\" data-elementor-id=\"79208\" class=\"elementor elementor-79208 elementor-3551\" data-elementor-post-type=\"page\">\n\t\t\t\t\t\t<section class=\"elementor-section elementor-top-section elementor-element elementor-element-31798679 elementor-section-boxed elementor-section-height-default elementor-section-height-default\" data-id=\"31798679\" data-element_type=\"section\">\n\t\t\t\t\t\t<div class=\"elementor-container elementor-column-gap-default\">\n\t\t\t\t\t<div class=\"elementor-column elementor-col-100 elementor-top-column elementor-element elementor-element-3399f293\" data-id=\"3399f293\" data-element_type=\"column\">\n\t\t\t<div class=\"elementor-widget-wrap elementor-element-populated\">\n\t\t\t\t\t\t<div class=\"elementor-element elementor-element-7142e157 elementor-widget elementor-widget-text-editor\" data-id=\"7142e157\" data-element_type=\"widget\" data-widget_type=\"text-editor.default\">\n\t\t\t\t<div class=\"elementor-widget-container\">\n\t\t\t\t\t\t\t\t\t<h2><strong>Gi\u00e1m \u0110\u1ecbnh V\u00e0 Th\u1eed Nghi\u1ec7m S\u1ea3n Ph\u1ea9m T\u00fai X\u00e1ch &amp; Ph\u1ee5 Ki\u1ec7n <\/strong><\/h2><p><strong>HQTS \u0111\u00e3 thi\u1ebft l\u1eadp ti\u00eau chu\u1ea9n trong c\u00e1c d\u1ecbch v\u1ee5 ki\u1ec3m so\u00e1t ch\u1ea5t l\u01b0\u1ee3ng \u0111\u00e1ng tin c\u1eady cho ng\u00e0nh h\u00e0ng m\u1ec1m trong 20 n\u0103m. Ch\u00fang t\u00f4i cung c\u1ea5p c\u00e1c d\u1ecbch v\u1ee5 to\u00e0n di\u1ec7n cho t\u1ea5t c\u1ea3 c\u00e1c ho\u1ea1t \u0111\u1ed9ng gi\u00e1m \u0111\u1ecbnh v\u00e0 th\u1eed nghi\u1ec7m h\u00e0ng d\u1ec7t may nh\u1eb1m gi\u00fap doanh nghi\u1ec7p cung c\u1ea5p c\u00e1c s\u1ea3n ph\u1ea9m \u0111\u1ea1t ch\u1ea5t l\u01b0\u1ee3ng cao nh\u1ea5t.<\/strong><\/p><p>V\u1edbi g\u1ea7n 700 chuy\u00ean vi\u00ean \u1edf Ch\u00e2u \u00c1, vi\u1ec7c ki\u1ec3m so\u00e1t ch\u1ea5t l\u01b0\u1ee3ng c\u1ee7a ch\u00fang t\u00f4i \u0111\u01b0\u1ee3c th\u1ef1c hi\u1ec7n b\u1edfi c\u00e1c chuy\u00ean gia c\u00f3 kinh nghi\u1ec7m v\u00e0 \u0111\u01b0\u1ee3c \u0111\u00e0o t\u1ea1o trong ng\u00e0nh nh\u1eb1m \u0111\u00e1nh gi\u00e1 ch\u1ea5t l\u01b0\u1ee3ng s\u1ea3n ph\u1ea9m m\u1ed9t c\u00e1ch t\u1ed1t nh\u1ea5t v\u00e0 gi\u00fap x\u00e1c \u0111\u1ecbnh c\u00e1c m\u1ee9c \u0111\u1ed9 l\u1ed7i s\u1ea3n xu\u1ea5t kh\u00e1c nhau.<\/p><p>\u0110\u1ed9i ng\u0169 gi\u00e1m \u0111\u1ecbnh vi\u00ean, chuy\u00ean vi\u00ean khoa h\u1ecdc v\u00e0 k\u1ef9 thu\u1eadt k\u1ef3 c\u1ef1u c\u1ee7a ch\u00fang t\u00f4i cung c\u1ea5p c\u00e1c h\u01b0\u1edbng d\u1eabn \u0111\u1ea3m b\u1ea3o ch\u1ea5t l\u01b0\u1ee3ng t\u1ed1t nh\u1ea5t, ngay c\u1ea3 \u0111\u1ed1i v\u1edbi c\u00e1c s\u1ea3n ph\u1ea9m c\u00f3 quy tr\u00ecnh \u0111\u00e1nh gi\u00e1 ph\u1ee9c t\u1ea1p. Ki\u1ebfn th\u1ee9c, kinh nghi\u1ec7m v\u00e0 t\u00ednh ch\u00ednh tr\u1ef1c c\u1ee7a ch\u00fang t\u00f4i gi\u00fap doanh nghi\u1ec7p tu\u00e2n th\u1ee7 c\u00e1c quy \u0111\u1ecbnh nh\u1eadp kh\u1ea9u s\u1ea3n ph\u1ea9m ti\u00eau d\u00f9ng qu\u1ed1c t\u1ebf.<\/p><p>Ph\u00f2ng th\u1eed nghi\u1ec7m c\u1ee7a ch\u00fang t\u00f4i \u0111\u01b0\u1ee3c trang b\u1ecb c\u00e1c thi\u1ebft b\u1ecb hi\u1ec7n \u0111\u1ea1i, ti\u00ean ti\u1ebfn v\u00e0 c\u00f3 quy tr\u00ecnh th\u1eed nghi\u1ec7m \u0111\u1ea1t chu\u1ea9n qu\u1ed1c t\u1ebf, lu\u00f4n \u0111\u1ea3m b\u1ea3o th\u1ef1c hi\u1ec7n c\u00e1c th\u1eed nghi\u1ec7m ch\u00ednh x\u00e1c, ch\u1ea5t l\u01b0\u1ee3ng cao theo ti\u00eau chu\u1ea9n to\u00e0n c\u1ea7u, bao g\u1ed3m:<\/p><p>Trung Qu\u1ed1c: GB, FZ<\/p><p>Ch\u00e2u \u00c2u: ISO, EN, BS, BIN<\/p><p>Hoa K\u1ef3: ASTM, AATCC<\/p><p>Canada: CAN<\/p><p>\u00dac: AS<\/p><p><strong>\u0110\u00e1nh gi\u00e1 ngo\u1ea1i quan<\/strong> &#8211; \u0110\u1ea3m b\u1ea3o s\u1ea3n ph\u1ea9m \u0111\u00e1p \u1ee9ng ho\u1eb7c v\u01b0\u1ee3t qu\u00e1 mong \u0111\u1ee3i c\u1ee7a doanh nghi\u1ec7p. \u0110\u00e1nh gi\u00e1 ch\u1ee7 y\u1ebfu d\u1ef1a tr\u00ean c\u00e1c \u0111\u1eb7c \u0111i\u1ec3m ngo\u1ea1i quan nh\u01b0 m\u00e0u s\u1eafc, ki\u1ec3u d\u00e1ng, ch\u1ea5t li\u1ec7u theo y\u00eau c\u1ea7u c\u1ee7a th\u1ecb tr\u01b0\u1eddng.<\/p><p><strong>Ki\u1ec3m tra AQL<\/strong> &#8211; Nh\u00e2n vi\u00ean c\u1ee7a ch\u00fang t\u00f4i s\u1ebd x\u00e1c \u0111\u1ecbnh c\u00e1c ti\u00eau chu\u1ea9n AQL ph\u00f9 h\u1ee3p \u0111\u1ec3 duy tr\u00ec s\u1ef1 c\u00e2n b\u1eb1ng gi\u1eefa chi ph\u00ed d\u1ecbch v\u1ee5 v\u00e0 gi\u1edbi h\u1ea1n l\u1ed7i ch\u1ea5p nh\u1eadn c\u1ee7a th\u1ecb tr\u01b0\u1eddng.<\/p><p><strong>\u0110o l\u01b0\u1eddng<\/strong> &#8211; \u0110\u1ed9i ng\u0169 nh\u00e2n vi\u00ean \u0111\u01b0\u1ee3c \u0111\u00e0o t\u1ea1o b\u00e0i b\u1ea3n c\u1ee7a HQTS s\u1ebd gi\u00e1m \u0111\u1ecbnh to\u00e0n b\u1ed9 l\u00f4 h\u00e0ng tr\u01b0\u1edbc khi ch\u00fang \u0111\u01b0\u1ee3c v\u1eadn chuy\u1ec3n nh\u1eb1m m\u1ee5c \u0111\u00edch \u0111\u1ea3m b\u1ea3o ch\u00fang tu\u00e2n th\u1ee7 c\u00e1c th\u00f4ng s\u1ed1 k\u1ef9 thu\u1eadt \u0111o l\u01b0\u1eddng c\u1ee7a doanh nghi\u1ec7p, tr\u00e1nh m\u1ea5t th\u1eddi gian, ti\u1ec1n b\u1ea1c v\u00e0 t\u1ed5n th\u1ea5t th\u01b0\u01a1ng hi\u1ec7u do b\u1ecb tr\u1ea3 l\u1ea1i h\u00e0ng.<\/p><p><strong>Th\u1eed nghi\u1ec7m<\/strong>&#8211; HQTS \u0111\u00e3 thi\u1ebft l\u1eadp ti\u00eau chu\u1ea9n trong c\u00e1c d\u1ecbch v\u1ee5 th\u1eed nghi\u1ec7m ng\u00e0nh h\u00e0ng m\u1ec1m m\u1ed9t c\u00e1ch t\u1ed1t nh\u1ea5t. \u0110\u1ed9i ng\u0169 nh\u00e2n vi\u00ean ki\u1ec3m tra v\u00e0 k\u1ef9 thu\u1eadt k\u1ef3 c\u1ef1u c\u1ee7a ch\u00fang t\u00f4i cung c\u1ea5p h\u01b0\u1edbng d\u1eabn t\u1ed1t nh\u1ea5t cho quy tr\u00ecnh gi\u00e1m \u0111\u1ecbnh s\u1ea3n ph\u1ea9m, k\u1ec3 c\u1ea3 nh\u1eefng s\u1ea3n ph\u1ea9m ph\u1ee9c t\u1ea1p. Ki\u1ebfn th\u1ee9c, kinh nghi\u1ec7m v\u00e0 t\u00ednh ch\u00ednh tr\u1ef1c c\u1ee7a ch\u00fang t\u00f4i gi\u00fap doanh nghi\u1ec7p tu\u00e2n th\u1ee7 c\u00e1c quy \u0111\u1ecbnh qu\u1ed1c t\u1ebf v\u1ec1 t\u00ednh d\u1ec5 ch\u00e1y, th\u00e0nh ph\u1ea7n s\u1ee3i, nh\u00e3n hi\u1ec7u, v&#8230;v<\/p><h2><strong>C\u00e1c d\u1ecbch v\u1ee5 qu\u1ea3n l\u00fd ch\u1ea5t l\u01b0\u1ee3ng kh\u00e1c<\/strong><\/h2><p>Ch\u00fang t\u00f4i cung c\u1ea5p c\u00e1c d\u1ecbch v\u1ee5 gi\u00e1m \u0111\u1ecbnh kh\u00e1c cho ng\u00e0nh h\u00e0ng ti\u00eau d\u00f9ng bao g\u1ed3m<\/p><ul><li>Qu\u1ea7n \u00e1o v\u00e0 h\u00e0ng d\u1ec7t may<\/li><li>Ph\u1ee5 t\u00f9ng v\u00e0 ph\u1ee5 ki\u1ec7n \u00f4 t\u00f4<\/li><li>\u0110\u1ed3 \u0111i\u1ec7n t\u1eed gia d\u1ee5ng v\u00e0 c\u00e1 nh\u00e2n<\/li><li>Ch\u0103m s\u00f3c c\u00e1 nh\u00e2n v\u00e0 m\u1ef9 ph\u1ea9m<\/li><li>Nh\u00e0 v\u00e0 v\u01b0\u1eddn<\/li><li>\u0110\u1ed3 ch\u01a1i v\u00e0 s\u1ea3n ph\u1ea9m d\u00e0nh cho tr\u1ebb em<\/li><li>Gi\u00e0y d\u00e9p<\/li><li>Ng\u00e0nh h\u00e0ng c\u1ee9ng, v\u2026v<\/li><\/ul>\t\t\t\t\t\t\t\t<\/div>\n\t\t\t\t<\/div>\n\t\t\t\t\t<\/div>\n\t\t<\/div>\n\t\t\t\t\t<\/div>\n\t\t<\/section>\n\t\t\t\t<\/div>\n\t\t","protected":false},"excerpt":{"rendered":"<p>Gi\u00e1m \u0110\u1ecbnh V\u00e0 Th\u1eed Nghi\u1ec7m S\u1ea3n Ph\u1ea9m T\u00fai X\u00e1ch &amp; Ph\u1ee5 Ki\u1ec7n HQTS \u0111\u00e3 thi\u1ebft l\u1eadp ti\u00eau chu\u1ea9n trong c\u00e1c d\u1ecbch v\u1ee5 ki\u1ec3m so\u00e1t ch\u1ea5t l\u01b0\u1ee3ng \u0111\u00e1ng tin c\u1eady cho ng\u00e0nh h\u00e0ng m\u1ec1m trong 20 n\u0103m. Ch\u00fang t\u00f4i cung c\u1ea5p c\u00e1c d\u1ecbch v\u1ee5 to\u00e0n di\u1ec7n cho t\u1ea5t c\u1ea3 c\u00e1c ho\u1ea1t \u0111\u1ed9ng gi\u00e1m \u0111\u1ecbnh v\u00e0 th\u1eed [&hellip;]<\/p>\n","protected":false},"author":12,"featured_media":79211,"parent":78764,"menu_order":25,"comment_status":"closed","ping_status":"closed","template":"","meta":{"_acf_changed":false,"footnotes":""},"class_list":["post-79208","page","type-page","status-publish","has-post-thumbnail","hentry"],"acf":[],"_links":{"self":[{"href":"https:\/\/www.hqts.com\/vi\/wp-json\/wp\/v2\/pages\/79208","targetHints":{"allow":["GET"]}}],"collection":[{"href":"https:\/\/www.hqts.com\/vi\/wp-json\/wp\/v2\/pages"}],"about":[{"href":"https:\/\/www.hqts.com\/vi\/wp-json\/wp\/v2\/types\/page"}],"author":[{"embeddable":true,"href":"https:\/\/www.hqts.com\/vi\/wp-json\/wp\/v2\/users\/12"}],"replies":[{"embeddable":true,"href":"https:\/\/www.hqts.com\/vi\/wp-json\/wp\/v2\/comments?post=79208"}],"version-history":[{"count":5,"href":"https:\/\/www.hqts.com\/vi\/wp-json\/wp\/v2\/pages\/79208\/revisions"}],"predecessor-version":[{"id":115082,"href":"https:\/\/www.hqts.com\/vi\/wp-json\/wp\/v2\/pages\/79208\/revisions\/115082"}],"up":[{"embeddable":true,"href":"https:\/\/www.hqts.com\/vi\/wp-json\/wp\/v2\/pages\/78764"}],"wp:featuredmedia":[{"embeddable":true,"href":"https:\/\/www.hqts.com\/vi\/wp-json\/wp\/v2\/media\/79211"}],"wp:attachment":[{"href":"https:\/\/www.hqts.com\/vi\/wp-json\/wp\/v2\/media?parent=79208"}],"curies":[{"name":"wp","href":"https:\/\/api.w.org\/{rel}","templated":true}]}}