{"id":79217,"date":"2021-07-26T04:18:48","date_gmt":"2021-07-26T04:18:48","guid":{"rendered":"https:\/\/www.hqts.com\/?page_id=79217"},"modified":"2022-01-12T04:43:22","modified_gmt":"2022-01-12T04:43:22","slug":"thu-nghiem-nganh-hang-cung","status":"publish","type":"page","link":"https:\/\/www.hqts.com\/vi\/linh-vuc\/nganh-ban-le\/thu-nghiem-nganh-hang-cung\/","title":{"rendered":"TH\u1eec NGHI\u1ec6M NG\u00c0NH H\u00c0NG C\u1ee8NG"},"content":{"rendered":"<h2><strong>Th\u1eed nghi\u1ec7m ng\u00e0nh h\u00e0ng c\u1ee9ng<\/strong><\/h2>\n<p><strong>HQTS-QAI \u0111\u00e3 gi\u00fap c\u00e1c c\u00f4ng ty \u0111\u1ea3m b\u1ea3o c\u00e1c y\u00eau c\u1ea7u tu\u00e2n th\u1ee7 v\u00e0 an to\u00e0n c\u1ee7a nhi\u1ec1u lo\u1ea1i h\u00e0ng h\u00f3a thu\u1ed9c ng\u00e0nh h\u00e0ng c\u1ee9ng k\u1ec3 t\u1eeb n\u0103m 2003. \u0110\u1ed9i ng\u0169 nh\u00e2n vi\u00ean khoa h\u1ecdc v\u00e0 k\u1ef9 thu\u1eadt k\u1ef3 c\u1ef1u c\u1ee7a ch\u00fang t\u00f4i c\u00f3 th\u1ec3 cung c\u1ea5p h\u01b0\u1edbng d\u1eabn k\u1ef9 thu\u1eadt, \u0111\u1ea3m b\u1ea3o ch\u1ea5t l\u01b0\u1ee3ng, \u0111\u00e1nh gi\u00e1 th\u00f4ng s\u1ed1 k\u1ef9 thu\u1eadt, \u0111\u00e0o t\u1ea1o v\u00e0 \u0111\u00e1nh gi\u00e1 tu\u00e2n th\u1ee7 xu\u1ea5t nh\u1eadp kh\u1ea9u.<\/strong><\/p>\n<h2><strong>G\u1ed1m v\u00e0 th\u1ee7y tinh<\/strong><\/h2>\n<p>\u0110\u1ed3 g\u1ed1m v\u00e0 th\u1ee7y tinh \u0111\u00f3ng m\u1ed9t vai tr\u00f2 \u0111\u1eb7c bi\u1ec7t trong vi\u1ec7c g\u00f3p ph\u1ea7n t\u1ea1o n\u00ean cu\u1ed9c s\u1ed1ng l\u00e0nh m\u1ea1nh v\u00e0 m\u00f4i tr\u01b0\u1eddng trong s\u1ea1ch, \u0111\u1eb7c bi\u1ec7t khi ch\u00fang \u0111\u01b0\u1ee3c s\u1eed d\u1ee5ng l\u00e0m \u0111\u1ed3 \u0111\u1ef1ng th\u1ef1c ph\u1ea9m. V\u1edbi m\u1ed1i quan t\u00e2m ng\u00e0y c\u00e0ng t\u0103ng v\u1ec1 c\u00e1c v\u1ea5n \u0111\u1ec1 an to\u00e0n v\u00e0 vi\u1ec7c th\u1ef1c hi\u1ec7n c\u00e1c quy \u0111\u1ecbnh th\u1eadm ch\u00ed nghi\u00eam ng\u1eb7t h\u01a1n, nh\u00e0 s\u1ea3n xu\u1ea5t v\u00e0 ng\u01b0\u1eddi mua b\u1eaft bu\u1ed9c ph\u1ea3i \u0111\u1ea3m b\u1ea3o s\u1ea3n ph\u1ea9m c\u1ee7a h\u1ecd \u0111\u01b0\u1ee3c gi\u00e1m \u0111\u1ecbnh theo c\u00e1c ti\u00eau chu\u1ea9n, quy \u0111\u1ecbnh c\u1ee5 th\u1ec3 c\u1ee7a th\u1ecb tr\u01b0\u1eddng. HQTS-QAI \u0111\u00e3 v\u00e0 \u0111ang gi\u00fap c\u00e1c c\u00f4ng ty \u0111\u1ea3m b\u1ea3o c\u00e1c y\u00eau c\u1ea7u tu\u00e2n th\u1ee7 v\u00e0 an to\u00e0n c\u1ee7a nhi\u1ec1u lo\u1ea1i s\u1ea3n ph\u1ea3m thu\u00f4c ng\u00e0nh h\u00e0ng c\u1ee9ng k\u1ec3 t\u1eeb n\u0103m 2003. \u0110\u1ec3 \u0111\u00e1p \u1ee9ng nh\u1eefng nhu c\u1ea7u ng\u00e0y c\u00e0ng cao n\u00e0y, ph\u00f2ng th\u00ed nghi\u1ec7m HQTS-QAI cung c\u1ea5p cho doanh nghi\u1ec7p tr\u1ecdn g\u00f3i c\u00e1c gi\u1ea3i ph\u00e1p th\u1eed nghi\u1ec7m \u0111\u1ed3 g\u1ed1m v\u00e0 th\u1ee7y tinh gi\u00fap gi\u1ea3m thi\u1ec3u r\u1ee7i ro v\u00e0 n\u00e2ng cao n\u0103ng l\u1ef1c c\u1ea1nh tranh tr\u00ean th\u1ecb tr\u01b0\u1eddng to\u00e0n c\u1ea7u.<\/p>\n<p>C\u00e1c h\u1ea1ng m\u1ee5c th\u1eed nghi\u1ec7m ch\u00ednh \u0111\u01b0\u1ee3c li\u1ec7t k\u00ea nh\u01b0 sau:<\/p>\n<p><strong>Th\u1eed nghi\u1ec7m h\u00f3a h\u1ecdc<\/strong><\/p>\n<ul>\n<li>FDA, ki\u1ec3m tra h\u00f3a ch\u1ea5t d\u00f9ng trong th\u1ef1c ph\u1ea9m<\/li>\n<li>H\u00e0m l\u01b0\u1ee3ng ch\u00ec tr\u00ean l\u1edbp ph\u1ee7 b\u1ec1 m\u1eb7t<\/li>\n<li>H\u00e0m l\u01b0\u1ee3ng ch\u00ec v\u00e0 cadmium<\/li>\n<li>Ki\u1ec3m tra th\u1ef1c ph\u1ea9m theo quy \u0111\u1ecbnh c\u1ee7a EU<\/li>\n<\/ul>\n<p><strong>Th\u1eed nghi\u1ec7m v\u1eadt l\u00fd<\/strong><\/p>\n<ul>\n<li>Ki\u1ec3m tra lau (Wipe Test)<\/li>\n<li>\u1ee6<\/li>\n<li>S\u1ed1c nhi\u1ec7t (ch\u1ec9 \u0111\u1ed1i v\u1edbi \u0111\u1ed3 th\u1ee7y tinh)<\/li>\n<li>Ki\u1ec3m nghi\u1ec7m v\u1edbi m\u00e1y r\u1eeda b\u00e1t<\/li>\n<li>Ki\u1ec3m tra \u0111\u1ed9 h\u1ea5p th\u1ee5 n\u01b0\u1edbc<\/li>\n<li>Ki\u1ec3m tra vi s\u00f3ng<\/li>\n<\/ul>\n<h2><strong>Th\u1eed nghi\u1ec7m s\u1ea3n ph\u1ea9m n\u1ebfn<\/strong><\/h2>\n<p>B\u00ean c\u1ea1nh vi\u1ec7c t\u1ea1o n\u00ean m\u1ed9t v\u1ebb \u0111\u1eb9p \u0111\u1eb7c bi\u1ec7t v\u00e0 kh\u00f4ng kh\u00ed y\u00ean t\u0129nh cho ng\u00f4i nh\u00e0, n\u1ebfn c\u0169ng l\u00e0 m\u1ed9t m\u1ed1i nguy hi\u1ec3m c\u1ed1 h\u1eefu v\u1edbi nguy c\u01a1 g\u00e2y ch\u00e1y cao. V\u1edbi s\u1ef1 ph\u1ed5 bi\u1ebfn ng\u00e0y c\u00e0ng t\u0103ng c\u1ee7a c\u00e1c s\u1ea3n ph\u1ea9m t\u1eeb n\u1ebfn, s\u1ef1 c\u1ed1 ch\u00e1y li\u00ean quan \u0111\u1ebfn n\u00f3 c\u0169ng t\u0103ng l\u00ean. Do \u0111\u00f3 s\u1ef1 an to\u00e0n v\u00e0 ti\u00eau ch\u00ed \u01b0u ti\u00ean khi mua n\u1ebfn v\u00e0 c\u00e1c s\u1ea3n ph\u1ea9m t\u01b0\u01a1ng t\u1ef1. \u0110\u1ec3 gi\u00fap c\u00e1c doanh nghi\u1ec7p \u0111\u1ed1i ph\u00f3 v\u1edbi c\u00e1c r\u1ee7i ro ti\u1ec1m \u1ea9n n\u00e0y, HQTS cung c\u1ea5p \u0111\u1ea7y \u0111\u1ee7 c\u00e1c ph\u01b0\u01a1ng th\u1ee9c th\u1eed nghi\u1ec7m an to\u00e0n \u0111\u1ed1i v\u1edbi s\u1ea3n ph\u1ea9m n\u1ebfn nh\u1eb1m x\u00e1c m\u00ecnh c\u00e1c ti\u00eau ch\u00ed:<\/p>\n<ul>\n<li>Ki\u1ec3m tra nh\u00e3n<\/li>\n<li>N\u1ebfn ch\u00e1y an to\u00e0n<\/li>\n<li>Chi\u1ec1u cao ng\u1ecdn l\u1eeda<\/li>\n<li>\u0110\u00e1nh l\u1eeda kh\u00e1c<\/li>\n<li>T\u00ednh \u1ed5n \u0111\u1ecbnh c\u1ee7a n\u1ebfn<\/li>\n<li>Kh\u1ea3 n\u0103ng t\u01b0\u01a1ng th\u00edch c\u1ee7a h\u1ed9p \u0111\u1ef1ng n\u1ebfn v\u00e0 \u0111\u1ea7u \u0111\u1ed1t<\/li>\n<li>Ki\u1ec3m ch\u1ee9ng s\u1ef1 thay \u0111\u1ed5i nhi\u1ec7t \u0111\u1ed9 c\u1ee7a h\u1ed9p \u0111\u1ef1ng n\u1ebfn<\/li>\n<li>S\u1ed1c nhi\u1ec7t<\/li>\n<li>H\u00e0m l\u01b0\u1ee3ng ch\u00ec c\u1ee7a b\u1ea5c<\/li>\n<\/ul>\n<h2><strong>Th\u1eed nghi\u1ec7m g\u1ed7 v\u00e0 c\u00e1c s\u1ea3n ph\u1ea9m t\u1eeb g\u1ed7<\/strong><\/h2>\n<p>G\u1ed7 v\u00e0 c\u00e1c s\u1ea3n ph\u1ea9m t\u1eeb g\u1ed7 kh\u00e1 ph\u1ed5 bi\u1ebfn v\u00e0 kh\u00f4ng th\u1ec3 thay th\u1ebf trong cu\u1ed9c s\u1ed1ng c\u1ee7a ch\u00fang ta. S\u1ef1 an to\u00e0n c\u0169ng nh\u01b0 c\u00e1c ch\u1ea5t \u0111\u1ed9c h\u1ea1i trong c\u00e1c s\u1ea3n ph\u1ea9m g\u1ed7 c\u0169ng \u0111\u01b0\u1ee3c ng\u01b0\u1eddi ti\u00eau d\u00f9ng v\u00e0 ch\u00ednh ph\u1ee7 c\u00e1c n\u01b0\u1edbc r\u1ea5t ch\u00fa tr\u1ecdng. R\u1ea5t nhi\u1ec1u quy \u0111\u1ecbnh nghi\u00eam ng\u1eb7t v\u00e0 ti\u00eau chu\u1ea9n s\u1ea3n xu\u1ea5t \u0111\u00e3 \u0111\u01b0\u1ee3c ph\u1ed5 bi\u1ebfn \u1edf t\u1ea5t c\u1ea3 c\u00e1c qu\u1ed1c gia \u0111\u1ec3 \u0111\u1ea3m b\u1ea3o an to\u00e0n cho s\u1ea3n ph\u1ea9m. HQTS-QAI c\u00f3 kh\u1ea3 n\u0103ng cung c\u1ea5p c\u00e1c d\u1ecbch v\u1ee5 th\u1eed nghi\u1ec7m chuy\u00ean nghi\u1ec7p theo ti\u00eau chu\u1ea9n EN, ASTM, BS v\u00e0 GB, \u0111\u1ec3 \u0111\u1ea3m b\u1ea3o s\u1ef1 an to\u00e0n v\u00e0 tu\u00e2n th\u1ee7 c\u00e1c s\u1ea3n ph\u1ea9m c\u1ee7a doanh nghi\u1ec7p.<\/p>\n<p><strong>C\u00e1c danh m\u1ee5c s\u1ea3n ph\u1ea9m ch\u00ednh<\/strong><\/p>\n<ul>\n<li>B\u1ea3ng g\u1ed7 v\u00e0 s\u1ea3n ph\u1ea9m ho\u00e0n thi\u1ec7n<\/li>\n<li>B\u1ea3ng \u0111i\u1ec1u khi\u1ec3n b\u1eb1ng g\u1ed7 v\u00e0 b\u1ea3ng \u0111i\u1ec1u khi\u1ec3n b\u1eb1ng g\u1ed7 \u0111\u01b0\u1ee3c trang tr\u00ed b\u1ec1 m\u1eb7t<\/li>\n<li>\u0110\u1ed3 n\u1ed9i th\u1ea5t l\u00e0m t\u1eeb g\u1ed7 trong nh\u00e0<\/li>\n<li>B\u1ea3ng g\u1ed7<\/li>\n<li>Ch\u1ea5t b\u1ea3o qu\u1ea3n g\u1ed7<\/li>\n<li>S\u01a1n tr\u00ean \u0111\u1ed3 n\u1ed9i th\u1ea5t<\/li>\n<\/ul>\n<p><strong>C\u00e1c h\u1ea1ng m\u1ee5c th\u1eed nghi\u1ec7m ch\u00ednh<\/strong><\/p>\n<ul>\n<li>Formaldehyde (ph\u01b0\u01a1ng ph\u00e1p b\u00ecnh)<\/li>\n<li>Formaldehyde (ph\u01b0\u01a1ng ph\u00e1p t\u1ea1o m\u00f9i th\u01a1m)<\/li>\n<li>Formaldehyde (ph\u01b0\u01a1ng ph\u00e1p tham chi\u1ebfu trong bu\u1ed3ng \u0111i b\u1ed9)<\/li>\n<li>PCP<\/li>\n<li>Cu, Cr, As<\/li>\n<li>Ch\u00ec h\u00f2a tan, cadimi, crom, th\u1ee7y ng\u00e2n<\/li>\n<\/ul>\n<h2><strong>C\u00e1c d\u1ecbch v\u1ee5 qu\u1ea3n l\u00fd ch\u1ea5t l\u01b0\u1ee3ng kh\u00e1c<\/strong><\/h2>\n<p>Ch\u00fang t\u00f4i ph\u1ee5c v\u1ee5 nhi\u1ec1u lo\u1ea1i h\u00e0ng ti\u00eau d\u00f9ng bao g\u1ed3m<\/p>\n<ul>\n<li><a href=\"https:\/\/www.hqts.com\/vi\/linh-vuc\/nganh-ban-le\/det-may-va-may-mac\/\">D\u1ec7t may &amp; May m\u1eb7c<\/a><\/li>\n<li><a href=\"https:\/\/www.hqts.com\/vi\/linh-vuc\/nganh-ban-le\/dien-tu\/\">Thi\u1ebft b\u1ecb \u0111i\u1ec7n t\u1eed. <\/a><\/li>\n<li><a href=\"https:\/\/www.hqts.com\/vi\/linh-vuc\/nganh-ban-le\/cham-soc-ca-nhan-my-pham\/\">Ch\u0103m s\u00f3c c\u00e1 nh\u00e2n &amp; m<\/a><a href=\"https:\/\/www.hqts.com\/vi\/linh-vuc\/nganh-ban-le\/tui-xach-phu-kien\/\">\u1ef9 ph\u1ea9m. <\/a><\/li>\n<li><a href=\"https:\/\/www.hqts.com\/vi\/linh-vuc\/nganh-ban-le\/do-choi-va-san-pham-tre-em\/\">\u0110\u1ed3 ch\u01a1i &amp; S\u1ea3n ph\u1ea9m d\u00e0nh cho Tr\u1ebb em.<\/a><\/li>\n<li><a href=\"https:\/\/www.hqts.com\/vi\/linh-vuc\/nganh-ban-le\/da-giay\/\">Da gi\u1ea7y. <\/a><\/li>\n<li><a href=\"https:\/\/www.hqts.com\/vi\/linh-vuc\/nganh-ban-le\/tui-xach-phu-kien\/\">T\u00fai x\u00e1ch &amp; Ph\u1ee5 ki\u1ec7n<\/a><\/li>\n<li><a href=\"https:\/\/www.hqts.com\/vi\/linh-vuc\/giam-dinh-va-quan-ly-chat-luong-phu-tung-o-to\/\">Ph\u1ee5 t\u00f9ng &amp; Thi\u1ebft b\u1ecb \u00f4 t\u00f4<\/a><\/li>\n<\/ul>\n","protected":false},"excerpt":{"rendered":"<p>Th\u1eed nghi\u1ec7m ng\u00e0nh h\u00e0ng c\u1ee9ng HQTS-QAI \u0111\u00e3 gi\u00fap c\u00e1c c\u00f4ng ty \u0111\u1ea3m b\u1ea3o c\u00e1c y\u00eau c\u1ea7u tu\u00e2n th\u1ee7 v\u00e0 an to\u00e0n c\u1ee7a nhi\u1ec1u lo\u1ea1i h\u00e0ng h\u00f3a thu\u1ed9c ng\u00e0nh h\u00e0ng c\u1ee9ng k\u1ec3 t\u1eeb n\u0103m 2003. \u0110\u1ed9i ng\u0169 nh\u00e2n vi\u00ean khoa h\u1ecdc v\u00e0 k\u1ef9 thu\u1eadt k\u1ef3 c\u1ef1u c\u1ee7a ch\u00fang t\u00f4i c\u00f3 th\u1ec3 cung c\u1ea5p h\u01b0\u1edbng d\u1eabn k\u1ef9 [&hellip;]<\/p>\n","protected":false},"author":12,"featured_media":79219,"parent":78764,"menu_order":46,"comment_status":"closed","ping_status":"closed","template":"","meta":{"_acf_changed":false,"footnotes":""},"class_list":["post-79217","page","type-page","status-publish","has-post-thumbnail","hentry"],"acf":[],"_links":{"self":[{"href":"https:\/\/www.hqts.com\/vi\/wp-json\/wp\/v2\/pages\/79217","targetHints":{"allow":["GET"]}}],"collection":[{"href":"https:\/\/www.hqts.com\/vi\/wp-json\/wp\/v2\/pages"}],"about":[{"href":"https:\/\/www.hqts.com\/vi\/wp-json\/wp\/v2\/types\/page"}],"author":[{"embeddable":true,"href":"https:\/\/www.hqts.com\/vi\/wp-json\/wp\/v2\/users\/12"}],"replies":[{"embeddable":true,"href":"https:\/\/www.hqts.com\/vi\/wp-json\/wp\/v2\/comments?post=79217"}],"version-history":[{"count":5,"href":"https:\/\/www.hqts.com\/vi\/wp-json\/wp\/v2\/pages\/79217\/revisions"}],"predecessor-version":[{"id":115083,"href":"https:\/\/www.hqts.com\/vi\/wp-json\/wp\/v2\/pages\/79217\/revisions\/115083"}],"up":[{"embeddable":true,"href":"https:\/\/www.hqts.com\/vi\/wp-json\/wp\/v2\/pages\/78764"}],"wp:featuredmedia":[{"embeddable":true,"href":"https:\/\/www.hqts.com\/vi\/wp-json\/wp\/v2\/media\/79219"}],"wp:attachment":[{"href":"https:\/\/www.hqts.com\/vi\/wp-json\/wp\/v2\/media?parent=79217"}],"curies":[{"name":"wp","href":"https:\/\/api.w.org\/{rel}","templated":true}]}}