{"id":79364,"date":"2021-07-26T09:05:56","date_gmt":"2021-07-26T09:05:56","guid":{"rendered":"https:\/\/www.hqts.com\/?page_id=79364"},"modified":"2021-08-06T09:29:38","modified_gmt":"2021-08-06T09:29:38","slug":"cong-nghiep","status":"publish","type":"page","link":"https:\/\/www.hqts.com\/vi\/linh-vuc\/cong-nghiep\/","title":{"rendered":"GI\u00c1M \u0110\u1ecaNH S\u1ea2N PH\u1ea8M C\u00d4NG NGHI\u1ec6P"},"content":{"rendered":"<h2><strong>D\u1ecbch v\u1ee5 \u0111\u1ea3m b\u1ea3o ch\u1ea5t l\u01b0\u1ee3ng c\u00f4ng nghi\u1ec7p<\/strong><\/h2>\n<p><strong>\u0110\u1ed9i ng\u0169 nh\u00e2n vi\u00ean d\u1ecbch v\u1ee5 ng\u00e0nh s\u1ea3n xu\u1ea5t v\u00e0 s\u1ea3n ph\u1ea9m c\u00f4ng nghi\u1ec7p c\u1ee7a HQTS lu\u00f4n gi\u1edbi thi\u1ec7u c\u00e1c c\u00f4ng ngh\u1ec7 v\u00e0 d\u1ecbch v\u1ee5 m\u1edbi, \u0111\u1ed3ng th\u1eddi cung c\u1ea5p c\u00e1c d\u1ecbch v\u1ee5 thi\u1ebft k\u1ebf ri\u00eang hi\u1ec7u qu\u1ea3, ch\u1eb7t ch\u1ebd, \u0111\u1ed9c l\u1eadp v\u00e0 kh\u00e1ch quan. Ch\u00fang t\u00f4i cung c\u1ea5p m\u1ed9t lo\u1ea1t c\u00e1c d\u1ecbch v\u1ee5 ch\u1ea5t l\u01b0\u1ee3ng theo c\u00e1c quy \u0111\u1ecbnh v\u00e0 ti\u00eau chu\u1ea9n li\u00ean quan trong n\u01b0\u1edbc c\u0169ng nh\u01b0 qu\u1ed1c t\u1ebf.<\/strong><\/p>\n<h2><strong>Nh\u00e0 m\u00e1y n\u0103ng l\u01b0\u1ee3ng &amp; \u0111i\u1ec7n<\/strong><\/h2>\n<p>Ch\u00e2u \u00c1 l\u00e0 th\u1ecb tr\u01b0\u1eddng ch\u00ednh cho c\u00e1c nh\u00e0 m\u00e1y \u0111i\u1ec7n s\u1ea3n xu\u1ea5t n\u0103ng l\u01b0\u1ee3ng v\u00e0 c\u01a1 s\u1edf h\u1ea1 t\u1ea7ng. M\u1ed9t s\u1ed1 l\u0129nh v\u1ef1c danh m\u1ee5c s\u1ea3n ph\u1ea9m ch\u00fang t\u00f4i cung c\u1ea5p d\u1ecbch v\u1ee5 bao g\u1ed3m: thi\u1ebft b\u1ecb k\u1ef9 thu\u1eadt truy\u1ec1n t\u1ea3i v\u00e0 chuy\u1ec3n \u0111\u1ed5i \u0111i\u1ec7n, thi\u1ebft b\u1ecb nh\u00e0 m\u00e1y nhi\u1ec7t \u0111i\u1ec7n, thi\u1ebft b\u1ecb tr\u1ea1m phong \u0111i\u1ec7n, thi\u1ebft b\u1ecb tr\u1ea1m n\u0103ng l\u01b0\u1ee3ng quang \u0111i\u1ec7n, tr\u1ea1m th\u1ee7y \u0111i\u1ec7n v\u00e0 k\u1ebft c\u1ea5u kim lo\u1ea1i, v..v<\/p>\n<h2><strong>Kh\u00ed, D\u1ea7u &amp; H\u00f3a ch\u1ea5t<\/strong><\/h2>\n<p>M\u1ed9t s\u1ed1 l\u0129nh v\u1ef1c danh m\u1ee5c s\u1ea3n ph\u1ea9m m\u00e0 ch\u00fang t\u00f4i cung c\u1ea5p d\u1ecbch v\u1ee5 trong l\u0129nh v\u1ef1c kh\u00ed \u0111\u1ed1t, d\u1ea7u m\u1ecf v\u00e0 h\u00f3a ch\u1ea5t bao g\u1ed3m: thi\u1ebft b\u1ecb khoan d\u1ea7u kh\u00ed, c\u01a1 s\u1edf khai th\u00e1c d\u1ea7u ngo\u00e0i kh\u01a1i, thi\u1ebft b\u1ecb x\u1eed l\u00fd m\u1eb7t \u0111\u1ea5t, \u0111\u01b0\u1eddng \u1ed1ng thu gom v\u00e0 v\u1eadn chuy\u1ec3n b\u1ec1 m\u1eb7t, l\u1ecdc d\u1ea7u, c\u00f4ng nghi\u1ec7p h\u00f3a ch\u1ea5t, ethylene, ph\u00e2n b\u00f3n, v.v. .<\/p>\n<h2><strong>Nh\u00e0 m\u00e1y &amp; M\u00e1y m\u00f3c C\u00f4ng nghi\u1ec7p<\/strong><\/h2>\n<p>C\u00e1c k\u1ef9 s\u01b0 gi\u00e1m \u0111\u1ecbnh ch\u1ea5t l\u01b0\u1ee3ng m\u00e1y m\u00f3c v\u00e0 nh\u00e2n vi\u00ean k\u1ef9 thu\u1eadt c\u1ee7a HQTS c\u00f3 kinh nghi\u1ec7m trong vi\u1ec7c ki\u1ec3m tra ch\u1ea5t l\u01b0\u1ee3ng m\u00e1y m\u00f3c bao g\u1ed3m gi\u00e1m \u0111\u1ecbnh v\u00e0 th\u1eed nghi\u1ec7m thi\u1ebft b\u1ecb n\u1eb7ng, nh\u00e0 m\u00e1y c\u00f4ng nghi\u1ec7p, khai th\u00e1c, v\u1eadn chuy\u1ec3n v\u00e0 x\u00e2y d\u1ef1ng n\u1eb7ng. Ch\u00fang t\u00f4i lu\u00f4n cung c\u1ea5p c\u00e1c d\u1ecbch v\u1ee5 t\u1ed1t nh\u1ea5t khi n\u00f3i \u0111\u1ebfn s\u1ea3n xu\u1ea5t m\u00e1y m\u00f3c, an to\u00e0n, v\u1eadn h\u00e0nh, b\u1ea3o tr\u00ec v\u00e0 v\u1eadn chuy\u1ec3n.<\/p>\n<h2><strong>Thi\u1ebft b\u1ecb &amp; V\u1eadt li\u1ec7u x\u00e2y d\u1ef1ng<\/strong><\/h2>\n<p>C\u00e1c d\u1ecbch v\u1ee5 \u0111\u1ea3m b\u1ea3o ch\u1ea5t l\u01b0\u1ee3ng v\u00e0 ki\u1ec3m so\u00e1t ch\u1ea5t l\u01b0\u1ee3ng t\u1eeb HQTS mang \u0111\u1ebfn cho doanh nghi\u1ec7p s\u1ef1 an t\u1ea5m \u0111\u1ed1i v\u1edbi ch\u1ea5t l\u01b0\u1ee3ng c\u1ee7a t\u1ea5t c\u1ea3 c\u00e1c v\u1eadt li\u1ec7u v\u00e0 thi\u1ebft b\u1ecb \u0111\u01b0\u1ee3c s\u1eed d\u1ee5ng trong ng\u00e0nh x\u00e2y d\u1ef1ng, c\u0169ng nh\u01b0 \u0111\u1ea3m b\u1ea3o tu\u00e2n th\u1ee7 t\u1ea5t c\u1ea3 c\u00e1c ti\u00eau chu\u1ea9n v\u00e0 quy \u0111\u1ecbnh ch\u1ea5t l\u01b0\u1ee3ng c\u00f3 li\u00ean quan.<\/p>\n<p>B\u1ea5t k\u1ec3 l\u0129nh v\u1ef1c kinh doanh c\u1ee7a b\u1ea1n l\u00e0 g\u00ec, ch\u00fang t\u00f4i \u0111\u1ec1u c\u00f3 th\u1ec3 \u0111\u1ec1 xu\u1ea5t ph\u00e1t tri\u1ec3n m\u1ed9t ch\u01b0\u01a1ng tr\u00ecnh \u0111\u1ea3m b\u1ea3o ch\u1ea5t l\u01b0\u1ee3ng t\u00f9y ch\u1ec9nh ph\u00f9 h\u1ee3p v\u1edbi c\u00e1c chi\u1ebfn l\u01b0\u1ee3c chu\u1ed7i cung \u1ee9ng c\u1ee7a doanh nghi\u1ec7p.<\/p>\n<h2><strong>HQTS l\u00e0 t\u1ed5 ch\u1ee9c gi\u00e1m \u0111\u1ecbnh \u0111\u00e1ng tin c\u1eady<\/strong><\/h2>\n<p>HQTS \u0111\u00e3 ho\u1ea1t \u0111\u1ed9ng trong l\u0129nh v\u1ef1c kinh doanh \u0111\u1ea3m b\u1ea3o ch\u1ea5t l\u01b0\u1ee3ng h\u01a1n 25 n\u0103m. D\u1ecbch v\u1ee5 c\u1ee7a ch\u00fang t\u00f4i c\u00f3 th\u1ec3 trang b\u1ecb cho doanh nghi\u1ec7p nh\u1eefng th\u00f4ng tin c\u1ea7n thi\u1ebft khi mua thi\u1ebft b\u1ecb \u0111\u1ec3 l\u1eafp \u0111\u1eb7t t\u1ea1i c\u00e1c nh\u00e0 m\u00e1y \u1edf Ch\u00e2u \u00c1 ho\u1eb7c tr\u01b0\u1edbc khi v\u1eadn chuy\u1ec3n \u0111\u1ebfn c\u00e1c \u0111\u1ecba \u0111i\u1ec3m kh\u00e1c tr\u00ean to\u00e0n c\u1ea7u. Li\u00ean h\u1ec7 v\u1edbi ch\u00fang t\u00f4i ngay h\u00f4m nay \u0111\u1ec3 nh\u1eadn t\u01b0 v\u1ea5n v\u00e0 b\u00e1o gi\u00e1!<\/p>\n","protected":false},"excerpt":{"rendered":"<p>D\u1ecbch v\u1ee5 \u0111\u1ea3m b\u1ea3o ch\u1ea5t l\u01b0\u1ee3ng c\u00f4ng nghi\u1ec7p \u0110\u1ed9i ng\u0169 nh\u00e2n vi\u00ean d\u1ecbch v\u1ee5 ng\u00e0nh s\u1ea3n xu\u1ea5t v\u00e0 s\u1ea3n ph\u1ea9m c\u00f4ng nghi\u1ec7p c\u1ee7a HQTS lu\u00f4n gi\u1edbi thi\u1ec7u c\u00e1c c\u00f4ng ngh\u1ec7 v\u00e0 d\u1ecbch v\u1ee5 m\u1edbi, \u0111\u1ed3ng th\u1eddi cung c\u1ea5p c\u00e1c d\u1ecbch v\u1ee5 thi\u1ebft k\u1ebf ri\u00eang hi\u1ec7u qu\u1ea3, ch\u1eb7t ch\u1ebd, \u0111\u1ed9c l\u1eadp v\u00e0 kh\u00e1ch quan. Ch\u00fang t\u00f4i [&hellip;]<\/p>\n","protected":false},"author":12,"featured_media":79365,"parent":78121,"menu_order":1,"comment_status":"closed","ping_status":"closed","template":"","meta":{"_acf_changed":false,"footnotes":""},"class_list":["post-79364","page","type-page","status-publish","has-post-thumbnail","hentry"],"acf":[],"_links":{"self":[{"href":"https:\/\/www.hqts.com\/vi\/wp-json\/wp\/v2\/pages\/79364","targetHints":{"allow":["GET"]}}],"collection":[{"href":"https:\/\/www.hqts.com\/vi\/wp-json\/wp\/v2\/pages"}],"about":[{"href":"https:\/\/www.hqts.com\/vi\/wp-json\/wp\/v2\/types\/page"}],"author":[{"embeddable":true,"href":"https:\/\/www.hqts.com\/vi\/wp-json\/wp\/v2\/users\/12"}],"replies":[{"embeddable":true,"href":"https:\/\/www.hqts.com\/vi\/wp-json\/wp\/v2\/comments?post=79364"}],"version-history":[{"count":4,"href":"https:\/\/www.hqts.com\/vi\/wp-json\/wp\/v2\/pages\/79364\/revisions"}],"predecessor-version":[{"id":79861,"href":"https:\/\/www.hqts.com\/vi\/wp-json\/wp\/v2\/pages\/79364\/revisions\/79861"}],"up":[{"embeddable":true,"href":"https:\/\/www.hqts.com\/vi\/wp-json\/wp\/v2\/pages\/78121"}],"wp:featuredmedia":[{"embeddable":true,"href":"https:\/\/www.hqts.com\/vi\/wp-json\/wp\/v2\/media\/79365"}],"wp:attachment":[{"href":"https:\/\/www.hqts.com\/vi\/wp-json\/wp\/v2\/media?parent=79364"}],"curies":[{"name":"wp","href":"https:\/\/api.w.org\/{rel}","templated":true}]}}