{"id":79606,"date":"2021-07-27T07:42:04","date_gmt":"2021-07-27T07:42:04","guid":{"rendered":"https:\/\/www.hqts.com\/?page_id=79606"},"modified":"2021-08-06T09:29:38","modified_gmt":"2021-08-06T09:29:38","slug":"nha-may-nang-luong-dien","status":"publish","type":"page","link":"https:\/\/www.hqts.com\/vi\/linh-vuc\/may-moc-thiet-bi\/nha-may-nang-luong-dien\/","title":{"rendered":"GI\u00c1M \u0110\u1ecaNH V\u00c0 QU\u1ea2N L\u00dd CH\u1ea4T L\u01af\u1ee2NG NH\u00c0 M\u00c1Y N\u0102NG L\u01af\u1ee2NG &#038; \u0110I\u1ec6N"},"content":{"rendered":"\t\t<div data-elementor-type=\"wp-page\" data-elementor-id=\"79606\" class=\"elementor elementor-79606 elementor-1520\" data-elementor-post-type=\"page\">\n\t\t\t\t\t\t<section class=\"elementor-section elementor-top-section elementor-element elementor-element-d9d5a01 elementor-section-boxed elementor-section-height-default elementor-section-height-default\" data-id=\"d9d5a01\" data-element_type=\"section\">\n\t\t\t\t\t\t<div class=\"elementor-container elementor-column-gap-default\">\n\t\t\t\t\t<div class=\"elementor-column elementor-col-100 elementor-top-column elementor-element elementor-element-78a5cc3\" data-id=\"78a5cc3\" data-element_type=\"column\">\n\t\t\t<div class=\"elementor-widget-wrap elementor-element-populated\">\n\t\t\t\t\t\t<div class=\"elementor-element elementor-element-c14df8c elementor-widget elementor-widget-text-editor\" data-id=\"c14df8c\" data-element_type=\"widget\" data-widget_type=\"text-editor.default\">\n\t\t\t\t<div class=\"elementor-widget-container\">\n\t\t\t\t\t\t\t\t\t<h2><strong>Gi\u00e1m \u0110\u1ecbnh V\u00e0 Qu\u1ea3n L\u00fd Ch\u1ea5t L\u01b0\u1ee3ng Nh\u00e0 M\u00e1y N\u0103ng L\u01b0\u1ee3ng &amp; \u0110i\u1ec7n<\/strong><\/h2><p><strong>Ch\u00e2u \u00c1 l\u00e0 th\u1ecb tr\u01b0\u1eddng ch\u00ednh cho c\u00e1c nh\u00e0 m\u00e1y \u0111i\u1ec7n s\u1ea3n xu\u1ea5t n\u0103ng l\u01b0\u1ee3ng v\u00e0 c\u01a1 s\u1edf h\u1ea1 t\u1ea7ng li\u00ean quan. HQTS cung c\u1ea5p m\u1ed9t lo\u1ea1t c\u00e1c d\u1ecbch v\u1ee5 ch\u1ea5t l\u01b0\u1ee3ng theo c\u00e1c quy \u0111\u1ecbnh v\u00e0 ti\u00eau chu\u1ea9n li\u00ean quan trong n\u01b0\u1edbc v\u00e0 qu\u1ed1c t\u1ebf.<\/strong><\/p><p>M\u1ed9t s\u1ed1 danh m\u1ee5c s\u1ea3n ph\u1ea9m ch\u00fang t\u00f4i cung c\u1ea5p d\u1ecbch v\u1ee5 bao g\u1ed3m: Thi\u1ebft b\u1ecb k\u1ef9 thu\u1eadt truy\u1ec1n t\u1ea3i v\u00e0 chuy\u1ec3n \u0111\u1ed5i \u0111i\u1ec7n, thi\u1ebft b\u1ecb tr\u1ea1m nhi\u1ec7t \u0111i\u1ec7n, thi\u1ebft b\u1ecb tr\u1ea1m phong \u0111i\u1ec7n, thi\u1ebft b\u1ecb tr\u1ea1m \u0111i\u1ec7n quang \u0111i\u1ec7n, tr\u1ea1m th\u1ee7y \u0111i\u1ec7n v\u00e0 k\u1ebft c\u1ea5u kim lo\u1ea1i, v.v.<\/p><h2><strong>D\u1ecbch v\u1ee5 c\u1ee7a ch\u00fang t\u00f4i bao g\u1ed3m:<\/strong><\/h2><ul><li>T\u01b0 v\u1ea5n mua h\u00e0ng v\u00e0 qu\u1ea3n l\u00fd chu\u1ed7i cung \u1ee9ng (Qu\u1ea3n l\u00fd x\u00e2y d\u1ef1ng mua h\u00e0ng k\u1ef9 thu\u1eadt)<\/li><\/ul><p>Giai \u0111o\u1ea1n thi\u1ebft k\u1ebf bao g\u1ed3m tham v\u1ea5n v\u00e0 \u0111\u00e1nh gi\u00e1 r\u1ee7i ro d\u1ef1 \u00e1n. Giai \u0111o\u1ea1n mua h\u00e0ng bao g\u1ed3m \u0111\u00e1nh gi\u00e1 nh\u00e0 cung c\u1ea5p, \u0111\u00e1nh gi\u00e1 nh\u00e0 m\u00e1y v\u00e0 ki\u1ec3m tra c\u1ea3ng, v\u00e0 giai \u0111o\u1ea1n x\u00e2y d\u1ef1ng bao g\u1ed3m h\u1ed7 tr\u1ee3 nh\u00e2n l\u1ef1c k\u1ef9 thu\u1eadt, qu\u1ea3n l\u00fd ch\u1ea5t l\u01b0\u1ee3ng v\u00e0 ti\u1ebfn \u0111\u1ed9 t\u1ea1i ch\u1ed7, qu\u1ea3n l\u00fd HSE, ki\u1ec3m tra kh\u00f4ng ph\u00e1 h\u1ee7y v\u00e0 ki\u1ec3m tra t\u1ea1i ch\u1ed7 c\u00e1c c\u01a1 s\u1edf s\u1ea3n xu\u1ea5t v\u00e0 thi\u1ebft b\u1ecb.<\/p><ul><li>D\u1ecbch v\u1ee5 k\u1ef9 thu\u1eadt TPI: Gi\u00e1m s\u00e1t &amp; ki\u1ec3m tra, X\u00fac ti\u1ebfn nh\u00e0 m\u00e1y, gi\u00e1m s\u00e1t b\u1ed1c d\u1ee1 c\u1ea3ng v\u00e0 container, d\u1ecbch v\u1ee5 khoan v\u00e0 gi\u00e0n khoan<\/li><li>Ch\u1ee9ng nh\u1eadn, \u0111\u00e0o t\u1ea1o nh\u00e2n s\u1ef1 &amp; d\u1ecbch v\u1ee5 t\u01b0 v\u1ea5n Ch\u1ee9ng ch\u1ec9 EN10204-3.2, ch\u1ee9ng nh\u1eadn c\u1ee7a b\u00ean th\u1ee9 ba v\u1ec1 tr\u00ecnh \u0111\u1ed9 quy tr\u00ecnh h\u00e0n<\/li><li>D\u1ecbch v\u1ee5 k\u1ef9 thu\u1eadt th\u1eed nghi\u1ec7m s\u1ea3n ph\u1ea9m<\/li><li>D\u1ecbch v\u1ee5 h\u1ed7 tr\u1ee3 nh\u00e2n s\u1ef1 t\u1ea1i ch\u1ed7<\/li><\/ul>\t\t\t\t\t\t\t\t<\/div>\n\t\t\t\t<\/div>\n\t\t\t\t\t<\/div>\n\t\t<\/div>\n\t\t\t\t\t<\/div>\n\t\t<\/section>\n\t\t\t\t<\/div>\n\t\t","protected":false},"excerpt":{"rendered":"<p>Gi\u00e1m \u0110\u1ecbnh V\u00e0 Qu\u1ea3n L\u00fd Ch\u1ea5t L\u01b0\u1ee3ng Nh\u00e0 M\u00e1y N\u0103ng L\u01b0\u1ee3ng &amp; \u0110i\u1ec7n Ch\u00e2u \u00c1 l\u00e0 th\u1ecb tr\u01b0\u1eddng ch\u00ednh cho c\u00e1c nh\u00e0 m\u00e1y \u0111i\u1ec7n s\u1ea3n xu\u1ea5t n\u0103ng l\u01b0\u1ee3ng v\u00e0 c\u01a1 s\u1edf h\u1ea1 t\u1ea7ng li\u00ean quan. HQTS cung c\u1ea5p m\u1ed9t lo\u1ea1t c\u00e1c d\u1ecbch v\u1ee5 ch\u1ea5t l\u01b0\u1ee3ng theo c\u00e1c quy \u0111\u1ecbnh v\u00e0 ti\u00eau chu\u1ea9n li\u00ean quan trong [&hellip;]<\/p>\n","protected":false},"author":12,"featured_media":138909,"parent":79802,"menu_order":4,"comment_status":"closed","ping_status":"closed","template":"","meta":{"_acf_changed":false,"footnotes":""},"class_list":["post-79606","page","type-page","status-publish","has-post-thumbnail","hentry"],"acf":[],"_links":{"self":[{"href":"https:\/\/www.hqts.com\/vi\/wp-json\/wp\/v2\/pages\/79606","targetHints":{"allow":["GET"]}}],"collection":[{"href":"https:\/\/www.hqts.com\/vi\/wp-json\/wp\/v2\/pages"}],"about":[{"href":"https:\/\/www.hqts.com\/vi\/wp-json\/wp\/v2\/types\/page"}],"author":[{"embeddable":true,"href":"https:\/\/www.hqts.com\/vi\/wp-json\/wp\/v2\/users\/12"}],"replies":[{"embeddable":true,"href":"https:\/\/www.hqts.com\/vi\/wp-json\/wp\/v2\/comments?post=79606"}],"version-history":[{"count":5,"href":"https:\/\/www.hqts.com\/vi\/wp-json\/wp\/v2\/pages\/79606\/revisions"}],"predecessor-version":[{"id":79611,"href":"https:\/\/www.hqts.com\/vi\/wp-json\/wp\/v2\/pages\/79606\/revisions\/79611"}],"up":[{"embeddable":true,"href":"https:\/\/www.hqts.com\/vi\/wp-json\/wp\/v2\/pages\/79802"}],"wp:featuredmedia":[{"embeddable":true,"href":"https:\/\/www.hqts.com\/vi\/wp-json\/wp\/v2\/media\/138909"}],"wp:attachment":[{"href":"https:\/\/www.hqts.com\/vi\/wp-json\/wp\/v2\/media?parent=79606"}],"curies":[{"name":"wp","href":"https:\/\/api.w.org\/{rel}","templated":true}]}}