{"id":79612,"date":"2021-07-27T07:48:13","date_gmt":"2021-07-27T07:48:13","guid":{"rendered":"https:\/\/www.hqts.com\/?page_id=79612"},"modified":"2021-08-06T09:29:38","modified_gmt":"2021-08-06T09:29:38","slug":"khi-dau-hoa-chat","status":"publish","type":"page","link":"https:\/\/www.hqts.com\/vi\/linh-vuc\/cong-nghiep\/khi-dau-hoa-chat\/","title":{"rendered":"GI\u00c1M \u0110\u1ecaNH V\u00c0 KI\u1ec2M \u0110\u1ecaNH CH\u1ea4T L\u01af\u1ee2NG KH\u00cd, D\u1ea6U &#038; H\u00d3A CH\u1ea4T"},"content":{"rendered":"<h2><strong>Gi\u00e1m \u0110\u1ecbnh V\u00e0 Ki\u1ec3m \u0110\u1ecbnh Ch\u1ea5t L\u01b0\u1ee3ng Kh\u00ed, D\u1ea7u &amp; H\u00f3a Ch\u1ea5t<\/strong><\/h2>\n<p><strong>HQTS cung c\u1ea5p m\u1ed9t lo\u1ea1t c\u00e1c d\u1ecbch v\u1ee5 ki\u1ec3m so\u00e1t v\u00e0 \u0111\u1ea3m b\u1ea3o ch\u1ea5t l\u01b0\u1ee3ng cho c\u00e1c ng\u00e0nh c\u00f4ng nghi\u1ec7p n\u0103ng l\u01b0\u1ee3ng v\u00e0 h\u00e0ng h\u00f3a \u0111\u01b0\u1ee3c th\u1ef1c hi\u1ec7n theo t\u1ea5t c\u1ea3 c\u00e1c ti\u00eau chu\u1ea9n trong n\u01b0\u1edbc v\u00e0 qu\u1ed1c t\u1ebf c\u00f3 li\u00ean quan.<\/strong><\/p>\n<p><strong>M\u1ed9t s\u1ed1 l\u0129nh v\u1ef1c danh m\u1ee5c s\u1ea3n ph\u1ea9m m\u00e0 ch\u00fang t\u00f4i cung c\u1ea5p d\u1ecbch v\u1ee5 bao g\u1ed3m: thi\u1ebft b\u1ecb khoan d\u1ea7u kh\u00ed, c\u01a1 s\u1edf khai th\u00e1c d\u1ea7u ngo\u00e0i kh\u01a1i, thi\u1ebft b\u1ecb x\u1eed l\u00fd m\u1eb7t \u0111\u1ea5t, \u0111\u01b0\u1eddng \u1ed1ng v\u1eadn chuy\u1ec3n v\u00e0 thu gom b\u1ec1 m\u1eb7t, l\u1ecdc d\u1ea7u, c\u00f4ng nghi\u1ec7p h\u00f3a ch\u1ea5t, ethylene, ph\u00e2n b\u00f3n, v.v.<\/strong><\/p>\n<p>Cho d\u00f9 b\u1ea1n kinh doanh l\u0129nh v\u1ef1c g\u00ec, ch\u00fang t\u00f4i \u0111\u1ec1u c\u00f3 th\u1ec3 ph\u00e1t tri\u1ec3n m\u1ed9t ch\u01b0\u01a1ng tr\u00ecnh \u0111\u1ea3m b\u1ea3o ch\u1ea5t l\u01b0\u1ee3ng t\u00f9y ch\u1ec9nh nh\u1eb1m \u0111\u1ea3m b\u1ea3o t\u1ed1t nh\u1ea5t s\u1ef1 ph\u00f9 h\u1ee3p v\u1edbi c\u00e1c chi\u1ebfn l\u01b0\u1ee3c chu\u1ed7i cung \u1ee9ng.<\/p>\n<h2><strong>C\u00e1c d\u1ecbch v\u1ee5 c\u1ee7a ch\u00fang t\u00f4i bao g\u1ed3m:<\/strong><\/h2>\n<ol>\n<li>T\u01b0 v\u1ea5n mua h\u00e0ng v\u00e0 qu\u1ea3n l\u00fd chu\u1ed7i cung \u1ee9ng (Qu\u1ea3n l\u00fd x\u00e2y d\u1ef1ng mua h\u00e0ng k\u1ef9 thu\u1eadt)<\/li>\n<\/ol>\n<p>Giai \u0111o\u1ea1n thi\u1ebft k\u1ebf bao g\u1ed3m tham v\u1ea5n v\u00e0 \u0111\u00e1nh gi\u00e1 r\u1ee7i ro d\u1ef1 \u00e1n. Giai \u0111o\u1ea1n mua h\u00e0ng bao g\u1ed3m \u0111\u00e1nh gi\u00e1 nh\u00e0 cung c\u1ea5p, \u0111\u00e1nh gi\u00e1 nh\u00e0 m\u00e1y v\u00e0 ki\u1ec3m tra c\u1ea3ng, v\u00e0 giai \u0111o\u1ea1n x\u00e2y d\u1ef1ng bao g\u1ed3m h\u1ed7 tr\u1ee3 nh\u00e2n l\u1ef1c k\u1ef9 thu\u1eadt, qu\u1ea3n l\u00fd ch\u1ea5t l\u01b0\u1ee3ng v\u00e0 ti\u1ebfn \u0111\u1ed9 t\u1ea1i ch\u1ed7, qu\u1ea3n l\u00fd HSE, ki\u1ec3m tra kh\u00f4ng ph\u00e1 h\u1ee7y v\u00e0 ki\u1ec3m tra t\u1ea1i ch\u1ed7 c\u00e1c c\u01a1 s\u1edf s\u1ea3n xu\u1ea5t v\u00e0 thi\u1ebft b\u1ecb.<\/p>\n<ol start=\"2\">\n<li>D\u1ecbch v\u1ee5 k\u1ef9 thu\u1eadt TPI: Gi\u00e1m s\u00e1t &amp; ki\u1ec3m tra, X\u00fac ti\u1ebfn nh\u00e0 m\u00e1y, gi\u00e1m s\u00e1t b\u1ed1c d\u1ee1 c\u1ea3ng v\u00e0 container, d\u1ecbch v\u1ee5 khoan v\u00e0 gi\u00e0n<\/li>\n<li>Ch\u1ee9ng nh\u1eadn, \u0111\u00e0o t\u1ea1o nh\u00e2n s\u1ef1 &amp; d\u1ecbch v\u1ee5 t\u01b0 v\u1ea5n Ch\u1ee9ng ch\u1ec9 EN10204-3.2, ch\u1ee9ng nh\u1eadn c\u1ee7a b\u00ean th\u1ee9 ba v\u1ec1 tr\u00ecnh \u0111\u1ed9 quy tr\u00ecnh h\u00e0n<\/li>\n<li>D\u1ecbch v\u1ee5 k\u1ef9 thu\u1eadt th\u1eed nghi\u1ec7m s\u1ea3n ph\u1ea9m<\/li>\n<li>D\u1ecbch v\u1ee5 h\u1ed7 tr\u1ee3 nh\u00e2n s\u1ef1 t\u1ea1i ch\u1ed7<\/li>\n<\/ol>\n","protected":false},"excerpt":{"rendered":"<p>Gi\u00e1m \u0110\u1ecbnh V\u00e0 Ki\u1ec3m \u0110\u1ecbnh Ch\u1ea5t L\u01b0\u1ee3ng Kh\u00ed, D\u1ea7u &amp; H\u00f3a Ch\u1ea5t HQTS cung c\u1ea5p m\u1ed9t lo\u1ea1t c\u00e1c d\u1ecbch v\u1ee5 ki\u1ec3m so\u00e1t v\u00e0 \u0111\u1ea3m b\u1ea3o ch\u1ea5t l\u01b0\u1ee3ng cho c\u00e1c ng\u00e0nh c\u00f4ng nghi\u1ec7p n\u0103ng l\u01b0\u1ee3ng v\u00e0 h\u00e0ng h\u00f3a \u0111\u01b0\u1ee3c th\u1ef1c hi\u1ec7n theo t\u1ea5t c\u1ea3 c\u00e1c ti\u00eau chu\u1ea9n trong n\u01b0\u1edbc v\u00e0 qu\u1ed1c t\u1ebf c\u00f3 li\u00ean quan. M\u1ed9t [&hellip;]<\/p>\n","protected":false},"author":12,"featured_media":78401,"parent":79364,"menu_order":15,"comment_status":"closed","ping_status":"closed","template":"","meta":{"_acf_changed":false,"footnotes":""},"class_list":["post-79612","page","type-page","status-publish","has-post-thumbnail","hentry"],"acf":[],"_links":{"self":[{"href":"https:\/\/www.hqts.com\/vi\/wp-json\/wp\/v2\/pages\/79612","targetHints":{"allow":["GET"]}}],"collection":[{"href":"https:\/\/www.hqts.com\/vi\/wp-json\/wp\/v2\/pages"}],"about":[{"href":"https:\/\/www.hqts.com\/vi\/wp-json\/wp\/v2\/types\/page"}],"author":[{"embeddable":true,"href":"https:\/\/www.hqts.com\/vi\/wp-json\/wp\/v2\/users\/12"}],"replies":[{"embeddable":true,"href":"https:\/\/www.hqts.com\/vi\/wp-json\/wp\/v2\/comments?post=79612"}],"version-history":[{"count":4,"href":"https:\/\/www.hqts.com\/vi\/wp-json\/wp\/v2\/pages\/79612\/revisions"}],"predecessor-version":[{"id":79616,"href":"https:\/\/www.hqts.com\/vi\/wp-json\/wp\/v2\/pages\/79612\/revisions\/79616"}],"up":[{"embeddable":true,"href":"https:\/\/www.hqts.com\/vi\/wp-json\/wp\/v2\/pages\/79364"}],"wp:featuredmedia":[{"embeddable":true,"href":"https:\/\/www.hqts.com\/vi\/wp-json\/wp\/v2\/media\/78401"}],"wp:attachment":[{"href":"https:\/\/www.hqts.com\/vi\/wp-json\/wp\/v2\/media?parent=79612"}],"curies":[{"name":"wp","href":"https:\/\/api.w.org\/{rel}","templated":true}]}}