{"id":79627,"date":"2021-07-27T08:32:55","date_gmt":"2021-07-27T08:32:55","guid":{"rendered":"https:\/\/www.hqts.com\/?page_id=79627"},"modified":"2021-08-06T09:29:38","modified_gmt":"2021-08-06T09:29:38","slug":"vat-lieu-xay-dung","status":"publish","type":"page","link":"https:\/\/www.hqts.com\/vi\/linh-vuc\/vat-lieu-xay-dung\/","title":{"rendered":"GI\u00c1M \u0110\u1ecaNH THI\u1ebeT B\u1eca &#038; V\u1eacT LI\u1ec6U X\u00c2Y D\u1ef0NG"},"content":{"rendered":"<h2><strong>Gi\u00e1m \u0110\u1ecbnh Thi\u1ebft B\u1ecb &amp; V\u1eadt Li\u1ec7u X\u00e2y D\u1ef1ng<\/strong><\/h2>\n<p><strong>C\u00e1c d\u1ecbch v\u1ee5 \u0111\u1ea3m b\u1ea3o ch\u1ea5t l\u01b0\u1ee3ng v\u00e0 ki\u1ec3m so\u00e1t ch\u1ea5t l\u01b0\u1ee3ng t\u1eeb HQTS mang \u0111\u1ebfn cho doanh nghi\u1ec7p s\u1ef1 an t\u00e2m \u0111\u1ed1i v\u1edbi ch\u1ea5t l\u01b0\u1ee3ng c\u1ee7a t\u1ea5t c\u1ea3 c\u00e1c v\u1eadt li\u1ec7u v\u00e0 thi\u1ebft b\u1ecb \u0111\u01b0\u1ee3c s\u1eed d\u1ee5ng trong ng\u00e0nh x\u00e2y d\u1ef1ng v\u00e0 \u0111\u1ea3m b\u1ea3o ch\u00fang tu\u00e2n th\u1ee7 t\u1ea5t c\u1ea3 c\u00e1c ti\u00eau chu\u1ea9n v\u00e0 quy \u0111\u1ecbnh ch\u1ea5t l\u01b0\u1ee3ng c\u00f3 li\u00ean quan.<\/strong><\/p>\n<p>C\u00e1c d\u1ecbch v\u1ee5 c\u1ee7a ch\u00fang t\u00f4i trong ng\u00e0nh bao g\u1ed3m gi\u00e1m \u0111\u1ecbnh v\u00e0 ki\u1ec3m so\u00e1t ch\u1ea5t l\u01b0\u1ee3ng, th\u1eed nghi\u1ec7m c\u00e1c b\u1ed9 ph\u1eadn, v\u1eadt li\u1ec7u v\u00e0 th\u00e0nh ph\u1ea9m th\u00f4ng qua c\u00e1c cu\u1ed9c ki\u1ec3m tra \u0111\u1ed9c l\u1eadp, \u0111\u00e1nh gi\u00e1 nh\u00e0 cung c\u1ea5p v\u00e0 nh\u00e0 s\u1ea3n xu\u1ea5t, ki\u1ec3m \u0111\u1ecbnh v\u00e0 th\u1eed nghi\u1ec7m ch\u1ee9c n\u0103ng, t\u00e0i li\u1ec7u k\u1ef9 thu\u1eadt, \u0111o k\u00edch th\u01b0\u1edbc, x\u00e1c minh d\u1ea5u CE, gi\u00e1m s\u00e1t t\u1ea3i v\u00e0 th\u1eed nghi\u1ec7m h\u00f3a ch\u1ea5t li\u00ean quan n\u1ebfu \u0111\u01b0\u1ee3c y\u00eau c\u1ea7u theo h\u01b0\u1edbng d\u1eabn quy \u0111\u1ecbnh.<\/p>\n<p>HVAC, ph\u1ea7n c\u1ee9ng x\u00e2y d\u1ef1ng, trang tr\u00ed v\u00e0 c\u1ea5u ki\u1ec7n x\u00e2y d\u1ef1ng, c\u1eeda ra v\u00e0o, c\u1eeda s\u1ed5 v\u00e0 k\u00ednh v\u00e0 c\u00e1c lo\u1ea1i v\u1eadt li\u1ec7u x\u00e2y d\u1ef1ng kh\u00e1c nhau<\/p>\n<h2><strong>D\u1ecbch v\u1ee5 c\u1ee7a ch\u00fang t\u00f4i bao g\u1ed3m:<\/strong><\/h2>\n<h4><strong>Ki\u1ec3m \u0111\u1ecbnh d\u1ef1 \u00e1n<\/strong><\/h4>\n<p>&#8211; Nguy\u00ean li\u1ec7u v\u00e0 th\u00e0nh ph\u1ea7n<\/p>\n<p>&#8211; \u0110\u00e1nh gi\u00e1 k\u1ebft c\u1ea5u<\/p>\n<p>&#8211; K\u1ebft c\u1ea5u th\u00e9p l\u1eafp r\u00e1p<\/p>\n<p>&#8211; M\u00f4i tr\u01b0\u1eddng trong nh\u00e0<\/p>\n<p>&#8211; K\u1ebft c\u1ea5u t\u01b0\u1eddng<\/p>\n<p>&#8211; K\u1ebft c\u1ea5u t\u01b0\u1eddng ngo\u00e0i tr\u1eddi<\/p>\n<h4><strong>Gi\u00e1m s\u00e1t d\u1ef1 \u00e1n x\u00e2y d\u1ef1ng<\/strong><\/h4>\n<p>&#8211; D\u1ef1 \u00e1n c\u01a1 b\u1ea3n<\/p>\n<p>&#8211; C\u00e1c c\u1ea5u tr\u00fac ch\u00ednh<\/p>\n<p>&#8211; Ph\u1ea7n ch\u00ednh<\/p>\n<p>&#8211; Th\u1ee7 t\u1ee5c ch\u00ednh<\/p>\n<p>&#8211; Gi\u00e1m s\u00e1t c\u00f4ng nh\u00e2n<\/p>\n<p>&#8211; D\u1ea5u in xanh v\u00e0 qu\u1ea3n l\u00fd t\u00e0i li\u1ec7u<\/p>\n","protected":false},"excerpt":{"rendered":"<p>Gi\u00e1m \u0110\u1ecbnh Thi\u1ebft B\u1ecb &amp; V\u1eadt Li\u1ec7u X\u00e2y D\u1ef1ng C\u00e1c d\u1ecbch v\u1ee5 \u0111\u1ea3m b\u1ea3o ch\u1ea5t l\u01b0\u1ee3ng v\u00e0 ki\u1ec3m so\u00e1t ch\u1ea5t l\u01b0\u1ee3ng t\u1eeb HQTS mang \u0111\u1ebfn cho doanh nghi\u1ec7p s\u1ef1 an t\u00e2m \u0111\u1ed1i v\u1edbi ch\u1ea5t l\u01b0\u1ee3ng c\u1ee7a t\u1ea5t c\u1ea3 c\u00e1c v\u1eadt li\u1ec7u v\u00e0 thi\u1ebft b\u1ecb \u0111\u01b0\u1ee3c s\u1eed d\u1ee5ng trong ng\u00e0nh x\u00e2y d\u1ef1ng v\u00e0 \u0111\u1ea3m b\u1ea3o ch\u00fang [&hellip;]<\/p>\n","protected":false},"author":12,"featured_media":78164,"parent":78121,"menu_order":20,"comment_status":"closed","ping_status":"closed","template":"","meta":{"_acf_changed":false,"footnotes":""},"class_list":["post-79627","page","type-page","status-publish","has-post-thumbnail","hentry"],"acf":[],"_links":{"self":[{"href":"https:\/\/www.hqts.com\/vi\/wp-json\/wp\/v2\/pages\/79627","targetHints":{"allow":["GET"]}}],"collection":[{"href":"https:\/\/www.hqts.com\/vi\/wp-json\/wp\/v2\/pages"}],"about":[{"href":"https:\/\/www.hqts.com\/vi\/wp-json\/wp\/v2\/types\/page"}],"author":[{"embeddable":true,"href":"https:\/\/www.hqts.com\/vi\/wp-json\/wp\/v2\/users\/12"}],"replies":[{"embeddable":true,"href":"https:\/\/www.hqts.com\/vi\/wp-json\/wp\/v2\/comments?post=79627"}],"version-history":[{"count":4,"href":"https:\/\/www.hqts.com\/vi\/wp-json\/wp\/v2\/pages\/79627\/revisions"}],"predecessor-version":[{"id":79631,"href":"https:\/\/www.hqts.com\/vi\/wp-json\/wp\/v2\/pages\/79627\/revisions\/79631"}],"up":[{"embeddable":true,"href":"https:\/\/www.hqts.com\/vi\/wp-json\/wp\/v2\/pages\/78121"}],"wp:featuredmedia":[{"embeddable":true,"href":"https:\/\/www.hqts.com\/vi\/wp-json\/wp\/v2\/media\/78164"}],"wp:attachment":[{"href":"https:\/\/www.hqts.com\/vi\/wp-json\/wp\/v2\/media?parent=79627"}],"curies":[{"name":"wp","href":"https:\/\/api.w.org\/{rel}","templated":true}]}}